{"id":22808,"date":"2026-03-11T08:13:21","date_gmt":"2026-03-11T07:13:21","guid":{"rendered":"https:\/\/deltatecnic.com\/masterbatches-for-automotive-cables\/"},"modified":"2026-05-04T10:30:35","modified_gmt":"2026-05-04T08:30:35","slug":"masterbatches-para-cables-de-automocion","status":"publish","type":"page","link":"https:\/\/deltatecnic.com\/es\/masterbatches-para-cables-de-automocion\/","title":{"rendered":"Masterbatches para cables de automoci\u00f3n"},"content":{"rendered":"<p>[vc_row css=&#8221;.vc_custom_1614253351273{margin-top: 10px !important;}&#8221;][vc_column][vc_column_text css=&#8221;.vc_custom_1777882945427{padding-bottom: 10px !important;}&#8221;]<\/p>\n<h1 style=\"font-size: 40px; line-height: 43px;\">Masterbatches para cables de automoci\u00f3n<\/h1>\n<p>[\/vc_column_text][vc_row_inner ts_responsive_css=&#8221;19871622|colbreak_no|||||100px||||colbreak_no|||||||||colbreak_no||||||||||colbreak_no|||||||||&#8221;][vc_column_inner width=&#8221;1\/2&#8243;][vc_single_image image=&#8221;10850&#8243; img_size=&#8221;full&#8221;][vc_column_text]<\/p>\n<div class=\"text-base my-auto mx-auto [--thread-content-margin:var(--thread-content-margin-xs,calc(var(--spacing)*4))] @w-sm\/main:[--thread-content-margin:var(--thread-content-margin-sm,calc(var(--spacing)*6))] @w-lg\/main:[--thread-content-margin:var(--thread-content-margin-lg,calc(var(--spacing)*16))] px-(--thread-content-margin)\">\n<div class=\"[--thread-content-max-width:40rem] @w-lg\/main:[--thread-content-max-width:48rem] mx-auto max-w-(--thread-content-max-width) flex-1 group\/turn-messages focus-visible:outline-hidden relative flex w-full min-w-0 flex-col agent-turn\" tabindex=\"-1\">\n<div class=\"flex max-w-full flex-col gap-4 grow\">\n<div class=\"min-h-8 text-message relative flex w-full flex-col items-end gap-2 text-start break-words whitespace-normal [.text-message+&amp;]:mt-1\" dir=\"auto\" data-message-author-role=\"assistant\" data-message-id=\"08ef273f-3849-4490-bb93-776248fa5406\" data-message-model-slug=\"gpt-5-3\">\n<div class=\"flex w-full flex-col gap-1 empty:hidden\">\n<div class=\"markdown prose dark:prose-invert w-full wrap-break-word dark markdown-new-styling\">\n<p data-path-to-node=\"0\">La industria del cableado para la automoci\u00f3n est\u00e1 en constante evoluci\u00f3n para mejorar el rendimiento de los veh\u00edculos. El crecimiento de los veh\u00edculos el\u00e9ctricos e h\u00edbridos est\u00e1 impulsando nuevas demandas para incorporar m\u00e1s sensores y componentes el\u00e9ctricos y electr\u00f3nicos.<\/p>\n<p data-path-to-node=\"1\">Formulaciones: Las formulaciones de coloraci\u00f3n de cables deben cumplir requisitos exigentes de resistencia t\u00e9rmica y al envejecimiento.<\/p>\n<p data-path-to-node=\"2\">Probados: Los cables se someten a pruebas rigurosas bajo condiciones extremas seg\u00fan las clases de temperatura.<\/p>\n<p data-path-to-node=\"3\">Producci\u00f3n: El aumento de las velocidades de producci\u00f3n requiere una incorporaci\u00f3n de los <a href=\"https:\/\/deltatecnic.com\/es\/guia-completa-del-masterbatch\/\">masterbatches<\/a> m\u00e1s r\u00e1pida y eficiente.<\/p>\n<p data-path-to-node=\"4\">La descarga incluye: Cat\u00e1logo digital (PDF) con tonos, certificaciones y referencias t\u00e9cnicas.<\/p>\n<\/div>\n<\/div>\n<\/div>\n<\/div>\n<\/div>\n<\/div>\n<p>[\/vc_column_text][\/vc_column_inner][vc_column_inner width=&#8221;1\/2&#8243;][vc_column_text css=&#8221;.vc_custom_1777882975208{padding-bottom: 10px !important;}&#8221;]<\/p>\n<p style=\"font-size: 25px; line-height: 30px;\">Rellena el formulario para descargar el cat\u00e1logo digital y explorar nuestras soluciones en detalle<\/p>\n<p>[\/vc_column_text][vc_raw_html][\/vc_raw_html][\/vc_column_inner][\/vc_row_inner][\/vc_column][\/vc_row][vc_row][vc_column][vc_empty_space height=&#8221;15px&#8221;][\/vc_column][\/vc_row]<\/p>\n","protected":false},"excerpt":{"rendered":"<p>[vc_row css=&#8221;.vc_custom_1614253351273{margin-top: 10px !important;}&#8221;][vc_column][vc_column_text css=&#8221;.vc_custom_1777882945427{padding-bottom: 10px !important;}&#8221;] Masterbatches para cables de automoci\u00f3n [\/vc_column_text][vc_row_inner ts_responsive_css=&#8221;19871622|colbreak_no|||||100px||||colbreak_no|||||||||colbreak_no||||||||||colbreak_no|||||||||&#8221;][vc_column_inner width=&#8221;1\/2&#8243;][vc_single_image image=&#8221;10850&#8243; img_size=&#8221;full&#8221;][vc_column_text] La industria del cableado para la automoci\u00f3n est\u00e1 en constante evoluci\u00f3n para mejorar el rendimiento de los veh\u00edculos. El crecimiento de los veh\u00edculos el\u00e9ctricos e h\u00edbridos est\u00e1 impulsando nuevas demandas para incorporar m\u00e1s sensores y componentes el\u00e9ctricos y &hellip; <a href=\"https:\/\/deltatecnic.com\/es\/masterbatches-para-cables-de-automocion\/\" class=\"more-link\" title=\"Continue reading <span class=\"screen-reader-text\">Masterbatches para cables de automoci\u00f3n<\/span>&#8220;>Continue reading <span class=\"screen-reader-text\">Masterbatches para cables de automoci\u00f3n<\/span><\/a><\/p>\n","protected":false},"author":61,"featured_media":0,"parent":0,"menu_order":0,"comment_status":"closed","ping_status":"closed","template":"","meta":{"content-type":"","footnotes":""},"class_list":["post-22808","page","type-page","status-publish","hentry"],"yoast_head":"<!-- This site is optimized with the Yoast SEO plugin v27.1.1 - https:\/\/yoast.com\/product\/yoast-seo-wordpress\/ -->\n<title>Masterbatches for Automotive Cables by Deltatecnic<\/title>\n<meta name=\"description\" content=\"Deltatecnic offers high-performance masterbatches for automotive wiring. Solutions for electric and hybrid vehicles with thermal and aging resistance\" \/>\n<meta name=\"robots\" content=\"index, follow, max-snippet:-1, max-image-preview:large, max-video-preview:-1\" \/>\n<link rel=\"canonical\" href=\"https:\/\/deltatecnic.com\/es\/masterbatches-para-cables-de-automocion\/\" \/>\n<meta property=\"og:locale\" content=\"es_ES\" \/>\n<meta property=\"og:type\" content=\"article\" \/>\n<meta property=\"og:title\" content=\"Masterbatches for Automotive Cables by Deltatecnic\" \/>\n<meta property=\"og:description\" content=\"Deltatecnic offers high-performance masterbatches for automotive wiring. Solutions for electric and hybrid vehicles with thermal and aging resistance\" \/>\n<meta property=\"og:url\" content=\"https:\/\/deltatecnic.com\/es\/masterbatches-para-cables-de-automocion\/\" \/>\n<meta property=\"og:site_name\" content=\"Delta Tecnic\" \/>\n<meta property=\"article:modified_time\" content=\"2026-05-04T08:30:35+00:00\" \/>\n<meta name=\"twitter:card\" content=\"summary_large_image\" \/>\n<meta name=\"twitter:label1\" content=\"Tiempo de lectura\" \/>\n\t<meta name=\"twitter:data1\" content=\"1 minuto\" \/>\n<!-- \/ Yoast SEO plugin. -->","yoast_head_json":{"title":"Masterbatches for Automotive Cables by Deltatecnic","description":"Deltatecnic offers high-performance masterbatches for automotive wiring. Solutions for electric and hybrid vehicles with thermal and aging resistance","robots":{"index":"index","follow":"follow","max-snippet":"max-snippet:-1","max-image-preview":"max-image-preview:large","max-video-preview":"max-video-preview:-1"},"canonical":"https:\/\/deltatecnic.com\/es\/masterbatches-para-cables-de-automocion\/","og_locale":"es_ES","og_type":"article","og_title":"Masterbatches for Automotive Cables by Deltatecnic","og_description":"Deltatecnic offers high-performance masterbatches for automotive wiring. Solutions for electric and hybrid vehicles with thermal and aging resistance","og_url":"https:\/\/deltatecnic.com\/es\/masterbatches-para-cables-de-automocion\/","og_site_name":"Delta Tecnic","article_modified_time":"2026-05-04T08:30:35+00:00","twitter_card":"summary_large_image","twitter_misc":{"Tiempo de lectura":"1 minuto"},"schema":{"@context":"https:\/\/schema.org","@graph":[{"@type":"WebPage","@id":"https:\/\/deltatecnic.com\/es\/masterbatches-para-cables-de-automocion\/","url":"https:\/\/deltatecnic.com\/es\/masterbatches-para-cables-de-automocion\/","name":"Masterbatches for Automotive Cables by Deltatecnic","isPartOf":{"@id":"https:\/\/deltatecnic.com\/es\/#website"},"datePublished":"2026-03-11T07:13:21+00:00","dateModified":"2026-05-04T08:30:35+00:00","description":"Deltatecnic offers high-performance masterbatches for automotive wiring. Solutions for electric and hybrid vehicles with thermal and aging resistance","breadcrumb":{"@id":"https:\/\/deltatecnic.com\/es\/masterbatches-para-cables-de-automocion\/#breadcrumb"},"inLanguage":"es","potentialAction":[{"@type":"ReadAction","target":["https:\/\/deltatecnic.com\/es\/masterbatches-para-cables-de-automocion\/"]}]},{"@type":"BreadcrumbList","@id":"https:\/\/deltatecnic.com\/es\/masterbatches-para-cables-de-automocion\/#breadcrumb","itemListElement":[{"@type":"ListItem","position":1,"name":"Inici","item":"https:\/\/deltatecnic.com\/es\/"},{"@type":"ListItem","position":2,"name":"Masterbatches para cables de automoci\u00f3n"}]},{"@type":"WebSite","@id":"https:\/\/deltatecnic.com\/es\/#website","url":"https:\/\/deltatecnic.com\/es\/","name":"Delta Tecnic","description":"Bringing colour to life","potentialAction":[{"@type":"SearchAction","target":{"@type":"EntryPoint","urlTemplate":"https:\/\/deltatecnic.com\/es\/?s={search_term_string}"},"query-input":{"@type":"PropertyValueSpecification","valueRequired":true,"valueName":"search_term_string"}}],"inLanguage":"es"}]}},"_links":{"self":[{"href":"https:\/\/deltatecnic.com\/es\/wp-json\/wp\/v2\/pages\/22808","targetHints":{"allow":["GET"]}}],"collection":[{"href":"https:\/\/deltatecnic.com\/es\/wp-json\/wp\/v2\/pages"}],"about":[{"href":"https:\/\/deltatecnic.com\/es\/wp-json\/wp\/v2\/types\/page"}],"author":[{"embeddable":true,"href":"https:\/\/deltatecnic.com\/es\/wp-json\/wp\/v2\/users\/61"}],"replies":[{"embeddable":true,"href":"https:\/\/deltatecnic.com\/es\/wp-json\/wp\/v2\/comments?post=22808"}],"version-history":[{"count":2,"href":"https:\/\/deltatecnic.com\/es\/wp-json\/wp\/v2\/pages\/22808\/revisions"}],"predecessor-version":[{"id":22817,"href":"https:\/\/deltatecnic.com\/es\/wp-json\/wp\/v2\/pages\/22808\/revisions\/22817"}],"wp:attachment":[{"href":"https:\/\/deltatecnic.com\/es\/wp-json\/wp\/v2\/media?parent=22808"}],"curies":[{"name":"wp","href":"https:\/\/api.w.org\/{rel}","templated":true}]}}