{"id":22802,"date":"2026-03-11T08:03:30","date_gmt":"2026-03-11T07:03:30","guid":{"rendered":"https:\/\/deltatecnic.com\/masterbatches-for-telecom-cables\/"},"modified":"2026-05-04T10:31:45","modified_gmt":"2026-05-04T08:31:45","slug":"masterbatches-para-cables-de-telecomunicaciones","status":"publish","type":"page","link":"https:\/\/deltatecnic.com\/es\/masterbatches-para-cables-de-telecomunicaciones\/","title":{"rendered":"Masterbatches para cables de telecomunicaciones"},"content":{"rendered":"<p>[vc_row css=&#8221;.vc_custom_1614253351273{margin-top: 10px !important;}&#8221;][vc_column][vc_column_text css=&#8221;.vc_custom_1777882684389{padding-bottom: 10px !important;}&#8221;]<\/p>\n<h1 style=\"font-size: 40px; line-height: 43px;\">Masterbatches para cables de telecomunicaciones<\/h1>\n<p>[\/vc_column_text][vc_row_inner ts_responsive_css=&#8221;19871622|colbreak_no|||||100px||||colbreak_no|||||||||colbreak_no||||||||||colbreak_no|||||||||&#8221;][vc_column_inner width=&#8221;1\/2&#8243;][vc_single_image image=&#8221;9348&#8243; img_size=&#8221;full&#8221;][vc_column_text]<\/p>\n<p data-path-to-node=\"0\">Gracias al I+D y la mejora continua, Delta Tecnic se ha convertido en un referente mundial en la coloraci\u00f3n de cables, cumpliendo con los exigentes requisitos del sector de las telecomunicaciones. Sus <a href=\"https:\/\/deltatecnic.com\/es\/guia-completa-del-masterbatch\/\">masterbatches<\/a> permiten la fabricaci\u00f3n de cables a alta velocidad, no interfieren en la transmisi\u00f3n de datos y se adaptan a procesos de producci\u00f3n automatizados, al tiempo que ofrecen una alta opacidad para una correcta identificaci\u00f3n del cable.<\/p>\n<p data-path-to-node=\"1\">Propiedades de diluci\u00f3n: Masterbatches de alta calidad con excelente dispersi\u00f3n y diluci\u00f3n para cables de fibra \u00f3ptica.<\/p>\n<p data-path-to-node=\"2\">Alta opacidad: Soluciones con un color intenso y una alta opacidad que cumplen con los est\u00e1ndares internacionales.<\/p>\n<p data-path-to-node=\"3\">Cualidades de contracci\u00f3n: Masterbatches con excelentes propiedades de contracci\u00f3n que garantizan una transmisi\u00f3n de datos fiable.<\/p>\n<p data-path-to-node=\"4\">La descarga incluye: Cat\u00e1logo digital (PDF) con tonos, certificaciones y referencias t\u00e9cnicas.<\/p>\n<p>[\/vc_column_text][\/vc_column_inner][vc_column_inner width=&#8221;1\/2&#8243;][vc_column_text css=&#8221;.vc_custom_1777882718473{padding-bottom: 10px !important;}&#8221;]<\/p>\n<p style=\"font-size: 25px; line-height: 30px;\">Rellena el formulario para descargar el cat\u00e1logo digital y explorar nuestras soluciones en detalle<\/p>\n<p>[\/vc_column_text][vc_raw_html][\/vc_raw_html][\/vc_column_inner][\/vc_row_inner][\/vc_column][\/vc_row][vc_row][vc_column][vc_empty_space height=&#8221;15px&#8221;][\/vc_column][\/vc_row]<\/p>\n","protected":false},"excerpt":{"rendered":"<p>[vc_row css=&#8221;.vc_custom_1614253351273{margin-top: 10px !important;}&#8221;][vc_column][vc_column_text css=&#8221;.vc_custom_1777882684389{padding-bottom: 10px !important;}&#8221;] Masterbatches para cables de telecomunicaciones [\/vc_column_text][vc_row_inner ts_responsive_css=&#8221;19871622|colbreak_no|||||100px||||colbreak_no|||||||||colbreak_no||||||||||colbreak_no|||||||||&#8221;][vc_column_inner width=&#8221;1\/2&#8243;][vc_single_image image=&#8221;9348&#8243; img_size=&#8221;full&#8221;][vc_column_text] Gracias al I+D y la mejora continua, Delta Tecnic se ha convertido en un referente mundial en la coloraci\u00f3n de cables, cumpliendo con los exigentes requisitos del sector de las telecomunicaciones. Sus masterbatches permiten la fabricaci\u00f3n de cables &hellip; <a href=\"https:\/\/deltatecnic.com\/es\/masterbatches-para-cables-de-telecomunicaciones\/\" class=\"more-link\" title=\"Continue reading <span class=\"screen-reader-text\">Masterbatches para cables de telecomunicaciones<\/span>&#8220;>Continue reading <span class=\"screen-reader-text\">Masterbatches para cables de telecomunicaciones<\/span><\/a><\/p>\n","protected":false},"author":61,"featured_media":0,"parent":0,"menu_order":0,"comment_status":"closed","ping_status":"closed","template":"","meta":{"content-type":"","footnotes":""},"class_list":["post-22802","page","type-page","status-publish","hentry"],"yoast_head":"<!-- This site is optimized with the Yoast SEO plugin v27.1.1 - https:\/\/yoast.com\/product\/yoast-seo-wordpress\/ -->\n<title>Masterbatches for Telecom &amp; Fibre Optic Cable Coloring<\/title>\n<meta name=\"description\" content=\"High-opacity masterbatches for telecom cables. Ensure reliable data transmission, high-speed manufacturing, and excellent dilution for fibre optics\" \/>\n<meta name=\"robots\" content=\"index, follow, max-snippet:-1, max-image-preview:large, max-video-preview:-1\" \/>\n<link rel=\"canonical\" href=\"https:\/\/deltatecnic.com\/es\/masterbatches-para-cables-de-telecomunicaciones\/\" \/>\n<meta property=\"og:locale\" content=\"es_ES\" \/>\n<meta property=\"og:type\" content=\"article\" \/>\n<meta property=\"og:title\" content=\"Masterbatches for Telecom &amp; Fibre Optic Cable Coloring\" \/>\n<meta property=\"og:description\" content=\"High-opacity masterbatches for telecom cables. Ensure reliable data transmission, high-speed manufacturing, and excellent dilution for fibre optics\" \/>\n<meta property=\"og:url\" content=\"https:\/\/deltatecnic.com\/es\/masterbatches-para-cables-de-telecomunicaciones\/\" \/>\n<meta property=\"og:site_name\" content=\"Delta Tecnic\" \/>\n<meta property=\"article:modified_time\" content=\"2026-05-04T08:31:45+00:00\" \/>\n<meta name=\"twitter:card\" content=\"summary_large_image\" \/>\n<meta name=\"twitter:label1\" content=\"Tiempo de lectura\" \/>\n\t<meta name=\"twitter:data1\" content=\"1 minuto\" \/>\n<!-- \/ Yoast SEO plugin. -->","yoast_head_json":{"title":"Masterbatches for Telecom & Fibre Optic Cable Coloring","description":"High-opacity masterbatches for telecom cables. Ensure reliable data transmission, high-speed manufacturing, and excellent dilution for fibre optics","robots":{"index":"index","follow":"follow","max-snippet":"max-snippet:-1","max-image-preview":"max-image-preview:large","max-video-preview":"max-video-preview:-1"},"canonical":"https:\/\/deltatecnic.com\/es\/masterbatches-para-cables-de-telecomunicaciones\/","og_locale":"es_ES","og_type":"article","og_title":"Masterbatches for Telecom & Fibre Optic Cable Coloring","og_description":"High-opacity masterbatches for telecom cables. Ensure reliable data transmission, high-speed manufacturing, and excellent dilution for fibre optics","og_url":"https:\/\/deltatecnic.com\/es\/masterbatches-para-cables-de-telecomunicaciones\/","og_site_name":"Delta Tecnic","article_modified_time":"2026-05-04T08:31:45+00:00","twitter_card":"summary_large_image","twitter_misc":{"Tiempo de lectura":"1 minuto"},"schema":{"@context":"https:\/\/schema.org","@graph":[{"@type":"WebPage","@id":"https:\/\/deltatecnic.com\/es\/masterbatches-para-cables-de-telecomunicaciones\/","url":"https:\/\/deltatecnic.com\/es\/masterbatches-para-cables-de-telecomunicaciones\/","name":"Masterbatches for Telecom & Fibre Optic Cable Coloring","isPartOf":{"@id":"https:\/\/deltatecnic.com\/es\/#website"},"datePublished":"2026-03-11T07:03:30+00:00","dateModified":"2026-05-04T08:31:45+00:00","description":"High-opacity masterbatches for telecom cables. Ensure reliable data transmission, high-speed manufacturing, and excellent dilution for fibre optics","breadcrumb":{"@id":"https:\/\/deltatecnic.com\/es\/masterbatches-para-cables-de-telecomunicaciones\/#breadcrumb"},"inLanguage":"es","potentialAction":[{"@type":"ReadAction","target":["https:\/\/deltatecnic.com\/es\/masterbatches-para-cables-de-telecomunicaciones\/"]}]},{"@type":"BreadcrumbList","@id":"https:\/\/deltatecnic.com\/es\/masterbatches-para-cables-de-telecomunicaciones\/#breadcrumb","itemListElement":[{"@type":"ListItem","position":1,"name":"Inici","item":"https:\/\/deltatecnic.com\/es\/"},{"@type":"ListItem","position":2,"name":"Masterbatches para cables de telecomunicaciones"}]},{"@type":"WebSite","@id":"https:\/\/deltatecnic.com\/es\/#website","url":"https:\/\/deltatecnic.com\/es\/","name":"Delta Tecnic","description":"Bringing colour to life","potentialAction":[{"@type":"SearchAction","target":{"@type":"EntryPoint","urlTemplate":"https:\/\/deltatecnic.com\/es\/?s={search_term_string}"},"query-input":{"@type":"PropertyValueSpecification","valueRequired":true,"valueName":"search_term_string"}}],"inLanguage":"es"}]}},"_links":{"self":[{"href":"https:\/\/deltatecnic.com\/es\/wp-json\/wp\/v2\/pages\/22802","targetHints":{"allow":["GET"]}}],"collection":[{"href":"https:\/\/deltatecnic.com\/es\/wp-json\/wp\/v2\/pages"}],"about":[{"href":"https:\/\/deltatecnic.com\/es\/wp-json\/wp\/v2\/types\/page"}],"author":[{"embeddable":true,"href":"https:\/\/deltatecnic.com\/es\/wp-json\/wp\/v2\/users\/61"}],"replies":[{"embeddable":true,"href":"https:\/\/deltatecnic.com\/es\/wp-json\/wp\/v2\/comments?post=22802"}],"version-history":[{"count":2,"href":"https:\/\/deltatecnic.com\/es\/wp-json\/wp\/v2\/pages\/22802\/revisions"}],"predecessor-version":[{"id":22819,"href":"https:\/\/deltatecnic.com\/es\/wp-json\/wp\/v2\/pages\/22802\/revisions\/22819"}],"wp:attachment":[{"href":"https:\/\/deltatecnic.com\/es\/wp-json\/wp\/v2\/media?parent=22802"}],"curies":[{"name":"wp","href":"https:\/\/api.w.org\/{rel}","templated":true}]}}