{"id":22796,"date":"2026-03-11T07:43:28","date_gmt":"2026-03-11T06:43:28","guid":{"rendered":"https:\/\/deltatecnic.com\/masterbatches-for-energy-cables\/"},"modified":"2026-05-04T10:31:03","modified_gmt":"2026-05-04T08:31:03","slug":"masterbatches-para-cables-de-energia","status":"publish","type":"page","link":"https:\/\/deltatecnic.com\/es\/masterbatches-para-cables-de-energia\/","title":{"rendered":"Masterbatches para cables de energ\u00eda"},"content":{"rendered":"<p>[vc_row css=&#8221;.vc_custom_1614253351273{margin-top: 10px !important;}&#8221;][vc_column][vc_column_text css=&#8221;.vc_custom_1777882353922{padding-bottom: 10px !important;}&#8221;]<\/p>\n<h1 style=\"font-size: 40px; line-height: 43px;\">Masterbatches para cables de energ\u00eda<\/h1>\n<p>[\/vc_column_text][vc_row_inner ts_responsive_css=&#8221;19871622|colbreak_no|||||100px||||colbreak_no|||||||||colbreak_no||||||||||colbreak_no|||||||||&#8221;][vc_column_inner width=&#8221;1\/2&#8243;][vc_single_image image=&#8221;21754&#8243; img_size=&#8221;full&#8221;][vc_column_text]<\/p>\n<p data-path-to-node=\"0\">Los cables de transmisi\u00f3n de energ\u00eda est\u00e1n dise\u00f1ados para soportar condiciones exigentes durante la instalaci\u00f3n y la distribuci\u00f3n el\u00e9ctrica, garantizando un funcionamiento seguro y fiable en instalaciones industriales, sistemas de distribuci\u00f3n y aplicaciones de iluminaci\u00f3n, al tiempo que cumplen con altos est\u00e1ndares de calidad, seguridad y rendimiento.<\/p>\n<p data-path-to-node=\"1\">Pigmentos: Los pigmentos utilizados en nuestras formulaciones est\u00e1n especialmente seleccionados para evitar interferir con las propiedades diel\u00e9ctricas y mec\u00e1nicas del cable.<\/p>\n<p data-path-to-node=\"2\"><a href=\"https:\/\/deltatecnic.com\/es\/delta-tecnic-garantiza-un-aislamiento-eficaz-en-la-industria-del-cable\/\">Aislamiento<\/a>: Cumplimos con los requisitos de aislamiento tanto para el cobre como para el aluminio, as\u00ed como para el recubrimiento de cables, ofreciendo una amplia gama de colores.<\/p>\n<p data-path-to-node=\"3\">Formulaciones: Nuestras formulaciones est\u00e1n libres de metales pesados y de ftalatos, y cumplen con los est\u00e1ndares m\u00e1s estrictos del mercado.<\/p>\n<p data-path-to-node=\"4\">La descarga incluye: Cat\u00e1logo digital (PDF) con tonos, certificaciones y referencias t\u00e9cnicas.<\/p>\n<p>[\/vc_column_text][\/vc_column_inner][vc_column_inner width=&#8221;1\/2&#8243;][vc_column_text css=&#8221;.vc_custom_1777882391394{padding-bottom: 10px !important;}&#8221;]<\/p>\n<p style=\"font-size: 25px; line-height: 30px;\">Rellena el formulario para descargar el cat\u00e1logo digital y explorar nuestras soluciones en detalle<\/p>\n<p>[\/vc_column_text][vc_raw_html][\/vc_raw_html][\/vc_column_inner][\/vc_row_inner][\/vc_column][\/vc_row][vc_row][vc_column][vc_empty_space height=&#8221;15px&#8221;][\/vc_column][\/vc_row]<\/p>\n","protected":false},"excerpt":{"rendered":"<p>[vc_row css=&#8221;.vc_custom_1614253351273{margin-top: 10px !important;}&#8221;][vc_column][vc_column_text css=&#8221;.vc_custom_1777882353922{padding-bottom: 10px !important;}&#8221;] Masterbatches para cables de energ\u00eda [\/vc_column_text][vc_row_inner ts_responsive_css=&#8221;19871622|colbreak_no|||||100px||||colbreak_no|||||||||colbreak_no||||||||||colbreak_no|||||||||&#8221;][vc_column_inner width=&#8221;1\/2&#8243;][vc_single_image image=&#8221;21754&#8243; img_size=&#8221;full&#8221;][vc_column_text] Los cables de transmisi\u00f3n de energ\u00eda est\u00e1n dise\u00f1ados para soportar condiciones exigentes durante la instalaci\u00f3n y la distribuci\u00f3n el\u00e9ctrica, garantizando un funcionamiento seguro y fiable en instalaciones industriales, sistemas de distribuci\u00f3n y aplicaciones de iluminaci\u00f3n, al tiempo que &hellip; <a href=\"https:\/\/deltatecnic.com\/es\/masterbatches-para-cables-de-energia\/\" class=\"more-link\" title=\"Continue reading <span class=\"screen-reader-text\">Masterbatches para cables de energ\u00eda<\/span>&#8220;>Continue reading <span class=\"screen-reader-text\">Masterbatches para cables de energ\u00eda<\/span><\/a><\/p>\n","protected":false},"author":61,"featured_media":0,"parent":0,"menu_order":0,"comment_status":"closed","ping_status":"closed","template":"","meta":{"content-type":"","footnotes":""},"class_list":["post-22796","page","type-page","status-publish","hentry"],"yoast_head":"<!-- This site is optimized with the Yoast SEO plugin v27.1.1 - https:\/\/yoast.com\/product\/yoast-seo-wordpress\/ -->\n<title>Masterbatches for Energy Cables | High-Performance Solutions<\/title>\n<meta name=\"description\" content=\"High-quality, heavy metal-free masterbatches for energy cables. Optimize insulation and pigments for copper and aluminum. Download our digital catalog.\" \/>\n<meta name=\"robots\" content=\"index, follow, max-snippet:-1, max-image-preview:large, max-video-preview:-1\" \/>\n<link rel=\"canonical\" href=\"https:\/\/deltatecnic.com\/es\/masterbatches-para-cables-de-energia\/\" \/>\n<meta property=\"og:locale\" content=\"es_ES\" \/>\n<meta property=\"og:type\" content=\"article\" \/>\n<meta property=\"og:title\" content=\"Masterbatches for Energy Cables | High-Performance Solutions\" \/>\n<meta property=\"og:description\" content=\"High-quality, heavy metal-free masterbatches for energy cables. Optimize insulation and pigments for copper and aluminum. Download our digital catalog.\" \/>\n<meta property=\"og:url\" content=\"https:\/\/deltatecnic.com\/es\/masterbatches-para-cables-de-energia\/\" \/>\n<meta property=\"og:site_name\" content=\"Delta Tecnic\" \/>\n<meta property=\"article:modified_time\" content=\"2026-05-04T08:31:03+00:00\" \/>\n<meta name=\"twitter:card\" content=\"summary_large_image\" \/>\n<meta name=\"twitter:label1\" content=\"Tiempo de lectura\" \/>\n\t<meta name=\"twitter:data1\" content=\"1 minuto\" \/>\n<!-- \/ Yoast SEO plugin. -->","yoast_head_json":{"title":"Masterbatches for Energy Cables | High-Performance Solutions","description":"High-quality, heavy metal-free masterbatches for energy cables. Optimize insulation and pigments for copper and aluminum. Download our digital catalog.","robots":{"index":"index","follow":"follow","max-snippet":"max-snippet:-1","max-image-preview":"max-image-preview:large","max-video-preview":"max-video-preview:-1"},"canonical":"https:\/\/deltatecnic.com\/es\/masterbatches-para-cables-de-energia\/","og_locale":"es_ES","og_type":"article","og_title":"Masterbatches for Energy Cables | High-Performance Solutions","og_description":"High-quality, heavy metal-free masterbatches for energy cables. Optimize insulation and pigments for copper and aluminum. Download our digital catalog.","og_url":"https:\/\/deltatecnic.com\/es\/masterbatches-para-cables-de-energia\/","og_site_name":"Delta Tecnic","article_modified_time":"2026-05-04T08:31:03+00:00","twitter_card":"summary_large_image","twitter_misc":{"Tiempo de lectura":"1 minuto"},"schema":{"@context":"https:\/\/schema.org","@graph":[{"@type":"WebPage","@id":"https:\/\/deltatecnic.com\/es\/masterbatches-para-cables-de-energia\/","url":"https:\/\/deltatecnic.com\/es\/masterbatches-para-cables-de-energia\/","name":"Masterbatches for Energy Cables | High-Performance Solutions","isPartOf":{"@id":"https:\/\/deltatecnic.com\/es\/#website"},"datePublished":"2026-03-11T06:43:28+00:00","dateModified":"2026-05-04T08:31:03+00:00","description":"High-quality, heavy metal-free masterbatches for energy cables. Optimize insulation and pigments for copper and aluminum. Download our digital catalog.","breadcrumb":{"@id":"https:\/\/deltatecnic.com\/es\/masterbatches-para-cables-de-energia\/#breadcrumb"},"inLanguage":"es","potentialAction":[{"@type":"ReadAction","target":["https:\/\/deltatecnic.com\/es\/masterbatches-para-cables-de-energia\/"]}]},{"@type":"BreadcrumbList","@id":"https:\/\/deltatecnic.com\/es\/masterbatches-para-cables-de-energia\/#breadcrumb","itemListElement":[{"@type":"ListItem","position":1,"name":"Inici","item":"https:\/\/deltatecnic.com\/es\/"},{"@type":"ListItem","position":2,"name":"Masterbatches para cables de energ\u00eda"}]},{"@type":"WebSite","@id":"https:\/\/deltatecnic.com\/es\/#website","url":"https:\/\/deltatecnic.com\/es\/","name":"Delta Tecnic","description":"Bringing colour to life","potentialAction":[{"@type":"SearchAction","target":{"@type":"EntryPoint","urlTemplate":"https:\/\/deltatecnic.com\/es\/?s={search_term_string}"},"query-input":{"@type":"PropertyValueSpecification","valueRequired":true,"valueName":"search_term_string"}}],"inLanguage":"es"}]}},"_links":{"self":[{"href":"https:\/\/deltatecnic.com\/es\/wp-json\/wp\/v2\/pages\/22796","targetHints":{"allow":["GET"]}}],"collection":[{"href":"https:\/\/deltatecnic.com\/es\/wp-json\/wp\/v2\/pages"}],"about":[{"href":"https:\/\/deltatecnic.com\/es\/wp-json\/wp\/v2\/types\/page"}],"author":[{"embeddable":true,"href":"https:\/\/deltatecnic.com\/es\/wp-json\/wp\/v2\/users\/61"}],"replies":[{"embeddable":true,"href":"https:\/\/deltatecnic.com\/es\/wp-json\/wp\/v2\/comments?post=22796"}],"version-history":[{"count":2,"href":"https:\/\/deltatecnic.com\/es\/wp-json\/wp\/v2\/pages\/22796\/revisions"}],"predecessor-version":[{"id":22818,"href":"https:\/\/deltatecnic.com\/es\/wp-json\/wp\/v2\/pages\/22796\/revisions\/22818"}],"wp:attachment":[{"href":"https:\/\/deltatecnic.com\/es\/wp-json\/wp\/v2\/media?parent=22796"}],"curies":[{"name":"wp","href":"https:\/\/api.w.org\/{rel}","templated":true}]}}