{"id":22770,"date":"2026-03-11T08:59:36","date_gmt":"2026-03-11T07:59:36","guid":{"rendered":"https:\/\/deltatecnic.com\/cable-triptych\/"},"modified":"2026-05-04T10:28:14","modified_gmt":"2026-05-04T08:28:14","slug":"triptico-de-cables","status":"publish","type":"page","link":"https:\/\/deltatecnic.com\/es\/triptico-de-cables\/","title":{"rendered":"Tr\u00edptico de cables"},"content":{"rendered":"<p>[vc_row css=&#8221;.vc_custom_1614253351273{margin-top: 10px !important;}&#8221;][vc_column][vc_column_text css=&#8221;.vc_custom_1777880131367{padding-bottom: 10px !important;}&#8221;]<\/p>\n<h1 style=\"font-size: 40px; line-height: 43px;\">Tr\u00edptico de cables<\/h1>\n<p>[\/vc_column_text][vc_row_inner ts_responsive_css=&#8221;19871622|colbreak_no|||||100px||||colbreak_no|||||||||colbreak_no||||||||||colbreak_no|||||||||&#8221;][vc_column_inner width=&#8221;1\/2&#8243;][vc_single_image image=&#8221;21773&#8243; img_size=&#8221;full&#8221;][vc_column_text]<\/p>\n<div class=\"text-base my-auto mx-auto [--thread-content-margin:var(--thread-content-margin-xs,calc(var(--spacing)*4))] @w-sm\/main:[--thread-content-margin:var(--thread-content-margin-sm,calc(var(--spacing)*6))] @w-lg\/main:[--thread-content-margin:var(--thread-content-margin-lg,calc(var(--spacing)*16))] px-(--thread-content-margin)\">\n<div class=\"[--thread-content-max-width:40rem] @w-lg\/main:[--thread-content-max-width:48rem] mx-auto max-w-(--thread-content-max-width) flex-1 group\/turn-messages focus-visible:outline-hidden relative flex w-full min-w-0 flex-col agent-turn\" tabindex=\"-1\">\n<div class=\"flex max-w-full flex-col gap-4 grow\">\n<div class=\"min-h-8 text-message relative flex w-full flex-col items-end gap-2 text-start break-words whitespace-normal [.text-message+&amp;]:mt-1\" dir=\"auto\" data-message-author-role=\"assistant\" data-message-id=\"08ef273f-3849-4490-bb93-776248fa5406\" data-message-model-slug=\"gpt-5-3\">\n<div class=\"flex w-full flex-col gap-1 empty:hidden\">\n<div class=\"markdown prose dark:prose-invert w-full wrap-break-word dark markdown-new-styling\">\n<p data-path-to-node=\"1\"><a href=\"https:\/\/deltatecnic.com\/es\/soluciones-masterbatch\/\">Gama de masterbatches<\/a> dise\u00f1ados para la coloraci\u00f3n e identificaci\u00f3n de tr\u00edpticos de cables, garantizando una excelente dispersi\u00f3n, consistencia del color y el mantenimiento de las propiedades el\u00e9ctricas y mec\u00e1nicas de los cables.<\/p>\n<p data-path-to-node=\"2\">Preguntas frecuentes: La informaci\u00f3n sobre este producto estar\u00e1 disponible pronto. Preguntas frecuentes: La informaci\u00f3n sobre este producto estar\u00e1 disponible pronto. Preguntas frecuentes: La informaci\u00f3n sobre este producto estar\u00e1 disponible pronto.<\/p>\n<p data-start=\"477\" data-end=\"570\" data-is-last-node=\"\" data-is-only-node=\"\">La descarga incluye: cat\u00e1logo digital (PDF) con tonos, certificaciones y referencias t\u00e9cnicas.<\/p>\n<\/div>\n<\/div>\n<\/div>\n<\/div>\n<\/div>\n<\/div>\n<p>[\/vc_column_text][\/vc_column_inner][vc_column_inner width=&#8221;1\/2&#8243;][vc_column_text css=&#8221;.vc_custom_1777880251577{padding-bottom: 10px !important;}&#8221;]<\/p>\n<section class=\"text-token-text-primary w-full focus:outline-none [--shadow-height:45px] has-data-writing-block:pointer-events-none has-data-writing-block:-mt-(--shadow-height) has-data-writing-block:pt-(--shadow-height) [&amp;:has([data-writing-block])&gt;*]:pointer-events-auto R6Vx5W_threadScrollVars scroll-mb-[calc(var(--scroll-root-safe-area-inset-bottom,0px)+var(--thread-response-height))] scroll-mt-(--header-height)\" dir=\"auto\" data-turn-id=\"404fb707-c652-412d-afd3-a4f376fa5f70\" data-testid=\"conversation-turn-21\" data-scroll-anchor=\"false\" data-turn=\"user\"><\/section>\n<section class=\"text-token-text-primary w-full focus:outline-none [--shadow-height:45px] has-data-writing-block:pointer-events-none has-data-writing-block:-mt-(--shadow-height) has-data-writing-block:pt-(--shadow-height) [&amp;:has([data-writing-block])&gt;*]:pointer-events-auto [content-visibility:auto] supports-[content-visibility:auto]:[contain-intrinsic-size:auto_100lvh] R6Vx5W_threadScrollVars scroll-mb-[calc(var(--scroll-root-safe-area-inset-bottom,0px)+var(--thread-response-height))] scroll-mt-[calc(var(--header-height)+min(200px,max(70px,20svh)))]\" dir=\"auto\" data-turn-id=\"request-WEB:5d9c585c-7bd2-4866-a56c-64df770f4787-10\" data-testid=\"conversation-turn-22\" data-scroll-anchor=\"false\" data-turn=\"assistant\">\n<div class=\"text-base my-auto mx-auto pb-10 [--thread-content-margin:var(--thread-content-margin-xs,calc(var(--spacing)*4))] @w-sm\/main:[--thread-content-margin:var(--thread-content-margin-sm,calc(var(--spacing)*6))] @w-lg\/main:[--thread-content-margin:var(--thread-content-margin-lg,calc(var(--spacing)*16))] px-(--thread-content-margin)\">\n<div class=\"[--thread-content-max-width:40rem] @w-lg\/main:[--thread-content-max-width:48rem] mx-auto max-w-(--thread-content-max-width) flex-1 group\/turn-messages focus-visible:outline-hidden relative flex w-full min-w-0 flex-col agent-turn\">\n<div class=\"flex max-w-full flex-col gap-4 grow\">\n<div class=\"min-h-8 text-message relative flex w-full flex-col items-end gap-2 text-start break-words whitespace-normal outline-none keyboard-focused:focus-ring [.text-message+&amp;]:mt-1\" dir=\"auto\" tabindex=\"0\" data-message-author-role=\"assistant\" data-message-id=\"251a7725-4197-4bb8-9a01-2db1ab78ca80\" data-message-model-slug=\"gpt-5-3-mini\" data-turn-start-message=\"true\">\n<div class=\"flex w-full flex-col gap-1 empty:hidden\">\n<div class=\"markdown prose dark:prose-invert w-full wrap-break-word dark markdown-new-styling\">\n<p data-start=\"0\" data-end=\"100\" data-is-last-node=\"\" data-is-only-node=\"\">Completa el formulario para descargar el cat\u00e1logo digital y explorar nuestras soluciones en detalle.<\/p>\n<\/div>\n<\/div>\n<\/div>\n<\/div>\n<\/div>\n<\/div>\n<\/section>\n<p>[\/vc_column_text][vc_raw_html][\/vc_raw_html][\/vc_column_inner][\/vc_row_inner][\/vc_column][\/vc_row][vc_row][vc_column][vc_empty_space height=&#8221;15px&#8221;][\/vc_column][\/vc_row]<\/p>\n","protected":false},"excerpt":{"rendered":"<p>[vc_row css=&#8221;.vc_custom_1614253351273{margin-top: 10px !important;}&#8221;][vc_column][vc_column_text css=&#8221;.vc_custom_1777880131367{padding-bottom: 10px !important;}&#8221;] Tr\u00edptico de cables [\/vc_column_text][vc_row_inner ts_responsive_css=&#8221;19871622|colbreak_no|||||100px||||colbreak_no|||||||||colbreak_no||||||||||colbreak_no|||||||||&#8221;][vc_column_inner width=&#8221;1\/2&#8243;][vc_single_image image=&#8221;21773&#8243; img_size=&#8221;full&#8221;][vc_column_text] Gama de masterbatches dise\u00f1ados para la coloraci\u00f3n e identificaci\u00f3n de tr\u00edpticos de cables, garantizando una excelente dispersi\u00f3n, consistencia del color y el mantenimiento de las propiedades el\u00e9ctricas y mec\u00e1nicas de los cables. Preguntas frecuentes: La informaci\u00f3n sobre este producto estar\u00e1 &hellip; <a href=\"https:\/\/deltatecnic.com\/es\/triptico-de-cables\/\" class=\"more-link\" title=\"Continue reading <span class=\"screen-reader-text\">Tr\u00edptico de cables<\/span>&#8220;>Continue reading <span class=\"screen-reader-text\">Tr\u00edptico de cables<\/span><\/a><\/p>\n","protected":false},"author":61,"featured_media":0,"parent":0,"menu_order":0,"comment_status":"closed","ping_status":"closed","template":"","meta":{"content-type":"","footnotes":""},"class_list":["post-22770","page","type-page","status-publish","hentry"],"yoast_head":"<!-- This site is optimized with the Yoast SEO plugin v27.1.1 - https:\/\/yoast.com\/product\/yoast-seo-wordpress\/ -->\n<title>Masterbatches for Cable Triptychs: Color &amp; Identification<\/title>\n<meta name=\"description\" content=\"Optimized masterbatches for cable triptych coloring. Ensure excellent dispersion, color consistency, and reliable mechanical and electrical properties\" \/>\n<meta name=\"robots\" content=\"index, follow, max-snippet:-1, max-image-preview:large, max-video-preview:-1\" \/>\n<link rel=\"canonical\" href=\"https:\/\/deltatecnic.com\/es\/triptico-de-cables\/\" \/>\n<meta property=\"og:locale\" content=\"es_ES\" \/>\n<meta property=\"og:type\" content=\"article\" \/>\n<meta property=\"og:title\" content=\"Masterbatches for Cable Triptychs: Color &amp; Identification\" \/>\n<meta property=\"og:description\" content=\"Optimized masterbatches for cable triptych coloring. Ensure excellent dispersion, color consistency, and reliable mechanical and electrical properties\" \/>\n<meta property=\"og:url\" content=\"https:\/\/deltatecnic.com\/es\/triptico-de-cables\/\" \/>\n<meta property=\"og:site_name\" content=\"Delta Tecnic\" \/>\n<meta property=\"article:modified_time\" content=\"2026-05-04T08:28:14+00:00\" \/>\n<meta name=\"twitter:card\" content=\"summary_large_image\" \/>\n<meta name=\"twitter:label1\" content=\"Tiempo de lectura\" \/>\n\t<meta name=\"twitter:data1\" content=\"1 minuto\" \/>\n<!-- \/ Yoast SEO plugin. -->","yoast_head_json":{"title":"Masterbatches for Cable Triptychs: Color & Identification","description":"Optimized masterbatches for cable triptych coloring. Ensure excellent dispersion, color consistency, and reliable mechanical and electrical properties","robots":{"index":"index","follow":"follow","max-snippet":"max-snippet:-1","max-image-preview":"max-image-preview:large","max-video-preview":"max-video-preview:-1"},"canonical":"https:\/\/deltatecnic.com\/es\/triptico-de-cables\/","og_locale":"es_ES","og_type":"article","og_title":"Masterbatches for Cable Triptychs: Color & Identification","og_description":"Optimized masterbatches for cable triptych coloring. Ensure excellent dispersion, color consistency, and reliable mechanical and electrical properties","og_url":"https:\/\/deltatecnic.com\/es\/triptico-de-cables\/","og_site_name":"Delta Tecnic","article_modified_time":"2026-05-04T08:28:14+00:00","twitter_card":"summary_large_image","twitter_misc":{"Tiempo de lectura":"1 minuto"},"schema":{"@context":"https:\/\/schema.org","@graph":[{"@type":"WebPage","@id":"https:\/\/deltatecnic.com\/es\/triptico-de-cables\/","url":"https:\/\/deltatecnic.com\/es\/triptico-de-cables\/","name":"Masterbatches for Cable Triptychs: Color & Identification","isPartOf":{"@id":"https:\/\/deltatecnic.com\/es\/#website"},"datePublished":"2026-03-11T07:59:36+00:00","dateModified":"2026-05-04T08:28:14+00:00","description":"Optimized masterbatches for cable triptych coloring. Ensure excellent dispersion, color consistency, and reliable mechanical and electrical properties","breadcrumb":{"@id":"https:\/\/deltatecnic.com\/es\/triptico-de-cables\/#breadcrumb"},"inLanguage":"es","potentialAction":[{"@type":"ReadAction","target":["https:\/\/deltatecnic.com\/es\/triptico-de-cables\/"]}]},{"@type":"BreadcrumbList","@id":"https:\/\/deltatecnic.com\/es\/triptico-de-cables\/#breadcrumb","itemListElement":[{"@type":"ListItem","position":1,"name":"Inici","item":"https:\/\/deltatecnic.com\/es\/"},{"@type":"ListItem","position":2,"name":"Tr\u00edptico de cables"}]},{"@type":"WebSite","@id":"https:\/\/deltatecnic.com\/es\/#website","url":"https:\/\/deltatecnic.com\/es\/","name":"Delta Tecnic","description":"Bringing colour to life","potentialAction":[{"@type":"SearchAction","target":{"@type":"EntryPoint","urlTemplate":"https:\/\/deltatecnic.com\/es\/?s={search_term_string}"},"query-input":{"@type":"PropertyValueSpecification","valueRequired":true,"valueName":"search_term_string"}}],"inLanguage":"es"}]}},"_links":{"self":[{"href":"https:\/\/deltatecnic.com\/es\/wp-json\/wp\/v2\/pages\/22770","targetHints":{"allow":["GET"]}}],"collection":[{"href":"https:\/\/deltatecnic.com\/es\/wp-json\/wp\/v2\/pages"}],"about":[{"href":"https:\/\/deltatecnic.com\/es\/wp-json\/wp\/v2\/types\/page"}],"author":[{"embeddable":true,"href":"https:\/\/deltatecnic.com\/es\/wp-json\/wp\/v2\/users\/61"}],"replies":[{"embeddable":true,"href":"https:\/\/deltatecnic.com\/es\/wp-json\/wp\/v2\/comments?post=22770"}],"version-history":[{"count":4,"href":"https:\/\/deltatecnic.com\/es\/wp-json\/wp\/v2\/pages\/22770\/revisions"}],"predecessor-version":[{"id":22815,"href":"https:\/\/deltatecnic.com\/es\/wp-json\/wp\/v2\/pages\/22770\/revisions\/22815"}],"wp:attachment":[{"href":"https:\/\/deltatecnic.com\/es\/wp-json\/wp\/v2\/media?parent=22770"}],"curies":[{"name":"wp","href":"https:\/\/api.w.org\/{rel}","templated":true}]}}