{"id":21370,"date":"2026-02-02T09:58:52","date_gmt":"2026-02-02T08:58:52","guid":{"rendered":"https:\/\/deltatecnic.com\/barrion\/"},"modified":"2026-03-11T10:33:09","modified_gmt":"2026-03-11T09:33:09","slug":"barrion","status":"publish","type":"page","link":"https:\/\/deltatecnic.com\/es\/barrion\/","title":{"rendered":"Protecci\u00f3n invisible. Rendimiento visible."},"content":{"rendered":"<p>[vc_row css=&#8221;.vc_custom_1614253351273{margin-top: 10px !important;}&#8221;][vc_column][vc_column_text css=&#8221;.vc_custom_1772536368201{padding-bottom: 10px !important;}&#8221;]<\/p>\n<h1 style=\"font-size: 40px; line-height: 43px;\">Protecci\u00f3n invisible. Rendimiento visible.<\/h1>\n<p>[\/vc_column_text][vc_row_inner ts_responsive_css=&#8221;19871622|colbreak_no|||||100px||||colbreak_no|||||||||colbreak_no||||||||||colbreak_no|||||||||&#8221;][vc_column_inner width=&#8221;1\/2&#8243;][vc_single_image image=&#8221;20746&#8243; img_size=&#8221;full&#8221;][vc_column_text]Barrion es el aditivo inteligente que prolonga la vida \u00fatil del cable en condiciones exigentes. Descarga el cat\u00e1logo para ver c\u00f3mo funciona.<\/p>\n<ul>\n<li><strong>\u00bfDeterioro prematuro de las cubiertas del cable?<\/strong> Un efecto barrera invisible protege la cubierta sin afectar las propiedades del pol\u00edmero.<\/li>\n<li><strong>\u00bfMigraci\u00f3n del aditivo y dep\u00f3sitos en superficie?<\/strong> El dise\u00f1o no migrante mantiene el agente activo integrado: sin blooming ni dep\u00f3sitos en superficie.<\/li>\n<li><strong>\u00bfPreocupaciones de seguridad y normativa?<\/strong> No t\u00f3xico, conforme con RoHS y validado por laboratorios internacionales para industrias cr\u00edticas.<\/li>\n<\/ul>\n<p><strong>La descarga incluye:<\/strong> Cat\u00e1logo digital (PDF) con mecanismos de protecci\u00f3n y validaciones de laboratorio.[\/vc_column_text][\/vc_column_inner][vc_column_inner width=&#8221;1\/2&#8243;][vc_column_text css=&#8221;.vc_custom_1772536407664{padding-bottom: 10px !important;}&#8221;]<\/p>\n<p style=\"font-size: 25px; line-height: 30px;\">Completa el formulario para descargar el cat\u00e1logo digital y explorar nuestras soluciones en detalle.<\/p>\n<p>[\/vc_column_text][vc_raw_html]JTNDc2NyaXB0JTIwY2hhcnNldCUzRCUyMnV0Zi04JTIyJTIwdHlwZSUzRCUyMnRleHQlMkZqYXZhc2NyaXB0JTIyJTIwc3JjJTNEJTIyJTJGJTJGanMtZXUxLmhzZm9ybXMubmV0JTJGZm9ybXMlMkZlbWJlZCUyRnYyLmpzJTIyJTNFJTNDJTJGc2NyaXB0JTNFJTBBJTNDc2NyaXB0JTNFJTBBJTIwJTIwaGJzcHQuZm9ybXMuY3JlYXRlJTI4JTdCJTBBJTIwJTIwJTIwJTIwcG9ydGFsSWQlM0ElMjAlMjIxNDU4NTczOTMlMjIlMkMlMEElMjAlMjAlMjAlMjBmb3JtSWQlM0ElMjAlMjIzMmI2MjQ3NS04MDJiLTQwZTAtYTk4MC05OTkwNDg1ZTc4OTclMjIlMkMlMEElMjAlMjAlMjAlMjByZWdpb24lM0ElMjAlMjJldTElMjIlMEElMjAlMjAlN0QlMjklM0IlMEElM0MlMkZzY3JpcHQlM0U=[\/vc_raw_html][\/vc_column_inner][\/vc_row_inner][\/vc_column][\/vc_row][vc_row][vc_column][vc_empty_space height=&#8221;15px&#8221;][\/vc_column][\/vc_row]<\/p>\n","protected":false},"excerpt":{"rendered":"<p>[vc_row css=&#8221;.vc_custom_1614253351273{margin-top: 10px !important;}&#8221;][vc_column][vc_column_text css=&#8221;.vc_custom_1772536368201{padding-bottom: 10px !important;}&#8221;] Protecci\u00f3n invisible. Rendimiento visible. [\/vc_column_text][vc_row_inner ts_responsive_css=&#8221;19871622|colbreak_no|||||100px||||colbreak_no|||||||||colbreak_no||||||||||colbreak_no|||||||||&#8221;][vc_column_inner width=&#8221;1\/2&#8243;][vc_single_image image=&#8221;20746&#8243; img_size=&#8221;full&#8221;][vc_column_text]Barrion es el aditivo inteligente que prolonga la vida \u00fatil del cable en condiciones exigentes. Descarga el cat\u00e1logo para ver c\u00f3mo funciona. \u00bfDeterioro prematuro de las cubiertas del cable? Un efecto barrera invisible protege la cubierta sin afectar las propiedades &hellip; <a href=\"https:\/\/deltatecnic.com\/es\/barrion\/\" class=\"more-link\" title=\"Continue reading <span class=\"screen-reader-text\">Protecci\u00f3n invisible. Rendimiento visible.<\/span>&#8220;>Continue reading <span class=\"screen-reader-text\">Protecci\u00f3n invisible. Rendimiento visible.<\/span><\/a><\/p>\n","protected":false},"author":61,"featured_media":0,"parent":0,"menu_order":0,"comment_status":"closed","ping_status":"closed","template":"","meta":{"content-type":"","footnotes":""},"class_list":["post-21370","page","type-page","status-publish","hentry"],"yoast_head":"<!-- This site is optimized with the Yoast SEO plugin v27.1.1 - https:\/\/yoast.com\/product\/yoast-seo-wordpress\/ -->\n<title>Cat\u00e1logo Barrion | Aditivo de protecci\u00f3n para cables<\/title>\n<meta name=\"description\" content=\"Descarga el cat\u00e1logo Barrion y descubre un aditivo de protecci\u00f3n invisible dise\u00f1ado para prolongar la vida \u00fatil de las cubiertas de cables.\" \/>\n<meta name=\"robots\" content=\"index, follow, max-snippet:-1, max-image-preview:large, max-video-preview:-1\" \/>\n<link rel=\"canonical\" href=\"https:\/\/deltatecnic.com\/es\/barrion\/\" \/>\n<meta property=\"og:locale\" content=\"es_ES\" \/>\n<meta property=\"og:type\" content=\"article\" \/>\n<meta property=\"og:title\" content=\"Cat\u00e1logo Barrion | Aditivo de protecci\u00f3n para cables\" \/>\n<meta property=\"og:description\" content=\"Descarga el cat\u00e1logo Barrion y descubre un aditivo de protecci\u00f3n invisible dise\u00f1ado para prolongar la vida \u00fatil de las cubiertas de cables.\" \/>\n<meta property=\"og:url\" content=\"https:\/\/deltatecnic.com\/es\/barrion\/\" \/>\n<meta property=\"og:site_name\" content=\"Delta Tecnic\" \/>\n<meta property=\"article:modified_time\" content=\"2026-03-11T09:33:09+00:00\" \/>\n<meta name=\"twitter:card\" content=\"summary_large_image\" \/>\n<meta name=\"twitter:label1\" content=\"Tiempo de lectura\" \/>\n\t<meta name=\"twitter:data1\" content=\"1 minuto\" \/>\n<!-- \/ Yoast SEO plugin. -->","yoast_head_json":{"title":"Cat\u00e1logo Barrion | Aditivo de protecci\u00f3n para cables","description":"Descarga el cat\u00e1logo Barrion y descubre un aditivo de protecci\u00f3n invisible dise\u00f1ado para prolongar la vida \u00fatil de las cubiertas de cables.","robots":{"index":"index","follow":"follow","max-snippet":"max-snippet:-1","max-image-preview":"max-image-preview:large","max-video-preview":"max-video-preview:-1"},"canonical":"https:\/\/deltatecnic.com\/es\/barrion\/","og_locale":"es_ES","og_type":"article","og_title":"Cat\u00e1logo Barrion | Aditivo de protecci\u00f3n para cables","og_description":"Descarga el cat\u00e1logo Barrion y descubre un aditivo de protecci\u00f3n invisible dise\u00f1ado para prolongar la vida \u00fatil de las cubiertas de cables.","og_url":"https:\/\/deltatecnic.com\/es\/barrion\/","og_site_name":"Delta Tecnic","article_modified_time":"2026-03-11T09:33:09+00:00","twitter_card":"summary_large_image","twitter_misc":{"Tiempo de lectura":"1 minuto"},"schema":{"@context":"https:\/\/schema.org","@graph":[{"@type":"WebPage","@id":"https:\/\/deltatecnic.com\/es\/barrion\/","url":"https:\/\/deltatecnic.com\/es\/barrion\/","name":"Cat\u00e1logo Barrion | Aditivo de protecci\u00f3n para cables","isPartOf":{"@id":"https:\/\/deltatecnic.com\/es\/#website"},"datePublished":"2026-02-02T08:58:52+00:00","dateModified":"2026-03-11T09:33:09+00:00","description":"Descarga el cat\u00e1logo Barrion y descubre un aditivo de protecci\u00f3n invisible dise\u00f1ado para prolongar la vida \u00fatil de las cubiertas de cables.","breadcrumb":{"@id":"https:\/\/deltatecnic.com\/es\/barrion\/#breadcrumb"},"inLanguage":"es","potentialAction":[{"@type":"ReadAction","target":["https:\/\/deltatecnic.com\/es\/barrion\/"]}]},{"@type":"BreadcrumbList","@id":"https:\/\/deltatecnic.com\/es\/barrion\/#breadcrumb","itemListElement":[{"@type":"ListItem","position":1,"name":"Inici","item":"https:\/\/deltatecnic.com\/es\/"},{"@type":"ListItem","position":2,"name":"Protecci\u00f3n invisible. Rendimiento visible."}]},{"@type":"WebSite","@id":"https:\/\/deltatecnic.com\/es\/#website","url":"https:\/\/deltatecnic.com\/es\/","name":"Delta Tecnic","description":"Bringing colour to life","potentialAction":[{"@type":"SearchAction","target":{"@type":"EntryPoint","urlTemplate":"https:\/\/deltatecnic.com\/es\/?s={search_term_string}"},"query-input":{"@type":"PropertyValueSpecification","valueRequired":true,"valueName":"search_term_string"}}],"inLanguage":"es"}]}},"_links":{"self":[{"href":"https:\/\/deltatecnic.com\/es\/wp-json\/wp\/v2\/pages\/21370","targetHints":{"allow":["GET"]}}],"collection":[{"href":"https:\/\/deltatecnic.com\/es\/wp-json\/wp\/v2\/pages"}],"about":[{"href":"https:\/\/deltatecnic.com\/es\/wp-json\/wp\/v2\/types\/page"}],"author":[{"embeddable":true,"href":"https:\/\/deltatecnic.com\/es\/wp-json\/wp\/v2\/users\/61"}],"replies":[{"embeddable":true,"href":"https:\/\/deltatecnic.com\/es\/wp-json\/wp\/v2\/comments?post=21370"}],"version-history":[{"count":3,"href":"https:\/\/deltatecnic.com\/es\/wp-json\/wp\/v2\/pages\/21370\/revisions"}],"predecessor-version":[{"id":21389,"href":"https:\/\/deltatecnic.com\/es\/wp-json\/wp\/v2\/pages\/21370\/revisions\/21389"}],"wp:attachment":[{"href":"https:\/\/deltatecnic.com\/es\/wp-json\/wp\/v2\/media?parent=21370"}],"curies":[{"name":"wp","href":"https:\/\/api.w.org\/{rel}","templated":true}]}}