{"id":21363,"date":"2026-02-02T09:58:03","date_gmt":"2026-02-02T08:58:03","guid":{"rendered":"https:\/\/deltatecnic.com\/conductive-pvc-compounds\/"},"modified":"2026-03-11T10:40:41","modified_gmt":"2026-03-11T09:40:41","slug":"conductive-pvc-compounds","status":"publish","type":"page","link":"https:\/\/deltatecnic.com\/es\/conductive-pvc-compounds\/","title":{"rendered":"Soluciones conductivas en las que puedes confiar."},"content":{"rendered":"<p>[vc_row css=&#8221;.vc_custom_1614253351273{margin-top: 10px !important;}&#8221;][vc_column][vc_column_text css=&#8221;.vc_custom_1772535949999{padding-bottom: 10px !important;}&#8221;]<\/p>\n<h1 style=\"font-size: 40px; line-height: 43px;\">Soluciones conductivas en las que puedes confiar.<\/h1>\n<p>[\/vc_column_text][vc_row_inner ts_responsive_css=&#8221;19871622|colbreak_no|||||100px||||colbreak_no|||||||||colbreak_no||||||||||colbreak_no|||||||||&#8221;][vc_column_inner width=&#8221;1\/2&#8243;][vc_single_image image=&#8221;20738&#8243; img_size=&#8221;full&#8221;][vc_column_text]Descarga el cat\u00e1logo con nuestros compuestos de PVC conductivos y disipativos, dise\u00f1ados para un rendimiento el\u00e9ctrico estable y duradero en aplicaciones cr\u00edticas.<\/p>\n<ul>\n<li><strong>\u00bfNecesitas disipaci\u00f3n controlada en \u00e1reas cr\u00edticas?<\/strong> Los compuestos disipativos para suelos son fiables, seguros y listos para normativa; se utilizan en hospitales, salas blancas y centros de datos.<\/li>\n<li><strong>\u00bfTe preocupa la repetibilidad y los aglomerados?<\/strong> Los sistemas de aditivos totalmente dispersos evitan aglomerados y garantizan consistencia entre lotes.<\/li>\n<li><strong>\u00bfNecesitas apantallamiento EMI sin renunciar al color?<\/strong> Los compuestos basados en fibra met\u00e1lica ofrecen alta conductividad con flexibilidad de color y son ideales para moldeo por inyecci\u00f3n.<\/li>\n<\/ul>\n<p><strong>La descarga incluye:<\/strong> Cat\u00e1logo digital (PDF) con tecnolog\u00edas, aplicaciones y datos de referencia.[\/vc_column_text][\/vc_column_inner][vc_column_inner width=&#8221;1\/2&#8243;][vc_column_text css=&#8221;.vc_custom_1772618074234{padding-bottom: 10px !important;}&#8221;]<\/p>\n<p style=\"font-size: 25px; line-height: 30px;\">Completa el formulario para descargar el cat\u00e1logo digital y explorar nuestras soluciones en detalle.<\/p>\n<p>[\/vc_column_text][vc_raw_html]JTNDc2NyaXB0JTIwY2hhcnNldCUzRCUyMnV0Zi04JTIyJTIwdHlwZSUzRCUyMnRleHQlMkZqYXZhc2NyaXB0JTIyJTIwc3JjJTNEJTIyJTJGJTJGanMtZXUxLmhzZm9ybXMubmV0JTJGZm9ybXMlMkZlbWJlZCUyRnYyLmpzJTIyJTNFJTNDJTJGc2NyaXB0JTNFJTBBJTNDc2NyaXB0JTNFJTBBJTIwJTIwaGJzcHQuZm9ybXMuY3JlYXRlJTI4JTdCJTBBJTIwJTIwJTIwJTIwcG9ydGFsSWQlM0ElMjAlMjIxNDU4NTczOTMlMjIlMkMlMEElMjAlMjAlMjAlMjBmb3JtSWQlM0ElMjAlMjIwNTYxNjk3ZS04Njk2LTRiZGUtYmRlOC1iNzI5N2FhMTAyNWUlMjIlMkMlMEElMjAlMjAlMjAlMjByZWdpb24lM0ElMjAlMjJldTElMjIlMEElMjAlMjAlN0QlMjklM0IlMEElM0MlMkZzY3JpcHQlM0U=[\/vc_raw_html][\/vc_column_inner][\/vc_row_inner][\/vc_column][\/vc_row][vc_row][vc_column][vc_empty_space height=&#8221;15px&#8221;][\/vc_column][\/vc_row]<\/p>\n","protected":false},"excerpt":{"rendered":"<p>[vc_row css=&#8221;.vc_custom_1614253351273{margin-top: 10px !important;}&#8221;][vc_column][vc_column_text css=&#8221;.vc_custom_1772535949999{padding-bottom: 10px !important;}&#8221;] Soluciones conductivas en las que puedes confiar. [\/vc_column_text][vc_row_inner ts_responsive_css=&#8221;19871622|colbreak_no|||||100px||||colbreak_no|||||||||colbreak_no||||||||||colbreak_no|||||||||&#8221;][vc_column_inner width=&#8221;1\/2&#8243;][vc_single_image image=&#8221;20738&#8243; img_size=&#8221;full&#8221;][vc_column_text]Descarga el cat\u00e1logo con nuestros compuestos de PVC conductivos y disipativos, dise\u00f1ados para un rendimiento el\u00e9ctrico estable y duradero en aplicaciones cr\u00edticas. \u00bfNecesitas disipaci\u00f3n controlada en \u00e1reas cr\u00edticas? Los compuestos disipativos para suelos son fiables, seguros y &hellip; <a href=\"https:\/\/deltatecnic.com\/es\/conductive-pvc-compounds\/\" class=\"more-link\" title=\"Continue reading <span class=\"screen-reader-text\">Soluciones conductivas en las que puedes confiar.<\/span>&#8220;>Continue reading <span class=\"screen-reader-text\">Soluciones conductivas en las que puedes confiar.<\/span><\/a><\/p>\n","protected":false},"author":61,"featured_media":0,"parent":0,"menu_order":0,"comment_status":"closed","ping_status":"closed","template":"","meta":{"content-type":"","footnotes":""},"class_list":["post-21363","page","type-page","status-publish","hentry"],"yoast_head":"<!-- This site is optimized with the Yoast SEO plugin v27.1.1 - https:\/\/yoast.com\/product\/yoast-seo-wordpress\/ -->\n<title>Cat\u00e1logo de Compuestos Conductores de PVC | Deltatecnic<\/title>\n<meta name=\"description\" content=\"Cat\u00e1logo de Compuestos Conductores de PVC con soluciones para disipaci\u00f3n, apantallamiento EMI y aplicaciones industriales cr\u00edticas\" \/>\n<meta name=\"robots\" content=\"index, follow, max-snippet:-1, max-image-preview:large, max-video-preview:-1\" \/>\n<link rel=\"canonical\" href=\"https:\/\/deltatecnic.com\/es\/conductive-pvc-compounds\/\" \/>\n<meta property=\"og:locale\" content=\"es_ES\" \/>\n<meta property=\"og:type\" content=\"article\" \/>\n<meta property=\"og:title\" content=\"Cat\u00e1logo de Compuestos Conductores de PVC | Deltatecnic\" \/>\n<meta property=\"og:description\" content=\"Cat\u00e1logo de Compuestos Conductores de PVC con soluciones para disipaci\u00f3n, apantallamiento EMI y aplicaciones industriales cr\u00edticas\" \/>\n<meta property=\"og:url\" content=\"https:\/\/deltatecnic.com\/es\/conductive-pvc-compounds\/\" \/>\n<meta property=\"og:site_name\" content=\"Delta Tecnic\" \/>\n<meta property=\"article:modified_time\" content=\"2026-03-11T09:40:41+00:00\" \/>\n<meta name=\"twitter:card\" content=\"summary_large_image\" \/>\n<meta name=\"twitter:label1\" content=\"Tiempo de lectura\" \/>\n\t<meta name=\"twitter:data1\" content=\"1 minuto\" \/>\n<!-- \/ Yoast SEO plugin. -->","yoast_head_json":{"title":"Cat\u00e1logo de Compuestos Conductores de PVC | Deltatecnic","description":"Cat\u00e1logo de Compuestos Conductores de PVC con soluciones para disipaci\u00f3n, apantallamiento EMI y aplicaciones industriales cr\u00edticas","robots":{"index":"index","follow":"follow","max-snippet":"max-snippet:-1","max-image-preview":"max-image-preview:large","max-video-preview":"max-video-preview:-1"},"canonical":"https:\/\/deltatecnic.com\/es\/conductive-pvc-compounds\/","og_locale":"es_ES","og_type":"article","og_title":"Cat\u00e1logo de Compuestos Conductores de PVC | Deltatecnic","og_description":"Cat\u00e1logo de Compuestos Conductores de PVC con soluciones para disipaci\u00f3n, apantallamiento EMI y aplicaciones industriales cr\u00edticas","og_url":"https:\/\/deltatecnic.com\/es\/conductive-pvc-compounds\/","og_site_name":"Delta Tecnic","article_modified_time":"2026-03-11T09:40:41+00:00","twitter_card":"summary_large_image","twitter_misc":{"Tiempo de lectura":"1 minuto"},"schema":{"@context":"https:\/\/schema.org","@graph":[{"@type":"WebPage","@id":"https:\/\/deltatecnic.com\/es\/conductive-pvc-compounds\/","url":"https:\/\/deltatecnic.com\/es\/conductive-pvc-compounds\/","name":"Cat\u00e1logo de Compuestos Conductores de PVC | Deltatecnic","isPartOf":{"@id":"https:\/\/deltatecnic.com\/es\/#website"},"datePublished":"2026-02-02T08:58:03+00:00","dateModified":"2026-03-11T09:40:41+00:00","description":"Cat\u00e1logo de Compuestos Conductores de PVC con soluciones para disipaci\u00f3n, apantallamiento EMI y aplicaciones industriales cr\u00edticas","breadcrumb":{"@id":"https:\/\/deltatecnic.com\/es\/conductive-pvc-compounds\/#breadcrumb"},"inLanguage":"es","potentialAction":[{"@type":"ReadAction","target":["https:\/\/deltatecnic.com\/es\/conductive-pvc-compounds\/"]}]},{"@type":"BreadcrumbList","@id":"https:\/\/deltatecnic.com\/es\/conductive-pvc-compounds\/#breadcrumb","itemListElement":[{"@type":"ListItem","position":1,"name":"Inici","item":"https:\/\/deltatecnic.com\/es\/"},{"@type":"ListItem","position":2,"name":"Soluciones conductivas en las que puedes confiar."}]},{"@type":"WebSite","@id":"https:\/\/deltatecnic.com\/es\/#website","url":"https:\/\/deltatecnic.com\/es\/","name":"Delta Tecnic","description":"Bringing colour to life","potentialAction":[{"@type":"SearchAction","target":{"@type":"EntryPoint","urlTemplate":"https:\/\/deltatecnic.com\/es\/?s={search_term_string}"},"query-input":{"@type":"PropertyValueSpecification","valueRequired":true,"valueName":"search_term_string"}}],"inLanguage":"es"}]}},"_links":{"self":[{"href":"https:\/\/deltatecnic.com\/es\/wp-json\/wp\/v2\/pages\/21363","targetHints":{"allow":["GET"]}}],"collection":[{"href":"https:\/\/deltatecnic.com\/es\/wp-json\/wp\/v2\/pages"}],"about":[{"href":"https:\/\/deltatecnic.com\/es\/wp-json\/wp\/v2\/types\/page"}],"author":[{"embeddable":true,"href":"https:\/\/deltatecnic.com\/es\/wp-json\/wp\/v2\/users\/61"}],"replies":[{"embeddable":true,"href":"https:\/\/deltatecnic.com\/es\/wp-json\/wp\/v2\/comments?post=21363"}],"version-history":[{"count":4,"href":"https:\/\/deltatecnic.com\/es\/wp-json\/wp\/v2\/pages\/21363\/revisions"}],"predecessor-version":[{"id":21739,"href":"https:\/\/deltatecnic.com\/es\/wp-json\/wp\/v2\/pages\/21363\/revisions\/21739"}],"wp:attachment":[{"href":"https:\/\/deltatecnic.com\/es\/wp-json\/wp\/v2\/media?parent=21363"}],"curies":[{"name":"wp","href":"https:\/\/api.w.org\/{rel}","templated":true}]}}