{"id":21354,"date":"2026-02-06T10:38:53","date_gmt":"2026-02-06T09:38:53","guid":{"rendered":"https:\/\/deltatecnic.com\/pvc-pipe-manufacturing\/"},"modified":"2026-03-11T10:12:31","modified_gmt":"2026-03-11T09:12:31","slug":"pvc-pipe-manufacturing","status":"publish","type":"page","link":"https:\/\/deltatecnic.com\/es\/pvc-pipe-manufacturing\/","title":{"rendered":"Masterbatches de alto rendimiento para tuber\u00edas de PVC."},"content":{"rendered":"<p>[vc_row css=&#8221;.vc_custom_1614253351273{margin-top: 10px !important;}&#8221;][vc_column][vc_column_text css=&#8221;.vc_custom_1772535519493{padding-bottom: 10px !important;}&#8221;]<\/p>\n<h1 style=\"font-size: 40px; line-height: 43px;\">Masterbatches de alto rendimiento para tuber\u00edas de PVC.<\/h1>\n<p>[\/vc_column_text][vc_row_inner ts_responsive_css=&#8221;19871622|colbreak_no|||||100px||||colbreak_no|||||||||colbreak_no||||||||||colbreak_no|||||||||&#8221;][vc_column_inner width=&#8221;1\/2&#8243;][vc_single_image image=&#8221;20742&#8243; img_size=&#8221;full&#8221;][vc_column_text]Descubre c\u00f3mo reducir paradas, mejorar la consistencia del color y asegurar el cumplimiento de est\u00e1ndares exigentes.<\/p>\n<ul>\n<li><strong>\u00bfColor inconsistente entre lotes?<\/strong> El <a href=\"https:\/\/deltatecnic.com\/es\/guia-completa-del-masterbatch\/\">masterbatch<\/a> de alta reproducibilidad garantiza un color uniforme en cada metro y elimina reprocesos costosos.<\/li>\n<li><strong>\u00bfExposici\u00f3n al polvo y manipulaci\u00f3n insegura?<\/strong> El masterbatch encapsulado evita part\u00edculas de pigmento en suspensi\u00f3n para l\u00edneas m\u00e1s limpias y operaciones m\u00e1s seguras.<\/li>\n<li><strong>\u00bfDecoloraci\u00f3n o degradaci\u00f3n por intemperie?<\/strong> El masterbatch resistente a la intemperie ofrece un rendimiento duradero con excelente resistencia a la luz y al envejecimiento.<\/li>\n<\/ul>\n<p><strong>La descarga incluye:<\/strong> Cat\u00e1logo digital (PDF) con soluciones, formatos y ventajas t\u00e9cnicas.[\/vc_column_text][\/vc_column_inner][vc_column_inner width=&#8221;1\/2&#8243;][vc_column_text css=&#8221;.vc_custom_1772535486290{padding-bottom: 10px !important;}&#8221;]<\/p>\n<p style=\"font-size: 25px; line-height: 30px;\">Completa el formulario para descargar el cat\u00e1logo digital y explorar nuestras soluciones en detalle.<\/p>\n<p>[\/vc_column_text][vc_raw_html]JTNDc2NyaXB0JTIwY2hhcnNldCUzRCUyMnV0Zi04JTIyJTIwdHlwZSUzRCUyMnRleHQlMkZqYXZhc2NyaXB0JTIyJTIwc3JjJTNEJTIyJTJGJTJGanMtZXUxLmhzZm9ybXMubmV0JTJGZm9ybXMlMkZlbWJlZCUyRnYyLmpzJTIyJTNFJTNDJTJGc2NyaXB0JTNFJTBBJTNDc2NyaXB0JTNFJTBBJTIwJTIwaGJzcHQuZm9ybXMuY3JlYXRlJTI4JTdCJTBBJTIwJTIwJTIwJTIwcG9ydGFsSWQlM0ElMjAlMjIxNDU4NTczOTMlMjIlMkMlMEElMjAlMjAlMjAlMjBmb3JtSWQlM0ElMjAlMjIwMGE5ZmJhMC1iMTM5LTQyNjUtYWVkMi1lZGUwOGIyZTRjOGElMjIlMkMlMEElMjAlMjAlMjAlMjByZWdpb24lM0ElMjAlMjJldTElMjIlMEElMjAlMjAlN0QlMjklM0IlMEElM0MlMkZzY3JpcHQlM0U=[\/vc_raw_html][\/vc_column_inner][\/vc_row_inner][\/vc_column][\/vc_row][vc_row][vc_column][vc_empty_space height=&#8221;15px&#8221;][\/vc_column][\/vc_row]<\/p>\n","protected":false},"excerpt":{"rendered":"<p>[vc_row css=&#8221;.vc_custom_1614253351273{margin-top: 10px !important;}&#8221;][vc_column][vc_column_text css=&#8221;.vc_custom_1772535519493{padding-bottom: 10px !important;}&#8221;] Masterbatches de alto rendimiento para tuber\u00edas de PVC. [\/vc_column_text][vc_row_inner ts_responsive_css=&#8221;19871622|colbreak_no|||||100px||||colbreak_no|||||||||colbreak_no||||||||||colbreak_no|||||||||&#8221;][vc_column_inner width=&#8221;1\/2&#8243;][vc_single_image image=&#8221;20742&#8243; img_size=&#8221;full&#8221;][vc_column_text]Descubre c\u00f3mo reducir paradas, mejorar la consistencia del color y asegurar el cumplimiento de est\u00e1ndares exigentes. \u00bfColor inconsistente entre lotes? El masterbatch de alta reproducibilidad garantiza un color uniforme en cada metro y elimina reprocesos costosos. &hellip; <a href=\"https:\/\/deltatecnic.com\/es\/pvc-pipe-manufacturing\/\" class=\"more-link\" title=\"Continue reading <span class=\"screen-reader-text\">Masterbatches de alto rendimiento para tuber\u00edas de PVC.<\/span>&#8220;>Continue reading <span class=\"screen-reader-text\">Masterbatches de alto rendimiento para tuber\u00edas de PVC.<\/span><\/a><\/p>\n","protected":false},"author":61,"featured_media":0,"parent":0,"menu_order":0,"comment_status":"closed","ping_status":"closed","template":"","meta":{"content-type":"","footnotes":""},"class_list":["post-21354","page","type-page","status-publish","hentry"],"yoast_head":"<!-- This site is optimized with the Yoast SEO plugin v27.1.1 - https:\/\/yoast.com\/product\/yoast-seo-wordpress\/ -->\n<title>Cat\u00e1logo de Masterbatch para Tuber\u00edas de PVC | Deltatecnic<\/title>\n<meta name=\"description\" content=\"Cat\u00e1logo de Masterbatch para Tuber\u00edas de PVC con soluciones de color. Garantizamos consistencia, durabilidad y rendimiento\" \/>\n<meta name=\"robots\" content=\"index, follow, max-snippet:-1, max-image-preview:large, max-video-preview:-1\" \/>\n<link rel=\"canonical\" href=\"https:\/\/deltatecnic.com\/es\/pvc-pipe-manufacturing\/\" \/>\n<meta property=\"og:locale\" content=\"es_ES\" \/>\n<meta property=\"og:type\" content=\"article\" \/>\n<meta property=\"og:title\" content=\"Cat\u00e1logo de Masterbatch para Tuber\u00edas de PVC | Deltatecnic\" \/>\n<meta property=\"og:description\" content=\"Cat\u00e1logo de Masterbatch para Tuber\u00edas de PVC con soluciones de color. Garantizamos consistencia, durabilidad y rendimiento\" \/>\n<meta property=\"og:url\" content=\"https:\/\/deltatecnic.com\/es\/pvc-pipe-manufacturing\/\" \/>\n<meta property=\"og:site_name\" content=\"Delta Tecnic\" \/>\n<meta property=\"article:modified_time\" content=\"2026-03-11T09:12:31+00:00\" \/>\n<meta name=\"twitter:card\" content=\"summary_large_image\" \/>\n<meta name=\"twitter:label1\" content=\"Tiempo de lectura\" \/>\n\t<meta name=\"twitter:data1\" content=\"1 minuto\" \/>\n<!-- \/ Yoast SEO plugin. -->","yoast_head_json":{"title":"Cat\u00e1logo de Masterbatch para Tuber\u00edas de PVC | Deltatecnic","description":"Cat\u00e1logo de Masterbatch para Tuber\u00edas de PVC con soluciones de color. Garantizamos consistencia, durabilidad y rendimiento","robots":{"index":"index","follow":"follow","max-snippet":"max-snippet:-1","max-image-preview":"max-image-preview:large","max-video-preview":"max-video-preview:-1"},"canonical":"https:\/\/deltatecnic.com\/es\/pvc-pipe-manufacturing\/","og_locale":"es_ES","og_type":"article","og_title":"Cat\u00e1logo de Masterbatch para Tuber\u00edas de PVC | Deltatecnic","og_description":"Cat\u00e1logo de Masterbatch para Tuber\u00edas de PVC con soluciones de color. Garantizamos consistencia, durabilidad y rendimiento","og_url":"https:\/\/deltatecnic.com\/es\/pvc-pipe-manufacturing\/","og_site_name":"Delta Tecnic","article_modified_time":"2026-03-11T09:12:31+00:00","twitter_card":"summary_large_image","twitter_misc":{"Tiempo de lectura":"1 minuto"},"schema":{"@context":"https:\/\/schema.org","@graph":[{"@type":"WebPage","@id":"https:\/\/deltatecnic.com\/es\/pvc-pipe-manufacturing\/","url":"https:\/\/deltatecnic.com\/es\/pvc-pipe-manufacturing\/","name":"Cat\u00e1logo de Masterbatch para Tuber\u00edas de PVC | Deltatecnic","isPartOf":{"@id":"https:\/\/deltatecnic.com\/es\/#website"},"datePublished":"2026-02-06T09:38:53+00:00","dateModified":"2026-03-11T09:12:31+00:00","description":"Cat\u00e1logo de Masterbatch para Tuber\u00edas de PVC con soluciones de color. Garantizamos consistencia, durabilidad y rendimiento","breadcrumb":{"@id":"https:\/\/deltatecnic.com\/es\/pvc-pipe-manufacturing\/#breadcrumb"},"inLanguage":"es","potentialAction":[{"@type":"ReadAction","target":["https:\/\/deltatecnic.com\/es\/pvc-pipe-manufacturing\/"]}]},{"@type":"BreadcrumbList","@id":"https:\/\/deltatecnic.com\/es\/pvc-pipe-manufacturing\/#breadcrumb","itemListElement":[{"@type":"ListItem","position":1,"name":"Inici","item":"https:\/\/deltatecnic.com\/es\/"},{"@type":"ListItem","position":2,"name":"Masterbatches de alto rendimiento para tuber\u00edas de PVC."}]},{"@type":"WebSite","@id":"https:\/\/deltatecnic.com\/es\/#website","url":"https:\/\/deltatecnic.com\/es\/","name":"Delta Tecnic","description":"Bringing colour to life","potentialAction":[{"@type":"SearchAction","target":{"@type":"EntryPoint","urlTemplate":"https:\/\/deltatecnic.com\/es\/?s={search_term_string}"},"query-input":{"@type":"PropertyValueSpecification","valueRequired":true,"valueName":"search_term_string"}}],"inLanguage":"es"}]}},"_links":{"self":[{"href":"https:\/\/deltatecnic.com\/es\/wp-json\/wp\/v2\/pages\/21354","targetHints":{"allow":["GET"]}}],"collection":[{"href":"https:\/\/deltatecnic.com\/es\/wp-json\/wp\/v2\/pages"}],"about":[{"href":"https:\/\/deltatecnic.com\/es\/wp-json\/wp\/v2\/types\/page"}],"author":[{"embeddable":true,"href":"https:\/\/deltatecnic.com\/es\/wp-json\/wp\/v2\/users\/61"}],"replies":[{"embeddable":true,"href":"https:\/\/deltatecnic.com\/es\/wp-json\/wp\/v2\/comments?post=21354"}],"version-history":[{"count":4,"href":"https:\/\/deltatecnic.com\/es\/wp-json\/wp\/v2\/pages\/21354\/revisions"}],"predecessor-version":[{"id":21810,"href":"https:\/\/deltatecnic.com\/es\/wp-json\/wp\/v2\/pages\/21354\/revisions\/21810"}],"wp:attachment":[{"href":"https:\/\/deltatecnic.com\/es\/wp-json\/wp\/v2\/media?parent=21354"}],"curies":[{"name":"wp","href":"https:\/\/api.w.org\/{rel}","templated":true}]}}