{"id":21347,"date":"2026-02-06T10:39:44","date_gmt":"2026-02-06T09:39:44","guid":{"rendered":"https:\/\/deltatecnic.com\/window-profile\/"},"modified":"2026-03-11T09:44:04","modified_gmt":"2026-03-11T08:44:04","slug":"window-profile","status":"publish","type":"page","link":"https:\/\/deltatecnic.com\/es\/window-profile\/","title":{"rendered":"Durabilidad y conformidad integradas en cada perfil."},"content":{"rendered":"<p>[vc_row css=&#8221;.vc_custom_1614253351273{margin-top: 10px !important;}&#8221;][vc_column][vc_column_text css=&#8221;.vc_custom_1770025311280{padding-bottom: 10px !important;}&#8221;]<\/p>\n<h1 style=\"font-size: 40px; line-height: 43px;\">Durabilidad y conformidad integradas en cada perfil.<\/h1>\n<p>[\/vc_column_text][vc_row_inner ts_responsive_css=&#8221;19871622|colbreak_no|||||100px||||colbreak_no|||||||||colbreak_no||||||||||colbreak_no|||||||||&#8221;][vc_column_inner width=&#8221;1\/2&#8243;][vc_single_image image=&#8221;20734&#8243; img_size=&#8221;full&#8221;][vc_column_text]Descarga el cat\u00e1logo con soluciones de <a href=\"https:\/\/deltatecnic.com\/es\/guia-completa-del-masterbatch\/\">masterbatch<\/a> para un color estable, conformidad CSTB y resistencia en exterior, incluso con PVC reciclado.<\/p>\n<ul>\n<li><strong>\u00bfInconsistencias de color con n\u00facleos reciclados? <\/strong> Los toner batches corrigen los valores L a b* para resultados impecables.<\/li>\n<li><strong>\u00bfNo cumples los requisitos de exterior\/CSTB? <\/strong> Sistemas de pigmentos certificados con excelente resistencia a los UV y a la humedad para lograr conformidad CSTB.<\/li>\n<li><strong>\u00bfCostes altos al cambiar de tonalidad? <\/strong> Los SSP y toner batches permiten eficiencia en lotes peque\u00f1os, menor coste y transiciones m\u00e1s r\u00e1pidas.<\/li>\n<\/ul>\n<p>La descarga incluye: Cat\u00e1logo digital (PDF) con tonalidades, certificaciones y referencias t\u00e9cnicas.[\/vc_column_text][\/vc_column_inner][vc_column_inner width=&#8221;1\/2&#8243;][vc_column_text css=&#8221;.vc_custom_1769762237168{padding-bottom: 10px !important;}&#8221;]<\/p>\n<p style=\"font-size: 25px; line-height: 30px;\">Completa el formulario para descargar el cat\u00e1logo digital y explorar nuestras soluciones en detalle.<\/p>\n<p>[\/vc_column_text][vc_raw_html]PHNjcmlwdCBjaGFyc2V0PSJ1dGYtOCIgdHlwZT0idGV4dC9qYXZhc2NyaXB0IiBzcmM9Ii8vanMtZXUxLmhzZm9ybXMubmV0L2Zvcm1zL2VtYmVkL3YyLmpzIj48L3NjcmlwdD48c2NyaXB0Pmhic3B0LmZvcm1zLmNyZWF0ZSh7CiAgICBwb3J0YWxJZDogIjE0NTg1NzM5MyIsCiAgICBmb3JtSWQ6ICIyNWYyMzgyYy01YTkyLTQwNTAtOWI4OC01ZDBkYTBkYjgzOTgiLAogICAgcmVnaW9uOiAiZXUxIgogIH0pOwo8L3NjcmlwdD4=[\/vc_raw_html][\/vc_column_inner][\/vc_row_inner][\/vc_column][\/vc_row][vc_row][vc_column][vc_empty_space height=&#8221;15px&#8221;][\/vc_column][\/vc_row]<\/p>\n","protected":false},"excerpt":{"rendered":"<p>[vc_row css=&#8221;.vc_custom_1614253351273{margin-top: 10px !important;}&#8221;][vc_column][vc_column_text css=&#8221;.vc_custom_1770025311280{padding-bottom: 10px !important;}&#8221;] Durabilidad y conformidad integradas en cada perfil. [\/vc_column_text][vc_row_inner ts_responsive_css=&#8221;19871622|colbreak_no|||||100px||||colbreak_no|||||||||colbreak_no||||||||||colbreak_no|||||||||&#8221;][vc_column_inner width=&#8221;1\/2&#8243;][vc_single_image image=&#8221;20734&#8243; img_size=&#8221;full&#8221;][vc_column_text]Descarga el cat\u00e1logo con soluciones de masterbatch para un color estable, conformidad CSTB y resistencia en exterior, incluso con PVC reciclado. \u00bfInconsistencias de color con n\u00facleos reciclados? Los toner batches corrigen los valores L a b* para &hellip; <a href=\"https:\/\/deltatecnic.com\/es\/window-profile\/\" class=\"more-link\" title=\"Continue reading <span class=\"screen-reader-text\">Durabilidad y conformidad integradas en cada perfil.<\/span>&#8220;>Continue reading <span class=\"screen-reader-text\">Durabilidad y conformidad integradas en cada perfil.<\/span><\/a><\/p>\n","protected":false},"author":61,"featured_media":0,"parent":0,"menu_order":0,"comment_status":"closed","ping_status":"closed","template":"","meta":{"content-type":"","footnotes":""},"class_list":["post-21347","page","type-page","status-publish","hentry"],"yoast_head":"<!-- This site is optimized with the Yoast SEO plugin v27.1.1 - https:\/\/yoast.com\/product\/yoast-seo-wordpress\/ -->\n<title>Cat\u00e1logo de Perfiles de Ventana | Masterbatch Deltatecnic<\/title>\n<meta name=\"description\" content=\"Descargue el cat\u00e1logo de perfiles de ventana con soluciones masterbatch para un color estable, durabilidad y cumplimiento de la normativa CSTB.\" \/>\n<meta name=\"robots\" content=\"index, follow, max-snippet:-1, max-image-preview:large, max-video-preview:-1\" \/>\n<link rel=\"canonical\" href=\"https:\/\/deltatecnic.com\/es\/window-profile\/\" \/>\n<meta property=\"og:locale\" content=\"es_ES\" \/>\n<meta property=\"og:type\" content=\"article\" \/>\n<meta property=\"og:title\" content=\"Cat\u00e1logo de Perfiles de Ventana | Masterbatch Deltatecnic\" \/>\n<meta property=\"og:description\" content=\"Descargue el cat\u00e1logo de perfiles de ventana con soluciones masterbatch para un color estable, durabilidad y cumplimiento de la normativa CSTB.\" \/>\n<meta property=\"og:url\" content=\"https:\/\/deltatecnic.com\/es\/window-profile\/\" \/>\n<meta property=\"og:site_name\" content=\"Delta Tecnic\" \/>\n<meta property=\"article:modified_time\" content=\"2026-03-11T08:44:04+00:00\" \/>\n<meta name=\"twitter:card\" content=\"summary_large_image\" \/>\n<meta name=\"twitter:label1\" content=\"Tiempo de lectura\" \/>\n\t<meta name=\"twitter:data1\" content=\"1 minuto\" \/>\n<!-- \/ Yoast SEO plugin. -->","yoast_head_json":{"title":"Cat\u00e1logo de Perfiles de Ventana | Masterbatch Deltatecnic","description":"Descargue el cat\u00e1logo de perfiles de ventana con soluciones masterbatch para un color estable, durabilidad y cumplimiento de la normativa CSTB.","robots":{"index":"index","follow":"follow","max-snippet":"max-snippet:-1","max-image-preview":"max-image-preview:large","max-video-preview":"max-video-preview:-1"},"canonical":"https:\/\/deltatecnic.com\/es\/window-profile\/","og_locale":"es_ES","og_type":"article","og_title":"Cat\u00e1logo de Perfiles de Ventana | Masterbatch Deltatecnic","og_description":"Descargue el cat\u00e1logo de perfiles de ventana con soluciones masterbatch para un color estable, durabilidad y cumplimiento de la normativa CSTB.","og_url":"https:\/\/deltatecnic.com\/es\/window-profile\/","og_site_name":"Delta Tecnic","article_modified_time":"2026-03-11T08:44:04+00:00","twitter_card":"summary_large_image","twitter_misc":{"Tiempo de lectura":"1 minuto"},"schema":{"@context":"https:\/\/schema.org","@graph":[{"@type":"WebPage","@id":"https:\/\/deltatecnic.com\/es\/window-profile\/","url":"https:\/\/deltatecnic.com\/es\/window-profile\/","name":"Cat\u00e1logo de Perfiles de Ventana | Masterbatch Deltatecnic","isPartOf":{"@id":"https:\/\/deltatecnic.com\/es\/#website"},"datePublished":"2026-02-06T09:39:44+00:00","dateModified":"2026-03-11T08:44:04+00:00","description":"Descargue el cat\u00e1logo de perfiles de ventana con soluciones masterbatch para un color estable, durabilidad y cumplimiento de la normativa CSTB.","breadcrumb":{"@id":"https:\/\/deltatecnic.com\/es\/window-profile\/#breadcrumb"},"inLanguage":"es","potentialAction":[{"@type":"ReadAction","target":["https:\/\/deltatecnic.com\/es\/window-profile\/"]}]},{"@type":"BreadcrumbList","@id":"https:\/\/deltatecnic.com\/es\/window-profile\/#breadcrumb","itemListElement":[{"@type":"ListItem","position":1,"name":"Inici","item":"https:\/\/deltatecnic.com\/es\/"},{"@type":"ListItem","position":2,"name":"Durabilidad y conformidad integradas en cada perfil."}]},{"@type":"WebSite","@id":"https:\/\/deltatecnic.com\/es\/#website","url":"https:\/\/deltatecnic.com\/es\/","name":"Delta Tecnic","description":"Bringing colour to life","potentialAction":[{"@type":"SearchAction","target":{"@type":"EntryPoint","urlTemplate":"https:\/\/deltatecnic.com\/es\/?s={search_term_string}"},"query-input":{"@type":"PropertyValueSpecification","valueRequired":true,"valueName":"search_term_string"}}],"inLanguage":"es"}]}},"_links":{"self":[{"href":"https:\/\/deltatecnic.com\/es\/wp-json\/wp\/v2\/pages\/21347","targetHints":{"allow":["GET"]}}],"collection":[{"href":"https:\/\/deltatecnic.com\/es\/wp-json\/wp\/v2\/pages"}],"about":[{"href":"https:\/\/deltatecnic.com\/es\/wp-json\/wp\/v2\/types\/page"}],"author":[{"embeddable":true,"href":"https:\/\/deltatecnic.com\/es\/wp-json\/wp\/v2\/users\/61"}],"replies":[{"embeddable":true,"href":"https:\/\/deltatecnic.com\/es\/wp-json\/wp\/v2\/comments?post=21347"}],"version-history":[{"count":5,"href":"https:\/\/deltatecnic.com\/es\/wp-json\/wp\/v2\/pages\/21347\/revisions"}],"predecessor-version":[{"id":21519,"href":"https:\/\/deltatecnic.com\/es\/wp-json\/wp\/v2\/pages\/21347\/revisions\/21519"}],"wp:attachment":[{"href":"https:\/\/deltatecnic.com\/es\/wp-json\/wp\/v2\/media?parent=21347"}],"curies":[{"name":"wp","href":"https:\/\/api.w.org\/{rel}","templated":true}]}}