{"id":21333,"date":"2026-02-02T10:00:49","date_gmt":"2026-02-02T09:00:49","guid":{"rendered":"https:\/\/deltatecnic.com\/pvc-industry\/"},"modified":"2026-03-11T10:18:14","modified_gmt":"2026-03-11T09:18:14","slug":"pvc-industry","status":"publish","type":"page","link":"https:\/\/deltatecnic.com\/es\/pvc-industry\/","title":{"rendered":"Color dise\u00f1ado para cada necesidad del PVC."},"content":{"rendered":"<p>[vc_row css=&#8221;.vc_custom_1614253351273{margin-top: 10px !important;}&#8221;][vc_column][vc_column_text css=&#8221;.vc_custom_1772534446066{padding-bottom: 10px !important;}&#8221;]<\/p>\n<h1 style=\"font-size: 40px; line-height: 43px;\">Color dise\u00f1ado para cada necesidad del PVC.<\/h1>\n<p>[\/vc_column_text][vc_row_inner ts_responsive_css=&#8221;19871622|colbreak_no|||||100px||||colbreak_no|||||||||colbreak_no||||||||||colbreak_no|||||||||&#8221;][vc_column_inner width=&#8221;1\/2&#8243;][vc_single_image image=&#8221;20730&#8243; img_size=&#8221;full&#8221;][vc_column_text]Desde PVC r\u00edgido hasta flexible y reciclado, nuestros <a href=\"https:\/\/deltatecnic.com\/es\/guia-completa-del-masterbatch\/\">masterbatches<\/a> ofrecen un rendimiento de color limpio y reproducible para cualquier aplicaci\u00f3n.<\/p>\n<ul>\n<li><strong>\u00bfSobredosificaci\u00f3n y largos tiempos de limpieza?<\/strong> Las formulaciones a medida te ayudan a evitar la sobredosificaci\u00f3n y a minimizar los tiempos de limpieza.<\/li>\n<li><strong>\u00bfVariabilidad de color con PVC reciclado o virgen?<\/strong> Garantizamos consistencia de color tanto en bases recicladas como v\u00edrgenes.<\/li>\n<li><strong>\u00bfDurabilidad y resistencia inciertas?<\/strong> La selecci\u00f3n de pigmentos est\u00e1 optimizada para resistencia a la intemperie, qu\u00edmica y t\u00e9rmica.<\/li>\n<li><strong>\u00bfDiferentes tecnolog\u00edas de extrusi\u00f3n en distintas l\u00edneas?<\/strong> La compatibilidad con diversas tecnolog\u00edas de extrusi\u00f3n est\u00e1 integrada.<\/li>\n<li><strong>\u00bfNecesitas soporte con est\u00e1ndares (p. ej., CSTB)?<\/strong> Ofrecemos soporte para CSTB y otros est\u00e1ndares de conformidad.<\/li>\n<\/ul>\n<p><strong>La descarga incluye:<\/strong> Cat\u00e1logo digital (PDF) con aplicaciones de PVC, soluciones de color y referencias t\u00e9cnicas.[\/vc_column_text][\/vc_column_inner][vc_column_inner width=&#8221;1\/2&#8243;][vc_column_text css=&#8221;.vc_custom_1772534503674{padding-bottom: 10px !important;}&#8221;]<\/p>\n<p style=\"font-size: 25px; line-height: 30px;\">Completa el formulario para descargar el cat\u00e1logo digital y explorar nuestras soluciones en detalle.<\/p>\n<p>[\/vc_column_text][vc_raw_html]JTNDc2NyaXB0JTIwY2hhcnNldCUzRCUyMnV0Zi04JTIyJTIwdHlwZSUzRCUyMnRleHQlMkZqYXZhc2NyaXB0JTIyJTIwc3JjJTNEJTIyJTJGJTJGanMtZXUxLmhzZm9ybXMubmV0JTJGZm9ybXMlMkZlbWJlZCUyRnYyLmpzJTIyJTNFJTNDJTJGc2NyaXB0JTNFJTBBJTNDc2NyaXB0JTNFJTBBJTIwJTIwaGJzcHQuZm9ybXMuY3JlYXRlJTI4JTdCJTBBJTIwJTIwJTIwJTIwcG9ydGFsSWQlM0ElMjAlMjIxNDU4NTczOTMlMjIlMkMlMEElMjAlMjAlMjAlMjBmb3JtSWQlM0ElMjAlMjIyODcyMDI2Ni1hNGZiLTRiN2UtODE0NS1mYTIzMDZiYmMxZDglMjIlMkMlMEElMjAlMjAlMjAlMjByZWdpb24lM0ElMjAlMjJldTElMjIlMEElMjAlMjAlN0QlMjklM0IlMEElM0MlMkZzY3JpcHQlM0U=[\/vc_raw_html][\/vc_column_inner][\/vc_row_inner][\/vc_column][\/vc_row][vc_row][vc_column][vc_empty_space height=&#8221;15px&#8221;][\/vc_column][\/vc_row]<\/p>\n","protected":false},"excerpt":{"rendered":"<p>[vc_row css=&#8221;.vc_custom_1614253351273{margin-top: 10px !important;}&#8221;][vc_column][vc_column_text css=&#8221;.vc_custom_1772534446066{padding-bottom: 10px !important;}&#8221;] Color dise\u00f1ado para cada necesidad del PVC. [\/vc_column_text][vc_row_inner ts_responsive_css=&#8221;19871622|colbreak_no|||||100px||||colbreak_no|||||||||colbreak_no||||||||||colbreak_no|||||||||&#8221;][vc_column_inner width=&#8221;1\/2&#8243;][vc_single_image image=&#8221;20730&#8243; img_size=&#8221;full&#8221;][vc_column_text]Desde PVC r\u00edgido hasta flexible y reciclado, nuestros masterbatches ofrecen un rendimiento de color limpio y reproducible para cualquier aplicaci\u00f3n. \u00bfSobredosificaci\u00f3n y largos tiempos de limpieza? Las formulaciones a medida te ayudan a evitar la sobredosificaci\u00f3n y &hellip; <a href=\"https:\/\/deltatecnic.com\/es\/pvc-industry\/\" class=\"more-link\" title=\"Continue reading <span class=\"screen-reader-text\">Color dise\u00f1ado para cada necesidad del PVC.<\/span>&#8220;>Continue reading <span class=\"screen-reader-text\">Color dise\u00f1ado para cada necesidad del PVC.<\/span><\/a><\/p>\n","protected":false},"author":61,"featured_media":0,"parent":0,"menu_order":0,"comment_status":"closed","ping_status":"closed","template":"","meta":{"content-type":"","footnotes":""},"class_list":["post-21333","page","type-page","status-publish","hentry"],"yoast_head":"<!-- This site is optimized with the Yoast SEO plugin v27.1.1 - https:\/\/yoast.com\/product\/yoast-seo-wordpress\/ -->\n<title>Cat\u00e1logo de Masterbatch de PVC | Soluciones Deltatecnic<\/title>\n<meta name=\"description\" content=\"Descargue el cat\u00e1logo de Masterbatch de PVC y explore las soluciones de color para un rendimiento uniforme en sus aplicaciones de PVC\" \/>\n<meta name=\"robots\" content=\"index, follow, max-snippet:-1, max-image-preview:large, max-video-preview:-1\" \/>\n<link rel=\"canonical\" href=\"https:\/\/deltatecnic.com\/es\/pvc-industry\/\" \/>\n<meta property=\"og:locale\" content=\"es_ES\" \/>\n<meta property=\"og:type\" content=\"article\" \/>\n<meta property=\"og:title\" content=\"Cat\u00e1logo de Masterbatch de PVC | Soluciones Deltatecnic\" \/>\n<meta property=\"og:description\" content=\"Descargue el cat\u00e1logo de Masterbatch de PVC y explore las soluciones de color para un rendimiento uniforme en sus aplicaciones de PVC\" \/>\n<meta property=\"og:url\" content=\"https:\/\/deltatecnic.com\/es\/pvc-industry\/\" \/>\n<meta property=\"og:site_name\" content=\"Delta Tecnic\" \/>\n<meta property=\"article:modified_time\" content=\"2026-03-11T09:18:14+00:00\" \/>\n<meta name=\"twitter:card\" content=\"summary_large_image\" \/>\n<meta name=\"twitter:label1\" content=\"Tiempo de lectura\" \/>\n\t<meta name=\"twitter:data1\" content=\"1 minuto\" \/>\n<!-- \/ Yoast SEO plugin. -->","yoast_head_json":{"title":"Cat\u00e1logo de Masterbatch de PVC | Soluciones Deltatecnic","description":"Descargue el cat\u00e1logo de Masterbatch de PVC y explore las soluciones de color para un rendimiento uniforme en sus aplicaciones de PVC","robots":{"index":"index","follow":"follow","max-snippet":"max-snippet:-1","max-image-preview":"max-image-preview:large","max-video-preview":"max-video-preview:-1"},"canonical":"https:\/\/deltatecnic.com\/es\/pvc-industry\/","og_locale":"es_ES","og_type":"article","og_title":"Cat\u00e1logo de Masterbatch de PVC | Soluciones Deltatecnic","og_description":"Descargue el cat\u00e1logo de Masterbatch de PVC y explore las soluciones de color para un rendimiento uniforme en sus aplicaciones de PVC","og_url":"https:\/\/deltatecnic.com\/es\/pvc-industry\/","og_site_name":"Delta Tecnic","article_modified_time":"2026-03-11T09:18:14+00:00","twitter_card":"summary_large_image","twitter_misc":{"Tiempo de lectura":"1 minuto"},"schema":{"@context":"https:\/\/schema.org","@graph":[{"@type":"WebPage","@id":"https:\/\/deltatecnic.com\/es\/pvc-industry\/","url":"https:\/\/deltatecnic.com\/es\/pvc-industry\/","name":"Cat\u00e1logo de Masterbatch de PVC | Soluciones Deltatecnic","isPartOf":{"@id":"https:\/\/deltatecnic.com\/es\/#website"},"datePublished":"2026-02-02T09:00:49+00:00","dateModified":"2026-03-11T09:18:14+00:00","description":"Descargue el cat\u00e1logo de Masterbatch de PVC y explore las soluciones de color para un rendimiento uniforme en sus aplicaciones de PVC","breadcrumb":{"@id":"https:\/\/deltatecnic.com\/es\/pvc-industry\/#breadcrumb"},"inLanguage":"es","potentialAction":[{"@type":"ReadAction","target":["https:\/\/deltatecnic.com\/es\/pvc-industry\/"]}]},{"@type":"BreadcrumbList","@id":"https:\/\/deltatecnic.com\/es\/pvc-industry\/#breadcrumb","itemListElement":[{"@type":"ListItem","position":1,"name":"Inici","item":"https:\/\/deltatecnic.com\/es\/"},{"@type":"ListItem","position":2,"name":"Color dise\u00f1ado para cada necesidad del PVC."}]},{"@type":"WebSite","@id":"https:\/\/deltatecnic.com\/es\/#website","url":"https:\/\/deltatecnic.com\/es\/","name":"Delta Tecnic","description":"Bringing colour to life","potentialAction":[{"@type":"SearchAction","target":{"@type":"EntryPoint","urlTemplate":"https:\/\/deltatecnic.com\/es\/?s={search_term_string}"},"query-input":{"@type":"PropertyValueSpecification","valueRequired":true,"valueName":"search_term_string"}}],"inLanguage":"es"}]}},"_links":{"self":[{"href":"https:\/\/deltatecnic.com\/es\/wp-json\/wp\/v2\/pages\/21333","targetHints":{"allow":["GET"]}}],"collection":[{"href":"https:\/\/deltatecnic.com\/es\/wp-json\/wp\/v2\/pages"}],"about":[{"href":"https:\/\/deltatecnic.com\/es\/wp-json\/wp\/v2\/types\/page"}],"author":[{"embeddable":true,"href":"https:\/\/deltatecnic.com\/es\/wp-json\/wp\/v2\/users\/61"}],"replies":[{"embeddable":true,"href":"https:\/\/deltatecnic.com\/es\/wp-json\/wp\/v2\/comments?post=21333"}],"version-history":[{"count":3,"href":"https:\/\/deltatecnic.com\/es\/wp-json\/wp\/v2\/pages\/21333\/revisions"}],"predecessor-version":[{"id":21382,"href":"https:\/\/deltatecnic.com\/es\/wp-json\/wp\/v2\/pages\/21333\/revisions\/21382"}],"wp:attachment":[{"href":"https:\/\/deltatecnic.com\/es\/wp-json\/wp\/v2\/media?parent=21333"}],"curies":[{"name":"wp","href":"https:\/\/api.w.org\/{rel}","templated":true}]}}