{"id":17724,"date":"2025-09-19T12:56:00","date_gmt":"2025-09-19T10:56:00","guid":{"rendered":"https:\/\/deltatecnic.com\/descargas\/"},"modified":"2025-09-19T14:45:32","modified_gmt":"2025-09-19T12:45:32","slug":"descargas","status":"publish","type":"page","link":"https:\/\/deltatecnic.com\/es\/descargas\/","title":{"rendered":"Descargas"},"content":{"rendered":"<p>[vc_row][vc_column][vc_custom_heading text=&#8221;D\u00e9janos tu direcci\u00f3n de correo electr\u00f3nico para descargar el cat\u00e1logo.&#8221; font_container=&#8221;tag:h2|text_align:center&#8221; google_fonts=&#8221;font_family:Montserrat%3A100%2C100i%2C200%2C200i%2C300%2C300i%2C400%2C400i%2C500%2C500i%2C600%2C600i%2C700%2C700i%2C800%2C800i%2C900%2C900i|font_style:600%20Semi-bold%3A600%3Anormal&#8221;][vc_raw_html]PGRpdiBjbGFzcz0iZ2QtZG93bmxvYWQtZm9ybSI+CiAgW2NvbnRhY3QtZm9ybS03IGlkPSI0MTI0NGVhIiB0aXRsZT0iTGVhZCBwYXJhIENhdMOhbG9nby9XZWJpbmFycyJdCjwvZGl2Pgo=[\/vc_raw_html][vc_raw_html]PHNjcmlwdD4oZnVuY3Rpb24oKXsKICBmdW5jdGlvbiBwaWNrUGRmKGZvcm0pewogICAgY29uc29sZS5sb2coInBpY2tQZGYoKTogYnVzY2FuZG8gUERG4oCmIik7CgogICAgLy8gMSkgQ2FtcG8gb2N1bHRvIGRlbCBmb3JtdWxhcmlvCiAgICB2YXIgZiA9IGZvcm0gJiYgZm9ybS5xdWVyeVNlbGVjdG9yKCdpbnB1dFtuYW1lPSJwZGYtdXJsIl0nKTsKICAgIHZhciByYXcgPSAoZiA\/IGYudmFsdWUgOiAnJykudHJpbSgpOwogICAgY29uc29sZS5sb2coIkNhbXBvIG9jdWx0bzoiLCByYXcpOwoKICAgIC8vIDIpIFNpIG5vIGhheSwgbWlyYW1vcyBxdWVyeXN0cmluZyA\/cGRmPQogICAgaWYgKCFyYXcpIHsKICAgICAgdHJ5IHsKICAgICAgICB2YXIgdSA9IG5ldyBVUkwod2luZG93LmxvY2F0aW9uLmhyZWYpOwogICAgICAgIHJhdyA9ICh1LnNlYXJjaFBhcmFtcy5nZXQoJ3BkZicpIHx8ICcnKS50cmltKCk7CiAgICAgICAgY29uc29sZS5sb2coIlF1ZXJ5c3RyaW5nOiIsIHJhdyk7CiAgICAgIH0gY2F0Y2goZSkgewogICAgICAgIGNvbnNvbGUuZXJyb3IoIkVycm9yIGxleWVuZG8gcXVlcnlzdHJpbmciLCBlKTsKICAgICAgfQogICAgfQoKICAgIGlmICghcmF3KSByZXR1cm4gJyc7CgogICAgLy8gTm9ybWFsaXphciBhIFVSTCBhYnNvbHV0YQogICAgaWYgKHJhdy5pbmRleE9mKCdodHRwJykgIT09IDApIHsKICAgICAgaWYgKHJhdy5jaGFyQXQoMCkgIT09ICcvJykgcmF3ID0gJy8nICsgcmF3OwogICAgICByYXcgPSBsb2NhdGlvbi5vcmlnaW4gKyByYXc7CiAgICB9CiAgICBjb25zb2xlLmxvZygiUERGIG5vcm1hbGl6YWRvOiIsIHJhdyk7CiAgICByZXR1cm4gcmF3OwogIH0KCiAgZnVuY3Rpb24gZ28odXJsKXsKICAgIGNvbnNvbGUubG9nKCJJbnRlbnRhbmRvIHJlZGlyaWdpciBhOiIsIHVybCk7CiAgICBpZiAodXJsKSBsb2NhdGlvbi5ocmVmID0gdXJsOwogIH0KCiAgZG9jdW1lbnQuYWRkRXZlbnRMaXN0ZW5lcignd3BjZjdtYWlsc2VudCcsIGZ1bmN0aW9uKGUpewogICAgY29uc29sZS5sb2coIkV2ZW50byB3cGNmN21haWxzZW50IGRpc3BhcmFkbyIpOwogICAgdmFyIHBkZiA9IHBpY2tQZGYoZS50YXJnZXQpOwogICAgaWYgKCFwZGYpIHsKICAgICAgY29uc29sZS53YXJuKCJObyBzZSBlbmNvbnRyw7MgbmluZ8O6biBQREYgcGFyYSBhYnJpciIpOwogICAgICBhbGVydCgnTm8gc2UgZW5jb250csOzIGVsIGFyY2hpdm8gcGFyYSBkZXNjYXJnYXIuJyk7CiAgICAgIHJldHVybjsKICAgIH0KICAgIHNldFRpbWVvdXQoZnVuY3Rpb24oKXsKICAgICAgY29uc29sZS5sb2coIlJlZGlyaWdpZW5kbyBhbCBQREYgYWhvcmHigKYiKTsKICAgICAgZ28ocGRmKTsKICAgIH0sIDUwMCk7CiAgfSwgZmFsc2UpOwp9KSgpOwo8L3NjcmlwdD4=[\/vc_raw_html][\/vc_column][\/vc_row]<\/p>\n","protected":false},"excerpt":{"rendered":"<p>[vc_row][vc_column][vc_custom_heading text=&#8221;D\u00e9janos tu direcci\u00f3n de correo electr\u00f3nico para descargar el cat\u00e1logo.&#8221; font_container=&#8221;tag:h2|text_align:center&#8221; google_fonts=&#8221;font_family:Montserrat%3A100%2C100i%2C200%2C200i%2C300%2C300i%2C400%2C400i%2C500%2C500i%2C600%2C600i%2C700%2C700i%2C800%2C800i%2C900%2C900i|font_style:600%20Semi-bold%3A600%3Anormal&#8221;][vc_raw_html]PGRpdiBjbGFzcz0iZ2QtZG93bmxvYWQtZm9ybSI+CiAgW2NvbnRhY3QtZm9ybS03IGlkPSI0MTI0NGVhIiB0aXRsZT0iTGVhZCBwYXJhIENhdMOhbG9nby9XZWJpbmFycyJdCjwvZGl2Pgo=[\/vc_raw_html][vc_raw_html]PHNjcmlwdD4oZnVuY3Rpb24oKXsKICBmdW5jdGlvbiBwaWNrUGRmKGZvcm0pewogICAgY29uc29sZS5sb2coInBpY2tQZGYoKTogYnVzY2FuZG8gUERG4oCmIik7CgogICAgLy8gMSkgQ2FtcG8gb2N1bHRvIGRlbCBmb3JtdWxhcmlvCiAgICB2YXIgZiA9IGZvcm0gJiYgZm9ybS5xdWVyeVNlbGVjdG9yKCdpbnB1dFtuYW1lPSJwZGYtdXJsIl0nKTsKICAgIHZhciByYXcgPSAoZiA\/IGYudmFsdWUgOiAnJykudHJpbSgpOwogICAgY29uc29sZS5sb2coIkNhbXBvIG9jdWx0bzoiLCByYXcpOwoKICAgIC8vIDIpIFNpIG5vIGhheSwgbWlyYW1vcyBxdWVyeXN0cmluZyA\/cGRmPQogICAgaWYgKCFyYXcpIHsKICAgICAgdHJ5IHsKICAgICAgICB2YXIgdSA9IG5ldyBVUkwod2luZG93LmxvY2F0aW9uLmhyZWYpOwogICAgICAgIHJhdyA9ICh1LnNlYXJjaFBhcmFtcy5nZXQoJ3BkZicpIHx8ICcnKS50cmltKCk7CiAgICAgICAgY29uc29sZS5sb2coIlF1ZXJ5c3RyaW5nOiIsIHJhdyk7CiAgICAgIH0gY2F0Y2goZSkgewogICAgICAgIGNvbnNvbGUuZXJyb3IoIkVycm9yIGxleWVuZG8gcXVlcnlzdHJpbmciLCBlKTsKICAgICAgfQogICAgfQoKICAgIGlmICghcmF3KSByZXR1cm4gJyc7CgogICAgLy8gTm9ybWFsaXphciBhIFVSTCBhYnNvbHV0YQogICAgaWYgKHJhdy5pbmRleE9mKCdodHRwJykgIT09IDApIHsKICAgICAgaWYgKHJhdy5jaGFyQXQoMCkgIT09ICcvJykgcmF3ID0gJy8nICsgcmF3OwogICAgICByYXcgPSBsb2NhdGlvbi5vcmlnaW4gKyByYXc7CiAgICB9CiAgICBjb25zb2xlLmxvZygiUERGIG5vcm1hbGl6YWRvOiIsIHJhdyk7CiAgICByZXR1cm4gcmF3OwogIH0KCiAgZnVuY3Rpb24gZ28odXJsKXsKICAgIGNvbnNvbGUubG9nKCJJbnRlbnRhbmRvIHJlZGlyaWdpciBhOiIsIHVybCk7CiAgICBpZiAodXJsKSBsb2NhdGlvbi5ocmVmID0gdXJsOwogIH0KCiAgZG9jdW1lbnQuYWRkRXZlbnRMaXN0ZW5lcignd3BjZjdtYWlsc2VudCcsIGZ1bmN0aW9uKGUpewogICAgY29uc29sZS5sb2coIkV2ZW50byB3cGNmN21haWxzZW50IGRpc3BhcmFkbyIpOwogICAgdmFyIHBkZiA9IHBpY2tQZGYoZS50YXJnZXQpOwogICAgaWYgKCFwZGYpIHsKICAgICAgY29uc29sZS53YXJuKCJObyBzZSBlbmNvbnRyw7MgbmluZ8O6biBQREYgcGFyYSBhYnJpciIpOwogICAgICBhbGVydCgnTm8gc2UgZW5jb250csOzIGVsIGFyY2hpdm8gcGFyYSBkZXNjYXJnYXIuJyk7CiAgICAgIHJldHVybjsKICAgIH0KICAgIHNldFRpbWVvdXQoZnVuY3Rpb24oKXsKICAgICAgY29uc29sZS5sb2coIlJlZGlyaWdpZW5kbyBhbCBQREYgYWhvcmHigKYiKTsKICAgICAgZ28ocGRmKTsKICAgIH0sIDUwMCk7CiAgfSwgZmFsc2UpOwp9KSgpOwo8L3NjcmlwdD4=[\/vc_raw_html][\/vc_column][\/vc_row]<\/p>\n","protected":false},"author":47,"featured_media":0,"parent":0,"menu_order":0,"comment_status":"closed","ping_status":"closed","template":"","meta":{"content-type":"","footnotes":""},"class_list":["post-17724","page","type-page","status-publish","hentry"],"yoast_head":"<!-- This site is optimized with the Yoast SEO plugin v27.1.1 - https:\/\/yoast.com\/product\/yoast-seo-wordpress\/ -->\n<title>Descargas - Delta Tecnic<\/title>\n<meta name=\"robots\" content=\"index, follow, max-snippet:-1, max-image-preview:large, max-video-preview:-1\" \/>\n<link rel=\"canonical\" href=\"https:\/\/deltatecnic.com\/es\/descargas\/\" \/>\n<meta property=\"og:locale\" content=\"es_ES\" \/>\n<meta property=\"og:type\" content=\"article\" \/>\n<meta property=\"og:title\" content=\"Descargas - Delta Tecnic\" \/>\n<meta property=\"og:description\" content=\"[vc_row][vc_column][vc_custom_heading text=&#8221;D\u00e9janos tu direcci\u00f3n de correo electr\u00f3nico para descargar el cat\u00e1logo.&#8221; font_container=&#8221;tag:h2|text_align:center&#8221; google_fonts=&#8221;font_family:Montserrat%3A100%2C100i%2C200%2C200i%2C300%2C300i%2C400%2C400i%2C500%2C500i%2C600%2C600i%2C700%2C700i%2C800%2C800i%2C900%2C900i|font_style:600%20Semi-bold%3A600%3Anormal&#8221;][vc_raw_html]PGRpdiBjbGFzcz0iZ2QtZG93bmxvYWQtZm9ybSI+CiAgW2NvbnRhY3QtZm9ybS03IGlkPSI0MTI0NGVhIiB0aXRsZT0iTGVhZCBwYXJhIENhdMOhbG9nby9XZWJpbmFycyJdCjwvZGl2Pgo=[\/vc_raw_html][vc_raw_html]PHNjcmlwdD4oZnVuY3Rpb24oKXsKICBmdW5jdGlvbiBwaWNrUGRmKGZvcm0pewogICAgY29uc29sZS5sb2coInBpY2tQZGYoKTogYnVzY2FuZG8gUERG4oCmIik7CgogICAgLy8gMSkgQ2FtcG8gb2N1bHRvIGRlbCBmb3JtdWxhcmlvCiAgICB2YXIgZiA9IGZvcm0gJiYgZm9ybS5xdWVyeVNlbGVjdG9yKCdpbnB1dFtuYW1lPSJwZGYtdXJsIl0nKTsKICAgIHZhciByYXcgPSAoZiA\/IGYudmFsdWUgOiAnJykudHJpbSgpOwogICAgY29uc29sZS5sb2coIkNhbXBvIG9jdWx0bzoiLCByYXcpOwoKICAgIC8vIDIpIFNpIG5vIGhheSwgbWlyYW1vcyBxdWVyeXN0cmluZyA\/cGRmPQogICAgaWYgKCFyYXcpIHsKICAgICAgdHJ5IHsKICAgICAgICB2YXIgdSA9IG5ldyBVUkwod2luZG93LmxvY2F0aW9uLmhyZWYpOwogICAgICAgIHJhdyA9ICh1LnNlYXJjaFBhcmFtcy5nZXQoJ3BkZicpIHx8ICcnKS50cmltKCk7CiAgICAgICAgY29uc29sZS5sb2coIlF1ZXJ5c3RyaW5nOiIsIHJhdyk7CiAgICAgIH0gY2F0Y2goZSkgewogICAgICAgIGNvbnNvbGUuZXJyb3IoIkVycm9yIGxleWVuZG8gcXVlcnlzdHJpbmciLCBlKTsKICAgICAgfQogICAgfQoKICAgIGlmICghcmF3KSByZXR1cm4gJyc7CgogICAgLy8gTm9ybWFsaXphciBhIFVSTCBhYnNvbHV0YQogICAgaWYgKHJhdy5pbmRleE9mKCdodHRwJykgIT09IDApIHsKICAgICAgaWYgKHJhdy5jaGFyQXQoMCkgIT09ICcvJykgcmF3ID0gJy8nICsgcmF3OwogICAgICByYXcgPSBsb2NhdGlvbi5vcmlnaW4gKyByYXc7CiAgICB9CiAgICBjb25zb2xlLmxvZygiUERGIG5vcm1hbGl6YWRvOiIsIHJhdyk7CiAgICByZXR1cm4gcmF3OwogIH0KCiAgZnVuY3Rpb24gZ28odXJsKXsKICAgIGNvbnNvbGUubG9nKCJJbnRlbnRhbmRvIHJlZGlyaWdpciBhOiIsIHVybCk7CiAgICBpZiAodXJsKSBsb2NhdGlvbi5ocmVmID0gdXJsOwogIH0KCiAgZG9jdW1lbnQuYWRkRXZlbnRMaXN0ZW5lcignd3BjZjdtYWlsc2VudCcsIGZ1bmN0aW9uKGUpewogICAgY29uc29sZS5sb2coIkV2ZW50byB3cGNmN21haWxzZW50IGRpc3BhcmFkbyIpOwogICAgdmFyIHBkZiA9IHBpY2tQZGYoZS50YXJnZXQpOwogICAgaWYgKCFwZGYpIHsKICAgICAgY29uc29sZS53YXJuKCJObyBzZSBlbmNvbnRyw7MgbmluZ8O6biBQREYgcGFyYSBhYnJpciIpOwogICAgICBhbGVydCgnTm8gc2UgZW5jb250csOzIGVsIGFyY2hpdm8gcGFyYSBkZXNjYXJnYXIuJyk7CiAgICAgIHJldHVybjsKICAgIH0KICAgIHNldFRpbWVvdXQoZnVuY3Rpb24oKXsKICAgICAgY29uc29sZS5sb2coIlJlZGlyaWdpZW5kbyBhbCBQREYgYWhvcmHigKYiKTsKICAgICAgZ28ocGRmKTsKICAgIH0sIDUwMCk7CiAgfSwgZmFsc2UpOwp9KSgpOwo8L3NjcmlwdD4=[\/vc_raw_html][\/vc_column][\/vc_row]\" \/>\n<meta property=\"og:url\" content=\"https:\/\/deltatecnic.com\/es\/descargas\/\" \/>\n<meta property=\"og:site_name\" content=\"Delta Tecnic\" \/>\n<meta property=\"article:modified_time\" content=\"2025-09-19T12:45:32+00:00\" \/>\n<meta name=\"twitter:card\" content=\"summary_large_image\" \/>\n<meta name=\"twitter:label1\" content=\"Tiempo de lectura\" \/>\n\t<meta name=\"twitter:data1\" content=\"1 minuto\" \/>\n<!-- \/ Yoast SEO plugin. -->","yoast_head_json":{"title":"Descargas - Delta Tecnic","robots":{"index":"index","follow":"follow","max-snippet":"max-snippet:-1","max-image-preview":"max-image-preview:large","max-video-preview":"max-video-preview:-1"},"canonical":"https:\/\/deltatecnic.com\/es\/descargas\/","og_locale":"es_ES","og_type":"article","og_title":"Descargas - Delta Tecnic","og_description":"[vc_row][vc_column][vc_custom_heading text=&#8221;D\u00e9janos tu direcci\u00f3n de correo electr\u00f3nico para descargar el cat\u00e1logo.&#8221; font_container=&#8221;tag:h2|text_align:center&#8221; google_fonts=&#8221;font_family:Montserrat%3A100%2C100i%2C200%2C200i%2C300%2C300i%2C400%2C400i%2C500%2C500i%2C600%2C600i%2C700%2C700i%2C800%2C800i%2C900%2C900i|font_style:600%20Semi-bold%3A600%3Anormal&#8221;][vc_raw_html]PGRpdiBjbGFzcz0iZ2QtZG93bmxvYWQtZm9ybSI+CiAgW2NvbnRhY3QtZm9ybS03IGlkPSI0MTI0NGVhIiB0aXRsZT0iTGVhZCBwYXJhIENhdMOhbG9nby9XZWJpbmFycyJdCjwvZGl2Pgo=[\/vc_raw_html][vc_raw_html]PHNjcmlwdD4oZnVuY3Rpb24oKXsKICBmdW5jdGlvbiBwaWNrUGRmKGZvcm0pewogICAgY29uc29sZS5sb2coInBpY2tQZGYoKTogYnVzY2FuZG8gUERG4oCmIik7CgogICAgLy8gMSkgQ2FtcG8gb2N1bHRvIGRlbCBmb3JtdWxhcmlvCiAgICB2YXIgZiA9IGZvcm0gJiYgZm9ybS5xdWVyeVNlbGVjdG9yKCdpbnB1dFtuYW1lPSJwZGYtdXJsIl0nKTsKICAgIHZhciByYXcgPSAoZiA\/IGYudmFsdWUgOiAnJykudHJpbSgpOwogICAgY29uc29sZS5sb2coIkNhbXBvIG9jdWx0bzoiLCByYXcpOwoKICAgIC8vIDIpIFNpIG5vIGhheSwgbWlyYW1vcyBxdWVyeXN0cmluZyA\/cGRmPQogICAgaWYgKCFyYXcpIHsKICAgICAgdHJ5IHsKICAgICAgICB2YXIgdSA9IG5ldyBVUkwod2luZG93LmxvY2F0aW9uLmhyZWYpOwogICAgICAgIHJhdyA9ICh1LnNlYXJjaFBhcmFtcy5nZXQoJ3BkZicpIHx8ICcnKS50cmltKCk7CiAgICAgICAgY29uc29sZS5sb2coIlF1ZXJ5c3RyaW5nOiIsIHJhdyk7CiAgICAgIH0gY2F0Y2goZSkgewogICAgICAgIGNvbnNvbGUuZXJyb3IoIkVycm9yIGxleWVuZG8gcXVlcnlzdHJpbmciLCBlKTsKICAgICAgfQogICAgfQoKICAgIGlmICghcmF3KSByZXR1cm4gJyc7CgogICAgLy8gTm9ybWFsaXphciBhIFVSTCBhYnNvbHV0YQogICAgaWYgKHJhdy5pbmRleE9mKCdodHRwJykgIT09IDApIHsKICAgICAgaWYgKHJhdy5jaGFyQXQoMCkgIT09ICcvJykgcmF3ID0gJy8nICsgcmF3OwogICAgICByYXcgPSBsb2NhdGlvbi5vcmlnaW4gKyByYXc7CiAgICB9CiAgICBjb25zb2xlLmxvZygiUERGIG5vcm1hbGl6YWRvOiIsIHJhdyk7CiAgICByZXR1cm4gcmF3OwogIH0KCiAgZnVuY3Rpb24gZ28odXJsKXsKICAgIGNvbnNvbGUubG9nKCJJbnRlbnRhbmRvIHJlZGlyaWdpciBhOiIsIHVybCk7CiAgICBpZiAodXJsKSBsb2NhdGlvbi5ocmVmID0gdXJsOwogIH0KCiAgZG9jdW1lbnQuYWRkRXZlbnRMaXN0ZW5lcignd3BjZjdtYWlsc2VudCcsIGZ1bmN0aW9uKGUpewogICAgY29uc29sZS5sb2coIkV2ZW50byB3cGNmN21haWxzZW50IGRpc3BhcmFkbyIpOwogICAgdmFyIHBkZiA9IHBpY2tQZGYoZS50YXJnZXQpOwogICAgaWYgKCFwZGYpIHsKICAgICAgY29uc29sZS53YXJuKCJObyBzZSBlbmNvbnRyw7MgbmluZ8O6biBQREYgcGFyYSBhYnJpciIpOwogICAgICBhbGVydCgnTm8gc2UgZW5jb250csOzIGVsIGFyY2hpdm8gcGFyYSBkZXNjYXJnYXIuJyk7CiAgICAgIHJldHVybjsKICAgIH0KICAgIHNldFRpbWVvdXQoZnVuY3Rpb24oKXsKICAgICAgY29uc29sZS5sb2coIlJlZGlyaWdpZW5kbyBhbCBQREYgYWhvcmHigKYiKTsKICAgICAgZ28ocGRmKTsKICAgIH0sIDUwMCk7CiAgfSwgZmFsc2UpOwp9KSgpOwo8L3NjcmlwdD4=[\/vc_raw_html][\/vc_column][\/vc_row]","og_url":"https:\/\/deltatecnic.com\/es\/descargas\/","og_site_name":"Delta Tecnic","article_modified_time":"2025-09-19T12:45:32+00:00","twitter_card":"summary_large_image","twitter_misc":{"Tiempo de lectura":"1 minuto"},"schema":{"@context":"https:\/\/schema.org","@graph":[{"@type":"WebPage","@id":"https:\/\/deltatecnic.com\/es\/descargas\/","url":"https:\/\/deltatecnic.com\/es\/descargas\/","name":"Descargas - Delta Tecnic","isPartOf":{"@id":"https:\/\/deltatecnic.com\/es\/#website"},"datePublished":"2025-09-19T10:56:00+00:00","dateModified":"2025-09-19T12:45:32+00:00","breadcrumb":{"@id":"https:\/\/deltatecnic.com\/es\/descargas\/#breadcrumb"},"inLanguage":"es","potentialAction":[{"@type":"ReadAction","target":["https:\/\/deltatecnic.com\/es\/descargas\/"]}]},{"@type":"BreadcrumbList","@id":"https:\/\/deltatecnic.com\/es\/descargas\/#breadcrumb","itemListElement":[{"@type":"ListItem","position":1,"name":"Inici","item":"https:\/\/deltatecnic.com\/es\/"},{"@type":"ListItem","position":2,"name":"Descargas"}]},{"@type":"WebSite","@id":"https:\/\/deltatecnic.com\/es\/#website","url":"https:\/\/deltatecnic.com\/es\/","name":"Delta Tecnic","description":"Bringing colour to life","potentialAction":[{"@type":"SearchAction","target":{"@type":"EntryPoint","urlTemplate":"https:\/\/deltatecnic.com\/es\/?s={search_term_string}"},"query-input":{"@type":"PropertyValueSpecification","valueRequired":true,"valueName":"search_term_string"}}],"inLanguage":"es"}]}},"_links":{"self":[{"href":"https:\/\/deltatecnic.com\/es\/wp-json\/wp\/v2\/pages\/17724","targetHints":{"allow":["GET"]}}],"collection":[{"href":"https:\/\/deltatecnic.com\/es\/wp-json\/wp\/v2\/pages"}],"about":[{"href":"https:\/\/deltatecnic.com\/es\/wp-json\/wp\/v2\/types\/page"}],"author":[{"embeddable":true,"href":"https:\/\/deltatecnic.com\/es\/wp-json\/wp\/v2\/users\/47"}],"replies":[{"embeddable":true,"href":"https:\/\/deltatecnic.com\/es\/wp-json\/wp\/v2\/comments?post=17724"}],"version-history":[{"count":0,"href":"https:\/\/deltatecnic.com\/es\/wp-json\/wp\/v2\/pages\/17724\/revisions"}],"wp:attachment":[{"href":"https:\/\/deltatecnic.com\/es\/wp-json\/wp\/v2\/media?parent=17724"}],"curies":[{"name":"wp","href":"https:\/\/api.w.org\/{rel}","templated":true}]}}