{"id":15587,"date":"2024-02-18T11:26:53","date_gmt":"2024-02-18T10:26:53","guid":{"rendered":"https:\/\/deltatecnic.com\/trading-pigments\/g-j\/"},"modified":"2024-03-25T11:30:38","modified_gmt":"2024-03-25T10:30:38","slug":"gandj","status":"publish","type":"page","link":"https:\/\/deltatecnic.com\/es\/trading-pigments\/gandj\/","title":{"rendered":"G &amp; J"},"content":{"rendered":"<p>[vc_row][vc_column][vc_single_image image=&#8221;13119&#8243; img_size=&#8221;full&#8221;][vc_separator border_width=&#8221;2&#8243;][vc_row_inner][vc_column_inner width=&#8221;1\/2&#8243;][vc_single_image image=&#8221;15576&#8243; img_size=&#8221;full&#8221; onclick=&#8221;custom_link&#8221; img_link_target=&#8221;_blank&#8221; link=&#8221;http:\/\/www.gandjresources.com\/&#8221;][\/vc_column_inner][vc_column_inner width=&#8221;1\/2&#8243;][vc_single_image img_size=&#8221;large&#8221; alignment=&#8221;center&#8221; el_class=&#8221;amaga&#8221;][\/vc_column_inner][\/vc_row_inner][vc_column_text]Pigmentos de di\u00f3xido de titanio vers\u00e1tiles. G&amp;J se ha convertido r\u00e1pidamente en uno de los principales fabricantes de di\u00f3xido de titanio (TiO2) mediante el proceso de cloruro y muestra sus pigmentos vers\u00e1tiles. TYR-588 es un pigmento de di\u00f3xido de titanio (TiO2) de tipo rutilo producido mediante un proceso de cloruro y recubierto con Al2O3, ZrO2 y un tratamiento org\u00e1nico especial.<\/p>\n<p>Este pigmento vers\u00e1til ha sido dise\u00f1ado para formuladores que buscan una \u00fanica variedad de TiO2 que pueda usarse en una amplia gama de aplicaciones, tanto en sistemas acuosos como en base solvente.[\/vc_column_text][\/vc_column][\/vc_row]<\/p>\n","protected":false},"excerpt":{"rendered":"<p>[vc_row][vc_column][vc_single_image image=&#8221;13119&#8243; img_size=&#8221;full&#8221;][vc_separator border_width=&#8221;2&#8243;][vc_row_inner][vc_column_inner width=&#8221;1\/2&#8243;][vc_single_image image=&#8221;15576&#8243; img_size=&#8221;full&#8221; onclick=&#8221;custom_link&#8221; img_link_target=&#8221;_blank&#8221; link=&#8221;http:\/\/www.gandjresources.com\/&#8221;][\/vc_column_inner][vc_column_inner width=&#8221;1\/2&#8243;][vc_single_image img_size=&#8221;large&#8221; alignment=&#8221;center&#8221; el_class=&#8221;amaga&#8221;][\/vc_column_inner][\/vc_row_inner][vc_column_text]Pigmentos de di\u00f3xido de titanio vers\u00e1tiles. G&amp;J se ha convertido r\u00e1pidamente en uno de los principales fabricantes de di\u00f3xido de titanio (TiO2) mediante el proceso de cloruro y muestra sus pigmentos vers\u00e1tiles. TYR-588 es un pigmento de di\u00f3xido de titanio (TiO2) de &hellip; <a href=\"https:\/\/deltatecnic.com\/es\/trading-pigments\/gandj\/\" class=\"more-link\" title=\"Continue reading <span class=\"screen-reader-text\">G &amp; J<\/span>&#8220;>Continue reading <span class=\"screen-reader-text\">G &amp; J<\/span><\/a><\/p>\n","protected":false},"author":1,"featured_media":0,"parent":11623,"menu_order":0,"comment_status":"closed","ping_status":"closed","template":"","meta":{"content-type":"","footnotes":""},"class_list":["post-15587","page","type-page","status-publish","hentry"],"yoast_head":"<!-- This site is optimized with the Yoast SEO plugin v27.1.1 - https:\/\/yoast.com\/product\/yoast-seo-wordpress\/ -->\n<title>G &amp; J | Especialistas en pigmentos de color y efectos<\/title>\n<meta name=\"description\" content=\"Q &amp; J en uno de los principales fabricantes de di\u00f3xido de titanio (TiO2) mediante el proceso de cloruro, G&amp;J muestra sus pigmentos vers\u00e1tiles.\" \/>\n<meta name=\"robots\" content=\"index, follow, max-snippet:-1, max-image-preview:large, max-video-preview:-1\" \/>\n<link rel=\"canonical\" href=\"https:\/\/deltatecnic.com\/es\/trading-pigments\/gandj\/\" \/>\n<meta property=\"og:locale\" content=\"es_ES\" \/>\n<meta property=\"og:type\" content=\"article\" \/>\n<meta property=\"og:title\" content=\"G &amp; J | Especialistas en pigmentos de color y efectos\" \/>\n<meta property=\"og:description\" content=\"Q &amp; J en uno de los principales fabricantes de di\u00f3xido de titanio (TiO2) mediante el proceso de cloruro, G&amp;J muestra sus pigmentos vers\u00e1tiles.\" \/>\n<meta property=\"og:url\" content=\"https:\/\/deltatecnic.com\/es\/trading-pigments\/gandj\/\" \/>\n<meta property=\"og:site_name\" content=\"Delta Tecnic\" \/>\n<meta property=\"article:modified_time\" content=\"2024-03-25T10:30:38+00:00\" \/>\n<meta name=\"twitter:card\" content=\"summary_large_image\" \/>\n<meta name=\"twitter:label1\" content=\"Tiempo de lectura\" \/>\n\t<meta name=\"twitter:data1\" content=\"1 minuto\" \/>\n<!-- \/ Yoast SEO plugin. -->","yoast_head_json":{"title":"G & J | Especialistas en pigmentos de color y efectos","description":"Q & J en uno de los principales fabricantes de di\u00f3xido de titanio (TiO2) mediante el proceso de cloruro, G&J muestra sus pigmentos vers\u00e1tiles.","robots":{"index":"index","follow":"follow","max-snippet":"max-snippet:-1","max-image-preview":"max-image-preview:large","max-video-preview":"max-video-preview:-1"},"canonical":"https:\/\/deltatecnic.com\/es\/trading-pigments\/gandj\/","og_locale":"es_ES","og_type":"article","og_title":"G & J | Especialistas en pigmentos de color y efectos","og_description":"Q & J en uno de los principales fabricantes de di\u00f3xido de titanio (TiO2) mediante el proceso de cloruro, G&J muestra sus pigmentos vers\u00e1tiles.","og_url":"https:\/\/deltatecnic.com\/es\/trading-pigments\/gandj\/","og_site_name":"Delta Tecnic","article_modified_time":"2024-03-25T10:30:38+00:00","twitter_card":"summary_large_image","twitter_misc":{"Tiempo de lectura":"1 minuto"},"schema":{"@context":"https:\/\/schema.org","@graph":[{"@type":"WebPage","@id":"https:\/\/deltatecnic.com\/es\/trading-pigments\/gandj\/","url":"https:\/\/deltatecnic.com\/es\/trading-pigments\/gandj\/","name":"G & J | Especialistas en pigmentos de color y efectos","isPartOf":{"@id":"https:\/\/deltatecnic.com\/es\/#website"},"datePublished":"2024-02-18T10:26:53+00:00","dateModified":"2024-03-25T10:30:38+00:00","description":"Q & J en uno de los principales fabricantes de di\u00f3xido de titanio (TiO2) mediante el proceso de cloruro, G&J muestra sus pigmentos vers\u00e1tiles.","breadcrumb":{"@id":"https:\/\/deltatecnic.com\/es\/trading-pigments\/gandj\/#breadcrumb"},"inLanguage":"es","potentialAction":[{"@type":"ReadAction","target":["https:\/\/deltatecnic.com\/es\/trading-pigments\/gandj\/"]}]},{"@type":"BreadcrumbList","@id":"https:\/\/deltatecnic.com\/es\/trading-pigments\/gandj\/#breadcrumb","itemListElement":[{"@type":"ListItem","position":1,"name":"Inici","item":"https:\/\/deltatecnic.com\/es\/"},{"@type":"ListItem","position":2,"name":"Pigmentos comerciales","item":"https:\/\/deltatecnic.com\/es\/trading-pigments\/"},{"@type":"ListItem","position":3,"name":"G &amp; J"}]},{"@type":"WebSite","@id":"https:\/\/deltatecnic.com\/es\/#website","url":"https:\/\/deltatecnic.com\/es\/","name":"Delta Tecnic","description":"Bringing colour to life","potentialAction":[{"@type":"SearchAction","target":{"@type":"EntryPoint","urlTemplate":"https:\/\/deltatecnic.com\/es\/?s={search_term_string}"},"query-input":{"@type":"PropertyValueSpecification","valueRequired":true,"valueName":"search_term_string"}}],"inLanguage":"es"}]}},"_links":{"self":[{"href":"https:\/\/deltatecnic.com\/es\/wp-json\/wp\/v2\/pages\/15587","targetHints":{"allow":["GET"]}}],"collection":[{"href":"https:\/\/deltatecnic.com\/es\/wp-json\/wp\/v2\/pages"}],"about":[{"href":"https:\/\/deltatecnic.com\/es\/wp-json\/wp\/v2\/types\/page"}],"author":[{"embeddable":true,"href":"https:\/\/deltatecnic.com\/es\/wp-json\/wp\/v2\/users\/1"}],"replies":[{"embeddable":true,"href":"https:\/\/deltatecnic.com\/es\/wp-json\/wp\/v2\/comments?post=15587"}],"version-history":[{"count":0,"href":"https:\/\/deltatecnic.com\/es\/wp-json\/wp\/v2\/pages\/15587\/revisions"}],"up":[{"embeddable":true,"href":"https:\/\/deltatecnic.com\/es\/wp-json\/wp\/v2\/pages\/11623"}],"wp:attachment":[{"href":"https:\/\/deltatecnic.com\/es\/wp-json\/wp\/v2\/media?parent=15587"}],"curies":[{"name":"wp","href":"https:\/\/api.w.org\/{rel}","templated":true}]}}