{"id":12364,"date":"2022-02-24T13:48:42","date_gmt":"2022-02-24T12:48:42","guid":{"rendered":"https:\/\/deltatecnic.com\/delta-trading-cosmetics-2\/k-s-pearl\/"},"modified":"2025-06-16T09:56:01","modified_gmt":"2025-06-16T07:56:01","slug":"k-s-pearl","status":"publish","type":"page","link":"https:\/\/deltatecnic.com\/es\/trading-cosmetics\/k-s-pearl\/","title":{"rendered":"K.S. Pearl"},"content":{"rendered":"<p>[vc_row][vc_column][vc_single_image image=&#8221;13114&#8243; img_size=&#8221;full&#8221;][vc_separator border_width=&#8221;2&#8243;][vc_row_inner][vc_column_inner width=&#8221;1\/2&#8243;][vc_single_image image=&#8221;10820&#8243; img_size=&#8221;250&#215;58&#8243; onclick=&#8221;custom_link&#8221; img_link_target=&#8221;_blank&#8221; link=&#8221;http:\/\/www.kspearlcorp.com\/?module=Html&#038;action=SiteComp&#038;sSubNo=8&#8243;][\/vc_column_inner][vc_column_inner width=&#8221;1\/2&#8243;][vc_single_image image=&#8221;10818&#8243; img_size=&#8221;large&#8221; alignment=&#8221;center&#8221;][\/vc_column_inner][\/vc_row_inner][vc_column_text]<span style=\"font-weight: 600;\">Desde su creaci\u00f3n en 1986, KSPEARL se ha esforzado por desarrollar nuevas experiencias continuas en tecnolog\u00eda de tratamiento de superficies, as\u00ed como en producir polvos cosm\u00e9ticos de renombre mundial.<\/span><\/p>\n<p>Seleccionamos los materiales en polvo de la mejor calidad y aplicamos tecnolog\u00eda de tratamiento de superficies de \u00faltima generaci\u00f3n para satisfacer las necesidades de nuestros clientes de acuerdo con las \u00faltimas tendencias del mercado.<\/p>\n<p>Nuestro principio fundamental se mantiene firme en la creencia de que todas las innovaciones en lo que respecta a los cosm\u00e9ticos parten de ingredientes perfectos que nos esforzamos en crear. El desarrollo de materiales innovadores crea una verdadera innovaci\u00f3n en la industria cosm\u00e9tica y crea nueva belleza.<\/p>\n<p>Novedades: &#8211; <strong> Mellow Nature 10<\/strong>: Sustituto de micropl\u00e1sticos. Tiene un tacto suave como los micropl\u00e1sticos y efectos de enfoque suave. &#8211; <strong> \u00d3xido de hierro HP Negro\/Amarillo\/Rojo ISA:<\/strong> \u00d3xidos de hierro de grado HP con tratamiento de superficie de origen natural como el tratamiento DSG.[\/vc_column_text][\/vc_column][\/vc_row]<\/p>\n","protected":false},"excerpt":{"rendered":"<p>[vc_row][vc_column][vc_single_image image=&#8221;13114&#8243; img_size=&#8221;full&#8221;][vc_separator border_width=&#8221;2&#8243;][vc_row_inner][vc_column_inner width=&#8221;1\/2&#8243;][vc_single_image image=&#8221;10820&#8243; img_size=&#8221;250&#215;58&#8243; onclick=&#8221;custom_link&#8221; img_link_target=&#8221;_blank&#8221; link=&#8221;http:\/\/www.kspearlcorp.com\/?module=Html&#038;action=SiteComp&#038;sSubNo=8&#8243;][\/vc_column_inner][vc_column_inner width=&#8221;1\/2&#8243;][vc_single_image image=&#8221;10818&#8243; img_size=&#8221;large&#8221; alignment=&#8221;center&#8221;][\/vc_column_inner][\/vc_row_inner][vc_column_text]Desde su creaci\u00f3n en 1986, KSPEARL se ha esforzado por desarrollar nuevas experiencias continuas en tecnolog\u00eda de tratamiento de superficies, as\u00ed como en producir polvos cosm\u00e9ticos de renombre mundial. Seleccionamos los materiales en polvo de la mejor calidad y aplicamos tecnolog\u00eda de &hellip; <a href=\"https:\/\/deltatecnic.com\/es\/trading-cosmetics\/k-s-pearl\/\" class=\"more-link\" title=\"Continue reading <span class=\"screen-reader-text\">K.S. Pearl<\/span>&#8220;>Continue reading <span class=\"screen-reader-text\">K.S. Pearl<\/span><\/a><\/p>\n","protected":false},"author":1,"featured_media":0,"parent":11643,"menu_order":0,"comment_status":"closed","ping_status":"closed","template":"","meta":{"content-type":"","footnotes":""},"class_list":["post-12364","page","type-page","status-publish","hentry"],"yoast_head":"<!-- This site is optimized with the Yoast SEO plugin v27.1.1 - https:\/\/yoast.com\/product\/yoast-seo-wordpress\/ -->\n<title>KS Pearl | Trading Cosmetics | Masterbatch Delta Tecnic<\/title>\n<meta name=\"description\" content=\"Seleccionamos los materiales en polvo de mejor calidad y aplicamos la tecnolog\u00eda de tratamiento de superficies m\u00e1s avanzada para satisfacer las necesidades de nuestros clientes.\" \/>\n<meta name=\"robots\" content=\"index, follow, max-snippet:-1, max-image-preview:large, max-video-preview:-1\" \/>\n<link rel=\"canonical\" href=\"https:\/\/deltatecnic.com\/es\/trading-cosmetics\/k-s-pearl\/\" \/>\n<meta property=\"og:locale\" content=\"es_ES\" \/>\n<meta property=\"og:type\" content=\"article\" \/>\n<meta property=\"og:title\" content=\"KS Pearl | Trading Cosmetics | Masterbatch Delta Tecnic\" \/>\n<meta property=\"og:description\" content=\"Seleccionamos los materiales en polvo de mejor calidad y aplicamos la tecnolog\u00eda de tratamiento de superficies m\u00e1s avanzada para satisfacer las necesidades de nuestros clientes.\" \/>\n<meta property=\"og:url\" content=\"https:\/\/deltatecnic.com\/es\/trading-cosmetics\/k-s-pearl\/\" \/>\n<meta property=\"og:site_name\" content=\"Delta Tecnic\" \/>\n<meta property=\"article:modified_time\" content=\"2025-06-16T07:56:01+00:00\" \/>\n<meta name=\"twitter:card\" content=\"summary_large_image\" \/>\n<meta name=\"twitter:label1\" content=\"Tiempo de lectura\" \/>\n\t<meta name=\"twitter:data1\" content=\"2 minutos\" \/>\n<!-- \/ Yoast SEO plugin. -->","yoast_head_json":{"title":"KS Pearl | Trading Cosmetics | Masterbatch Delta Tecnic","description":"Seleccionamos los materiales en polvo de mejor calidad y aplicamos la tecnolog\u00eda de tratamiento de superficies m\u00e1s avanzada para satisfacer las necesidades de nuestros clientes.","robots":{"index":"index","follow":"follow","max-snippet":"max-snippet:-1","max-image-preview":"max-image-preview:large","max-video-preview":"max-video-preview:-1"},"canonical":"https:\/\/deltatecnic.com\/es\/trading-cosmetics\/k-s-pearl\/","og_locale":"es_ES","og_type":"article","og_title":"KS Pearl | Trading Cosmetics | Masterbatch Delta Tecnic","og_description":"Seleccionamos los materiales en polvo de mejor calidad y aplicamos la tecnolog\u00eda de tratamiento de superficies m\u00e1s avanzada para satisfacer las necesidades de nuestros clientes.","og_url":"https:\/\/deltatecnic.com\/es\/trading-cosmetics\/k-s-pearl\/","og_site_name":"Delta Tecnic","article_modified_time":"2025-06-16T07:56:01+00:00","twitter_card":"summary_large_image","twitter_misc":{"Tiempo de lectura":"2 minutos"},"schema":{"@context":"https:\/\/schema.org","@graph":[{"@type":"WebPage","@id":"https:\/\/deltatecnic.com\/es\/trading-cosmetics\/k-s-pearl\/","url":"https:\/\/deltatecnic.com\/es\/trading-cosmetics\/k-s-pearl\/","name":"KS Pearl | Trading Cosmetics | Masterbatch Delta Tecnic","isPartOf":{"@id":"https:\/\/deltatecnic.com\/es\/#website"},"datePublished":"2022-02-24T12:48:42+00:00","dateModified":"2025-06-16T07:56:01+00:00","description":"Seleccionamos los materiales en polvo de mejor calidad y aplicamos la tecnolog\u00eda de tratamiento de superficies m\u00e1s avanzada para satisfacer las necesidades de nuestros clientes.","breadcrumb":{"@id":"https:\/\/deltatecnic.com\/es\/trading-cosmetics\/k-s-pearl\/#breadcrumb"},"inLanguage":"es","potentialAction":[{"@type":"ReadAction","target":["https:\/\/deltatecnic.com\/es\/trading-cosmetics\/k-s-pearl\/"]}]},{"@type":"BreadcrumbList","@id":"https:\/\/deltatecnic.com\/es\/trading-cosmetics\/k-s-pearl\/#breadcrumb","itemListElement":[{"@type":"ListItem","position":1,"name":"Inici","item":"https:\/\/deltatecnic.com\/es\/"},{"@type":"ListItem","position":2,"name":"Trading Cosmetics","item":"https:\/\/deltatecnic.com\/es\/trading-cosmetics\/"},{"@type":"ListItem","position":3,"name":"K.S. Pearl"}]},{"@type":"WebSite","@id":"https:\/\/deltatecnic.com\/es\/#website","url":"https:\/\/deltatecnic.com\/es\/","name":"Delta Tecnic","description":"Bringing colour to life","potentialAction":[{"@type":"SearchAction","target":{"@type":"EntryPoint","urlTemplate":"https:\/\/deltatecnic.com\/es\/?s={search_term_string}"},"query-input":{"@type":"PropertyValueSpecification","valueRequired":true,"valueName":"search_term_string"}}],"inLanguage":"es"}]}},"_links":{"self":[{"href":"https:\/\/deltatecnic.com\/es\/wp-json\/wp\/v2\/pages\/12364","targetHints":{"allow":["GET"]}}],"collection":[{"href":"https:\/\/deltatecnic.com\/es\/wp-json\/wp\/v2\/pages"}],"about":[{"href":"https:\/\/deltatecnic.com\/es\/wp-json\/wp\/v2\/types\/page"}],"author":[{"embeddable":true,"href":"https:\/\/deltatecnic.com\/es\/wp-json\/wp\/v2\/users\/1"}],"replies":[{"embeddable":true,"href":"https:\/\/deltatecnic.com\/es\/wp-json\/wp\/v2\/comments?post=12364"}],"version-history":[{"count":0,"href":"https:\/\/deltatecnic.com\/es\/wp-json\/wp\/v2\/pages\/12364\/revisions"}],"up":[{"embeddable":true,"href":"https:\/\/deltatecnic.com\/es\/wp-json\/wp\/v2\/pages\/11643"}],"wp:attachment":[{"href":"https:\/\/deltatecnic.com\/es\/wp-json\/wp\/v2\/media?parent=12364"}],"curies":[{"name":"wp","href":"https:\/\/api.w.org\/{rel}","templated":true}]}}