{"id":11731,"date":"2021-06-11T14:04:41","date_gmt":"2021-06-11T12:04:41","guid":{"rendered":"https:\/\/deltatecnic.com\/politica-de-cookies\/"},"modified":"2026-01-22T00:32:07","modified_gmt":"2026-01-21T23:32:07","slug":"politica-de-cookies","status":"publish","type":"page","link":"https:\/\/deltatecnic.com\/es\/politica-de-cookies\/","title":{"rendered":"Pol\u00edtica de cookies"},"content":{"rendered":"<p>[vc_row][vc_column][vc_column_text]<\/p>\n<h1 style=\"text-align: center;\">POL\u00cdTICA DE COOKIES<\/h1>\n<p><b>\u00daltima actualizaci\u00f3n:<\/b> 15 de julio de 2025<\/p>\n<p><b>DELTA TECNIC, S.A.U.<\/b> (en adelante, \u201c<b>DELTA TECNIC<\/b>\u201d) con NIF A08704520 y domicilio a estos efectos en PI Mol\u00ed de les Planes, c\/ Mont Llorer n\u00ba 2, 08470, Sant Celoni, BARCELONA, mediante esta Pol\u00edtica de Cookies, demuestra el compromiso adquirido con la legislaci\u00f3n vigente sobre el uso de las cookies, proporcionando informaci\u00f3n para que los usuarios puedan comprender qu\u00e9 tipo de cookies se utilizan y bajo qu\u00e9 finalidad, con el objetivo de proporcionar transparencia en cuanto a los datos tratados sobre la navegaci\u00f3n en nuestro sitio web <a href=\"https:\/\/deltatecnic.com\/es\/\">https:\/\/deltatecnic.com\/es\/<\/a>\u00a0(en adelante, la \u201c<b>Web<\/b>\u201d).<\/p>\n<p>Esta pol\u00edtica se revisa peri\u00f3dicamente para asegurar su vigencia, por lo que puede ser modificada. Le recomendamos que la visite con regularidad para estar informado de cualquier actualizaci\u00f3n al respecto.<\/p>\n<h3>1. \u00bfQu\u00e9 son las cookies?<\/h3>\n<p>Las cookies son peque\u00f1os archivos de datos que se reciben en el terminal desde la Web visitada y se usan para registrar ciertas interacciones de la navegaci\u00f3n en la misma, almacenando datos que podr\u00e1n ser actualizados y recuperados. Estos archivos se almacenan en el dispositivo que est\u00e9 usando el usuario y contienen datos; los web beacons, p\u00edxeles u otros archivos similares tambi\u00e9n pueden hacer lo mismo. Utilizamos el t\u00e9rmino \u201ccookies\u201d en esta pol\u00edtica para referirse a todos los archivos que recopilan informaci\u00f3n de esta manera.<\/p>\n<h3>2. \u00bfPor qu\u00e9 utilizamos cookies?<\/h3>\n<p>DELTA TECNIC utiliza cookies estrictamente necesarias y esenciales para que usted utilice nuestra Web y le permita moverse libremente, pueda utilizar nuestras \u00e1reas seguras, pueda personalizar las distintas opciones, etc.<\/p>\n<p>Adem\u00e1s, DELTA TECNIC utiliza cookies que recogen datos relativos al an\u00e1lisis de uso de la Web. \u00c9stas se utilizan para ayudar a mejorar el servicio al usuario, midiendo el uso y el rendimiento de la Web, para optimizarla y personalizarla.<\/p>\n<p>En la Web se utilizan o pueden utilizar enlaces que permitan un v\u00ednculo con otros sitios web. DELTA TECNIC no controla las cookies utilizadas por estos sitios web externos. Para m\u00e1s informaci\u00f3n sobre las cookies de estos sitios web ajenos, aconsejamos revisar sus propias pol\u00edticas de cookies.<\/p>\n<h3>3. \u00bfQu\u00e9 tipo de cookies utilizamos?<\/h3>\n<p><b>Cookies t\u00e9cnicas:<\/b> Son aquellas cookies imprescindibles y estrictamente necesarias para el correcto funcionamiento de la Web y la utilizaci\u00f3n de las diferentes opciones y servicios que ofrece la misma. Por ejemplo, las que sirven para el mantenimiento de la sesi\u00f3n, la gesti\u00f3n del tiempo de respuesta, el rendimiento o validaci\u00f3n de opciones, la utilizaci\u00f3n de elementos de seguridad, para compartir contenido con redes sociales, etc.<\/p>\n<p><b>Cookies de preferencias o personalizaci\u00f3n:<\/b> Son cookies que permiten personalizar la experiencia del usuario al interactuar con la Web, como, por ejemplo, el idioma o el contenido y aspecto de la Web en funci\u00f3n de sus preferencias, el dispositivo o la regi\u00f3n.<\/p>\n<p><b>Cookies anal\u00edticas:<\/b> Son las cookies utilizadas para elaborar perfiles de navegaci\u00f3n y poder conocer las preferencias del usuario con la finalidad de mejorar la oferta de productos y servicios.<\/p>\n<p><b>Cookies de publicidad comportamental:<\/b> Son cookies que permiten almacenar informaci\u00f3n de los usuarios para desarrollar un perfil espec\u00edfico y mostrarle publicidad en base al mismo.<\/p>\n<p>A continuaci\u00f3n, se detalla la lista de cookies que se recogen en el sitio Web:[\/vc_column_text][vc_raw_html]JTNDZGl2JTIwY2xhc3MlM0QlMjAlMjJja3ktYXVkaXQtdGFibGUtZWxlbWVudCUyMiUzRSUzQyUyRmRpdiUzRQ==[\/vc_raw_html][vc_column_text]<\/p>\n<h3>4. \u00bfQu\u00e9 pasa si acepto la Pol\u00edtica de Cookies?<\/h3>\n<p>Para cumplir con la legislaci\u00f3n vigente, tenemos que pedir su permiso para gestionar cookies. Si decide no autorizar el tratamiento indic\u00e1ndonos su no conformidad, s\u00f3lo usar\u00edamos las cookies t\u00e9cnicas, puesto que son imprescindibles para la navegaci\u00f3n por nuestra Web. En este caso, no almacenar\u00edamos ninguna otra cookie m\u00e1s.<\/p>\n<p>Aceptando nuestra Pol\u00edtica de Cookies nos permite mejorar la Web para ofrecerle un acceso \u00f3ptimo y darle un servicio m\u00e1s eficaz y personalizado. Le informamos que en el caso de bloquear o no aceptar la instalaci\u00f3n de cookies, pero seguir navegando por la Web, es posible que ciertos servicios no est\u00e9n disponibles sin la utilizaci\u00f3n de \u00e9stas o que no pueda acceder a determinados servicios ni tampoco aprovechar por completo todo lo que la Web le ofrece.<\/p>\n<h3>5. \u00bfC\u00f3mo puedo deshabilitar las cookies?<\/h3>\n<p>Puede retirar su consentimiento relacionado con el uso de las cookies mediante el siguiente enlace: <button id=\"mi-boton-cookies\" style=\"padding: 5px; background: white !important; color: #10284d !important;\" type=\"button\"><br \/>\nConfiguraci\u00f3n de cookies <\/button>.<\/p>\n<p>Cuando pulse este enlace, se abrir\u00e1 nuevamente el banner de cookies, con su panel de configuraci\u00f3n, para que pueda gestionar sus preferencias, as\u00ed como optar por rechazar o aceptar el uso de cookies.<\/p>\n<p>Adicionalmente, le informamos que todos los navegadores permiten hacer cambios para desactivar la configuraci\u00f3n de las cookies. Este es el motivo por el que la mayor\u00eda de los navegadores ofrecen la posibilidad de administrar las cookies, para obtener un control m\u00e1s preciso sobre la privacidad.<\/p>\n<p>Tenga en cuenta que, si rechaza o borra las cookies de navegaci\u00f3n de la Web, no podremos mantener sus preferencias, algunas caracter\u00edsticas de la Web no estar\u00e1n operativas, no podremos ofrecerle servicios personalizados y cada vez que vaya a navegar por nuestra Web tendremos que solicitarle de nuevo su autorizaci\u00f3n para el uso de cookies.<\/p>\n<p>Si aun as\u00ed decide modificar la configuraci\u00f3n de su acceso a la Web, le informamos que es posible eliminar las cookies o impedir que se registre esta informaci\u00f3n en su equipo en cualquier momento mediante la modificaci\u00f3n de los par\u00e1metros de configuraci\u00f3n de su navegador:<\/p>\n<ul>\n<li><a href=\"https:\/\/support.google.com\/accounts\/answer\/61416?hl=es&amp;co=GENIE.Platform%3DDesktop\">Configuraci\u00f3n de cookies de Google Chrome<\/a><\/li>\n<li><a href=\"https:\/\/support.apple.com\/es-es\/guide\/safari\/sfri11471\/mac\">Configuraci\u00f3n de cookies de Safari<\/a><\/li>\n<li><a href=\"https:\/\/support.mozilla.org\/es\/kb\/Deshabilitar%20cookies%20de%20terceros\">Configuraci\u00f3n de cookies de Firefox<\/a><\/li>\n<li><a href=\"https:\/\/support.microsoft.com\/es-es\/microsoft-edge\/eliminar-las-cookies-en-microsoft-edge-63947406-40ac-c3b8-57b9-2a946a29ae09\">Configuraci\u00f3n de cookies de Microsoft Edge<\/a><\/li>\n<\/ul>\n<p>Estos navegadores est\u00e1n sometidos a actualizaciones o modificaciones, por lo que no podemos garantizar que se ajusten completamente a la versi\u00f3n de su navegador. Tambi\u00e9n puede ser que utilice otro navegador diferente a los contemplados en los enlaces anteriores. Para evitar estos desajustes, puede acceder directamente desde las opciones de su navegador que se encuentra generalmente en el men\u00fa de \u201cOpciones\u201d, en la secci\u00f3n de \u201cPrivacidad\u201d. Para m\u00e1s informaci\u00f3n, consulte la ayuda de su navegador.<\/p>\n<h3>6. Cambios en la Pol\u00edtica de Cookies<\/h3>\n<p>Esta pol\u00edtica es efectiva a partir de la fecha de publicaci\u00f3n indicada en el encabezamiento.<\/p>\n<p>Cualquier cambio que DELTA TECNIC realice en esta Pol\u00edtica de Cookies se publicar\u00e1 en la Web. Si los cambios son significativos, podremos notific\u00e1rselo por correo electr\u00f3nico o indicar claramente en la p\u00e1gina de inicio de la Web que la pol\u00edtica se ha actualizado.<\/p>\n<h3>7. Informaci\u00f3n adicional<\/h3>\n<p>Si tiene una consulta relacionada con el procesamiento de sus datos personales o el funcionamiento de las cookies en la Web, puede ponerse en contacto con DELTA TECNIC a trav\u00e9s de correo electr\u00f3nico a la direcci\u00f3n <a href=\"mailto:protecciodades@deltatecnic.com\">protecciodades@deltatecnic.com<\/a>.<\/p>\n<p>Para obtener m\u00e1s informaci\u00f3n sobre el tratamiento de sus datos personales, puede consultar nuestra <a href=\"https:\/\/deltatecnic.com\/es\/politica-de-privacidad\/\">Pol\u00edtica de Privacidad<\/a>.[\/vc_column_text][vc_raw_html]JTNDc2NyaXB0JTNFJTBBJTIwJTIwZG9jdW1lbnQuZ2V0RWxlbWVudEJ5SWQlMjglMjdtaS1ib3Rvbi1jb29raWVzJTI3JTI5LmFkZEV2ZW50TGlzdGVuZXIlMjglMjdjbGljayUyNyUyQyUyMGZ1bmN0aW9uJTI4ZSUyOSUyMCU3QiUwQSUyMCUyMCUyMCUyMGUucHJldmVudERlZmF1bHQlMjglMjklM0IlMEElMEElMjAlMjAlMjAlMjBjb25zdCUyMGJvdG9uUmV2aXNpdGFyJTIwJTNEJTIwZG9jdW1lbnQucXVlcnlTZWxlY3RvciUyOCUyNy5ja3ktYnRuLXJldmlzaXQtd3JhcHBlci5ja3ktcmV2aXNpdC1ib3R0b20tbGVmdCUyNyUyOSUzQiUwQSUwQSUyMCUyMCUyMCUyMGlmJTIwJTI4Ym90b25SZXZpc2l0YXIlMjklMjAlN0IlMEElMjAlMjAlMjAlMjAlMjAlMjBib3RvblJldmlzaXRhci5jbGljayUyOCUyOSUzQiUyMCUwQSUyMCUyMCUyMCUyMCU3RCUyMGVsc2UlMjAlN0IlMEElMjAlMjAlMjAlMjAlMjAlMjBjb25zb2xlLndhcm4lMjglMjdCb3QlQzMlQjNuJTIwZmxvdGFudGUlMjBkZSUyMHJldmlzaXRhciUyMGNvb2tpZXMlMjBubyUyMGVuY29udHJhZG8lMjclMjklM0IlMEElMjAlMjAlMjAlMjAlN0QlMEElMjAlMjAlN0QlMjklM0IlMEElM0MlMkZzY3JpcHQlM0U=[\/vc_raw_html][\/vc_column][\/vc_row]<\/p>\n","protected":false},"excerpt":{"rendered":"<p>[vc_row][vc_column][vc_column_text] POL\u00cdTICA DE COOKIES \u00daltima actualizaci\u00f3n: 15 de julio de 2025 DELTA TECNIC, S.A.U. (en adelante, \u201cDELTA TECNIC\u201d) con NIF A08704520 y domicilio a estos efectos en PI Mol\u00ed de les Planes, c\/ Mont Llorer n\u00ba 2, 08470, Sant Celoni, BARCELONA, mediante esta Pol\u00edtica de Cookies, demuestra el compromiso adquirido con la legislaci\u00f3n vigente sobre &hellip; <a href=\"https:\/\/deltatecnic.com\/es\/politica-de-cookies\/\" class=\"more-link\" title=\"Continue reading <span class=\"screen-reader-text\">Pol\u00edtica de cookies<\/span>&#8220;>Continue reading <span class=\"screen-reader-text\">Pol\u00edtica de cookies<\/span><\/a><\/p>\n","protected":false},"author":1,"featured_media":0,"parent":0,"menu_order":0,"comment_status":"closed","ping_status":"closed","template":"","meta":{"content-type":"","footnotes":""},"class_list":["post-11731","page","type-page","status-publish","hentry"],"yoast_head":"<!-- This site is optimized with the Yoast SEO plugin v27.1.1 - https:\/\/yoast.com\/product\/yoast-seo-wordpress\/ -->\n<title>Pol\u00edtica de cookies | Delta Tecnic &quot;Especialistas en masterbatch&quot;<\/title>\n<meta name=\"description\" content=\"Si tiene dudas o preguntas sobre esta Pol\u00edtica de Cookies, no dude en comunic\u00e1rnoslo a trav\u00e9s de la secci\u00f3n de Contacto.\" \/>\n<meta name=\"robots\" content=\"index, follow, max-snippet:-1, max-image-preview:large, max-video-preview:-1\" \/>\n<link rel=\"canonical\" href=\"https:\/\/deltatecnic.com\/es\/politica-de-cookies\/\" \/>\n<meta property=\"og:locale\" content=\"es_ES\" \/>\n<meta property=\"og:type\" content=\"article\" \/>\n<meta property=\"og:title\" content=\"Pol\u00edtica de cookies | Delta Tecnic &quot;Especialistas en masterbatch&quot;\" \/>\n<meta property=\"og:description\" content=\"Si tiene dudas o preguntas sobre esta Pol\u00edtica de Cookies, no dude en comunic\u00e1rnoslo a trav\u00e9s de la secci\u00f3n de Contacto.\" \/>\n<meta property=\"og:url\" content=\"https:\/\/deltatecnic.com\/es\/politica-de-cookies\/\" \/>\n<meta property=\"og:site_name\" content=\"Delta Tecnic\" \/>\n<meta property=\"article:modified_time\" content=\"2026-01-21T23:32:07+00:00\" \/>\n<meta name=\"twitter:card\" content=\"summary_large_image\" \/>\n<meta name=\"twitter:label1\" content=\"Tiempo de lectura\" \/>\n\t<meta name=\"twitter:data1\" content=\"5 minutos\" \/>\n<!-- \/ Yoast SEO plugin. -->","yoast_head_json":{"title":"Pol\u00edtica de cookies | Delta Tecnic \"Especialistas en masterbatch\"","description":"Si tiene dudas o preguntas sobre esta Pol\u00edtica de Cookies, no dude en comunic\u00e1rnoslo a trav\u00e9s de la secci\u00f3n de Contacto.","robots":{"index":"index","follow":"follow","max-snippet":"max-snippet:-1","max-image-preview":"max-image-preview:large","max-video-preview":"max-video-preview:-1"},"canonical":"https:\/\/deltatecnic.com\/es\/politica-de-cookies\/","og_locale":"es_ES","og_type":"article","og_title":"Pol\u00edtica de cookies | Delta Tecnic \"Especialistas en masterbatch\"","og_description":"Si tiene dudas o preguntas sobre esta Pol\u00edtica de Cookies, no dude en comunic\u00e1rnoslo a trav\u00e9s de la secci\u00f3n de Contacto.","og_url":"https:\/\/deltatecnic.com\/es\/politica-de-cookies\/","og_site_name":"Delta Tecnic","article_modified_time":"2026-01-21T23:32:07+00:00","twitter_card":"summary_large_image","twitter_misc":{"Tiempo de lectura":"5 minutos"},"schema":{"@context":"https:\/\/schema.org","@graph":[{"@type":"WebPage","@id":"https:\/\/deltatecnic.com\/es\/politica-de-cookies\/","url":"https:\/\/deltatecnic.com\/es\/politica-de-cookies\/","name":"Pol\u00edtica de cookies | Delta Tecnic \"Especialistas en masterbatch\"","isPartOf":{"@id":"https:\/\/deltatecnic.com\/es\/#website"},"datePublished":"2021-06-11T12:04:41+00:00","dateModified":"2026-01-21T23:32:07+00:00","description":"Si tiene dudas o preguntas sobre esta Pol\u00edtica de Cookies, no dude en comunic\u00e1rnoslo a trav\u00e9s de la secci\u00f3n de Contacto.","breadcrumb":{"@id":"https:\/\/deltatecnic.com\/es\/politica-de-cookies\/#breadcrumb"},"inLanguage":"es","potentialAction":[{"@type":"ReadAction","target":["https:\/\/deltatecnic.com\/es\/politica-de-cookies\/"]}]},{"@type":"BreadcrumbList","@id":"https:\/\/deltatecnic.com\/es\/politica-de-cookies\/#breadcrumb","itemListElement":[{"@type":"ListItem","position":1,"name":"Inici","item":"https:\/\/deltatecnic.com\/es\/"},{"@type":"ListItem","position":2,"name":"Pol\u00edtica de cookies"}]},{"@type":"WebSite","@id":"https:\/\/deltatecnic.com\/es\/#website","url":"https:\/\/deltatecnic.com\/es\/","name":"Delta Tecnic","description":"Bringing colour to life","potentialAction":[{"@type":"SearchAction","target":{"@type":"EntryPoint","urlTemplate":"https:\/\/deltatecnic.com\/es\/?s={search_term_string}"},"query-input":{"@type":"PropertyValueSpecification","valueRequired":true,"valueName":"search_term_string"}}],"inLanguage":"es"}]}},"_links":{"self":[{"href":"https:\/\/deltatecnic.com\/es\/wp-json\/wp\/v2\/pages\/11731","targetHints":{"allow":["GET"]}}],"collection":[{"href":"https:\/\/deltatecnic.com\/es\/wp-json\/wp\/v2\/pages"}],"about":[{"href":"https:\/\/deltatecnic.com\/es\/wp-json\/wp\/v2\/types\/page"}],"author":[{"embeddable":true,"href":"https:\/\/deltatecnic.com\/es\/wp-json\/wp\/v2\/users\/1"}],"replies":[{"embeddable":true,"href":"https:\/\/deltatecnic.com\/es\/wp-json\/wp\/v2\/comments?post=11731"}],"version-history":[{"count":2,"href":"https:\/\/deltatecnic.com\/es\/wp-json\/wp\/v2\/pages\/11731\/revisions"}],"predecessor-version":[{"id":20350,"href":"https:\/\/deltatecnic.com\/es\/wp-json\/wp\/v2\/pages\/11731\/revisions\/20350"}],"wp:attachment":[{"href":"https:\/\/deltatecnic.com\/es\/wp-json\/wp\/v2\/media?parent=11731"}],"curies":[{"name":"wp","href":"https:\/\/api.w.org\/{rel}","templated":true}]}}