{"id":11655,"date":"2021-02-10T12:36:59","date_gmt":"2021-02-10T11:36:59","guid":{"rendered":"https:\/\/deltatecnic.com\/delta-trading-cosmetics-2\/ronald-britton\/"},"modified":"2024-01-09T11:15:01","modified_gmt":"2024-01-09T10:15:01","slug":"ronald-britton","status":"publish","type":"page","link":"https:\/\/deltatecnic.com\/es\/trading-cosmetics\/ronald-britton\/","title":{"rendered":"Ronald Britton"},"content":{"rendered":"<p>[vc_row][vc_column][vc_single_image image=&#8221;13116&#8243; img_size=&#8221;full&#8221;][vc_separator border_width=&#8221;2&#8243;][vc_row_inner][vc_column_inner width=&#8221;1\/2&#8243;][vc_single_image image=&#8221;9039&#8243; img_size=&#8221;full&#8221; onclick=&#8221;custom_link&#8221; img_link_target=&#8221;_blank&#8221; link=&#8221;https:\/\/ronaldbritton.co.uk&#8221;][\/vc_column_inner][vc_column_inner width=&#8221;1\/2&#8243;][vc_single_image image=&#8221;9040&#8243; img_size=&#8221;large&#8221; alignment=&#8221;center&#8221;][\/vc_column_inner][\/vc_row_inner][vc_column_text]<span style=\"font-weight: 600;\">Ronald Britton es una empresa brit\u00e1nica y ha estado involucrada en el suministro de productos de purpurina al mercado del Reino Unido durante m\u00e1s de 40 a\u00f1os. En 2010, Ronald Britton Ltd reconoci\u00f3 que la purpurina pl\u00e1stica, debido a su tama\u00f1o, siendo 100% pl\u00e1stico y utilizada en aplicaciones de un solo uso, podr\u00eda contribuir a la contaminaci\u00f3n por micropl\u00e1sticos.<\/span><\/p>\n<p>Sin una alternativa cre\u00edble, Ronald Britton Ltd se embarc\u00f3 en un viaje para ser pionero en la industria y desarrollar una alternativa ecol\u00f3gica a la purpurina pl\u00e1stica, con el fin de brindar a los fabricantes y consumidores una opci\u00f3n viable para alejarse de la purpurina pl\u00e1stica tradicional. <a href=\"https:\/\/deltatecnic.com\/es\/trading-pigments\/bioglitter-sili\/\">Bioglitter<\/a><sup>\u00ae<\/sup> es la manifestaci\u00f3n de esta visi\u00f3n y un viaje para ofrecer en \u00faltima instancia una gama de brillos sin micropl\u00e1sticos que est\u00e1n certificados de forma independiente para biodegradarse en nuestros preciosos campos y v\u00edas fluviales.[\/vc_column_text][\/vc_column][\/vc_row]<\/p>\n","protected":false},"excerpt":{"rendered":"<p>[vc_row][vc_column][vc_single_image image=&#8221;13116&#8243; img_size=&#8221;full&#8221;][vc_separator border_width=&#8221;2&#8243;][vc_row_inner][vc_column_inner width=&#8221;1\/2&#8243;][vc_single_image image=&#8221;9039&#8243; img_size=&#8221;full&#8221; onclick=&#8221;custom_link&#8221; img_link_target=&#8221;_blank&#8221; link=&#8221;https:\/\/ronaldbritton.co.uk&#8221;][\/vc_column_inner][vc_column_inner width=&#8221;1\/2&#8243;][vc_single_image image=&#8221;9040&#8243; img_size=&#8221;large&#8221; alignment=&#8221;center&#8221;][\/vc_column_inner][\/vc_row_inner][vc_column_text]Ronald Britton es una empresa brit\u00e1nica y ha estado involucrada en el suministro de productos de purpurina al mercado del Reino Unido durante m\u00e1s de 40 a\u00f1os. En 2010, Ronald Britton Ltd reconoci\u00f3 que la purpurina pl\u00e1stica, debido a su tama\u00f1o, siendo &hellip; <a href=\"https:\/\/deltatecnic.com\/es\/trading-cosmetics\/ronald-britton\/\" class=\"more-link\" title=\"Continue reading <span class=\"screen-reader-text\">Ronald Britton<\/span>&#8220;>Continue reading <span class=\"screen-reader-text\">Ronald Britton<\/span><\/a><\/p>\n","protected":false},"author":1,"featured_media":0,"parent":11643,"menu_order":0,"comment_status":"closed","ping_status":"closed","template":"","meta":{"content-type":"","footnotes":""},"class_list":["post-11655","page","type-page","status-publish","hentry"],"yoast_head":"<!-- This site is optimized with the Yoast SEO plugin v27.1.1 - https:\/\/yoast.com\/product\/yoast-seo-wordpress\/ -->\n<title>Ronald Britton - Soluciones de productos cosm\u00e9ticos | Deltatenic<\/title>\n<meta name=\"description\" content=\"Ronald Britton suministra productos de purpurina. Bioglitter ofrece una gama de purpurinas sin micropl\u00e1sticos certificadas para biodegradarse\" \/>\n<meta name=\"robots\" content=\"index, follow, max-snippet:-1, max-image-preview:large, max-video-preview:-1\" \/>\n<link rel=\"canonical\" href=\"https:\/\/deltatecnic.com\/es\/trading-cosmetics\/ronald-britton\/\" \/>\n<meta property=\"og:locale\" content=\"es_ES\" \/>\n<meta property=\"og:type\" content=\"article\" \/>\n<meta property=\"og:title\" content=\"Ronald Britton - Soluciones de productos cosm\u00e9ticos | Deltatenic\" \/>\n<meta property=\"og:description\" content=\"Ronald Britton suministra productos de purpurina. Bioglitter ofrece una gama de purpurinas sin micropl\u00e1sticos certificadas para biodegradarse\" \/>\n<meta property=\"og:url\" content=\"https:\/\/deltatecnic.com\/es\/trading-cosmetics\/ronald-britton\/\" \/>\n<meta property=\"og:site_name\" content=\"Delta Tecnic\" \/>\n<meta property=\"article:modified_time\" content=\"2024-01-09T10:15:01+00:00\" \/>\n<meta name=\"twitter:card\" content=\"summary_large_image\" \/>\n<meta name=\"twitter:label1\" content=\"Tiempo de lectura\" \/>\n\t<meta name=\"twitter:data1\" content=\"2 minutos\" \/>\n<!-- \/ Yoast SEO plugin. -->","yoast_head_json":{"title":"Ronald Britton - Soluciones de productos cosm\u00e9ticos | Deltatenic","description":"Ronald Britton suministra productos de purpurina. Bioglitter ofrece una gama de purpurinas sin micropl\u00e1sticos certificadas para biodegradarse","robots":{"index":"index","follow":"follow","max-snippet":"max-snippet:-1","max-image-preview":"max-image-preview:large","max-video-preview":"max-video-preview:-1"},"canonical":"https:\/\/deltatecnic.com\/es\/trading-cosmetics\/ronald-britton\/","og_locale":"es_ES","og_type":"article","og_title":"Ronald Britton - Soluciones de productos cosm\u00e9ticos | Deltatenic","og_description":"Ronald Britton suministra productos de purpurina. Bioglitter ofrece una gama de purpurinas sin micropl\u00e1sticos certificadas para biodegradarse","og_url":"https:\/\/deltatecnic.com\/es\/trading-cosmetics\/ronald-britton\/","og_site_name":"Delta Tecnic","article_modified_time":"2024-01-09T10:15:01+00:00","twitter_card":"summary_large_image","twitter_misc":{"Tiempo de lectura":"2 minutos"},"schema":{"@context":"https:\/\/schema.org","@graph":[{"@type":"WebPage","@id":"https:\/\/deltatecnic.com\/es\/trading-cosmetics\/ronald-britton\/","url":"https:\/\/deltatecnic.com\/es\/trading-cosmetics\/ronald-britton\/","name":"Ronald Britton - Soluciones de productos cosm\u00e9ticos | Deltatenic","isPartOf":{"@id":"https:\/\/deltatecnic.com\/es\/#website"},"datePublished":"2021-02-10T11:36:59+00:00","dateModified":"2024-01-09T10:15:01+00:00","description":"Ronald Britton suministra productos de purpurina. Bioglitter ofrece una gama de purpurinas sin micropl\u00e1sticos certificadas para biodegradarse","breadcrumb":{"@id":"https:\/\/deltatecnic.com\/es\/trading-cosmetics\/ronald-britton\/#breadcrumb"},"inLanguage":"es","potentialAction":[{"@type":"ReadAction","target":["https:\/\/deltatecnic.com\/es\/trading-cosmetics\/ronald-britton\/"]}]},{"@type":"BreadcrumbList","@id":"https:\/\/deltatecnic.com\/es\/trading-cosmetics\/ronald-britton\/#breadcrumb","itemListElement":[{"@type":"ListItem","position":1,"name":"Inici","item":"https:\/\/deltatecnic.com\/es\/"},{"@type":"ListItem","position":2,"name":"Trading Cosmetics","item":"https:\/\/deltatecnic.com\/es\/trading-cosmetics\/"},{"@type":"ListItem","position":3,"name":"Ronald Britton"}]},{"@type":"WebSite","@id":"https:\/\/deltatecnic.com\/es\/#website","url":"https:\/\/deltatecnic.com\/es\/","name":"Delta Tecnic","description":"Bringing colour to life","potentialAction":[{"@type":"SearchAction","target":{"@type":"EntryPoint","urlTemplate":"https:\/\/deltatecnic.com\/es\/?s={search_term_string}"},"query-input":{"@type":"PropertyValueSpecification","valueRequired":true,"valueName":"search_term_string"}}],"inLanguage":"es"}]}},"_links":{"self":[{"href":"https:\/\/deltatecnic.com\/es\/wp-json\/wp\/v2\/pages\/11655","targetHints":{"allow":["GET"]}}],"collection":[{"href":"https:\/\/deltatecnic.com\/es\/wp-json\/wp\/v2\/pages"}],"about":[{"href":"https:\/\/deltatecnic.com\/es\/wp-json\/wp\/v2\/types\/page"}],"author":[{"embeddable":true,"href":"https:\/\/deltatecnic.com\/es\/wp-json\/wp\/v2\/users\/1"}],"replies":[{"embeddable":true,"href":"https:\/\/deltatecnic.com\/es\/wp-json\/wp\/v2\/comments?post=11655"}],"version-history":[{"count":0,"href":"https:\/\/deltatecnic.com\/es\/wp-json\/wp\/v2\/pages\/11655\/revisions"}],"up":[{"embeddable":true,"href":"https:\/\/deltatecnic.com\/es\/wp-json\/wp\/v2\/pages\/11643"}],"wp:attachment":[{"href":"https:\/\/deltatecnic.com\/es\/wp-json\/wp\/v2\/media?parent=11655"}],"curies":[{"name":"wp","href":"https:\/\/api.w.org\/{rel}","templated":true}]}}