{"id":11649,"date":"2021-02-03T13:23:37","date_gmt":"2021-02-03T12:23:37","guid":{"rendered":"https:\/\/deltatecnic.com\/delta-trading-cosmetics-2\/cabot\/"},"modified":"2024-11-13T12:12:56","modified_gmt":"2024-11-13T11:12:56","slug":"cabot","status":"publish","type":"page","link":"https:\/\/deltatecnic.com\/es\/trading-cosmetics\/cabot\/","title":{"rendered":"Cabot"},"content":{"rendered":"<p>[vc_row][vc_column][vc_single_image image=&#8221;13114&#8243; img_size=&#8221;full&#8221;][vc_separator border_width=&#8221;2&#8243;][vc_row_inner][vc_column_inner width=&#8221;1\/2&#8243;][vc_single_image image=&#8221;8497&#8243; img_size=&#8221;180&#215;50&#8243; onclick=&#8221;custom_link&#8221; img_link_target=&#8221;_blank&#8221; link=&#8221;https:\/\/www.cabotcorp.com\/solutions\/applications\/pharmaceuticals-and-personal-care\/skin-and-beauty-care&#8221;][\/vc_column_inner][vc_column_inner width=&#8221;1\/2&#8243;][vc_single_image image=&#8221;9037&#8243; img_size=&#8221;large&#8221; alignment=&#8221;center&#8221;][\/vc_column_inner][\/vc_row_inner][vc_column_text]<span style=\"font-weight: 600;\">Nuestro <a href=\"http:\/\/www.cabotcorp.com\/solutions\/products-plus\/fumed-metal-oxides\" target=\"_blank\" rel=\"noopener noreferrer\"><br \/>\n<strong>s\u00edlices pirog\u00e9nicas <sup>CAB-O-SIL<\/sup> <\/strong><br \/>\n<\/a> tienen propiedades \u00fanicas que son muy adecuadas para su uso en una amplia variedad de <a href=\"https:\/\/deltatecnic.com\/es\/trading-cosmetics\/\">productos cosm\u00e9ticos<\/a> y de cuidado personal, como antitranspirantes, productos para el cuidado del cabello y del cuerpo, cosm\u00e9ticos, fragancias y productos dentales.<\/span><\/p>\n<p>La s\u00edlice pirog\u00e9nica CAB-O-SIL es un aditivo vers\u00e1til y eficaz para lograr varias funciones importantes. Su gran superficie y su alta pureza pueden aportar ventajas \u00fanicas a las f\u00f3rmulas cosm\u00e9ticas y de cuidado personal.[\/vc_column_text][\/vc_column][\/vc_row]<\/p>\n","protected":false},"excerpt":{"rendered":"<p>[vc_row][vc_column][vc_single_image image=&#8221;13114&#8243; img_size=&#8221;full&#8221;][vc_separator border_width=&#8221;2&#8243;][vc_row_inner][vc_column_inner width=&#8221;1\/2&#8243;][vc_single_image image=&#8221;8497&#8243; img_size=&#8221;180&#215;50&#8243; onclick=&#8221;custom_link&#8221; img_link_target=&#8221;_blank&#8221; link=&#8221;https:\/\/www.cabotcorp.com\/solutions\/applications\/pharmaceuticals-and-personal-care\/skin-and-beauty-care&#8221;][\/vc_column_inner][vc_column_inner width=&#8221;1\/2&#8243;][vc_single_image image=&#8221;9037&#8243; img_size=&#8221;large&#8221; alignment=&#8221;center&#8221;][\/vc_column_inner][\/vc_row_inner][vc_column_text]Nuestro s\u00edlices pirog\u00e9nicas CAB-O-SIL tienen propiedades \u00fanicas que son muy adecuadas para su uso en una amplia variedad de productos cosm\u00e9ticos y de cuidado personal, como antitranspirantes, productos para el cuidado del cabello y del cuerpo, cosm\u00e9ticos, fragancias y productos dentales. La &hellip; <a href=\"https:\/\/deltatecnic.com\/es\/trading-cosmetics\/cabot\/\" class=\"more-link\" title=\"Continue reading <span class=\"screen-reader-text\">Cabot<\/span>&#8220;>Continue reading <span class=\"screen-reader-text\">Cabot<\/span><\/a><\/p>\n","protected":false},"author":1,"featured_media":0,"parent":11643,"menu_order":0,"comment_status":"closed","ping_status":"closed","template":"","meta":{"content-type":"","footnotes":""},"class_list":["post-11649","page","type-page","status-publish","hentry"],"yoast_head":"<!-- This site is optimized with the Yoast SEO plugin v27.1.1 - https:\/\/yoast.com\/product\/yoast-seo-wordpress\/ -->\n<title>Cabot | Trading Cosmetics | Masterbatch Delta Tecnic<\/title>\n<meta name=\"description\" content=\"Nuestros productos de s\u00edlice pirog\u00e9nica CAB-O-SIL\u00ae y al\u00famina pirog\u00e9nica SpectrAl\u00ae tienen propiedades \u00fanicas para su uso en una amplia variedad de productos cosm\u00e9ticos y de cuidado personal\" \/>\n<meta name=\"robots\" content=\"index, follow, max-snippet:-1, max-image-preview:large, max-video-preview:-1\" \/>\n<link rel=\"canonical\" href=\"https:\/\/deltatecnic.com\/es\/trading-cosmetics\/cabot\/\" \/>\n<meta property=\"og:locale\" content=\"es_ES\" \/>\n<meta property=\"og:type\" content=\"article\" \/>\n<meta property=\"og:title\" content=\"Cabot | Trading Cosmetics | Masterbatch Delta Tecnic\" \/>\n<meta property=\"og:description\" content=\"Nuestros productos de s\u00edlice pirog\u00e9nica CAB-O-SIL\u00ae y al\u00famina pirog\u00e9nica SpectrAl\u00ae tienen propiedades \u00fanicas para su uso en una amplia variedad de productos cosm\u00e9ticos y de cuidado personal\" \/>\n<meta property=\"og:url\" content=\"https:\/\/deltatecnic.com\/es\/trading-cosmetics\/cabot\/\" \/>\n<meta property=\"og:site_name\" content=\"Delta Tecnic\" \/>\n<meta property=\"article:modified_time\" content=\"2024-11-13T11:12:56+00:00\" \/>\n<meta name=\"twitter:card\" content=\"summary_large_image\" \/>\n<meta name=\"twitter:label1\" content=\"Tiempo de lectura\" \/>\n\t<meta name=\"twitter:data1\" content=\"1 minuto\" \/>\n<!-- \/ Yoast SEO plugin. -->","yoast_head_json":{"title":"Cabot | Trading Cosmetics | Masterbatch Delta Tecnic","description":"Nuestros productos de s\u00edlice pirog\u00e9nica CAB-O-SIL\u00ae y al\u00famina pirog\u00e9nica SpectrAl\u00ae tienen propiedades \u00fanicas para su uso en una amplia variedad de productos cosm\u00e9ticos y de cuidado personal","robots":{"index":"index","follow":"follow","max-snippet":"max-snippet:-1","max-image-preview":"max-image-preview:large","max-video-preview":"max-video-preview:-1"},"canonical":"https:\/\/deltatecnic.com\/es\/trading-cosmetics\/cabot\/","og_locale":"es_ES","og_type":"article","og_title":"Cabot | Trading Cosmetics | Masterbatch Delta Tecnic","og_description":"Nuestros productos de s\u00edlice pirog\u00e9nica CAB-O-SIL\u00ae y al\u00famina pirog\u00e9nica SpectrAl\u00ae tienen propiedades \u00fanicas para su uso en una amplia variedad de productos cosm\u00e9ticos y de cuidado personal","og_url":"https:\/\/deltatecnic.com\/es\/trading-cosmetics\/cabot\/","og_site_name":"Delta Tecnic","article_modified_time":"2024-11-13T11:12:56+00:00","twitter_card":"summary_large_image","twitter_misc":{"Tiempo de lectura":"1 minuto"},"schema":{"@context":"https:\/\/schema.org","@graph":[{"@type":"WebPage","@id":"https:\/\/deltatecnic.com\/es\/trading-cosmetics\/cabot\/","url":"https:\/\/deltatecnic.com\/es\/trading-cosmetics\/cabot\/","name":"Cabot | Trading Cosmetics | Masterbatch Delta Tecnic","isPartOf":{"@id":"https:\/\/deltatecnic.com\/es\/#website"},"datePublished":"2021-02-03T12:23:37+00:00","dateModified":"2024-11-13T11:12:56+00:00","description":"Nuestros productos de s\u00edlice pirog\u00e9nica CAB-O-SIL\u00ae y al\u00famina pirog\u00e9nica SpectrAl\u00ae tienen propiedades \u00fanicas para su uso en una amplia variedad de productos cosm\u00e9ticos y de cuidado personal","breadcrumb":{"@id":"https:\/\/deltatecnic.com\/es\/trading-cosmetics\/cabot\/#breadcrumb"},"inLanguage":"es","potentialAction":[{"@type":"ReadAction","target":["https:\/\/deltatecnic.com\/es\/trading-cosmetics\/cabot\/"]}]},{"@type":"BreadcrumbList","@id":"https:\/\/deltatecnic.com\/es\/trading-cosmetics\/cabot\/#breadcrumb","itemListElement":[{"@type":"ListItem","position":1,"name":"Inici","item":"https:\/\/deltatecnic.com\/es\/"},{"@type":"ListItem","position":2,"name":"Trading Cosmetics","item":"https:\/\/deltatecnic.com\/es\/trading-cosmetics\/"},{"@type":"ListItem","position":3,"name":"Cabot"}]},{"@type":"WebSite","@id":"https:\/\/deltatecnic.com\/es\/#website","url":"https:\/\/deltatecnic.com\/es\/","name":"Delta Tecnic","description":"Bringing colour to life","potentialAction":[{"@type":"SearchAction","target":{"@type":"EntryPoint","urlTemplate":"https:\/\/deltatecnic.com\/es\/?s={search_term_string}"},"query-input":{"@type":"PropertyValueSpecification","valueRequired":true,"valueName":"search_term_string"}}],"inLanguage":"es"}]}},"_links":{"self":[{"href":"https:\/\/deltatecnic.com\/es\/wp-json\/wp\/v2\/pages\/11649","targetHints":{"allow":["GET"]}}],"collection":[{"href":"https:\/\/deltatecnic.com\/es\/wp-json\/wp\/v2\/pages"}],"about":[{"href":"https:\/\/deltatecnic.com\/es\/wp-json\/wp\/v2\/types\/page"}],"author":[{"embeddable":true,"href":"https:\/\/deltatecnic.com\/es\/wp-json\/wp\/v2\/users\/1"}],"replies":[{"embeddable":true,"href":"https:\/\/deltatecnic.com\/es\/wp-json\/wp\/v2\/comments?post=11649"}],"version-history":[{"count":0,"href":"https:\/\/deltatecnic.com\/es\/wp-json\/wp\/v2\/pages\/11649\/revisions"}],"up":[{"embeddable":true,"href":"https:\/\/deltatecnic.com\/es\/wp-json\/wp\/v2\/pages\/11643"}],"wp:attachment":[{"href":"https:\/\/deltatecnic.com\/es\/wp-json\/wp\/v2\/media?parent=11649"}],"curies":[{"name":"wp","href":"https:\/\/api.w.org\/{rel}","templated":true}]}}