{"id":11647,"date":"2021-02-03T13:21:26","date_gmt":"2021-02-03T12:21:26","guid":{"rendered":"https:\/\/deltatecnic.com\/delta-trading-cosmetics-2\/eckart\/"},"modified":"2024-11-13T12:09:40","modified_gmt":"2024-11-13T11:09:40","slug":"eckart","status":"publish","type":"page","link":"https:\/\/deltatecnic.com\/es\/trading-cosmetics\/eckart\/","title":{"rendered":"Eckart"},"content":{"rendered":"<p>[vc_row][vc_column][vc_single_image image=&#8221;13116&#8243; img_size=&#8221;full&#8221;][vc_separator border_width=&#8221;2&#8243;][vc_row_inner][vc_column_inner width=&#8221;1\/2&#8243;][vc_single_image image=&#8221;8579&#8243; img_size=&#8221;full&#8221; onclick=&#8221;custom_link&#8221; img_link_target=&#8221;_blank&#8221; link=&#8221;https:\/\/www.eckart.net\/de\/en\/&#8221;][\/vc_column_inner][vc_column_inner width=&#8221;1\/2&#8243;][vc_single_image image=&#8221;16129&#8243; img_size=&#8221;large&#8221; alignment=&#8221;center&#8221;][\/vc_column_inner][\/vc_row_inner][vc_column_text]<span style=\"font-weight: 600;\">Los pigmentos perlados y met\u00e1licos, caracter\u00edsticas cl\u00e1sicas que orquestan la belleza, confieren a los polvos, las sombras de ojos, las lacas de u\u00f1as, los productos para el cuidado del cabello y los geles de ducha un fascinante efecto de brillo y una dimensi\u00f3n tangible \u00fanica, presentando as\u00ed oportunidades totalmente nuevas y haci\u00e9ndose indispensables para la fabricaci\u00f3n de los cosm\u00e9ticos actuales.<\/span><\/p>\n<p>El resultado es siempre impresionante: excelentes cosm\u00e9ticos para momentos brillantes.[\/vc_column_text][\/vc_column][\/vc_row]<\/p>\n","protected":false},"excerpt":{"rendered":"<p>[vc_row][vc_column][vc_single_image image=&#8221;13116&#8243; img_size=&#8221;full&#8221;][vc_separator border_width=&#8221;2&#8243;][vc_row_inner][vc_column_inner width=&#8221;1\/2&#8243;][vc_single_image image=&#8221;8579&#8243; img_size=&#8221;full&#8221; onclick=&#8221;custom_link&#8221; img_link_target=&#8221;_blank&#8221; link=&#8221;https:\/\/www.eckart.net\/de\/en\/&#8221;][\/vc_column_inner][vc_column_inner width=&#8221;1\/2&#8243;][vc_single_image image=&#8221;16129&#8243; img_size=&#8221;large&#8221; alignment=&#8221;center&#8221;][\/vc_column_inner][\/vc_row_inner][vc_column_text]Los pigmentos perlados y met\u00e1licos, caracter\u00edsticas cl\u00e1sicas que orquestan la belleza, confieren a los polvos, las sombras de ojos, las lacas de u\u00f1as, los productos para el cuidado del cabello y los geles de ducha un fascinante efecto de brillo y una &hellip; <a href=\"https:\/\/deltatecnic.com\/es\/trading-cosmetics\/eckart\/\" class=\"more-link\" title=\"Continue reading <span class=\"screen-reader-text\">Eckart<\/span>&#8220;>Continue reading <span class=\"screen-reader-text\">Eckart<\/span><\/a><\/p>\n","protected":false},"author":1,"featured_media":0,"parent":11643,"menu_order":0,"comment_status":"closed","ping_status":"closed","template":"","meta":{"content-type":"","footnotes":""},"class_list":["post-11647","page","type-page","status-publish","hentry"],"yoast_head":"<!-- This site is optimized with the Yoast SEO plugin v27.1.1 - https:\/\/yoast.com\/product\/yoast-seo-wordpress\/ -->\n<title>Eckart - Soluciones de productos cosm\u00e9ticos | Deltatenic<\/title>\n<meta name=\"description\" content=\"Pigmentos nacarados y met\u00e1licos. Confieren a polvos, sombras de ojos, lacas de u\u00f1as, productos para cabello y geles de ducha un fascinante efecto brillante\" \/>\n<meta name=\"robots\" content=\"index, follow, max-snippet:-1, max-image-preview:large, max-video-preview:-1\" \/>\n<link rel=\"canonical\" href=\"https:\/\/deltatecnic.com\/es\/trading-cosmetics\/eckart\/\" \/>\n<meta property=\"og:locale\" content=\"es_ES\" \/>\n<meta property=\"og:type\" content=\"article\" \/>\n<meta property=\"og:title\" content=\"Eckart - Soluciones de productos cosm\u00e9ticos | Deltatenic\" \/>\n<meta property=\"og:description\" content=\"Pigmentos nacarados y met\u00e1licos. Confieren a polvos, sombras de ojos, lacas de u\u00f1as, productos para cabello y geles de ducha un fascinante efecto brillante\" \/>\n<meta property=\"og:url\" content=\"https:\/\/deltatecnic.com\/es\/trading-cosmetics\/eckart\/\" \/>\n<meta property=\"og:site_name\" content=\"Delta Tecnic\" \/>\n<meta property=\"article:modified_time\" content=\"2024-11-13T11:09:40+00:00\" \/>\n<meta name=\"twitter:card\" content=\"summary_large_image\" \/>\n<meta name=\"twitter:label1\" content=\"Tiempo de lectura\" \/>\n\t<meta name=\"twitter:data1\" content=\"1 minuto\" \/>\n<!-- \/ Yoast SEO plugin. -->","yoast_head_json":{"title":"Eckart - Soluciones de productos cosm\u00e9ticos | Deltatenic","description":"Pigmentos nacarados y met\u00e1licos. Confieren a polvos, sombras de ojos, lacas de u\u00f1as, productos para cabello y geles de ducha un fascinante efecto brillante","robots":{"index":"index","follow":"follow","max-snippet":"max-snippet:-1","max-image-preview":"max-image-preview:large","max-video-preview":"max-video-preview:-1"},"canonical":"https:\/\/deltatecnic.com\/es\/trading-cosmetics\/eckart\/","og_locale":"es_ES","og_type":"article","og_title":"Eckart - Soluciones de productos cosm\u00e9ticos | Deltatenic","og_description":"Pigmentos nacarados y met\u00e1licos. Confieren a polvos, sombras de ojos, lacas de u\u00f1as, productos para cabello y geles de ducha un fascinante efecto brillante","og_url":"https:\/\/deltatecnic.com\/es\/trading-cosmetics\/eckart\/","og_site_name":"Delta Tecnic","article_modified_time":"2024-11-13T11:09:40+00:00","twitter_card":"summary_large_image","twitter_misc":{"Tiempo de lectura":"1 minuto"},"schema":{"@context":"https:\/\/schema.org","@graph":[{"@type":"WebPage","@id":"https:\/\/deltatecnic.com\/es\/trading-cosmetics\/eckart\/","url":"https:\/\/deltatecnic.com\/es\/trading-cosmetics\/eckart\/","name":"Eckart - Soluciones de productos cosm\u00e9ticos | Deltatenic","isPartOf":{"@id":"https:\/\/deltatecnic.com\/es\/#website"},"datePublished":"2021-02-03T12:21:26+00:00","dateModified":"2024-11-13T11:09:40+00:00","description":"Pigmentos nacarados y met\u00e1licos. Confieren a polvos, sombras de ojos, lacas de u\u00f1as, productos para cabello y geles de ducha un fascinante efecto brillante","breadcrumb":{"@id":"https:\/\/deltatecnic.com\/es\/trading-cosmetics\/eckart\/#breadcrumb"},"inLanguage":"es","potentialAction":[{"@type":"ReadAction","target":["https:\/\/deltatecnic.com\/es\/trading-cosmetics\/eckart\/"]}]},{"@type":"BreadcrumbList","@id":"https:\/\/deltatecnic.com\/es\/trading-cosmetics\/eckart\/#breadcrumb","itemListElement":[{"@type":"ListItem","position":1,"name":"Inici","item":"https:\/\/deltatecnic.com\/es\/"},{"@type":"ListItem","position":2,"name":"Trading Cosmetics","item":"https:\/\/deltatecnic.com\/es\/trading-cosmetics\/"},{"@type":"ListItem","position":3,"name":"Eckart"}]},{"@type":"WebSite","@id":"https:\/\/deltatecnic.com\/es\/#website","url":"https:\/\/deltatecnic.com\/es\/","name":"Delta Tecnic","description":"Bringing colour to life","potentialAction":[{"@type":"SearchAction","target":{"@type":"EntryPoint","urlTemplate":"https:\/\/deltatecnic.com\/es\/?s={search_term_string}"},"query-input":{"@type":"PropertyValueSpecification","valueRequired":true,"valueName":"search_term_string"}}],"inLanguage":"es"}]}},"_links":{"self":[{"href":"https:\/\/deltatecnic.com\/es\/wp-json\/wp\/v2\/pages\/11647","targetHints":{"allow":["GET"]}}],"collection":[{"href":"https:\/\/deltatecnic.com\/es\/wp-json\/wp\/v2\/pages"}],"about":[{"href":"https:\/\/deltatecnic.com\/es\/wp-json\/wp\/v2\/types\/page"}],"author":[{"embeddable":true,"href":"https:\/\/deltatecnic.com\/es\/wp-json\/wp\/v2\/users\/1"}],"replies":[{"embeddable":true,"href":"https:\/\/deltatecnic.com\/es\/wp-json\/wp\/v2\/comments?post=11647"}],"version-history":[{"count":0,"href":"https:\/\/deltatecnic.com\/es\/wp-json\/wp\/v2\/pages\/11647\/revisions"}],"up":[{"embeddable":true,"href":"https:\/\/deltatecnic.com\/es\/wp-json\/wp\/v2\/pages\/11643"}],"wp:attachment":[{"href":"https:\/\/deltatecnic.com\/es\/wp-json\/wp\/v2\/media?parent=11647"}],"curies":[{"name":"wp","href":"https:\/\/api.w.org\/{rel}","templated":true}]}}