{"id":11643,"date":"2021-02-03T13:13:27","date_gmt":"2021-02-03T12:13:27","guid":{"rendered":"https:\/\/deltatecnic.com\/delta-trading-cosmetics-2\/"},"modified":"2024-03-22T09:30:48","modified_gmt":"2024-03-22T08:30:48","slug":"trading-cosmetics","status":"publish","type":"page","link":"https:\/\/deltatecnic.com\/es\/trading-cosmetics\/","title":{"rendered":"Trading Cosmetics"},"content":{"rendered":"<p>[vc_row][vc_column][vc_single_image image=&#8221;13116&#8243; img_size=&#8221;full&#8221;][vc_column_text css=&#8221;.vc_custom_1636717484896{padding-bottom: 0px !important;}&#8221;]<span style=\"font-weight: 600;\">Estamos especializados en la distribuci\u00f3n exclusiva de productos con propiedades \u00fanicas aptos para su uso en una amplia variedad de productos cosm\u00e9ticos y de cuidado personal que presentan oportunidades totalmente nuevas para la fabricaci\u00f3n de los cosm\u00e9ticos actuales.<\/span>[\/vc_column_text][\/vc_column][\/vc_row]<\/p>\n","protected":false},"excerpt":{"rendered":"<p>[vc_row][vc_column][vc_single_image image=&#8221;13116&#8243; img_size=&#8221;full&#8221;][vc_column_text css=&#8221;.vc_custom_1636717484896{padding-bottom: 0px !important;}&#8221;]Estamos especializados en la distribuci\u00f3n exclusiva de productos con propiedades \u00fanicas aptos para su uso en una amplia variedad de productos cosm\u00e9ticos y de cuidado personal que presentan oportunidades totalmente nuevas para la fabricaci\u00f3n de los cosm\u00e9ticos actuales.[\/vc_column_text][\/vc_column][\/vc_row]<\/p>\n","protected":false},"author":1,"featured_media":0,"parent":0,"menu_order":0,"comment_status":"closed","ping_status":"closed","template":"","meta":{"content-type":"","footnotes":""},"class_list":["post-11643","page","type-page","status-publish","hentry"],"yoast_head":"<!-- This site is optimized with the Yoast SEO plugin v27.1.1 - https:\/\/yoast.com\/product\/yoast-seo-wordpress\/ -->\n<title>Productos cosm\u00e9ticos | Masterbatch de color - Deltatecnic<\/title>\n<meta name=\"description\" content=\"Especializada en la distribuci\u00f3n exclusiva de productos con propiedades \u00fanicas adecuados para su uso en productos cosm\u00e9ticos y de cuidado personal\" \/>\n<meta name=\"robots\" content=\"index, follow, max-snippet:-1, max-image-preview:large, max-video-preview:-1\" \/>\n<link rel=\"canonical\" href=\"https:\/\/deltatecnic.com\/es\/trading-cosmetics\/\" \/>\n<meta property=\"og:locale\" content=\"es_ES\" \/>\n<meta property=\"og:type\" content=\"article\" \/>\n<meta property=\"og:title\" content=\"Productos cosm\u00e9ticos | Masterbatch de color - Deltatecnic\" \/>\n<meta property=\"og:description\" content=\"Especializada en la distribuci\u00f3n exclusiva de productos con propiedades \u00fanicas adecuados para su uso en productos cosm\u00e9ticos y de cuidado personal\" \/>\n<meta property=\"og:url\" content=\"https:\/\/deltatecnic.com\/es\/trading-cosmetics\/\" \/>\n<meta property=\"og:site_name\" content=\"Delta Tecnic\" \/>\n<meta property=\"article:modified_time\" content=\"2024-03-22T08:30:48+00:00\" \/>\n<meta name=\"twitter:card\" content=\"summary_large_image\" \/>\n<meta name=\"twitter:label1\" content=\"Tiempo de lectura\" \/>\n\t<meta name=\"twitter:data1\" content=\"1 minuto\" \/>\n<!-- \/ Yoast SEO plugin. -->","yoast_head_json":{"title":"Productos cosm\u00e9ticos | Masterbatch de color - Deltatecnic","description":"Especializada en la distribuci\u00f3n exclusiva de productos con propiedades \u00fanicas adecuados para su uso en productos cosm\u00e9ticos y de cuidado personal","robots":{"index":"index","follow":"follow","max-snippet":"max-snippet:-1","max-image-preview":"max-image-preview:large","max-video-preview":"max-video-preview:-1"},"canonical":"https:\/\/deltatecnic.com\/es\/trading-cosmetics\/","og_locale":"es_ES","og_type":"article","og_title":"Productos cosm\u00e9ticos | Masterbatch de color - Deltatecnic","og_description":"Especializada en la distribuci\u00f3n exclusiva de productos con propiedades \u00fanicas adecuados para su uso en productos cosm\u00e9ticos y de cuidado personal","og_url":"https:\/\/deltatecnic.com\/es\/trading-cosmetics\/","og_site_name":"Delta Tecnic","article_modified_time":"2024-03-22T08:30:48+00:00","twitter_card":"summary_large_image","twitter_misc":{"Tiempo de lectura":"1 minuto"},"schema":{"@context":"https:\/\/schema.org","@graph":[{"@type":"WebPage","@id":"https:\/\/deltatecnic.com\/es\/trading-cosmetics\/","url":"https:\/\/deltatecnic.com\/es\/trading-cosmetics\/","name":"Productos cosm\u00e9ticos | Masterbatch de color - Deltatecnic","isPartOf":{"@id":"https:\/\/deltatecnic.com\/es\/#website"},"datePublished":"2021-02-03T12:13:27+00:00","dateModified":"2024-03-22T08:30:48+00:00","description":"Especializada en la distribuci\u00f3n exclusiva de productos con propiedades \u00fanicas adecuados para su uso en productos cosm\u00e9ticos y de cuidado personal","breadcrumb":{"@id":"https:\/\/deltatecnic.com\/es\/trading-cosmetics\/#breadcrumb"},"inLanguage":"es","potentialAction":[{"@type":"ReadAction","target":["https:\/\/deltatecnic.com\/es\/trading-cosmetics\/"]}]},{"@type":"BreadcrumbList","@id":"https:\/\/deltatecnic.com\/es\/trading-cosmetics\/#breadcrumb","itemListElement":[{"@type":"ListItem","position":1,"name":"Inici","item":"https:\/\/deltatecnic.com\/es\/"},{"@type":"ListItem","position":2,"name":"Trading Cosmetics"}]},{"@type":"WebSite","@id":"https:\/\/deltatecnic.com\/es\/#website","url":"https:\/\/deltatecnic.com\/es\/","name":"Delta Tecnic","description":"Bringing colour to life","potentialAction":[{"@type":"SearchAction","target":{"@type":"EntryPoint","urlTemplate":"https:\/\/deltatecnic.com\/es\/?s={search_term_string}"},"query-input":{"@type":"PropertyValueSpecification","valueRequired":true,"valueName":"search_term_string"}}],"inLanguage":"es"}]}},"_links":{"self":[{"href":"https:\/\/deltatecnic.com\/es\/wp-json\/wp\/v2\/pages\/11643","targetHints":{"allow":["GET"]}}],"collection":[{"href":"https:\/\/deltatecnic.com\/es\/wp-json\/wp\/v2\/pages"}],"about":[{"href":"https:\/\/deltatecnic.com\/es\/wp-json\/wp\/v2\/types\/page"}],"author":[{"embeddable":true,"href":"https:\/\/deltatecnic.com\/es\/wp-json\/wp\/v2\/users\/1"}],"replies":[{"embeddable":true,"href":"https:\/\/deltatecnic.com\/es\/wp-json\/wp\/v2\/comments?post=11643"}],"version-history":[{"count":0,"href":"https:\/\/deltatecnic.com\/es\/wp-json\/wp\/v2\/pages\/11643\/revisions"}],"wp:attachment":[{"href":"https:\/\/deltatecnic.com\/es\/wp-json\/wp\/v2\/media?parent=11643"}],"curies":[{"name":"wp","href":"https:\/\/api.w.org\/{rel}","templated":true}]}}