{"id":11637,"date":"2021-01-21T11:03:32","date_gmt":"2021-01-21T10:03:32","guid":{"rendered":"https:\/\/deltatecnic.com\/delta-trading-pigments-2\/aralon\/"},"modified":"2024-03-22T09:26:44","modified_gmt":"2024-03-22T08:26:44","slug":"aralon","status":"publish","type":"page","link":"https:\/\/deltatecnic.com\/es\/trading-pigments\/aralon\/","title":{"rendered":"Aralon"},"content":{"rendered":"<p>[vc_row][vc_column][vc_single_image image=&#8221;13119&#8243; img_size=&#8221;full&#8221;][vc_separator border_width=&#8221;2&#8243;][vc_row_inner][vc_column_inner width=&#8221;1\/2&#8243;][vc_single_image image=&#8221;8604&#8243; img_size=&#8221;180&#215;143&#8243; onclick=&#8221;custom_link&#8221; img_link_target=&#8221;_blank&#8221; link=&#8221;https:\/\/www.araloncolour.com\/en\/&#8221;][\/vc_column_inner][vc_column_inner width=&#8221;1\/2&#8243;][vc_single_image image=&#8221;9025&#8243; img_size=&#8221;large&#8221; alignment=&#8221;center&#8221;][\/vc_column_inner][\/vc_row_inner][vc_column_text]<span style=\"font-weight: 600;\">Aralon Color opera una combinaci\u00f3n \u00fanica de tecnolog\u00edas para el encapsulado de tintes y pigmentos en diferentes matrices polim\u00e9ricas producidas especialmente para sus aplicaciones objetivo con las siguientes ventajas competitivas: innovaci\u00f3n, productos de alta calidad, servicio y precio competitivo.<\/span>[\/vc_column_text][\/vc_column][\/vc_row]<\/p>\n","protected":false},"excerpt":{"rendered":"<p>[vc_row][vc_column][vc_single_image image=&#8221;13119&#8243; img_size=&#8221;full&#8221;][vc_separator border_width=&#8221;2&#8243;][vc_row_inner][vc_column_inner width=&#8221;1\/2&#8243;][vc_single_image image=&#8221;8604&#8243; img_size=&#8221;180&#215;143&#8243; onclick=&#8221;custom_link&#8221; img_link_target=&#8221;_blank&#8221; link=&#8221;https:\/\/www.araloncolour.com\/en\/&#8221;][\/vc_column_inner][vc_column_inner width=&#8221;1\/2&#8243;][vc_single_image image=&#8221;9025&#8243; img_size=&#8221;large&#8221; alignment=&#8221;center&#8221;][\/vc_column_inner][\/vc_row_inner][vc_column_text]Aralon Color opera una combinaci\u00f3n \u00fanica de tecnolog\u00edas para el encapsulado de tintes y pigmentos en diferentes matrices polim\u00e9ricas producidas especialmente para sus aplicaciones objetivo con las siguientes ventajas competitivas: innovaci\u00f3n, productos de alta calidad, servicio y precio competitivo.[\/vc_column_text][\/vc_column][\/vc_row]<\/p>\n","protected":false},"author":1,"featured_media":0,"parent":11623,"menu_order":0,"comment_status":"closed","ping_status":"closed","template":"","meta":{"content-type":"","footnotes":""},"class_list":["post-11637","page","type-page","status-publish","hentry"],"yoast_head":"<!-- This site is optimized with the Yoast SEO plugin v27.1.1 - https:\/\/yoast.com\/product\/yoast-seo-wordpress\/ -->\n<title>Aralon | Especialistas en pigmentos de color y efectos<\/title>\n<meta name=\"description\" content=\"Aralon Color opera una combinaci\u00f3n \u00fanica de tecnolog\u00edas para el encapsulado de tintes y pigmentos en diferentes matrices polim\u00e9ricas.\" \/>\n<meta name=\"robots\" content=\"index, follow, max-snippet:-1, max-image-preview:large, max-video-preview:-1\" \/>\n<link rel=\"canonical\" href=\"https:\/\/deltatecnic.com\/es\/trading-pigments\/aralon\/\" \/>\n<meta property=\"og:locale\" content=\"es_ES\" \/>\n<meta property=\"og:type\" content=\"article\" \/>\n<meta property=\"og:title\" content=\"Aralon | Especialistas en pigmentos de color y efectos\" \/>\n<meta property=\"og:description\" content=\"Aralon Color opera una combinaci\u00f3n \u00fanica de tecnolog\u00edas para el encapsulado de tintes y pigmentos en diferentes matrices polim\u00e9ricas.\" \/>\n<meta property=\"og:url\" content=\"https:\/\/deltatecnic.com\/es\/trading-pigments\/aralon\/\" \/>\n<meta property=\"og:site_name\" content=\"Delta Tecnic\" \/>\n<meta property=\"article:modified_time\" content=\"2024-03-22T08:26:44+00:00\" \/>\n<meta name=\"twitter:card\" content=\"summary_large_image\" \/>\n<meta name=\"twitter:label1\" content=\"Tiempo de lectura\" \/>\n\t<meta name=\"twitter:data1\" content=\"1 minuto\" \/>\n<!-- \/ Yoast SEO plugin. -->","yoast_head_json":{"title":"Aralon | Especialistas en pigmentos de color y efectos","description":"Aralon Color opera una combinaci\u00f3n \u00fanica de tecnolog\u00edas para el encapsulado de tintes y pigmentos en diferentes matrices polim\u00e9ricas.","robots":{"index":"index","follow":"follow","max-snippet":"max-snippet:-1","max-image-preview":"max-image-preview:large","max-video-preview":"max-video-preview:-1"},"canonical":"https:\/\/deltatecnic.com\/es\/trading-pigments\/aralon\/","og_locale":"es_ES","og_type":"article","og_title":"Aralon | Especialistas en pigmentos de color y efectos","og_description":"Aralon Color opera una combinaci\u00f3n \u00fanica de tecnolog\u00edas para el encapsulado de tintes y pigmentos en diferentes matrices polim\u00e9ricas.","og_url":"https:\/\/deltatecnic.com\/es\/trading-pigments\/aralon\/","og_site_name":"Delta Tecnic","article_modified_time":"2024-03-22T08:26:44+00:00","twitter_card":"summary_large_image","twitter_misc":{"Tiempo de lectura":"1 minuto"},"schema":{"@context":"https:\/\/schema.org","@graph":[{"@type":"WebPage","@id":"https:\/\/deltatecnic.com\/es\/trading-pigments\/aralon\/","url":"https:\/\/deltatecnic.com\/es\/trading-pigments\/aralon\/","name":"Aralon | Especialistas en pigmentos de color y efectos","isPartOf":{"@id":"https:\/\/deltatecnic.com\/es\/#website"},"datePublished":"2021-01-21T10:03:32+00:00","dateModified":"2024-03-22T08:26:44+00:00","description":"Aralon Color opera una combinaci\u00f3n \u00fanica de tecnolog\u00edas para el encapsulado de tintes y pigmentos en diferentes matrices polim\u00e9ricas.","breadcrumb":{"@id":"https:\/\/deltatecnic.com\/es\/trading-pigments\/aralon\/#breadcrumb"},"inLanguage":"es","potentialAction":[{"@type":"ReadAction","target":["https:\/\/deltatecnic.com\/es\/trading-pigments\/aralon\/"]}]},{"@type":"BreadcrumbList","@id":"https:\/\/deltatecnic.com\/es\/trading-pigments\/aralon\/#breadcrumb","itemListElement":[{"@type":"ListItem","position":1,"name":"Inici","item":"https:\/\/deltatecnic.com\/es\/"},{"@type":"ListItem","position":2,"name":"Pigmentos comerciales","item":"https:\/\/deltatecnic.com\/es\/trading-pigments\/"},{"@type":"ListItem","position":3,"name":"Aralon"}]},{"@type":"WebSite","@id":"https:\/\/deltatecnic.com\/es\/#website","url":"https:\/\/deltatecnic.com\/es\/","name":"Delta Tecnic","description":"Bringing colour to life","potentialAction":[{"@type":"SearchAction","target":{"@type":"EntryPoint","urlTemplate":"https:\/\/deltatecnic.com\/es\/?s={search_term_string}"},"query-input":{"@type":"PropertyValueSpecification","valueRequired":true,"valueName":"search_term_string"}}],"inLanguage":"es"}]}},"_links":{"self":[{"href":"https:\/\/deltatecnic.com\/es\/wp-json\/wp\/v2\/pages\/11637","targetHints":{"allow":["GET"]}}],"collection":[{"href":"https:\/\/deltatecnic.com\/es\/wp-json\/wp\/v2\/pages"}],"about":[{"href":"https:\/\/deltatecnic.com\/es\/wp-json\/wp\/v2\/types\/page"}],"author":[{"embeddable":true,"href":"https:\/\/deltatecnic.com\/es\/wp-json\/wp\/v2\/users\/1"}],"replies":[{"embeddable":true,"href":"https:\/\/deltatecnic.com\/es\/wp-json\/wp\/v2\/comments?post=11637"}],"version-history":[{"count":0,"href":"https:\/\/deltatecnic.com\/es\/wp-json\/wp\/v2\/pages\/11637\/revisions"}],"up":[{"embeddable":true,"href":"https:\/\/deltatecnic.com\/es\/wp-json\/wp\/v2\/pages\/11623"}],"wp:attachment":[{"href":"https:\/\/deltatecnic.com\/es\/wp-json\/wp\/v2\/media?parent=11637"}],"curies":[{"name":"wp","href":"https:\/\/api.w.org\/{rel}","templated":true}]}}