{"id":11629,"date":"2021-01-21T10:49:10","date_gmt":"2021-01-21T09:49:10","guid":{"rendered":"https:\/\/deltatecnic.com\/delta-trading-pigments-2\/cabot\/"},"modified":"2024-04-12T12:44:25","modified_gmt":"2024-04-12T10:44:25","slug":"cabot","status":"publish","type":"page","link":"https:\/\/deltatecnic.com\/es\/trading-pigments\/cabot\/","title":{"rendered":"Cabot"},"content":{"rendered":"<p>[vc_row][vc_column][vc_single_image image=&#8221;13117&#8243; img_size=&#8221;full&#8221;][vc_separator border_width=&#8221;2&#8243;][vc_row_inner][vc_column_inner width=&#8221;1\/2&#8243;][vc_single_image image=&#8221;8497&#8243; img_size=&#8221;180&#215;50&#8243; onclick=&#8221;custom_link&#8221; img_link_target=&#8221;_blank&#8221; link=&#8221;https:\/\/www.cabotcorp.com\/&#8221;][\/vc_column_inner][vc_column_inner width=&#8221;1\/2&#8243;][vc_single_image image=&#8221;9017&#8243; img_size=&#8221;large&#8221; alignment=&#8221;center&#8221;][\/vc_column_inner][\/vc_row_inner][vc_column_text]<span style=\"font-weight: 600;\"><a href=\"https:\/\/deltatecnic.com\/es\/trading-plastics\/cabot\/\">Cabot<\/a> Corporation es una empresa l\u00edder mundial en productos qu\u00edmicos especializados y materiales de rendimiento con sede en Boston, Massachusetts, Estados Unidos. Durante m\u00e1s de 135 a\u00f1os, ha aportado valor e innovaci\u00f3n a sus clientes con un profundo conocimiento de sus sectores y de las tendencias mundiales que repercuten en sus operaciones.  <\/span>Cabot es una empresa de empresa a empresa con aproximadamente 4500 empleados y m\u00e1s de 40 plantas de fabricaci\u00f3n en m\u00e1s de 20 pa\u00edses.<\/p>\n<p>Ofrecemos a nuestros clientes una amplia gama de productos, como carbones especiales, \u00f3xidos met\u00e1licos pirog\u00e9nicos y aerogeles.<\/p>\n<p>Nuestros clientes aprecian las posiciones de liderazgo mundial de CABOT en las industrias a las que servimos, y nuestro compromiso de ayudarles a crecer dondequiera que hagan negocios.[\/vc_column_text][\/vc_column][\/vc_row]<\/p>\n","protected":false},"excerpt":{"rendered":"<p>[vc_row][vc_column][vc_single_image image=&#8221;13117&#8243; img_size=&#8221;full&#8221;][vc_separator border_width=&#8221;2&#8243;][vc_row_inner][vc_column_inner width=&#8221;1\/2&#8243;][vc_single_image image=&#8221;8497&#8243; img_size=&#8221;180&#215;50&#8243; onclick=&#8221;custom_link&#8221; img_link_target=&#8221;_blank&#8221; link=&#8221;https:\/\/www.cabotcorp.com\/&#8221;][\/vc_column_inner][vc_column_inner width=&#8221;1\/2&#8243;][vc_single_image image=&#8221;9017&#8243; img_size=&#8221;large&#8221; alignment=&#8221;center&#8221;][\/vc_column_inner][\/vc_row_inner][vc_column_text]Cabot Corporation es una empresa l\u00edder mundial en productos qu\u00edmicos especializados y materiales de rendimiento con sede en Boston, Massachusetts, Estados Unidos. Durante m\u00e1s de 135 a\u00f1os, ha aportado valor e innovaci\u00f3n a sus clientes con un profundo conocimiento de sus sectores &hellip; <a href=\"https:\/\/deltatecnic.com\/es\/trading-pigments\/cabot\/\" class=\"more-link\" title=\"Continue reading <span class=\"screen-reader-text\">Cabot<\/span>&#8220;>Continue reading <span class=\"screen-reader-text\">Cabot<\/span><\/a><\/p>\n","protected":false},"author":1,"featured_media":0,"parent":11623,"menu_order":0,"comment_status":"closed","ping_status":"closed","template":"","meta":{"content-type":"","footnotes":""},"class_list":["post-11629","page","type-page","status-publish","hentry"],"yoast_head":"<!-- This site is optimized with the Yoast SEO plugin v27.1.1 - https:\/\/yoast.com\/product\/yoast-seo-wordpress\/ -->\n<title>Cabot | Pigmentos comerciales | Masterbatch Delta Tecnic<\/title>\n<meta name=\"description\" content=\"Ofrecemos una amplia gama de productos, como caucho y carbones especiales, aerogel, masterbatches y compuestos conductores, tintes para inyecci\u00f3n de tinta y grafenos.\" \/>\n<meta name=\"robots\" content=\"index, follow, max-snippet:-1, max-image-preview:large, max-video-preview:-1\" \/>\n<link rel=\"canonical\" href=\"https:\/\/deltatecnic.com\/es\/trading-pigments\/cabot\/\" \/>\n<meta property=\"og:locale\" content=\"es_ES\" \/>\n<meta property=\"og:type\" content=\"article\" \/>\n<meta property=\"og:title\" content=\"Cabot | Pigmentos comerciales | Masterbatch Delta Tecnic\" \/>\n<meta property=\"og:description\" content=\"Ofrecemos una amplia gama de productos, como caucho y carbones especiales, aerogel, masterbatches y compuestos conductores, tintes para inyecci\u00f3n de tinta y grafenos.\" \/>\n<meta property=\"og:url\" content=\"https:\/\/deltatecnic.com\/es\/trading-pigments\/cabot\/\" \/>\n<meta property=\"og:site_name\" content=\"Delta Tecnic\" \/>\n<meta property=\"article:modified_time\" content=\"2024-04-12T10:44:25+00:00\" \/>\n<meta name=\"twitter:card\" content=\"summary_large_image\" \/>\n<meta name=\"twitter:label1\" content=\"Tiempo de lectura\" \/>\n\t<meta name=\"twitter:data1\" content=\"2 minutos\" \/>\n<!-- \/ Yoast SEO plugin. -->","yoast_head_json":{"title":"Cabot | Pigmentos comerciales | Masterbatch Delta Tecnic","description":"Ofrecemos una amplia gama de productos, como caucho y carbones especiales, aerogel, masterbatches y compuestos conductores, tintes para inyecci\u00f3n de tinta y grafenos.","robots":{"index":"index","follow":"follow","max-snippet":"max-snippet:-1","max-image-preview":"max-image-preview:large","max-video-preview":"max-video-preview:-1"},"canonical":"https:\/\/deltatecnic.com\/es\/trading-pigments\/cabot\/","og_locale":"es_ES","og_type":"article","og_title":"Cabot | Pigmentos comerciales | Masterbatch Delta Tecnic","og_description":"Ofrecemos una amplia gama de productos, como caucho y carbones especiales, aerogel, masterbatches y compuestos conductores, tintes para inyecci\u00f3n de tinta y grafenos.","og_url":"https:\/\/deltatecnic.com\/es\/trading-pigments\/cabot\/","og_site_name":"Delta Tecnic","article_modified_time":"2024-04-12T10:44:25+00:00","twitter_card":"summary_large_image","twitter_misc":{"Tiempo de lectura":"2 minutos"},"schema":{"@context":"https:\/\/schema.org","@graph":[{"@type":"WebPage","@id":"https:\/\/deltatecnic.com\/es\/trading-pigments\/cabot\/","url":"https:\/\/deltatecnic.com\/es\/trading-pigments\/cabot\/","name":"Cabot | Pigmentos comerciales | Masterbatch Delta Tecnic","isPartOf":{"@id":"https:\/\/deltatecnic.com\/es\/#website"},"datePublished":"2021-01-21T09:49:10+00:00","dateModified":"2024-04-12T10:44:25+00:00","description":"Ofrecemos una amplia gama de productos, como caucho y carbones especiales, aerogel, masterbatches y compuestos conductores, tintes para inyecci\u00f3n de tinta y grafenos.","breadcrumb":{"@id":"https:\/\/deltatecnic.com\/es\/trading-pigments\/cabot\/#breadcrumb"},"inLanguage":"es","potentialAction":[{"@type":"ReadAction","target":["https:\/\/deltatecnic.com\/es\/trading-pigments\/cabot\/"]}]},{"@type":"BreadcrumbList","@id":"https:\/\/deltatecnic.com\/es\/trading-pigments\/cabot\/#breadcrumb","itemListElement":[{"@type":"ListItem","position":1,"name":"Inici","item":"https:\/\/deltatecnic.com\/es\/"},{"@type":"ListItem","position":2,"name":"Pigmentos comerciales","item":"https:\/\/deltatecnic.com\/es\/trading-pigments\/"},{"@type":"ListItem","position":3,"name":"Cabot"}]},{"@type":"WebSite","@id":"https:\/\/deltatecnic.com\/es\/#website","url":"https:\/\/deltatecnic.com\/es\/","name":"Delta Tecnic","description":"Bringing colour to life","potentialAction":[{"@type":"SearchAction","target":{"@type":"EntryPoint","urlTemplate":"https:\/\/deltatecnic.com\/es\/?s={search_term_string}"},"query-input":{"@type":"PropertyValueSpecification","valueRequired":true,"valueName":"search_term_string"}}],"inLanguage":"es"}]}},"_links":{"self":[{"href":"https:\/\/deltatecnic.com\/es\/wp-json\/wp\/v2\/pages\/11629","targetHints":{"allow":["GET"]}}],"collection":[{"href":"https:\/\/deltatecnic.com\/es\/wp-json\/wp\/v2\/pages"}],"about":[{"href":"https:\/\/deltatecnic.com\/es\/wp-json\/wp\/v2\/types\/page"}],"author":[{"embeddable":true,"href":"https:\/\/deltatecnic.com\/es\/wp-json\/wp\/v2\/users\/1"}],"replies":[{"embeddable":true,"href":"https:\/\/deltatecnic.com\/es\/wp-json\/wp\/v2\/comments?post=11629"}],"version-history":[{"count":0,"href":"https:\/\/deltatecnic.com\/es\/wp-json\/wp\/v2\/pages\/11629\/revisions"}],"up":[{"embeddable":true,"href":"https:\/\/deltatecnic.com\/es\/wp-json\/wp\/v2\/pages\/11623"}],"wp:attachment":[{"href":"https:\/\/deltatecnic.com\/es\/wp-json\/wp\/v2\/media?parent=11629"}],"curies":[{"name":"wp","href":"https:\/\/api.w.org\/{rel}","templated":true}]}}