{"id":11625,"date":"2021-01-20T17:51:33","date_gmt":"2021-01-20T16:51:33","guid":{"rendered":"https:\/\/deltatecnic.com\/delta-trading-pigments-2\/eckart\/"},"modified":"2024-01-09T11:49:48","modified_gmt":"2024-01-09T10:49:48","slug":"eckart","status":"publish","type":"page","link":"https:\/\/deltatecnic.com\/es\/trading-pigments\/eckart\/","title":{"rendered":"Eckart"},"content":{"rendered":"<p>[vc_row][vc_column][vc_single_image image=&#8221;13119&#8243; img_size=&#8221;full&#8221;][vc_separator border_width=&#8221;2&#8243;][vc_row_inner][vc_column_inner width=&#8221;1\/2&#8243;][vc_single_image image=&#8221;8579&#8243; img_size=&#8221;full&#8221; onclick=&#8221;custom_link&#8221; img_link_target=&#8221;_blank&#8221; link=&#8221;https:\/\/www.eckart.net\/de\/en\/&#8221;][\/vc_column_inner][vc_column_inner width=&#8221;1\/2&#8243;][vc_single_image image=&#8221;9009&#8243; img_size=&#8221;large&#8221; alignment=&#8221;center&#8221;][\/vc_column_inner][\/vc_row_inner][vc_column_text]<span style=\"font-weight: 600;\"><a href=\"https:\/\/deltatecnic.com\/es\/trading-cosmetics\/eckart\/\">Eckart<\/a> es uno de los principales fabricantes internacionales de pigmentos de efecto para la industria de pinturas y revestimientos, la industria de la impresi\u00f3n, las industrias de pl\u00e1sticos, hormig\u00f3n ligero y la industria cosm\u00e9tica.<\/span><\/p>\n<p>Eckart desarrolla, produce y comercializa pigmentos met\u00e1licos y nacarados en forma de polvo, pasta y gr\u00e1nulos, as\u00ed como concentrados, dispersiones y tintas de impresi\u00f3n.[\/vc_column_text][\/vc_column][\/vc_row]<\/p>\n","protected":false},"excerpt":{"rendered":"<p>[vc_row][vc_column][vc_single_image image=&#8221;13119&#8243; img_size=&#8221;full&#8221;][vc_separator border_width=&#8221;2&#8243;][vc_row_inner][vc_column_inner width=&#8221;1\/2&#8243;][vc_single_image image=&#8221;8579&#8243; img_size=&#8221;full&#8221; onclick=&#8221;custom_link&#8221; img_link_target=&#8221;_blank&#8221; link=&#8221;https:\/\/www.eckart.net\/de\/en\/&#8221;][\/vc_column_inner][vc_column_inner width=&#8221;1\/2&#8243;][vc_single_image image=&#8221;9009&#8243; img_size=&#8221;large&#8221; alignment=&#8221;center&#8221;][\/vc_column_inner][\/vc_row_inner][vc_column_text]Eckart es uno de los principales fabricantes internacionales de pigmentos de efecto para la industria de pinturas y revestimientos, la industria de la impresi\u00f3n, las industrias de pl\u00e1sticos, hormig\u00f3n ligero y la industria cosm\u00e9tica. Eckart desarrolla, produce y comercializa pigmentos met\u00e1licos y &hellip; <a href=\"https:\/\/deltatecnic.com\/es\/trading-pigments\/eckart\/\" class=\"more-link\" title=\"Continue reading <span class=\"screen-reader-text\">Eckart<\/span>&#8220;>Continue reading <span class=\"screen-reader-text\">Eckart<\/span><\/a><\/p>\n","protected":false},"author":1,"featured_media":0,"parent":11623,"menu_order":0,"comment_status":"closed","ping_status":"closed","template":"","meta":{"content-type":"","footnotes":""},"class_list":["post-11625","page","type-page","status-publish","hentry"],"yoast_head":"<!-- This site is optimized with the Yoast SEO plugin v27.1.1 - https:\/\/yoast.com\/product\/yoast-seo-wordpress\/ -->\n<title>Eckart | Especialistas en pigmentos de color y efectos<\/title>\n<meta name=\"description\" content=\"Delta Tecnic es distribuidor exclusivo en el mercado espa\u00f1ol de Eckart (fabricantes de pigmentos de efecto para la industria de pinturas y revestimientos)\" \/>\n<meta name=\"robots\" content=\"index, follow, max-snippet:-1, max-image-preview:large, max-video-preview:-1\" \/>\n<link rel=\"canonical\" href=\"https:\/\/deltatecnic.com\/es\/trading-pigments\/eckart\/\" \/>\n<meta property=\"og:locale\" content=\"es_ES\" \/>\n<meta property=\"og:type\" content=\"article\" \/>\n<meta property=\"og:title\" content=\"Eckart | Especialistas en pigmentos de color y efectos\" \/>\n<meta property=\"og:description\" content=\"Delta Tecnic es distribuidor exclusivo en el mercado espa\u00f1ol de Eckart (fabricantes de pigmentos de efecto para la industria de pinturas y revestimientos)\" \/>\n<meta property=\"og:url\" content=\"https:\/\/deltatecnic.com\/es\/trading-pigments\/eckart\/\" \/>\n<meta property=\"og:site_name\" content=\"Delta Tecnic\" \/>\n<meta property=\"article:modified_time\" content=\"2024-01-09T10:49:48+00:00\" \/>\n<meta name=\"twitter:card\" content=\"summary_large_image\" \/>\n<meta name=\"twitter:label1\" content=\"Tiempo de lectura\" \/>\n\t<meta name=\"twitter:data1\" content=\"1 minuto\" \/>\n<!-- \/ Yoast SEO plugin. -->","yoast_head_json":{"title":"Eckart | Especialistas en pigmentos de color y efectos","description":"Delta Tecnic es distribuidor exclusivo en el mercado espa\u00f1ol de Eckart (fabricantes de pigmentos de efecto para la industria de pinturas y revestimientos)","robots":{"index":"index","follow":"follow","max-snippet":"max-snippet:-1","max-image-preview":"max-image-preview:large","max-video-preview":"max-video-preview:-1"},"canonical":"https:\/\/deltatecnic.com\/es\/trading-pigments\/eckart\/","og_locale":"es_ES","og_type":"article","og_title":"Eckart | Especialistas en pigmentos de color y efectos","og_description":"Delta Tecnic es distribuidor exclusivo en el mercado espa\u00f1ol de Eckart (fabricantes de pigmentos de efecto para la industria de pinturas y revestimientos)","og_url":"https:\/\/deltatecnic.com\/es\/trading-pigments\/eckart\/","og_site_name":"Delta Tecnic","article_modified_time":"2024-01-09T10:49:48+00:00","twitter_card":"summary_large_image","twitter_misc":{"Tiempo de lectura":"1 minuto"},"schema":{"@context":"https:\/\/schema.org","@graph":[{"@type":"WebPage","@id":"https:\/\/deltatecnic.com\/es\/trading-pigments\/eckart\/","url":"https:\/\/deltatecnic.com\/es\/trading-pigments\/eckart\/","name":"Eckart | Especialistas en pigmentos de color y efectos","isPartOf":{"@id":"https:\/\/deltatecnic.com\/es\/#website"},"datePublished":"2021-01-20T16:51:33+00:00","dateModified":"2024-01-09T10:49:48+00:00","description":"Delta Tecnic es distribuidor exclusivo en el mercado espa\u00f1ol de Eckart (fabricantes de pigmentos de efecto para la industria de pinturas y revestimientos)","breadcrumb":{"@id":"https:\/\/deltatecnic.com\/es\/trading-pigments\/eckart\/#breadcrumb"},"inLanguage":"es","potentialAction":[{"@type":"ReadAction","target":["https:\/\/deltatecnic.com\/es\/trading-pigments\/eckart\/"]}]},{"@type":"BreadcrumbList","@id":"https:\/\/deltatecnic.com\/es\/trading-pigments\/eckart\/#breadcrumb","itemListElement":[{"@type":"ListItem","position":1,"name":"Inici","item":"https:\/\/deltatecnic.com\/es\/"},{"@type":"ListItem","position":2,"name":"Pigmentos comerciales","item":"https:\/\/deltatecnic.com\/es\/trading-pigments\/"},{"@type":"ListItem","position":3,"name":"Eckart"}]},{"@type":"WebSite","@id":"https:\/\/deltatecnic.com\/es\/#website","url":"https:\/\/deltatecnic.com\/es\/","name":"Delta Tecnic","description":"Bringing colour to life","potentialAction":[{"@type":"SearchAction","target":{"@type":"EntryPoint","urlTemplate":"https:\/\/deltatecnic.com\/es\/?s={search_term_string}"},"query-input":{"@type":"PropertyValueSpecification","valueRequired":true,"valueName":"search_term_string"}}],"inLanguage":"es"}]}},"_links":{"self":[{"href":"https:\/\/deltatecnic.com\/es\/wp-json\/wp\/v2\/pages\/11625","targetHints":{"allow":["GET"]}}],"collection":[{"href":"https:\/\/deltatecnic.com\/es\/wp-json\/wp\/v2\/pages"}],"about":[{"href":"https:\/\/deltatecnic.com\/es\/wp-json\/wp\/v2\/types\/page"}],"author":[{"embeddable":true,"href":"https:\/\/deltatecnic.com\/es\/wp-json\/wp\/v2\/users\/1"}],"replies":[{"embeddable":true,"href":"https:\/\/deltatecnic.com\/es\/wp-json\/wp\/v2\/comments?post=11625"}],"version-history":[{"count":0,"href":"https:\/\/deltatecnic.com\/es\/wp-json\/wp\/v2\/pages\/11625\/revisions"}],"up":[{"embeddable":true,"href":"https:\/\/deltatecnic.com\/es\/wp-json\/wp\/v2\/pages\/11623"}],"wp:attachment":[{"href":"https:\/\/deltatecnic.com\/es\/wp-json\/wp\/v2\/media?parent=11625"}],"curies":[{"name":"wp","href":"https:\/\/api.w.org\/{rel}","templated":true}]}}