{"id":11623,"date":"2021-01-20T17:29:29","date_gmt":"2021-01-20T16:29:29","guid":{"rendered":"https:\/\/deltatecnic.com\/delta-trading-pigments-2\/"},"modified":"2024-04-12T12:26:10","modified_gmt":"2024-04-12T10:26:10","slug":"trading-pigments","status":"publish","type":"page","link":"https:\/\/deltatecnic.com\/es\/trading-pigments\/","title":{"rendered":"Pigmentos comerciales"},"content":{"rendered":"<p>[vc_row][vc_column][vc_single_image image=&#8221;13117&#8243; img_size=&#8221;full&#8221;][vc_column_text css=&#8221;.vc_custom_1712917214411{padding-bottom: 0px !important;}&#8221;]Desde hace m\u00e1s de 25 a\u00f1os, Delta Tecnic es el distribuidor exclusivo en el mercado espa\u00f1ol de las firmas l\u00edderes <a href=\"https:\/\/deltatecnic.com\/es\/trading-cosmetics\/eckart\/\">Eckart<\/a> y <a href=\"https:\/\/deltatecnic.com\/es\/trading-plastics\/cabot\/\">Cabot<\/a>. Disponemos de amplios conocimientos sobre ambas variedades de pigmentos (inorg\u00e1nicos, met\u00e1licos a base de aluminio, cobre y zinc o sint\u00e9ticos a base de mica y borosilicato).<\/p>\n<p>M\u00e1s tarde, en nuestro constante af\u00e1n por trabajar con empresas l\u00edderes del mercado, se a\u00f1adieron a nuestra cartera productos de las empresas <a href=\"https:\/\/deltatecnic.com\/es\/trading-pigments\/cinic\/\">Cinic<\/a> y <a href=\"https:\/\/deltatecnic.com\/es\/trading-pigments\/aralon\/\">Aralon<\/a>, Roha, SiLi y G&amp;J.<\/p>\n<p><a href=\"https:\/\/deltatecnic.com\/es\/\" target=\"_blank\" rel=\"noopener\">Delta Tecnic<\/a> est\u00e1 especializada en color, pigmentos de efectos y aplicaciones funcionales para la variedad de mercados y t\u00e9cnicas en que pueden aplicarse en pinturas, tintas y pl\u00e1sticos (automoci\u00f3n , adhesivos industriales, artes gr\u00e1ficas, textiles, cuidado del hogar y cosm\u00e9ticos).<\/p>\n<p><strong>Como estamos a la vanguardia de la innovaci\u00f3n, tenemos la capacidad de detectar las necesidades del mercado y responder a ellas r\u00e1pidamente.<\/strong><\/p>\n<div id=\"gtx-trans\" style=\"position: absolute; left: -65px; top: 174px;\">\n<div class=\"gtx-trans-icon\"><\/div>\n<\/div>\n<p>[\/vc_column_text][\/vc_column][\/vc_row]<\/p>\n","protected":false},"excerpt":{"rendered":"<p>[vc_row][vc_column][vc_single_image image=&#8221;13117&#8243; img_size=&#8221;full&#8221;][vc_column_text css=&#8221;.vc_custom_1712917214411{padding-bottom: 0px !important;}&#8221;]Desde hace m\u00e1s de 25 a\u00f1os, Delta Tecnic es el distribuidor exclusivo en el mercado espa\u00f1ol de las firmas l\u00edderes Eckart y Cabot. Disponemos de amplios conocimientos sobre ambas variedades de pigmentos (inorg\u00e1nicos, met\u00e1licos a base de aluminio, cobre y zinc o sint\u00e9ticos a base de mica y borosilicato). M\u00e1s &hellip; <a href=\"https:\/\/deltatecnic.com\/es\/trading-pigments\/\" class=\"more-link\" title=\"Continue reading <span class=\"screen-reader-text\">Pigmentos comerciales<\/span>&#8220;>Continue reading <span class=\"screen-reader-text\">Pigmentos comerciales<\/span><\/a><\/p>\n","protected":false},"author":1,"featured_media":0,"parent":0,"menu_order":0,"comment_status":"closed","ping_status":"closed","template":"","meta":{"content-type":"","footnotes":""},"class_list":["post-11623","page","type-page","status-publish","hentry"],"yoast_head":"<!-- This site is optimized with the Yoast SEO plugin v27.1.1 - https:\/\/yoast.com\/product\/yoast-seo-wordpress\/ -->\n<title>Pigmentos comerciales | Masterbatch de color | Delta Tecnic<\/title>\n<meta name=\"description\" content=\"Especializada en pigmentos y efectos de color. Amplio conocimiento de las variedades de pigmentos y de la variedad de mercados y t\u00e9cnicas en que pueden aplicarse\" \/>\n<meta name=\"robots\" content=\"index, follow, max-snippet:-1, max-image-preview:large, max-video-preview:-1\" \/>\n<link rel=\"canonical\" href=\"https:\/\/deltatecnic.com\/es\/trading-pigments\/\" \/>\n<meta property=\"og:locale\" content=\"es_ES\" \/>\n<meta property=\"og:type\" content=\"article\" \/>\n<meta property=\"og:title\" content=\"Pigmentos comerciales | Masterbatch de color | Delta Tecnic\" \/>\n<meta property=\"og:description\" content=\"Especializada en pigmentos y efectos de color. Amplio conocimiento de las variedades de pigmentos y de la variedad de mercados y t\u00e9cnicas en que pueden aplicarse\" \/>\n<meta property=\"og:url\" content=\"https:\/\/deltatecnic.com\/es\/trading-pigments\/\" \/>\n<meta property=\"og:site_name\" content=\"Delta Tecnic\" \/>\n<meta property=\"article:modified_time\" content=\"2024-04-12T10:26:10+00:00\" \/>\n<meta name=\"twitter:card\" content=\"summary_large_image\" \/>\n<meta name=\"twitter:label1\" content=\"Tiempo de lectura\" \/>\n\t<meta name=\"twitter:data1\" content=\"1 minuto\" \/>\n<!-- \/ Yoast SEO plugin. -->","yoast_head_json":{"title":"Pigmentos comerciales | Masterbatch de color | Delta Tecnic","description":"Especializada en pigmentos y efectos de color. Amplio conocimiento de las variedades de pigmentos y de la variedad de mercados y t\u00e9cnicas en que pueden aplicarse","robots":{"index":"index","follow":"follow","max-snippet":"max-snippet:-1","max-image-preview":"max-image-preview:large","max-video-preview":"max-video-preview:-1"},"canonical":"https:\/\/deltatecnic.com\/es\/trading-pigments\/","og_locale":"es_ES","og_type":"article","og_title":"Pigmentos comerciales | Masterbatch de color | Delta Tecnic","og_description":"Especializada en pigmentos y efectos de color. Amplio conocimiento de las variedades de pigmentos y de la variedad de mercados y t\u00e9cnicas en que pueden aplicarse","og_url":"https:\/\/deltatecnic.com\/es\/trading-pigments\/","og_site_name":"Delta Tecnic","article_modified_time":"2024-04-12T10:26:10+00:00","twitter_card":"summary_large_image","twitter_misc":{"Tiempo de lectura":"1 minuto"},"schema":{"@context":"https:\/\/schema.org","@graph":[{"@type":"WebPage","@id":"https:\/\/deltatecnic.com\/es\/trading-pigments\/","url":"https:\/\/deltatecnic.com\/es\/trading-pigments\/","name":"Pigmentos comerciales | Masterbatch de color | Delta Tecnic","isPartOf":{"@id":"https:\/\/deltatecnic.com\/es\/#website"},"datePublished":"2021-01-20T16:29:29+00:00","dateModified":"2024-04-12T10:26:10+00:00","description":"Especializada en pigmentos y efectos de color. Amplio conocimiento de las variedades de pigmentos y de la variedad de mercados y t\u00e9cnicas en que pueden aplicarse","breadcrumb":{"@id":"https:\/\/deltatecnic.com\/es\/trading-pigments\/#breadcrumb"},"inLanguage":"es","potentialAction":[{"@type":"ReadAction","target":["https:\/\/deltatecnic.com\/es\/trading-pigments\/"]}]},{"@type":"BreadcrumbList","@id":"https:\/\/deltatecnic.com\/es\/trading-pigments\/#breadcrumb","itemListElement":[{"@type":"ListItem","position":1,"name":"Inici","item":"https:\/\/deltatecnic.com\/es\/"},{"@type":"ListItem","position":2,"name":"Pigmentos comerciales"}]},{"@type":"WebSite","@id":"https:\/\/deltatecnic.com\/es\/#website","url":"https:\/\/deltatecnic.com\/es\/","name":"Delta Tecnic","description":"Bringing colour to life","potentialAction":[{"@type":"SearchAction","target":{"@type":"EntryPoint","urlTemplate":"https:\/\/deltatecnic.com\/es\/?s={search_term_string}"},"query-input":{"@type":"PropertyValueSpecification","valueRequired":true,"valueName":"search_term_string"}}],"inLanguage":"es"}]}},"_links":{"self":[{"href":"https:\/\/deltatecnic.com\/es\/wp-json\/wp\/v2\/pages\/11623","targetHints":{"allow":["GET"]}}],"collection":[{"href":"https:\/\/deltatecnic.com\/es\/wp-json\/wp\/v2\/pages"}],"about":[{"href":"https:\/\/deltatecnic.com\/es\/wp-json\/wp\/v2\/types\/page"}],"author":[{"embeddable":true,"href":"https:\/\/deltatecnic.com\/es\/wp-json\/wp\/v2\/users\/1"}],"replies":[{"embeddable":true,"href":"https:\/\/deltatecnic.com\/es\/wp-json\/wp\/v2\/comments?post=11623"}],"version-history":[{"count":0,"href":"https:\/\/deltatecnic.com\/es\/wp-json\/wp\/v2\/pages\/11623\/revisions"}],"wp:attachment":[{"href":"https:\/\/deltatecnic.com\/es\/wp-json\/wp\/v2\/media?parent=11623"}],"curies":[{"name":"wp","href":"https:\/\/api.w.org\/{rel}","templated":true}]}}