{"id":11621,"date":"2021-01-13T16:54:09","date_gmt":"2021-01-13T15:54:09","guid":{"rendered":"https:\/\/deltatecnic.com\/delta-trading-plastics-2\/kennametal\/"},"modified":"2024-04-19T10:46:18","modified_gmt":"2024-04-19T08:46:18","slug":"kennametal","status":"publish","type":"page","link":"https:\/\/deltatecnic.com\/es\/trading-plastics\/kennametal\/","title":{"rendered":"Kennametal"},"content":{"rendered":"<p>[vc_row][vc_column][vc_single_image image=&#8221;13120&#8243; img_size=&#8221;full&#8221;][vc_separator border_width=&#8221;2&#8243;][vc_row_inner][vc_column_inner width=&#8221;1\/2&#8243;][vc_single_image image=&#8221;8510&#8243; img_size=&#8221;250&#215;46&#8243; onclick=&#8221;custom_link&#8221; img_link_target=&#8221;_blank&#8221; link=&#8221;https:\/\/www.kennametal.com\/content\/kennametal\/us\/en\/home.html&#8221;][\/vc_column_inner][vc_column_inner width=&#8221;1\/2&#8243;][vc_single_image image=&#8221;8988&#8243; img_size=&#8221;large&#8221; alignment=&#8221;center&#8221;][\/vc_column_inner][\/vc_row_inner][vc_column_text]<strong>Kennametal es un l\u00edder mundial en herramientas de corte industriales, tecnolog\u00edas de ingenier\u00eda y materiales avanzados, que ofrece soluciones para diversos sectores, como automoci\u00f3n, aeroespacial, energ\u00eda y transporte.  <\/strong><\/p>\n<p>Dentro de su divisi\u00f3n Kennametal Sintec, destacan las piezas met\u00e1licas utilizadas en el proceso de metalizaci\u00f3n de pl\u00e1sticos o papel. Durante este procedimiento, las piezas se llenan de material de revestimiento met\u00e1lico y se introducen en una c\u00e1mara de vac\u00edo, con lo que se deposita un revestimiento met\u00e1lico fino y uniforme sobre la superficie del pl\u00e1stico o el papel, que mejora sus propiedades est\u00e9ticas y funcionales.[\/vc_column_text][\/vc_column][\/vc_row]<\/p>\n","protected":false},"excerpt":{"rendered":"<p>[vc_row][vc_column][vc_single_image image=&#8221;13120&#8243; img_size=&#8221;full&#8221;][vc_separator border_width=&#8221;2&#8243;][vc_row_inner][vc_column_inner width=&#8221;1\/2&#8243;][vc_single_image image=&#8221;8510&#8243; img_size=&#8221;250&#215;46&#8243; onclick=&#8221;custom_link&#8221; img_link_target=&#8221;_blank&#8221; link=&#8221;https:\/\/www.kennametal.com\/content\/kennametal\/us\/en\/home.html&#8221;][\/vc_column_inner][vc_column_inner width=&#8221;1\/2&#8243;][vc_single_image image=&#8221;8988&#8243; img_size=&#8221;large&#8221; alignment=&#8221;center&#8221;][\/vc_column_inner][\/vc_row_inner][vc_column_text]Kennametal es un l\u00edder mundial en herramientas de corte industriales, tecnolog\u00edas de ingenier\u00eda y materiales avanzados, que ofrece soluciones para diversos sectores, como automoci\u00f3n, aeroespacial, energ\u00eda y transporte. Dentro de su divisi\u00f3n Kennametal Sintec, destacan las piezas met\u00e1licas utilizadas en el proceso &hellip; <a href=\"https:\/\/deltatecnic.com\/es\/trading-plastics\/kennametal\/\" class=\"more-link\" title=\"Continue reading <span class=\"screen-reader-text\">Kennametal<\/span>&#8220;>Continue reading <span class=\"screen-reader-text\">Kennametal<\/span><\/a><\/p>\n","protected":false},"author":1,"featured_media":0,"parent":11602,"menu_order":0,"comment_status":"closed","ping_status":"closed","template":"","meta":{"content-type":"","footnotes":""},"class_list":["post-11621","page","type-page","status-publish","hentry"],"yoast_head":"<!-- This site is optimized with the Yoast SEO plugin v27.1.1 - https:\/\/yoast.com\/product\/yoast-seo-wordpress\/ -->\n<title>Kennametal | Trading Plastics | Masterbatch Delta Tecnic<\/title>\n<meta name=\"description\" content=\"Como l\u00edder en tecnolog\u00eda industrial, Kennametal Inc. ofrece productividad a sus clientes a trav\u00e9s de la ciencia de los materiales, herramientas y soluciones resistentes al desgaste.\" \/>\n<meta name=\"robots\" content=\"index, follow, max-snippet:-1, max-image-preview:large, max-video-preview:-1\" \/>\n<link rel=\"canonical\" href=\"https:\/\/deltatecnic.com\/es\/trading-plastics\/kennametal\/\" \/>\n<meta property=\"og:locale\" content=\"es_ES\" \/>\n<meta property=\"og:type\" content=\"article\" \/>\n<meta property=\"og:title\" content=\"Kennametal | Trading Plastics | Masterbatch Delta Tecnic\" \/>\n<meta property=\"og:description\" content=\"Como l\u00edder en tecnolog\u00eda industrial, Kennametal Inc. ofrece productividad a sus clientes a trav\u00e9s de la ciencia de los materiales, herramientas y soluciones resistentes al desgaste.\" \/>\n<meta property=\"og:url\" content=\"https:\/\/deltatecnic.com\/es\/trading-plastics\/kennametal\/\" \/>\n<meta property=\"og:site_name\" content=\"Delta Tecnic\" \/>\n<meta property=\"article:modified_time\" content=\"2024-04-19T08:46:18+00:00\" \/>\n<meta name=\"twitter:card\" content=\"summary_large_image\" \/>\n<meta name=\"twitter:label1\" content=\"Tiempo de lectura\" \/>\n\t<meta name=\"twitter:data1\" content=\"1 minuto\" \/>\n<!-- \/ Yoast SEO plugin. -->","yoast_head_json":{"title":"Kennametal | Trading Plastics | Masterbatch Delta Tecnic","description":"Como l\u00edder en tecnolog\u00eda industrial, Kennametal Inc. ofrece productividad a sus clientes a trav\u00e9s de la ciencia de los materiales, herramientas y soluciones resistentes al desgaste.","robots":{"index":"index","follow":"follow","max-snippet":"max-snippet:-1","max-image-preview":"max-image-preview:large","max-video-preview":"max-video-preview:-1"},"canonical":"https:\/\/deltatecnic.com\/es\/trading-plastics\/kennametal\/","og_locale":"es_ES","og_type":"article","og_title":"Kennametal | Trading Plastics | Masterbatch Delta Tecnic","og_description":"Como l\u00edder en tecnolog\u00eda industrial, Kennametal Inc. ofrece productividad a sus clientes a trav\u00e9s de la ciencia de los materiales, herramientas y soluciones resistentes al desgaste.","og_url":"https:\/\/deltatecnic.com\/es\/trading-plastics\/kennametal\/","og_site_name":"Delta Tecnic","article_modified_time":"2024-04-19T08:46:18+00:00","twitter_card":"summary_large_image","twitter_misc":{"Tiempo de lectura":"1 minuto"},"schema":{"@context":"https:\/\/schema.org","@graph":[{"@type":"WebPage","@id":"https:\/\/deltatecnic.com\/es\/trading-plastics\/kennametal\/","url":"https:\/\/deltatecnic.com\/es\/trading-plastics\/kennametal\/","name":"Kennametal | Trading Plastics | Masterbatch Delta Tecnic","isPartOf":{"@id":"https:\/\/deltatecnic.com\/es\/#website"},"datePublished":"2021-01-13T15:54:09+00:00","dateModified":"2024-04-19T08:46:18+00:00","description":"Como l\u00edder en tecnolog\u00eda industrial, Kennametal Inc. ofrece productividad a sus clientes a trav\u00e9s de la ciencia de los materiales, herramientas y soluciones resistentes al desgaste.","breadcrumb":{"@id":"https:\/\/deltatecnic.com\/es\/trading-plastics\/kennametal\/#breadcrumb"},"inLanguage":"es","potentialAction":[{"@type":"ReadAction","target":["https:\/\/deltatecnic.com\/es\/trading-plastics\/kennametal\/"]}]},{"@type":"BreadcrumbList","@id":"https:\/\/deltatecnic.com\/es\/trading-plastics\/kennametal\/#breadcrumb","itemListElement":[{"@type":"ListItem","position":1,"name":"Inici","item":"https:\/\/deltatecnic.com\/es\/"},{"@type":"ListItem","position":2,"name":"Pl\u00e1sticos comerciales","item":"https:\/\/deltatecnic.com\/es\/trading-plastics\/"},{"@type":"ListItem","position":3,"name":"Kennametal"}]},{"@type":"WebSite","@id":"https:\/\/deltatecnic.com\/es\/#website","url":"https:\/\/deltatecnic.com\/es\/","name":"Delta Tecnic","description":"Bringing colour to life","potentialAction":[{"@type":"SearchAction","target":{"@type":"EntryPoint","urlTemplate":"https:\/\/deltatecnic.com\/es\/?s={search_term_string}"},"query-input":{"@type":"PropertyValueSpecification","valueRequired":true,"valueName":"search_term_string"}}],"inLanguage":"es"}]}},"_links":{"self":[{"href":"https:\/\/deltatecnic.com\/es\/wp-json\/wp\/v2\/pages\/11621","targetHints":{"allow":["GET"]}}],"collection":[{"href":"https:\/\/deltatecnic.com\/es\/wp-json\/wp\/v2\/pages"}],"about":[{"href":"https:\/\/deltatecnic.com\/es\/wp-json\/wp\/v2\/types\/page"}],"author":[{"embeddable":true,"href":"https:\/\/deltatecnic.com\/es\/wp-json\/wp\/v2\/users\/1"}],"replies":[{"embeddable":true,"href":"https:\/\/deltatecnic.com\/es\/wp-json\/wp\/v2\/comments?post=11621"}],"version-history":[{"count":0,"href":"https:\/\/deltatecnic.com\/es\/wp-json\/wp\/v2\/pages\/11621\/revisions"}],"up":[{"embeddable":true,"href":"https:\/\/deltatecnic.com\/es\/wp-json\/wp\/v2\/pages\/11602"}],"wp:attachment":[{"href":"https:\/\/deltatecnic.com\/es\/wp-json\/wp\/v2\/media?parent=11621"}],"curies":[{"name":"wp","href":"https:\/\/api.w.org\/{rel}","templated":true}]}}