{"id":11613,"date":"2021-01-13T16:48:50","date_gmt":"2021-01-13T15:48:50","guid":{"rendered":"https:\/\/deltatecnic.com\/delta-trading-plastics-2\/rifra\/"},"modified":"2024-04-19T10:31:48","modified_gmt":"2024-04-19T08:31:48","slug":"rifra","status":"publish","type":"page","link":"https:\/\/deltatecnic.com\/es\/trading-plastics\/rifra\/","title":{"rendered":"Rifra"},"content":{"rendered":"<p>[vc_row][vc_column][vc_single_image image=&#8221;13120&#8243; img_size=&#8221;full&#8221;][vc_separator border_width=&#8221;2&#8243;][vc_row_inner][vc_column_inner width=&#8221;1\/2&#8243;][vc_single_image image=&#8221;8503&#8243; img_size=&#8221;250&#215;76&#8243; onclick=&#8221;custom_link&#8221; img_link_target=&#8221;_blank&#8221; link=&#8221;https:\/\/www.rifra.it\/&#8221;][\/vc_column_inner][vc_column_inner width=&#8221;1\/2&#8243;][vc_single_image image=&#8221;8984&#8243; img_size=&#8221;large&#8221; alignment=&#8221;center&#8221;][\/vc_column_inner][\/vc_row_inner][vc_column_text]<strong>Rifra <a href=\"https:\/\/deltatecnic.com\/es\/guia-completa-del-masterbatch\/\">Masterbatch<\/a> es una empresa especializada en la fabricaci\u00f3n y el suministro de masterbatches, centrada en la creaci\u00f3n de colores y proyectos personalizados para los clientes.  <\/strong><\/p>\n<p>Los masterbatches, que son concentrados de aditivos o pigmentos, se utilizan para colorear o mejorar las propiedades de los pl\u00e1sticos durante el proceso de fabricaci\u00f3n en sectores como el envasado, la automoci\u00f3n, la construcci\u00f3n y la agricultura. Colaboramos estrechamente con los clientes para desarrollar productos que satisfagan sus necesidades espec\u00edficas.[\/vc_column_text][\/vc_column][\/vc_row]<\/p>\n","protected":false},"excerpt":{"rendered":"<p>[vc_row][vc_column][vc_single_image image=&#8221;13120&#8243; img_size=&#8221;full&#8221;][vc_separator border_width=&#8221;2&#8243;][vc_row_inner][vc_column_inner width=&#8221;1\/2&#8243;][vc_single_image image=&#8221;8503&#8243; img_size=&#8221;250&#215;76&#8243; onclick=&#8221;custom_link&#8221; img_link_target=&#8221;_blank&#8221; link=&#8221;https:\/\/www.rifra.it\/&#8221;][\/vc_column_inner][vc_column_inner width=&#8221;1\/2&#8243;][vc_single_image image=&#8221;8984&#8243; img_size=&#8221;large&#8221; alignment=&#8221;center&#8221;][\/vc_column_inner][\/vc_row_inner][vc_column_text]Rifra Masterbatch es una empresa especializada en la fabricaci\u00f3n y el suministro de masterbatches, centrada en la creaci\u00f3n de colores y proyectos personalizados para los clientes. Los masterbatches, que son concentrados de aditivos o pigmentos, se utilizan para colorear o mejorar las &hellip; <a href=\"https:\/\/deltatecnic.com\/es\/trading-plastics\/rifra\/\" class=\"more-link\" title=\"Continue reading <span class=\"screen-reader-text\">Rifra<\/span>&#8220;>Continue reading <span class=\"screen-reader-text\">Rifra<\/span><\/a><\/p>\n","protected":false},"author":1,"featured_media":0,"parent":11602,"menu_order":0,"comment_status":"closed","ping_status":"closed","template":"","meta":{"content-type":"","footnotes":""},"class_list":["post-11613","page","type-page","status-publish","hentry"],"yoast_head":"<!-- This site is optimized with the Yoast SEO plugin v27.1.1 - https:\/\/yoast.com\/product\/yoast-seo-wordpress\/ -->\n<title>Rifra | Trading Plastics | Masterbatch Delta Tecnic<\/title>\n<meta name=\"description\" content=\"Expertos en coloraci\u00f3n y adici\u00f3n de materias pl\u00e1sticas, para cualquier tipo de pol\u00edmero, desde poliolefinas a tecnopol\u00edmeros y biopol\u00edmeros.\" \/>\n<meta name=\"robots\" content=\"index, follow, max-snippet:-1, max-image-preview:large, max-video-preview:-1\" \/>\n<link rel=\"canonical\" href=\"https:\/\/deltatecnic.com\/es\/trading-plastics\/rifra\/\" \/>\n<meta property=\"og:locale\" content=\"es_ES\" \/>\n<meta property=\"og:type\" content=\"article\" \/>\n<meta property=\"og:title\" content=\"Rifra | Trading Plastics | Masterbatch Delta Tecnic\" \/>\n<meta property=\"og:description\" content=\"Expertos en coloraci\u00f3n y adici\u00f3n de materias pl\u00e1sticas, para cualquier tipo de pol\u00edmero, desde poliolefinas a tecnopol\u00edmeros y biopol\u00edmeros.\" \/>\n<meta property=\"og:url\" content=\"https:\/\/deltatecnic.com\/es\/trading-plastics\/rifra\/\" \/>\n<meta property=\"og:site_name\" content=\"Delta Tecnic\" \/>\n<meta property=\"article:modified_time\" content=\"2024-04-19T08:31:48+00:00\" \/>\n<meta name=\"twitter:card\" content=\"summary_large_image\" \/>\n<meta name=\"twitter:label1\" content=\"Tiempo de lectura\" \/>\n\t<meta name=\"twitter:data1\" content=\"2 minutos\" \/>\n<!-- \/ Yoast SEO plugin. -->","yoast_head_json":{"title":"Rifra | Trading Plastics | Masterbatch Delta Tecnic","description":"Expertos en coloraci\u00f3n y adici\u00f3n de materias pl\u00e1sticas, para cualquier tipo de pol\u00edmero, desde poliolefinas a tecnopol\u00edmeros y biopol\u00edmeros.","robots":{"index":"index","follow":"follow","max-snippet":"max-snippet:-1","max-image-preview":"max-image-preview:large","max-video-preview":"max-video-preview:-1"},"canonical":"https:\/\/deltatecnic.com\/es\/trading-plastics\/rifra\/","og_locale":"es_ES","og_type":"article","og_title":"Rifra | Trading Plastics | Masterbatch Delta Tecnic","og_description":"Expertos en coloraci\u00f3n y adici\u00f3n de materias pl\u00e1sticas, para cualquier tipo de pol\u00edmero, desde poliolefinas a tecnopol\u00edmeros y biopol\u00edmeros.","og_url":"https:\/\/deltatecnic.com\/es\/trading-plastics\/rifra\/","og_site_name":"Delta Tecnic","article_modified_time":"2024-04-19T08:31:48+00:00","twitter_card":"summary_large_image","twitter_misc":{"Tiempo de lectura":"2 minutos"},"schema":{"@context":"https:\/\/schema.org","@graph":[{"@type":"WebPage","@id":"https:\/\/deltatecnic.com\/es\/trading-plastics\/rifra\/","url":"https:\/\/deltatecnic.com\/es\/trading-plastics\/rifra\/","name":"Rifra | Trading Plastics | Masterbatch Delta Tecnic","isPartOf":{"@id":"https:\/\/deltatecnic.com\/es\/#website"},"datePublished":"2021-01-13T15:48:50+00:00","dateModified":"2024-04-19T08:31:48+00:00","description":"Expertos en coloraci\u00f3n y adici\u00f3n de materias pl\u00e1sticas, para cualquier tipo de pol\u00edmero, desde poliolefinas a tecnopol\u00edmeros y biopol\u00edmeros.","breadcrumb":{"@id":"https:\/\/deltatecnic.com\/es\/trading-plastics\/rifra\/#breadcrumb"},"inLanguage":"es","potentialAction":[{"@type":"ReadAction","target":["https:\/\/deltatecnic.com\/es\/trading-plastics\/rifra\/"]}]},{"@type":"BreadcrumbList","@id":"https:\/\/deltatecnic.com\/es\/trading-plastics\/rifra\/#breadcrumb","itemListElement":[{"@type":"ListItem","position":1,"name":"Inici","item":"https:\/\/deltatecnic.com\/es\/"},{"@type":"ListItem","position":2,"name":"Pl\u00e1sticos comerciales","item":"https:\/\/deltatecnic.com\/es\/trading-plastics\/"},{"@type":"ListItem","position":3,"name":"Rifra"}]},{"@type":"WebSite","@id":"https:\/\/deltatecnic.com\/es\/#website","url":"https:\/\/deltatecnic.com\/es\/","name":"Delta Tecnic","description":"Bringing colour to life","potentialAction":[{"@type":"SearchAction","target":{"@type":"EntryPoint","urlTemplate":"https:\/\/deltatecnic.com\/es\/?s={search_term_string}"},"query-input":{"@type":"PropertyValueSpecification","valueRequired":true,"valueName":"search_term_string"}}],"inLanguage":"es"}]}},"_links":{"self":[{"href":"https:\/\/deltatecnic.com\/es\/wp-json\/wp\/v2\/pages\/11613","targetHints":{"allow":["GET"]}}],"collection":[{"href":"https:\/\/deltatecnic.com\/es\/wp-json\/wp\/v2\/pages"}],"about":[{"href":"https:\/\/deltatecnic.com\/es\/wp-json\/wp\/v2\/types\/page"}],"author":[{"embeddable":true,"href":"https:\/\/deltatecnic.com\/es\/wp-json\/wp\/v2\/users\/1"}],"replies":[{"embeddable":true,"href":"https:\/\/deltatecnic.com\/es\/wp-json\/wp\/v2\/comments?post=11613"}],"version-history":[{"count":0,"href":"https:\/\/deltatecnic.com\/es\/wp-json\/wp\/v2\/pages\/11613\/revisions"}],"up":[{"embeddable":true,"href":"https:\/\/deltatecnic.com\/es\/wp-json\/wp\/v2\/pages\/11602"}],"wp:attachment":[{"href":"https:\/\/deltatecnic.com\/es\/wp-json\/wp\/v2\/media?parent=11613"}],"curies":[{"name":"wp","href":"https:\/\/api.w.org\/{rel}","templated":true}]}}