{"id":11602,"date":"2021-01-07T14:22:47","date_gmt":"2021-01-07T13:22:47","guid":{"rendered":"https:\/\/deltatecnic.com\/delta-trading-plastics-2\/"},"modified":"2024-04-16T10:01:59","modified_gmt":"2024-04-16T08:01:59","slug":"trading-plastics","status":"publish","type":"page","link":"https:\/\/deltatecnic.com\/es\/trading-plastics\/","title":{"rendered":"Pl\u00e1sticos comerciales"},"content":{"rendered":"<p>[vc_row][vc_column][vc_single_image image=&#8221;13120&#8243; img_size=&#8221;full&#8221;][vc_column_text css=&#8221;.vc_custom_1713254313488{padding-bottom: 0px !important;}&#8221;]En 1982, se fund\u00f3 Delta Tecnic con el prop\u00f3sito de suministrar materias primas a diversos sectores industriales, como pl\u00e1sticos, cables, tintas, pinturas y cosm\u00e9ticos, entre otros. Dentro de nuestra Divisi\u00f3n de Pl\u00e1sticos, estamos especializados en la distribuci\u00f3n exclusiva de una amplia gama de materias primas procedentes de empresas l\u00edderes en sus respectivos sectores. Entre nuestros socios se encuentran <a href=\"https:\/\/deltatecnic.com\/es\/trading-plastics\/cabot\/\">Cabot<\/a> Plastics, <a href=\"https:\/\/deltatecnic.com\/es\/trading-plastics\/baerlocher\/\">Baerlocher<\/a>, <a href=\"https:\/\/deltatecnic.com\/es\/trading-plastics\/rifra\/\">Rifra<\/a>, Free Flow y <a href=\"https:\/\/deltatecnic.com\/es\/trading-plastics\/kennametal\/\">Kennametal<\/a>.[\/vc_column_text][\/vc_column][\/vc_row]<\/p>\n","protected":false},"excerpt":{"rendered":"<p>[vc_row][vc_column][vc_single_image image=&#8221;13120&#8243; img_size=&#8221;full&#8221;][vc_column_text css=&#8221;.vc_custom_1713254313488{padding-bottom: 0px !important;}&#8221;]En 1982, se fund\u00f3 Delta Tecnic con el prop\u00f3sito de suministrar materias primas a diversos sectores industriales, como pl\u00e1sticos, cables, tintas, pinturas y cosm\u00e9ticos, entre otros. Dentro de nuestra Divisi\u00f3n de Pl\u00e1sticos, estamos especializados en la distribuci\u00f3n exclusiva de una amplia gama de materias primas procedentes de empresas l\u00edderes en &hellip; <a href=\"https:\/\/deltatecnic.com\/es\/trading-plastics\/\" class=\"more-link\" title=\"Continue reading <span class=\"screen-reader-text\">Pl\u00e1sticos comerciales<\/span>&#8220;>Continue reading <span class=\"screen-reader-text\">Pl\u00e1sticos comerciales<\/span><\/a><\/p>\n","protected":false},"author":1,"featured_media":0,"parent":0,"menu_order":0,"comment_status":"closed","ping_status":"closed","template":"","meta":{"content-type":"","footnotes":""},"class_list":["post-11602","page","type-page","status-publish","hentry"],"yoast_head":"<!-- This site is optimized with the Yoast SEO plugin v27.1.1 - https:\/\/yoast.com\/product\/yoast-seo-wordpress\/ -->\n<title>Trading Plastics | Masterbatch de color | Delta Tecnic<\/title>\n<meta name=\"description\" content=\"En la secci\u00f3n de Pl\u00e1sticos, estamos especializados en la distribuci\u00f3n exclusiva de una selecta variedad de materias primas de empresas l\u00edderes en sus sectores\" \/>\n<meta name=\"robots\" content=\"index, follow, max-snippet:-1, max-image-preview:large, max-video-preview:-1\" \/>\n<link rel=\"canonical\" href=\"https:\/\/deltatecnic.com\/es\/trading-plastics\/\" \/>\n<meta property=\"og:locale\" content=\"es_ES\" \/>\n<meta property=\"og:type\" content=\"article\" \/>\n<meta property=\"og:title\" content=\"Trading Plastics | Masterbatch de color | Delta Tecnic\" \/>\n<meta property=\"og:description\" content=\"En la secci\u00f3n de Pl\u00e1sticos, estamos especializados en la distribuci\u00f3n exclusiva de una selecta variedad de materias primas de empresas l\u00edderes en sus sectores\" \/>\n<meta property=\"og:url\" content=\"https:\/\/deltatecnic.com\/es\/trading-plastics\/\" \/>\n<meta property=\"og:site_name\" content=\"Delta Tecnic\" \/>\n<meta property=\"article:modified_time\" content=\"2024-04-16T08:01:59+00:00\" \/>\n<meta name=\"twitter:card\" content=\"summary_large_image\" \/>\n<meta name=\"twitter:label1\" content=\"Tiempo de lectura\" \/>\n\t<meta name=\"twitter:data1\" content=\"1 minuto\" \/>\n<!-- \/ Yoast SEO plugin. -->","yoast_head_json":{"title":"Trading Plastics | Masterbatch de color | Delta Tecnic","description":"En la secci\u00f3n de Pl\u00e1sticos, estamos especializados en la distribuci\u00f3n exclusiva de una selecta variedad de materias primas de empresas l\u00edderes en sus sectores","robots":{"index":"index","follow":"follow","max-snippet":"max-snippet:-1","max-image-preview":"max-image-preview:large","max-video-preview":"max-video-preview:-1"},"canonical":"https:\/\/deltatecnic.com\/es\/trading-plastics\/","og_locale":"es_ES","og_type":"article","og_title":"Trading Plastics | Masterbatch de color | Delta Tecnic","og_description":"En la secci\u00f3n de Pl\u00e1sticos, estamos especializados en la distribuci\u00f3n exclusiva de una selecta variedad de materias primas de empresas l\u00edderes en sus sectores","og_url":"https:\/\/deltatecnic.com\/es\/trading-plastics\/","og_site_name":"Delta Tecnic","article_modified_time":"2024-04-16T08:01:59+00:00","twitter_card":"summary_large_image","twitter_misc":{"Tiempo de lectura":"1 minuto"},"schema":{"@context":"https:\/\/schema.org","@graph":[{"@type":"WebPage","@id":"https:\/\/deltatecnic.com\/es\/trading-plastics\/","url":"https:\/\/deltatecnic.com\/es\/trading-plastics\/","name":"Trading Plastics | Masterbatch de color | Delta Tecnic","isPartOf":{"@id":"https:\/\/deltatecnic.com\/es\/#website"},"datePublished":"2021-01-07T13:22:47+00:00","dateModified":"2024-04-16T08:01:59+00:00","description":"En la secci\u00f3n de Pl\u00e1sticos, estamos especializados en la distribuci\u00f3n exclusiva de una selecta variedad de materias primas de empresas l\u00edderes en sus sectores","breadcrumb":{"@id":"https:\/\/deltatecnic.com\/es\/trading-plastics\/#breadcrumb"},"inLanguage":"es","potentialAction":[{"@type":"ReadAction","target":["https:\/\/deltatecnic.com\/es\/trading-plastics\/"]}]},{"@type":"BreadcrumbList","@id":"https:\/\/deltatecnic.com\/es\/trading-plastics\/#breadcrumb","itemListElement":[{"@type":"ListItem","position":1,"name":"Inici","item":"https:\/\/deltatecnic.com\/es\/"},{"@type":"ListItem","position":2,"name":"Pl\u00e1sticos comerciales"}]},{"@type":"WebSite","@id":"https:\/\/deltatecnic.com\/es\/#website","url":"https:\/\/deltatecnic.com\/es\/","name":"Delta Tecnic","description":"Bringing colour to life","potentialAction":[{"@type":"SearchAction","target":{"@type":"EntryPoint","urlTemplate":"https:\/\/deltatecnic.com\/es\/?s={search_term_string}"},"query-input":{"@type":"PropertyValueSpecification","valueRequired":true,"valueName":"search_term_string"}}],"inLanguage":"es"}]}},"_links":{"self":[{"href":"https:\/\/deltatecnic.com\/es\/wp-json\/wp\/v2\/pages\/11602","targetHints":{"allow":["GET"]}}],"collection":[{"href":"https:\/\/deltatecnic.com\/es\/wp-json\/wp\/v2\/pages"}],"about":[{"href":"https:\/\/deltatecnic.com\/es\/wp-json\/wp\/v2\/types\/page"}],"author":[{"embeddable":true,"href":"https:\/\/deltatecnic.com\/es\/wp-json\/wp\/v2\/users\/1"}],"replies":[{"embeddable":true,"href":"https:\/\/deltatecnic.com\/es\/wp-json\/wp\/v2\/comments?post=11602"}],"version-history":[{"count":0,"href":"https:\/\/deltatecnic.com\/es\/wp-json\/wp\/v2\/pages\/11602\/revisions"}],"wp:attachment":[{"href":"https:\/\/deltatecnic.com\/es\/wp-json\/wp\/v2\/media?parent=11602"}],"curies":[{"name":"wp","href":"https:\/\/api.w.org\/{rel}","templated":true}]}}