{"id":11592,"date":"2021-03-11T14:27:35","date_gmt":"2021-03-11T13:27:35","guid":{"rendered":"https:\/\/deltatecnic.com\/deltacolor-pvc-2\/compuestos-conductivos-pvc\/"},"modified":"2024-10-15T13:10:06","modified_gmt":"2024-10-15T11:10:06","slug":"compuestos-conductivos-pvc","status":"publish","type":"page","link":"https:\/\/deltatecnic.com\/es\/deltacolor-pvc\/compuestos-conductivos-pvc\/","title":{"rendered":"COMPUESTOS CONDUCTIVOS PVC"},"content":{"rendered":"<p>[vc_row][vc_column][vc_single_image image=&#8221;8359&#8243; img_size=&#8221;full&#8221;]<h2 style=\"text-align:left;font-size:34px;line-height:1em;font-family:'Montserrat',Arial,Helvetica;font-weight:400;\" class=\"ts-custom-heading vc_custom_1650956216186\" ><strong>COMPUESTOS CONDUCTIVOS PVC<\/strong><br \/>\nGAMA DE COMPUESTOS CONDUCTIVOS PVC<\/h2>\n[vc_column_text]<strong>Delta Tecnic desarrolla una gama de compuestos de PVC conductores de electricidad que reducen en gran medida el riesgo de descarga de energ\u00eda electrost\u00e1tica.<\/strong><\/p>\n<p>Las propiedades de nuestros compuestos de PVC conductivos son permanentes y no dependen de la temperatura o la humedad.<\/p>\n<p>Los compuestos conductivos de PVC tienen una serie de ventajas sobre los metales o los revestimientos tensioactivos en el sentido de que sus piezas acabadas son m\u00e1s ligeras y m\u00e1s f\u00e1ciles de manipular. Su fabricaci\u00f3n suele ser m\u00e1s f\u00e1cil y menos costosa debido a la eliminaci\u00f3n de procesos secundarios.<\/p>\n<p>Nuestros compuestos ofrecen fiabilidad y valor para aplicaciones que requieren disipaci\u00f3n de cargas est\u00e1ticas o protecci\u00f3n contra descargas electrost\u00e1ticas.<\/p>\n<p>Delta Tecnic utiliza diferentes tecnolog\u00edas para impartir conductividad al <a href=\"https:\/\/deltatecnic.com\/es\/deltacolor-pvc\/compounding\/\">compuesto de PVC<\/a>, ofreciendo diferentes enfoques para lograr el grado exacto de conductividad requerido para la aplicaci\u00f3n, ya sea protecci\u00f3n permanente antiest\u00e1tica, disipadora de est\u00e1tica o ESD.[\/vc_column_text][vc_row_inner css=&#8221;.vc_custom_1611314242189{margin-top: 20px !important;}&#8221;][vc_column_inner width=&#8221;2\/3&#8243;][vc_single_image image=&#8221;9293&#8243; img_size=&#8221;full&#8221; alignment=&#8221;center&#8221;][\/vc_column_inner][vc_column_inner width=&#8221;1\/3&#8243; ts_responsive_css=&#8221;37923186|colbreak_no|||||20px||||colbreak_no|||||||||colbreak_no|||||0px|||||colbreak_no|||||||||&#8221; css=&#8221;.vc_custom_1611346964963{padding-top: 50px !important;}&#8221;]\r\n\t\t<div class=\"ts-vc_btn3-container ts-vc_btn3-center vc_custom_1651047332199\"><a class=\"ts-vc_general ts-vc_btn3 ts-vc_btn3-size-sm ts-vc_btn3-shape-square ts-vc_btn3-style-flat ts-vc_btn3-weight-no ts-vc_btn3-block ts-vc_btn3-color-black\" href=\"https:\/\/deltatecnic.com\/es\/soluciones-masterbatch\/\" title=\"Soluciones Masterbatch\">SOLUCIONES MASTERBATCH<\/a><\/div>[\/vc_column_inner][\/vc_row_inner][\/vc_column][\/vc_row]<\/p>\n","protected":false},"excerpt":{"rendered":"<p>[vc_row][vc_column][vc_single_image image=&#8221;8359&#8243; img_size=&#8221;full&#8221;][vc_column_text]Delta Tecnic desarrolla una gama de compuestos de PVC conductores de electricidad que reducen en gran medida el riesgo de descarga de energ\u00eda electrost\u00e1tica. Las propiedades de nuestros compuestos de PVC conductivos son permanentes y no dependen de la temperatura o la humedad. Los compuestos conductivos de PVC tienen una serie de ventajas &hellip; <a href=\"https:\/\/deltatecnic.com\/es\/deltacolor-pvc\/compuestos-conductivos-pvc\/\" class=\"more-link\" title=\"Continue reading <span class=\"screen-reader-text\">COMPUESTOS CONDUCTIVOS PVC<\/span>&#8220;>Continue reading <span class=\"screen-reader-text\">COMPUESTOS CONDUCTIVOS PVC<\/span><\/a><\/p>\n","protected":false},"author":1,"featured_media":0,"parent":11567,"menu_order":0,"comment_status":"closed","ping_status":"closed","template":"","meta":{"content-type":"","footnotes":""},"class_list":["post-11592","page","type-page","status-publish","hentry"],"yoast_head":"<!-- This site is optimized with the Yoast SEO plugin v27.1.1 - https:\/\/yoast.com\/product\/yoast-seo-wordpress\/ -->\n<title>Masterbatch de color. Compuestos de PVC de conducci\u00f3n el\u00e9ctrica<\/title>\n<meta name=\"description\" content=\"Delta Tecnic desarrolla una gama de compuestos de PVC conductores de electricidad que reducen el riesgo de descarga de energ\u00eda electrost\u00e1tica.\" \/>\n<meta name=\"robots\" content=\"index, follow, max-snippet:-1, max-image-preview:large, max-video-preview:-1\" \/>\n<link rel=\"canonical\" href=\"https:\/\/deltatecnic.com\/es\/deltacolor-pvc\/compuestos-conductivos-pvc\/\" \/>\n<meta property=\"og:locale\" content=\"es_ES\" \/>\n<meta property=\"og:type\" content=\"article\" \/>\n<meta property=\"og:title\" content=\"Masterbatch de color. Compuestos de PVC de conducci\u00f3n el\u00e9ctrica\" \/>\n<meta property=\"og:description\" content=\"Delta Tecnic desarrolla una gama de compuestos de PVC conductores de electricidad que reducen el riesgo de descarga de energ\u00eda electrost\u00e1tica.\" \/>\n<meta property=\"og:url\" content=\"https:\/\/deltatecnic.com\/es\/deltacolor-pvc\/compuestos-conductivos-pvc\/\" \/>\n<meta property=\"og:site_name\" content=\"Delta Tecnic\" \/>\n<meta property=\"article:modified_time\" content=\"2024-10-15T11:10:06+00:00\" \/>\n<meta name=\"twitter:card\" content=\"summary_large_image\" \/>\n<meta name=\"twitter:label1\" content=\"Tiempo de lectura\" \/>\n\t<meta name=\"twitter:data1\" content=\"1 minuto\" \/>\n<!-- \/ Yoast SEO plugin. -->","yoast_head_json":{"title":"Masterbatch de color. Compuestos de PVC de conducci\u00f3n el\u00e9ctrica","description":"Delta Tecnic desarrolla una gama de compuestos de PVC conductores de electricidad que reducen el riesgo de descarga de energ\u00eda electrost\u00e1tica.","robots":{"index":"index","follow":"follow","max-snippet":"max-snippet:-1","max-image-preview":"max-image-preview:large","max-video-preview":"max-video-preview:-1"},"canonical":"https:\/\/deltatecnic.com\/es\/deltacolor-pvc\/compuestos-conductivos-pvc\/","og_locale":"es_ES","og_type":"article","og_title":"Masterbatch de color. Compuestos de PVC de conducci\u00f3n el\u00e9ctrica","og_description":"Delta Tecnic desarrolla una gama de compuestos de PVC conductores de electricidad que reducen el riesgo de descarga de energ\u00eda electrost\u00e1tica.","og_url":"https:\/\/deltatecnic.com\/es\/deltacolor-pvc\/compuestos-conductivos-pvc\/","og_site_name":"Delta Tecnic","article_modified_time":"2024-10-15T11:10:06+00:00","twitter_card":"summary_large_image","twitter_misc":{"Tiempo de lectura":"1 minuto"},"schema":{"@context":"https:\/\/schema.org","@graph":[{"@type":"WebPage","@id":"https:\/\/deltatecnic.com\/es\/deltacolor-pvc\/compuestos-conductivos-pvc\/","url":"https:\/\/deltatecnic.com\/es\/deltacolor-pvc\/compuestos-conductivos-pvc\/","name":"Masterbatch de color. Compuestos de PVC de conducci\u00f3n el\u00e9ctrica","isPartOf":{"@id":"https:\/\/deltatecnic.com\/es\/#website"},"datePublished":"2021-03-11T13:27:35+00:00","dateModified":"2024-10-15T11:10:06+00:00","description":"Delta Tecnic desarrolla una gama de compuestos de PVC conductores de electricidad que reducen el riesgo de descarga de energ\u00eda electrost\u00e1tica.","breadcrumb":{"@id":"https:\/\/deltatecnic.com\/es\/deltacolor-pvc\/compuestos-conductivos-pvc\/#breadcrumb"},"inLanguage":"es","potentialAction":[{"@type":"ReadAction","target":["https:\/\/deltatecnic.com\/es\/deltacolor-pvc\/compuestos-conductivos-pvc\/"]}]},{"@type":"BreadcrumbList","@id":"https:\/\/deltatecnic.com\/es\/deltacolor-pvc\/compuestos-conductivos-pvc\/#breadcrumb","itemListElement":[{"@type":"ListItem","position":1,"name":"Inici","item":"https:\/\/deltatecnic.com\/es\/"},{"@type":"ListItem","position":2,"name":"Deltacolor PVC","item":"https:\/\/deltatecnic.com\/es\/deltacolor-pvc\/"},{"@type":"ListItem","position":3,"name":"COMPUESTOS CONDUCTIVOS PVC"}]},{"@type":"WebSite","@id":"https:\/\/deltatecnic.com\/es\/#website","url":"https:\/\/deltatecnic.com\/es\/","name":"Delta Tecnic","description":"Bringing colour to life","potentialAction":[{"@type":"SearchAction","target":{"@type":"EntryPoint","urlTemplate":"https:\/\/deltatecnic.com\/es\/?s={search_term_string}"},"query-input":{"@type":"PropertyValueSpecification","valueRequired":true,"valueName":"search_term_string"}}],"inLanguage":"es"}]}},"_links":{"self":[{"href":"https:\/\/deltatecnic.com\/es\/wp-json\/wp\/v2\/pages\/11592","targetHints":{"allow":["GET"]}}],"collection":[{"href":"https:\/\/deltatecnic.com\/es\/wp-json\/wp\/v2\/pages"}],"about":[{"href":"https:\/\/deltatecnic.com\/es\/wp-json\/wp\/v2\/types\/page"}],"author":[{"embeddable":true,"href":"https:\/\/deltatecnic.com\/es\/wp-json\/wp\/v2\/users\/1"}],"replies":[{"embeddable":true,"href":"https:\/\/deltatecnic.com\/es\/wp-json\/wp\/v2\/comments?post=11592"}],"version-history":[{"count":0,"href":"https:\/\/deltatecnic.com\/es\/wp-json\/wp\/v2\/pages\/11592\/revisions"}],"up":[{"embeddable":true,"href":"https:\/\/deltatecnic.com\/es\/wp-json\/wp\/v2\/pages\/11567"}],"wp:attachment":[{"href":"https:\/\/deltatecnic.com\/es\/wp-json\/wp\/v2\/media?parent=11592"}],"curies":[{"name":"wp","href":"https:\/\/api.w.org\/{rel}","templated":true}]}}