{"id":11583,"date":"2020-12-22T16:45:48","date_gmt":"2020-12-22T15:45:48","guid":{"rendered":"https:\/\/deltatecnic.com\/deltacolor-pvc-2\/pantallas\/"},"modified":"2024-03-22T11:25:09","modified_gmt":"2024-03-22T10:25:09","slug":"pantallas","status":"publish","type":"page","link":"https:\/\/deltatecnic.com\/es\/deltacolor-pvc\/pantallas\/","title":{"rendered":"PANTALLAS"},"content":{"rendered":"<p>[vc_row][vc_column][vc_single_image image=&#8221;8359&#8243; img_size=&#8221;full&#8221;]<h2 style=\"text-align:left;font-size:34px;line-height:1em;font-family:'Montserrat',Arial,Helvetica;font-weight:400;\" class=\"ts-custom-heading vc_custom_1650954827513\" ><strong>PANTALLAS<\/strong><br \/>\nGAMA DE MASTERBATCHES DE COLORES EST\u00c1NDAR Y A MEDIDA QUE CUBREN TODA LA GAMA DE COLORES<\/h2>\n[vc_column_text]Disponemos de una amplia <a href=\"https:\/\/deltatecnic.com\/es\/soluciones-masterbatch\/\">gama de Masterbatches<\/a> de un solo pigmento blanco para conseguir distintos grados de opacidad y blancura.[\/vc_column_text][\/vc_column][\/vc_row][vc_row][vc_column][vc_tta_accordion active_section=&#8221;0&#8243; collapsible_all=&#8221;true&#8221; el_class=&#8221;bloc-cable05&#8243;][vc_tta_section title=&#8221;Single pigment CPS&#8221; tab_id=&#8221;ac07-single-pigment-cps&#8221; el_class=&#8221;tit-acord-dc&#8221;][vc_column_text]Delta Tecnic dispone de una amplia gama de colores de un solo pigmento en forma de criopellet, de un tama\u00f1o inferior a 1 mm, y puede ofrecer Masterbatches producidos con pigmentos de diferentes fabricantes para cubrir toda la gama de colores. Bajo demanda podemos fabricar un criopellet de pigmento solicitado por el cliente, con la \u00fanica limitaci\u00f3n de una producci\u00f3n m\u00ednima de 300 kg.[\/vc_column_text][vc_row_inner css=&#8221;.vc_custom_1611314242189{margin-top: 20px !important;}&#8221;][vc_column_inner width=&#8221;2\/3&#8243;][vc_single_image image=&#8221;9289&#8243; img_size=&#8221;full&#8221; alignment=&#8221;center&#8221;][\/vc_column_inner][vc_column_inner width=&#8221;1\/3&#8243; ts_responsive_css=&#8221;37923186|colbreak_no|||||20px||||colbreak_no|||||||||colbreak_no|||||20px|||||colbreak_no|||||||||&#8221; css=&#8221;.vc_custom_1615466448255{padding-top: 0px !important;}&#8221;]\r\n\t\t<div class=\"ts-vc_btn3-container ts-vc_btn3-center vc_custom_1651046954927\"><a class=\"ts-vc_general ts-vc_btn3 ts-vc_btn3-size-sm ts-vc_btn3-shape-square ts-vc_btn3-style-flat ts-vc_btn3-weight-no ts-vc_btn3-block ts-vc_btn3-color-black\" href=\"https:\/\/deltatecnic.com\/es\/soluciones-masterbatch\/\" title=\"Soluciones Masterbatch\">SOLUCIONES MASTERBATCH<\/a><\/div>[\/vc_column_inner][\/vc_row_inner][\/vc_tta_section][vc_tta_section title=&#8221;Custom colours&#8221; tab_id=&#8221;ac07-custom-colours&#8221; el_class=&#8221;tit-acord-dc&#8221;][vc_column_text]El color m\u00e1s com\u00fan en este sector es el blanco. Disponemos de una amplia gama de colores est\u00e1ndar, pero si el cliente busca un tono especial o la base que est\u00e1 utilizando modifica el tono y el resultado no es el esperado, ofrecemos colores Taylormade con el pol\u00edmero base del cliente.[\/vc_column_text][vc_empty_space height=&#8221;40px&#8221;][vc_column_text]<strong>PELLETS<\/strong><br \/>\nNuestros pellets est\u00e1ndar para PVC son cil\u00edndricos, de aproximadamente 3,5 mm x 3 mm.[\/vc_column_text][vc_empty_space height=&#8221;40px&#8221;][vc_column_text]<strong>MICROPELLETS<\/strong><br \/>\nA veces, debido a las condiciones del proceso, es necesario el uso de un pelet m\u00e1s peque\u00f1o para facilitar la diluci\u00f3n del <a href=\"https:\/\/deltatecnic.com\/es\/guia-completa-del-masterbatch\/\">Masterbatch<\/a>. Delta Tecnic ha desarrollado dos tipos de gr\u00e1nulos Masterbatch m\u00e1s peque\u00f1os; el micropellet MP, de 2.5 mm x 1.0 mm, y el micropellet peque\u00f1o, SMP, de 1.5 mm x 1.0 mm.<\/p>\n<p>Tambi\u00e9n se recomienda el uso de micropellets cuando el cliente requiera un efecto met\u00e1lico y una buena diluci\u00f3n.[\/vc_column_text][vc_empty_space height=&#8221;30px&#8221;]\r\n\t\t<div class=\"ts-vc_btn3-container  but-dreta ts-vc_btn3-center vc_custom_1651046983266\"><a class=\"ts-vc_general ts-vc_btn3 ts-vc_btn3-size-sm ts-vc_btn3-shape-square ts-vc_btn3-style-flat ts-vc_btn3-weight-no ts-vc_btn3-block ts-vc_btn3-color-black\" href=\"https:\/\/deltatecnic.com\/es\/soluciones-masterbatch\/\" title=\"Soluciones Masterbatch\">SOLUCIONES MASTERBATCH<\/a><\/div>[\/vc_tta_section][\/vc_tta_accordion][\/vc_column][\/vc_row]<\/p>\n","protected":false},"excerpt":{"rendered":"<p>GAMA DE MASTERBATCHES DE COLORES EST\u00c1NDAR Y A MEDIDA QUE CUBREN TODA LA GAMA DE COLORES<\/p>\n","protected":false},"author":1,"featured_media":0,"parent":11567,"menu_order":0,"comment_status":"closed","ping_status":"closed","template":"","meta":{"content-type":"","footnotes":""},"class_list":["post-11583","page","type-page","status-publish","hentry"],"yoast_head":"<!-- This site is optimized with the Yoast SEO plugin v27.1.1 - https:\/\/yoast.com\/product\/yoast-seo-wordpress\/ -->\n<title>Masterbatch de color para pantallas | Delta Tecnic<\/title>\n<meta name=\"description\" content=\"Disponemos de una amplia gama de Masterbatches monopigmento blancos tintados para conseguir diferentes grados de opacidad y blancura.\" \/>\n<meta name=\"robots\" content=\"index, follow, max-snippet:-1, max-image-preview:large, max-video-preview:-1\" \/>\n<link rel=\"canonical\" href=\"https:\/\/deltatecnic.com\/es\/deltacolor-pvc\/pantallas\/\" \/>\n<meta property=\"og:locale\" content=\"es_ES\" \/>\n<meta property=\"og:type\" content=\"article\" \/>\n<meta property=\"og:title\" content=\"Masterbatch de color para pantallas | Delta Tecnic\" \/>\n<meta property=\"og:description\" content=\"Disponemos de una amplia gama de Masterbatches monopigmento blancos tintados para conseguir diferentes grados de opacidad y blancura.\" \/>\n<meta property=\"og:url\" content=\"https:\/\/deltatecnic.com\/es\/deltacolor-pvc\/pantallas\/\" \/>\n<meta property=\"og:site_name\" content=\"Delta Tecnic\" \/>\n<meta property=\"article:modified_time\" content=\"2024-03-22T10:25:09+00:00\" \/>\n<meta name=\"twitter:card\" content=\"summary_large_image\" \/>\n<meta name=\"twitter:label1\" content=\"Tiempo de lectura\" \/>\n\t<meta name=\"twitter:data1\" content=\"2 minutos\" \/>\n<!-- \/ Yoast SEO plugin. -->","yoast_head_json":{"title":"Masterbatch de color para pantallas | Delta Tecnic","description":"Disponemos de una amplia gama de Masterbatches monopigmento blancos tintados para conseguir diferentes grados de opacidad y blancura.","robots":{"index":"index","follow":"follow","max-snippet":"max-snippet:-1","max-image-preview":"max-image-preview:large","max-video-preview":"max-video-preview:-1"},"canonical":"https:\/\/deltatecnic.com\/es\/deltacolor-pvc\/pantallas\/","og_locale":"es_ES","og_type":"article","og_title":"Masterbatch de color para pantallas | Delta Tecnic","og_description":"Disponemos de una amplia gama de Masterbatches monopigmento blancos tintados para conseguir diferentes grados de opacidad y blancura.","og_url":"https:\/\/deltatecnic.com\/es\/deltacolor-pvc\/pantallas\/","og_site_name":"Delta Tecnic","article_modified_time":"2024-03-22T10:25:09+00:00","twitter_card":"summary_large_image","twitter_misc":{"Tiempo de lectura":"2 minutos"},"schema":{"@context":"https:\/\/schema.org","@graph":[{"@type":"WebPage","@id":"https:\/\/deltatecnic.com\/es\/deltacolor-pvc\/pantallas\/","url":"https:\/\/deltatecnic.com\/es\/deltacolor-pvc\/pantallas\/","name":"Masterbatch de color para pantallas | Delta Tecnic","isPartOf":{"@id":"https:\/\/deltatecnic.com\/es\/#website"},"datePublished":"2020-12-22T15:45:48+00:00","dateModified":"2024-03-22T10:25:09+00:00","description":"Disponemos de una amplia gama de Masterbatches monopigmento blancos tintados para conseguir diferentes grados de opacidad y blancura.","breadcrumb":{"@id":"https:\/\/deltatecnic.com\/es\/deltacolor-pvc\/pantallas\/#breadcrumb"},"inLanguage":"es","potentialAction":[{"@type":"ReadAction","target":["https:\/\/deltatecnic.com\/es\/deltacolor-pvc\/pantallas\/"]}]},{"@type":"BreadcrumbList","@id":"https:\/\/deltatecnic.com\/es\/deltacolor-pvc\/pantallas\/#breadcrumb","itemListElement":[{"@type":"ListItem","position":1,"name":"Inici","item":"https:\/\/deltatecnic.com\/es\/"},{"@type":"ListItem","position":2,"name":"Deltacolor PVC","item":"https:\/\/deltatecnic.com\/es\/deltacolor-pvc\/"},{"@type":"ListItem","position":3,"name":"PANTALLAS"}]},{"@type":"WebSite","@id":"https:\/\/deltatecnic.com\/es\/#website","url":"https:\/\/deltatecnic.com\/es\/","name":"Delta Tecnic","description":"Bringing colour to life","potentialAction":[{"@type":"SearchAction","target":{"@type":"EntryPoint","urlTemplate":"https:\/\/deltatecnic.com\/es\/?s={search_term_string}"},"query-input":{"@type":"PropertyValueSpecification","valueRequired":true,"valueName":"search_term_string"}}],"inLanguage":"es"}]}},"_links":{"self":[{"href":"https:\/\/deltatecnic.com\/es\/wp-json\/wp\/v2\/pages\/11583","targetHints":{"allow":["GET"]}}],"collection":[{"href":"https:\/\/deltatecnic.com\/es\/wp-json\/wp\/v2\/pages"}],"about":[{"href":"https:\/\/deltatecnic.com\/es\/wp-json\/wp\/v2\/types\/page"}],"author":[{"embeddable":true,"href":"https:\/\/deltatecnic.com\/es\/wp-json\/wp\/v2\/users\/1"}],"replies":[{"embeddable":true,"href":"https:\/\/deltatecnic.com\/es\/wp-json\/wp\/v2\/comments?post=11583"}],"version-history":[{"count":0,"href":"https:\/\/deltatecnic.com\/es\/wp-json\/wp\/v2\/pages\/11583\/revisions"}],"up":[{"embeddable":true,"href":"https:\/\/deltatecnic.com\/es\/wp-json\/wp\/v2\/pages\/11567"}],"wp:attachment":[{"href":"https:\/\/deltatecnic.com\/es\/wp-json\/wp\/v2\/media?parent=11583"}],"curies":[{"name":"wp","href":"https:\/\/api.w.org\/{rel}","templated":true}]}}