{"id":11580,"date":"2020-12-21T19:38:36","date_gmt":"2020-12-21T18:38:36","guid":{"rendered":"https:\/\/deltatecnic.com\/deltacolor-pvc-2\/compounding\/"},"modified":"2024-03-22T08:31:21","modified_gmt":"2024-03-22T07:31:21","slug":"compounding","status":"publish","type":"page","link":"https:\/\/deltatecnic.com\/es\/deltacolor-pvc\/compounding\/","title":{"rendered":"Compounding"},"content":{"rendered":"<p>[vc_row][vc_column][vc_single_image image=&#8221;8359&#8243; img_size=&#8221;full&#8221;]<h2 style=\"text-align:left;font-size:34px;line-height:1em;font-family:'Montserrat',Arial,Helvetica;font-weight:400;\" class=\"ts-custom-heading vc_custom_1650911661175\" ><strong>COMPOUNDING<\/strong><br \/>\nAMPLIA GAMA DE SOLUCIONES PARA INCORPORAR COLOR EN COMPUESTOS DE PVC<\/h2>\n[vc_column_text]Delta Tecnic, con m\u00e1s de 30 a\u00f1os de experiencia en la coloraci\u00f3n de PVC, tiene una amplia gama de soluciones para ayudar a incorporar el color en los compuestos de PVC.<\/p>\n<p>El uso de pigmentos para resolver un color en compuestos de PVC implica una serie de problemas que el uso de Masterbatches ayuda a evitar.<\/p>\n<p>La suciedad en las instalaciones, la dificultad para igualar el color de un lote a otro, la mala dispersi\u00f3n de los pigmentos, los tiempos de limpieza y la homogeneizaci\u00f3n del color son problemas habituales cuando se utilizan pigmentos. El uso de nuestros Masterbatches elimina estos problemas, impulsando la productividad y la eficiencia de las plantas de fabricaci\u00f3n de compuestos de PVC.[\/vc_column_text][vc_separator color=&#8221;custom&#8221; accent_color=&#8221;#eff1f5&#8243;][vc_column_text]Para la industria de los compuestos de PVC, Delta Tecnic desarrolla Masterbatches o predispersiones de color con la f\u00f3rmula del pigmento para lograr el color final requerido por el cliente.<\/p>\n<p>Gracias a nuestra dilatada experiencia y conocimiento de una gran cantidad de pigmentos, desarrollamos la formulaci\u00f3n m\u00e1s adecuada para cumplir con los requisitos t\u00e9cnicos solicitados.<\/p>\n<p>La suciedad en las instalaciones, la dificultad para igualar el color de un lote a otro, la mala dispersi\u00f3n de los pigmentos, los tiempos de limpieza y la homogeneizaci\u00f3n del color son problemas habituales cuando se utilizan pigmentos. El uso de nuestros Masterbatches elimina estos problemas, impulsando la productividad y la eficiencia de las plantas de fabricaci\u00f3n de compuestos de PVC.[\/vc_column_text][vc_empty_space height=&#8221;40px&#8221;][vc_column_text]<strong>PELLETS\/MICROPELLETS<\/strong><br \/>\nPara la industria de compounding de PVC, Delta Tecnic desarrolla Masterbatches o predispersiones de color con la f\u00f3rmula de pigmento definitiva para lograr el color final requerido por el cliente.<\/p>\n<p>Estos Masterbatches est\u00e1n disponibles en dos tama\u00f1os de pellet, incluido nuestro tama\u00f1o de granza normal con un di\u00e1metro medio de 3 mm y una longitud de 3,5 mm.<\/p>\n<p>Tambi\u00e9n tenemos disponible un gr\u00e1nulo m\u00e1s peque\u00f1o con un di\u00e1metro de 1 mm y una longitud de 2,5 mm. Este tama\u00f1o de pellet m\u00e1s peque\u00f1o ayuda a la diluci\u00f3n del <a href=\"https:\/\/deltatecnic.com\/es\/guia-completa-del-masterbatch\/\">masterbatch<\/a> cuando se usa en el turbomezclador o enfriador, ya que su tama\u00f1o es m\u00e1s similar al compuesto de PVC en polvo usado por los mezcladores.[\/vc_column_text][vc_empty_space height=&#8221;30px&#8221;][vc_column_text]<strong>BLACK MASTERBATCHES<\/strong><br \/>\nDelta Tecnic ha desarrollado una <a href=\"https:\/\/deltatecnic.com\/es\/soluciones-masterbatch\/\">gama de Masterbatches<\/a> negros en base de PVC, especialmente dise\u00f1ados para esta industria. Todos nuestros Masterbatches est\u00e1n fabricados con resina base PVC y solemos utilizar DOTP o ESBO (especialmente para compuestos r\u00edgidos) como plastificantes.<\/p>\n<p>El pigmento Carbon black es una materia prima muy dif\u00edcil de manipular debido a su alta volatilidad y su capacidad para te\u00f1ir. Es por eso que reemplazarlo con un Masterbatch en el que el pigmento de negro de humo est\u00e9 completamente encapsulado es de gran ayuda no solo para mantener limpias las instalaciones de nuestros clientes, sino tambi\u00e9n para ayudar a la salud de sus trabajadores al evitar atm\u00f3sferas polvorientas.<\/p>\n<p>Nuestros <a href=\"https:\/\/deltatecnic.com\/es\/deltacolor-pvc\/masterbatches-negros-pvc\/\">Masterbatches de PVC negro<\/a> est\u00e1n disponibles en diferentes tama\u00f1os de gr\u00e1nulos, como granza normal, micropellet o criopellet, seg\u00fan las necesidades de nuestros clientes y el uso que deseen hacer de ellos.[\/vc_column_text][vc_empty_space height=&#8221;30px&#8221;][vc_column_text]<strong>EFFECTS PIGMENTS<\/strong><br \/>\nGracias a nuestra experiencia de m\u00e1s de 30 a\u00f1os en la <a href=\"https:\/\/deltatecnic.com\/es\/empresa\/\">fabricaci\u00f3n de Masterbatches<\/a> con pigmentos de aluminio, oro y perla, Delta Tecnic ha desarrollado una tecnolog\u00eda de extrusi\u00f3n especial que permite a nuestros Masterbatches de tama\u00f1o de pellet normal proporcionar un efecto met\u00e1lico muy marcado que no se ve afectado significativamente por el paso a trav\u00e9s de la extrusora.<\/p>\n<p>Los efectos de aluminio, oro nacarado o interferencia son nuestra especialidad y los ofrecemos en el mercado tanto como Masterbatches como predispersiones en polvo con el color final deseado por nuestros clientes.<\/p>\n<p>Gracias a la predispersi\u00f3n realizada en nuestras instalaciones, eliminamos problemas de aglomeraciones y defectos superficiales en el producto final.[\/vc_column_text][vc_empty_space height=&#8221;30px&#8221;][vc_column_text]<strong>\u201cS\u201d PIGMENT DISPERSIONS<\/strong><br \/>\nDelta Tecnic cuenta con una gama de concentrados de color en polvo que no han pasado por extrusora, con el color final requerido por nuestro cliente.<\/p>\n<p>Esta gama de productos predispersados puede incorporar como veh\u00edculo lo siguiente: Dry-blend, resina de PVC o Carbonato de Calcio, seg\u00fan las necesidades de nuestros clientes.<\/p>\n<p>Cuando la limpieza y la dispersi\u00f3n de las instalaciones no son valores a\u00f1adidos importantes para nuestros clientes, esta soluci\u00f3n es la m\u00e1s adecuada.[\/vc_column_text][vc_empty_space height=&#8221;30px&#8221;]\r\n\t\t<div class=\"ts-vc_btn3-container  but-dreta ts-vc_btn3-center vc_custom_1651046811275\"><a class=\"ts-vc_general ts-vc_btn3 ts-vc_btn3-size-sm ts-vc_btn3-shape-square ts-vc_btn3-style-flat ts-vc_btn3-weight-no ts-vc_btn3-block ts-vc_btn3-color-black\" href=\"https:\/\/deltatecnic.com\/es\/soluciones-masterbatch\/\" title=\"Soluciones masterbatch\">SOLUCIONES MASTERBATCH <\/a><\/div>[\/vc_column][\/vc_row]<\/p>\n","protected":false},"excerpt":{"rendered":"<p>AMPLIA GAMA DE SOLUCIONES PARA INCORPORAR COLOR EN COMPUESTOS DE PVC<\/p>\n","protected":false},"author":1,"featured_media":0,"parent":11567,"menu_order":0,"comment_status":"closed","ping_status":"closed","template":"","meta":{"content-type":"","footnotes":""},"class_list":["post-11580","page","type-page","status-publish","hentry"],"yoast_head":"<!-- This site is optimized with the Yoast SEO plugin v27.1.1 - https:\/\/yoast.com\/product\/yoast-seo-wordpress\/ -->\n<title>Compuestos de masterbatch de color | Delta Tecnic<\/title>\n<meta name=\"description\" content=\"Delta Tecnic, como experto en la coloraci\u00f3n del PVC, dispone de una amplia gama de soluciones para ayudar a incorporar color a los compuestos de PVC\" \/>\n<meta name=\"robots\" content=\"index, follow, max-snippet:-1, max-image-preview:large, max-video-preview:-1\" \/>\n<link rel=\"canonical\" href=\"https:\/\/deltatecnic.com\/es\/deltacolor-pvc\/compounding\/\" \/>\n<meta property=\"og:locale\" content=\"es_ES\" \/>\n<meta property=\"og:type\" content=\"article\" \/>\n<meta property=\"og:title\" content=\"Compuestos de masterbatch de color | Delta Tecnic\" \/>\n<meta property=\"og:description\" content=\"Delta Tecnic, como experto en la coloraci\u00f3n del PVC, dispone de una amplia gama de soluciones para ayudar a incorporar color a los compuestos de PVC\" \/>\n<meta property=\"og:url\" content=\"https:\/\/deltatecnic.com\/es\/deltacolor-pvc\/compounding\/\" \/>\n<meta property=\"og:site_name\" content=\"Delta Tecnic\" \/>\n<meta property=\"article:modified_time\" content=\"2024-03-22T07:31:21+00:00\" \/>\n<meta name=\"twitter:card\" content=\"summary_large_image\" \/>\n<meta name=\"twitter:label1\" content=\"Tiempo de lectura\" \/>\n\t<meta name=\"twitter:data1\" content=\"4 minutos\" \/>\n<!-- \/ Yoast SEO plugin. -->","yoast_head_json":{"title":"Compuestos de masterbatch de color | Delta Tecnic","description":"Delta Tecnic, como experto en la coloraci\u00f3n del PVC, dispone de una amplia gama de soluciones para ayudar a incorporar color a los compuestos de PVC","robots":{"index":"index","follow":"follow","max-snippet":"max-snippet:-1","max-image-preview":"max-image-preview:large","max-video-preview":"max-video-preview:-1"},"canonical":"https:\/\/deltatecnic.com\/es\/deltacolor-pvc\/compounding\/","og_locale":"es_ES","og_type":"article","og_title":"Compuestos de masterbatch de color | Delta Tecnic","og_description":"Delta Tecnic, como experto en la coloraci\u00f3n del PVC, dispone de una amplia gama de soluciones para ayudar a incorporar color a los compuestos de PVC","og_url":"https:\/\/deltatecnic.com\/es\/deltacolor-pvc\/compounding\/","og_site_name":"Delta Tecnic","article_modified_time":"2024-03-22T07:31:21+00:00","twitter_card":"summary_large_image","twitter_misc":{"Tiempo de lectura":"4 minutos"},"schema":{"@context":"https:\/\/schema.org","@graph":[{"@type":"WebPage","@id":"https:\/\/deltatecnic.com\/es\/deltacolor-pvc\/compounding\/","url":"https:\/\/deltatecnic.com\/es\/deltacolor-pvc\/compounding\/","name":"Compuestos de masterbatch de color | Delta Tecnic","isPartOf":{"@id":"https:\/\/deltatecnic.com\/es\/#website"},"datePublished":"2020-12-21T18:38:36+00:00","dateModified":"2024-03-22T07:31:21+00:00","description":"Delta Tecnic, como experto en la coloraci\u00f3n del PVC, dispone de una amplia gama de soluciones para ayudar a incorporar color a los compuestos de PVC","breadcrumb":{"@id":"https:\/\/deltatecnic.com\/es\/deltacolor-pvc\/compounding\/#breadcrumb"},"inLanguage":"es","potentialAction":[{"@type":"ReadAction","target":["https:\/\/deltatecnic.com\/es\/deltacolor-pvc\/compounding\/"]}]},{"@type":"BreadcrumbList","@id":"https:\/\/deltatecnic.com\/es\/deltacolor-pvc\/compounding\/#breadcrumb","itemListElement":[{"@type":"ListItem","position":1,"name":"Inici","item":"https:\/\/deltatecnic.com\/es\/"},{"@type":"ListItem","position":2,"name":"Deltacolor PVC","item":"https:\/\/deltatecnic.com\/es\/deltacolor-pvc\/"},{"@type":"ListItem","position":3,"name":"Compounding"}]},{"@type":"WebSite","@id":"https:\/\/deltatecnic.com\/es\/#website","url":"https:\/\/deltatecnic.com\/es\/","name":"Delta Tecnic","description":"Bringing colour to life","potentialAction":[{"@type":"SearchAction","target":{"@type":"EntryPoint","urlTemplate":"https:\/\/deltatecnic.com\/es\/?s={search_term_string}"},"query-input":{"@type":"PropertyValueSpecification","valueRequired":true,"valueName":"search_term_string"}}],"inLanguage":"es"}]}},"_links":{"self":[{"href":"https:\/\/deltatecnic.com\/es\/wp-json\/wp\/v2\/pages\/11580","targetHints":{"allow":["GET"]}}],"collection":[{"href":"https:\/\/deltatecnic.com\/es\/wp-json\/wp\/v2\/pages"}],"about":[{"href":"https:\/\/deltatecnic.com\/es\/wp-json\/wp\/v2\/types\/page"}],"author":[{"embeddable":true,"href":"https:\/\/deltatecnic.com\/es\/wp-json\/wp\/v2\/users\/1"}],"replies":[{"embeddable":true,"href":"https:\/\/deltatecnic.com\/es\/wp-json\/wp\/v2\/comments?post=11580"}],"version-history":[{"count":0,"href":"https:\/\/deltatecnic.com\/es\/wp-json\/wp\/v2\/pages\/11580\/revisions"}],"up":[{"embeddable":true,"href":"https:\/\/deltatecnic.com\/es\/wp-json\/wp\/v2\/pages\/11567"}],"wp:attachment":[{"href":"https:\/\/deltatecnic.com\/es\/wp-json\/wp\/v2\/media?parent=11580"}],"curies":[{"name":"wp","href":"https:\/\/api.w.org\/{rel}","templated":true}]}}