{"id":11578,"date":"2020-12-21T17:00:20","date_gmt":"2020-12-21T16:00:20","guid":{"rendered":"https:\/\/deltatecnic.com\/deltacolor-pvc-2\/tubos-codos-mangueras\/"},"modified":"2024-03-22T11:39:25","modified_gmt":"2024-03-22T10:39:25","slug":"tubos-codos-mangueras","status":"publish","type":"page","link":"https:\/\/deltatecnic.com\/es\/deltacolor-pvc\/tubos-codos-mangueras\/","title":{"rendered":"TUBOS\/CODOS\/MANGUERAS"},"content":{"rendered":"<p>[vc_row][vc_column][vc_single_image image=&#8221;8359&#8243; img_size=&#8221;full&#8221;]<h2 style=\"text-align:left;font-size:34px;line-height:1em;font-family:'Montserrat',Arial,Helvetica;font-weight:400;\" class=\"ts-custom-heading vc_custom_1650911162144\" ><strong>TUBOS\/CODOS\/MANGUERAS<\/strong><br \/>\nAMPLIA GAMA MASTERBATCH PARA TUBER\u00cdAS, CODOS Y MANGUERAS<\/h2>\n[vc_column_text]<strong>Nuestro objetivo es ayudar a proporcionar a la industria de la construcci\u00f3n de PVC un producto cada vez mejor para sus clientes. PVC r\u00edgido para tuber\u00edas, PVC moldeado por inyecci\u00f3n para accesorios, PVC flexible para mangueras:<\/strong> los 3 productos pueden compartir el mismo color final y calidad que el cliente desee. Una soluci\u00f3n integral para los hogares, donde la uniformidad del color es muy importante.<\/p>\n<p>Ofrecemos <a href=\"https:\/\/deltatecnic.com\/es\/guia-completa-del-masterbatch\/\">Masterbatches<\/a> en diferentes formas para adaptarnos a las diferentes necesidades y tama\u00f1os: micropellet peque\u00f1o, polvo, granulado est\u00e1ndar o micropellet.[\/vc_column_text][vc_row_inner css=&#8221;.vc_custom_1611314242189{margin-top: 20px !important;}&#8221;][vc_column_inner width=&#8221;2\/3&#8243;][vc_single_image image=&#8221;9268&#8243; img_size=&#8221;full&#8221; alignment=&#8221;center&#8221;][\/vc_column_inner][vc_column_inner width=&#8221;1\/3&#8243; ts_responsive_css=&#8221;37923186|colbreak_no|||||20px||||colbreak_no|||||||||colbreak_no|||||0px|||||colbreak_no|||||||||&#8221; css=&#8221;.vc_custom_1611346964963{padding-top: 50px !important;}&#8221;]\r\n\t\t<div class=\"ts-vc_btn3-container ts-vc_btn3-center vc_custom_1651046601041\"><a class=\"ts-vc_general ts-vc_btn3 ts-vc_btn3-size-sm ts-vc_btn3-shape-square ts-vc_btn3-style-flat ts-vc_btn3-weight-no ts-vc_btn3-block ts-vc_btn3-color-black\" href=\"https:\/\/deltatecnic.com\/es\/soluciones-masterbatch\/\" title=\"Soluciones Masterbatch\">SOLUCIONES MASTERBATCH <\/a><\/div>[\/vc_column_inner][\/vc_row_inner][\/vc_column][\/vc_row]<\/p>\n","protected":false},"excerpt":{"rendered":"<p>AMPLIA GAMA MASTERBATCH PARA TUBER\u00cdAS, CODOS Y MANGUERAS <\/p>\n","protected":false},"author":1,"featured_media":0,"parent":11567,"menu_order":0,"comment_status":"closed","ping_status":"closed","template":"","meta":{"content-type":"","footnotes":""},"class_list":["post-11578","page","type-page","status-publish","hentry"],"yoast_head":"<!-- This site is optimized with the Yoast SEO plugin v27.1.1 - https:\/\/yoast.com\/product\/yoast-seo-wordpress\/ -->\n<title>Masterbatch de color para tubos y mangueras | Delta Tecnic<\/title>\n<meta name=\"description\" content=\"Masterbatches que se adaptan a distintas necesidades en la industria de la construcci\u00f3n de PVC: micropellet peque\u00f1o, polvo granulado est\u00e1ndar.\" \/>\n<meta name=\"robots\" content=\"index, follow, max-snippet:-1, max-image-preview:large, max-video-preview:-1\" \/>\n<link rel=\"canonical\" href=\"https:\/\/deltatecnic.com\/es\/deltacolor-pvc\/tubos-codos-mangueras\/\" \/>\n<meta property=\"og:locale\" content=\"es_ES\" \/>\n<meta property=\"og:type\" content=\"article\" \/>\n<meta property=\"og:title\" content=\"Masterbatch de color para tubos y mangueras | Delta Tecnic\" \/>\n<meta property=\"og:description\" content=\"Masterbatches que se adaptan a distintas necesidades en la industria de la construcci\u00f3n de PVC: micropellet peque\u00f1o, polvo granulado est\u00e1ndar.\" \/>\n<meta property=\"og:url\" content=\"https:\/\/deltatecnic.com\/es\/deltacolor-pvc\/tubos-codos-mangueras\/\" \/>\n<meta property=\"og:site_name\" content=\"Delta Tecnic\" \/>\n<meta property=\"article:modified_time\" content=\"2024-03-22T10:39:25+00:00\" \/>\n<meta name=\"twitter:card\" content=\"summary_large_image\" \/>\n<meta name=\"twitter:label1\" content=\"Tiempo de lectura\" \/>\n\t<meta name=\"twitter:data1\" content=\"1 minuto\" \/>\n<!-- \/ Yoast SEO plugin. -->","yoast_head_json":{"title":"Masterbatch de color para tubos y mangueras | Delta Tecnic","description":"Masterbatches que se adaptan a distintas necesidades en la industria de la construcci\u00f3n de PVC: micropellet peque\u00f1o, polvo granulado est\u00e1ndar.","robots":{"index":"index","follow":"follow","max-snippet":"max-snippet:-1","max-image-preview":"max-image-preview:large","max-video-preview":"max-video-preview:-1"},"canonical":"https:\/\/deltatecnic.com\/es\/deltacolor-pvc\/tubos-codos-mangueras\/","og_locale":"es_ES","og_type":"article","og_title":"Masterbatch de color para tubos y mangueras | Delta Tecnic","og_description":"Masterbatches que se adaptan a distintas necesidades en la industria de la construcci\u00f3n de PVC: micropellet peque\u00f1o, polvo granulado est\u00e1ndar.","og_url":"https:\/\/deltatecnic.com\/es\/deltacolor-pvc\/tubos-codos-mangueras\/","og_site_name":"Delta Tecnic","article_modified_time":"2024-03-22T10:39:25+00:00","twitter_card":"summary_large_image","twitter_misc":{"Tiempo de lectura":"1 minuto"},"schema":{"@context":"https:\/\/schema.org","@graph":[{"@type":"WebPage","@id":"https:\/\/deltatecnic.com\/es\/deltacolor-pvc\/tubos-codos-mangueras\/","url":"https:\/\/deltatecnic.com\/es\/deltacolor-pvc\/tubos-codos-mangueras\/","name":"Masterbatch de color para tubos y mangueras | Delta Tecnic","isPartOf":{"@id":"https:\/\/deltatecnic.com\/es\/#website"},"datePublished":"2020-12-21T16:00:20+00:00","dateModified":"2024-03-22T10:39:25+00:00","description":"Masterbatches que se adaptan a distintas necesidades en la industria de la construcci\u00f3n de PVC: micropellet peque\u00f1o, polvo granulado est\u00e1ndar.","breadcrumb":{"@id":"https:\/\/deltatecnic.com\/es\/deltacolor-pvc\/tubos-codos-mangueras\/#breadcrumb"},"inLanguage":"es","potentialAction":[{"@type":"ReadAction","target":["https:\/\/deltatecnic.com\/es\/deltacolor-pvc\/tubos-codos-mangueras\/"]}]},{"@type":"BreadcrumbList","@id":"https:\/\/deltatecnic.com\/es\/deltacolor-pvc\/tubos-codos-mangueras\/#breadcrumb","itemListElement":[{"@type":"ListItem","position":1,"name":"Inici","item":"https:\/\/deltatecnic.com\/es\/"},{"@type":"ListItem","position":2,"name":"Deltacolor PVC","item":"https:\/\/deltatecnic.com\/es\/deltacolor-pvc\/"},{"@type":"ListItem","position":3,"name":"TUBOS\/CODOS\/MANGUERAS"}]},{"@type":"WebSite","@id":"https:\/\/deltatecnic.com\/es\/#website","url":"https:\/\/deltatecnic.com\/es\/","name":"Delta Tecnic","description":"Bringing colour to life","potentialAction":[{"@type":"SearchAction","target":{"@type":"EntryPoint","urlTemplate":"https:\/\/deltatecnic.com\/es\/?s={search_term_string}"},"query-input":{"@type":"PropertyValueSpecification","valueRequired":true,"valueName":"search_term_string"}}],"inLanguage":"es"}]}},"_links":{"self":[{"href":"https:\/\/deltatecnic.com\/es\/wp-json\/wp\/v2\/pages\/11578","targetHints":{"allow":["GET"]}}],"collection":[{"href":"https:\/\/deltatecnic.com\/es\/wp-json\/wp\/v2\/pages"}],"about":[{"href":"https:\/\/deltatecnic.com\/es\/wp-json\/wp\/v2\/types\/page"}],"author":[{"embeddable":true,"href":"https:\/\/deltatecnic.com\/es\/wp-json\/wp\/v2\/users\/1"}],"replies":[{"embeddable":true,"href":"https:\/\/deltatecnic.com\/es\/wp-json\/wp\/v2\/comments?post=11578"}],"version-history":[{"count":0,"href":"https:\/\/deltatecnic.com\/es\/wp-json\/wp\/v2\/pages\/11578\/revisions"}],"up":[{"embeddable":true,"href":"https:\/\/deltatecnic.com\/es\/wp-json\/wp\/v2\/pages\/11567"}],"wp:attachment":[{"href":"https:\/\/deltatecnic.com\/es\/wp-json\/wp\/v2\/media?parent=11578"}],"curies":[{"name":"wp","href":"https:\/\/api.w.org\/{rel}","templated":true}]}}