{"id":11576,"date":"2020-12-21T16:53:08","date_gmt":"2020-12-21T15:53:08","guid":{"rendered":"https:\/\/deltatecnic.com\/deltacolor-pvc-2\/laminas-calandradas-flooring\/"},"modified":"2024-03-22T11:48:53","modified_gmt":"2024-03-22T10:48:53","slug":"laminas-calandradas-flooring","status":"publish","type":"page","link":"https:\/\/deltatecnic.com\/es\/deltacolor-pvc\/laminas-calandradas-flooring\/","title":{"rendered":"L\u00c1MINAS CALANDRADAS \/ FLOORING"},"content":{"rendered":"<p>[vc_row][vc_column][vc_single_image image=&#8221;8359&#8243; img_size=&#8221;full&#8221;]<h2 style=\"text-align:left;font-size:34px;line-height:1em;font-family:'Montserrat',Arial,Helvetica;font-weight:400;\" class=\"ts-custom-heading vc_custom_1650908211202\" ><strong>L\u00c1MINAS CALANDRADAS \/ FLOORING<\/strong><br \/>\nPIGMENTOS CONCENTRADOS DESARROLLADOS PARA LA COLORACI\u00d3N DE L\u00c1MINAS DE PVC R\u00cdGIDAS Y FLEXIBLES<\/h2>\n[vc_column_text]<strong>Productos especialmente desarrollados para la coloraci\u00f3n de l\u00e1minas de PVC r\u00edgidas y flexibles. Apoyamos a la <a href=\"https:\/\/deltatecnic.com\/es\/masterbatch-personalizados-para-la-industria-del-calandrado\/\">industria del calandrado<\/a> y flooring para desarrollar infinitos colores utilizando una peque\u00f1a cantidad de masterbatches monopigmentarios con excelente diluci\u00f3n y dispersi\u00f3n.<\/strong><\/p>\n<p>Tambi\u00e9n ofrecemos masterbatches hechos a medida, reduciendo las materias primas y proporcionando una excelente regularidad de color entre las series de producci\u00f3n.[\/vc_column_text][\/vc_column][\/vc_row][vc_row css=&#8221;.vc_custom_1611341163544{margin-top: 30px !important;}&#8221;][vc_column][vc_tta_accordion shape=&#8221;square&#8221; active_section=&#8221;0&#8243; collapsible_all=&#8221;true&#8221;][vc_tta_section title=&#8221;Criopellet Masterbatch&#8221; tab_id=&#8221;ac05-calendering-01&#8243; el_class=&#8221;tit-acord-dc&#8221;][vc_column_text]<span style=\"font-weight: 600;\">Gracias a nuestra amplia <a href=\"https:\/\/deltatecnic.com\/es\/soluciones-masterbatch\/\">gama de masterbatches<\/a> monopigmentarios crioprotegidos, ofrecemos la soluci\u00f3n para la formulaci\u00f3n de colores finales con una <a href=\"https:\/\/deltatecnic.com\/es\/clave-para-lograr-uniformidad-de-color-en-pvc-y-cables\/\">uniformidad de color<\/a> limpia.<\/span> Esto permite la producci\u00f3n de una variedad de colores finales utilizando un n\u00famero limitado de materias primas. Con el uso de estos masterbatches, la limpieza del proceso de producci\u00f3n est\u00e1 totalmente asegurada, con la consecuente mejora en la productividad y reducci\u00f3n de costes.[\/vc_column_text][vc_row_inner css=&#8221;.vc_custom_1611314242189{margin-top: 20px !important;}&#8221;][vc_column_inner width=&#8221;2\/3&#8243;][vc_single_image image=&#8221;9258&#8243; img_size=&#8221;full&#8221; alignment=&#8221;center&#8221;][\/vc_column_inner][vc_column_inner width=&#8221;1\/3&#8243; ts_responsive_css=&#8221;37923186|colbreak_no|||||20px||||colbreak_no|||||||||colbreak_no|||||0px|||||colbreak_no|||||||||&#8221; css=&#8221;.vc_custom_1611346964963{padding-top: 50px !important;}&#8221;]\r\n\t\t<div class=\"ts-vc_btn3-container ts-vc_btn3-center vc_custom_1651046387596\"><a class=\"ts-vc_general ts-vc_btn3 ts-vc_btn3-size-sm ts-vc_btn3-shape-square ts-vc_btn3-style-flat ts-vc_btn3-weight-no ts-vc_btn3-block ts-vc_btn3-color-black\" href=\"https:\/\/deltatecnic.com\/es\/soluciones-masterbatch\/\" title=\"Soluciones Masterbatch\">SOLUCIONES MASTERBATCH<\/a><\/div>[\/vc_column_inner][\/vc_row_inner][\/vc_tta_section][vc_tta_section title=&#8221;Micropellet Masterbatch&#8221; tab_id=&#8221;ac05-calendering-02&#8243; el_class=&#8221;tit-acord-dc&#8221;][vc_column_text]<span style=\"font-weight: 600;\">Con nuestros masterbatches en forma de Micropellet o Standard Pellet podemos proporcionar soluciones de color finales para la fabricaci\u00f3n de un solo color en largas tiradas de producci\u00f3n.<\/span> Esto hace que nuestro Micropellet sea la soluci\u00f3n ideal para obtener una excelente uniformidad de color y limpieza en todas las etapas del proceso de producci\u00f3n. El riesgo de errores durante el pesaje y la manipulaci\u00f3n se reduce considerablemente. Se garantiza una excelente regularidad y homogeneidad del color.[\/vc_column_text][vc_row_inner css=&#8221;.vc_custom_1611314242189{margin-top: 20px !important;}&#8221;][vc_column_inner width=&#8221;2\/3&#8243;][vc_single_image image=&#8221;9259&#8243; img_size=&#8221;full&#8221; alignment=&#8221;center&#8221;][\/vc_column_inner][vc_column_inner width=&#8221;1\/3&#8243; ts_responsive_css=&#8221;37923186|colbreak_no|||||20px||||colbreak_no|||||||||colbreak_no|||||0px|||||colbreak_no|||||||||&#8221; css=&#8221;.vc_custom_1611346964963{padding-top: 50px !important;}&#8221;]\r\n\t\t<div class=\"ts-vc_btn3-container ts-vc_btn3-center vc_custom_1651046419164\"><a class=\"ts-vc_general ts-vc_btn3 ts-vc_btn3-size-sm ts-vc_btn3-shape-square ts-vc_btn3-style-flat ts-vc_btn3-weight-no ts-vc_btn3-block ts-vc_btn3-color-black\" href=\"https:\/\/deltatecnic.com\/es\/soluciones-masterbatch\/\" title=\"Soluciones Masterbatch\">SOLUCIONES MASTERBATCH<\/a><\/div>[\/vc_column_inner][\/vc_row_inner][\/vc_tta_section][vc_tta_section title=&#8221;Masterbatch Aluminum\/Gold&#8221; tab_id=&#8221;ac05-calendering-03&#8243; el_class=&#8221;tit-acord-dc&#8221;][vc_column_text]<span style=\"font-weight: 600;\">En nuestros laboratorios, gracias a nuestra dilatada experiencia en el uso y desarrollo de pigmentos met\u00e1licos y nacarados, realizamos colores aluminio, oro y bronce.<\/span>[\/vc_column_text][vc_row_inner css=&#8221;.vc_custom_1611314242189{margin-top: 20px !important;}&#8221;][vc_column_inner width=&#8221;2\/3&#8243;][vc_single_image image=&#8221;9257&#8243; img_size=&#8221;full&#8221; alignment=&#8221;center&#8221;][\/vc_column_inner][vc_column_inner width=&#8221;1\/3&#8243; ts_responsive_css=&#8221;37923186|colbreak_no|||||20px||||colbreak_no|||||||||colbreak_no|||||20px|||||colbreak_no|||||||||&#8221; css=&#8221;.vc_custom_1615393085154{padding-top: 0px !important;}&#8221;]\r\n\t\t<div class=\"ts-vc_btn3-container ts-vc_btn3-center vc_custom_1651046436443\"><a class=\"ts-vc_general ts-vc_btn3 ts-vc_btn3-size-sm ts-vc_btn3-shape-square ts-vc_btn3-style-flat ts-vc_btn3-weight-no ts-vc_btn3-block ts-vc_btn3-color-black\" href=\"https:\/\/deltatecnic.com\/es\/soluciones-masterbatch\/\" title=\"Soluciones Masterbatch\">SOLUCIONES MASTERBATCH<\/a><\/div>[\/vc_column_inner][\/vc_row_inner][\/vc_tta_section][\/vc_tta_accordion][\/vc_column][\/vc_row]<\/p>\n","protected":false},"excerpt":{"rendered":"<p>Productos especialmente desarrollados para la coloraci\u00f3n de l\u00e1minas de PVC r\u00edgidas y flexibles. <\/p>\n","protected":false},"author":1,"featured_media":0,"parent":11567,"menu_order":0,"comment_status":"closed","ping_status":"closed","template":"","meta":{"content-type":"","footnotes":""},"class_list":["post-11576","page","type-page","status-publish","hentry"],"yoast_head":"<!-- This site is optimized with the Yoast SEO plugin v27.1.1 - https:\/\/yoast.com\/product\/yoast-seo-wordpress\/ -->\n<title>Masterbatch de color para suelos y l\u00e1minas de calandrado<\/title>\n<meta name=\"description\" content=\"Productos para coloraci\u00f3n de PVC r\u00edgido y flexible. Ayudamos a la industria del calandrado y suelo a desarrollar colores con masterbatches monopigmentados\" \/>\n<meta name=\"robots\" content=\"index, follow, max-snippet:-1, max-image-preview:large, max-video-preview:-1\" \/>\n<link rel=\"canonical\" href=\"https:\/\/deltatecnic.com\/es\/deltacolor-pvc\/laminas-calandradas-flooring\/\" \/>\n<meta property=\"og:locale\" content=\"es_ES\" \/>\n<meta property=\"og:type\" content=\"article\" \/>\n<meta property=\"og:title\" content=\"Masterbatch de color para suelos y l\u00e1minas de calandrado\" \/>\n<meta property=\"og:description\" content=\"Productos para coloraci\u00f3n de PVC r\u00edgido y flexible. Ayudamos a la industria del calandrado y suelo a desarrollar colores con masterbatches monopigmentados\" \/>\n<meta property=\"og:url\" content=\"https:\/\/deltatecnic.com\/es\/deltacolor-pvc\/laminas-calandradas-flooring\/\" \/>\n<meta property=\"og:site_name\" content=\"Delta Tecnic\" \/>\n<meta property=\"article:modified_time\" content=\"2024-03-22T10:48:53+00:00\" \/>\n<meta name=\"twitter:card\" content=\"summary_large_image\" \/>\n<meta name=\"twitter:label1\" content=\"Tiempo de lectura\" \/>\n\t<meta name=\"twitter:data1\" content=\"3 minutos\" \/>\n<!-- \/ Yoast SEO plugin. -->","yoast_head_json":{"title":"Masterbatch de color para suelos y l\u00e1minas de calandrado","description":"Productos para coloraci\u00f3n de PVC r\u00edgido y flexible. Ayudamos a la industria del calandrado y suelo a desarrollar colores con masterbatches monopigmentados","robots":{"index":"index","follow":"follow","max-snippet":"max-snippet:-1","max-image-preview":"max-image-preview:large","max-video-preview":"max-video-preview:-1"},"canonical":"https:\/\/deltatecnic.com\/es\/deltacolor-pvc\/laminas-calandradas-flooring\/","og_locale":"es_ES","og_type":"article","og_title":"Masterbatch de color para suelos y l\u00e1minas de calandrado","og_description":"Productos para coloraci\u00f3n de PVC r\u00edgido y flexible. Ayudamos a la industria del calandrado y suelo a desarrollar colores con masterbatches monopigmentados","og_url":"https:\/\/deltatecnic.com\/es\/deltacolor-pvc\/laminas-calandradas-flooring\/","og_site_name":"Delta Tecnic","article_modified_time":"2024-03-22T10:48:53+00:00","twitter_card":"summary_large_image","twitter_misc":{"Tiempo de lectura":"3 minutos"},"schema":{"@context":"https:\/\/schema.org","@graph":[{"@type":"WebPage","@id":"https:\/\/deltatecnic.com\/es\/deltacolor-pvc\/laminas-calandradas-flooring\/","url":"https:\/\/deltatecnic.com\/es\/deltacolor-pvc\/laminas-calandradas-flooring\/","name":"Masterbatch de color para suelos y l\u00e1minas de calandrado","isPartOf":{"@id":"https:\/\/deltatecnic.com\/es\/#website"},"datePublished":"2020-12-21T15:53:08+00:00","dateModified":"2024-03-22T10:48:53+00:00","description":"Productos para coloraci\u00f3n de PVC r\u00edgido y flexible. Ayudamos a la industria del calandrado y suelo a desarrollar colores con masterbatches monopigmentados","breadcrumb":{"@id":"https:\/\/deltatecnic.com\/es\/deltacolor-pvc\/laminas-calandradas-flooring\/#breadcrumb"},"inLanguage":"es","potentialAction":[{"@type":"ReadAction","target":["https:\/\/deltatecnic.com\/es\/deltacolor-pvc\/laminas-calandradas-flooring\/"]}]},{"@type":"BreadcrumbList","@id":"https:\/\/deltatecnic.com\/es\/deltacolor-pvc\/laminas-calandradas-flooring\/#breadcrumb","itemListElement":[{"@type":"ListItem","position":1,"name":"Inici","item":"https:\/\/deltatecnic.com\/es\/"},{"@type":"ListItem","position":2,"name":"Deltacolor PVC","item":"https:\/\/deltatecnic.com\/es\/deltacolor-pvc\/"},{"@type":"ListItem","position":3,"name":"L\u00c1MINAS CALANDRADAS \/ FLOORING"}]},{"@type":"WebSite","@id":"https:\/\/deltatecnic.com\/es\/#website","url":"https:\/\/deltatecnic.com\/es\/","name":"Delta Tecnic","description":"Bringing colour to life","potentialAction":[{"@type":"SearchAction","target":{"@type":"EntryPoint","urlTemplate":"https:\/\/deltatecnic.com\/es\/?s={search_term_string}"},"query-input":{"@type":"PropertyValueSpecification","valueRequired":true,"valueName":"search_term_string"}}],"inLanguage":"es"}]}},"_links":{"self":[{"href":"https:\/\/deltatecnic.com\/es\/wp-json\/wp\/v2\/pages\/11576","targetHints":{"allow":["GET"]}}],"collection":[{"href":"https:\/\/deltatecnic.com\/es\/wp-json\/wp\/v2\/pages"}],"about":[{"href":"https:\/\/deltatecnic.com\/es\/wp-json\/wp\/v2\/types\/page"}],"author":[{"embeddable":true,"href":"https:\/\/deltatecnic.com\/es\/wp-json\/wp\/v2\/users\/1"}],"replies":[{"embeddable":true,"href":"https:\/\/deltatecnic.com\/es\/wp-json\/wp\/v2\/comments?post=11576"}],"version-history":[{"count":0,"href":"https:\/\/deltatecnic.com\/es\/wp-json\/wp\/v2\/pages\/11576\/revisions"}],"up":[{"embeddable":true,"href":"https:\/\/deltatecnic.com\/es\/wp-json\/wp\/v2\/pages\/11567"}],"wp:attachment":[{"href":"https:\/\/deltatecnic.com\/es\/wp-json\/wp\/v2\/media?parent=11576"}],"curies":[{"name":"wp","href":"https:\/\/api.w.org\/{rel}","templated":true}]}}