{"id":11573,"date":"2020-12-21T19:13:15","date_gmt":"2020-12-21T18:13:15","guid":{"rendered":"https:\/\/deltatecnic.com\/deltacolor-pvc-2\/perfiles-rigidos\/"},"modified":"2024-03-22T11:34:05","modified_gmt":"2024-03-22T10:34:05","slug":"perfiles-rigidos","status":"publish","type":"page","link":"https:\/\/deltatecnic.com\/es\/deltacolor-pvc\/perfiles-rigidos\/","title":{"rendered":"PERFILES R\u00cdGIDOS"},"content":{"rendered":"<p>[vc_row][vc_column][vc_single_image image=&#8221;8359&#8243; img_size=&#8221;full&#8221;]<h2 style=\"text-align:left;font-size:34px;line-height:1em;font-family:'Montserrat',Arial,Helvetica;font-weight:400;\" class=\"ts-custom-heading vc_custom_1650907826415\" ><strong>PERFILES R\u00cdGIDOS <\/strong><br \/>\nMASTERBATCHES DE PERFILES R\u00cdGIDOS QUE MEJORAN EL PROCESAMIENTO Y<br \/>\nLOS RESULTADOS DE COLOR DENTRO DE LA INDUSTRIA DE PERFILES<\/h2>\n[vc_column_text]<strong>Delta Tecnic desarrolla soluciones de concentraciones pigmentarias que mejoran los resultados de procesamiento y color dentro de la industria de perfiles.<\/strong><br \/>\nUtilizando una amplia gama de pigmentos y aditivos de alta calidad, Delta Tecnic formula soluciones a medida, adem\u00e1s de ofrecer una gran selecci\u00f3n de referencias est\u00e1ndar.<\/p>\n<p>Nuestros productos est\u00e1n especialmente desarrollados para la coloraci\u00f3n de PVC para los que se requiere una diluci\u00f3n muy r\u00e1pida, homogeneidad de color y una soluci\u00f3n limpia.<\/p>\n<p>Para los productores de sidding y cladding, Delta Tecnic ofrece <a href=\"https:\/\/deltatecnic.com\/es\/guia-completa-del-masterbatch\/\">masterbatches<\/a> de alta calidad para que el color dure muchos a\u00f1os, incluso en las condiciones exteriores m\u00e1s extremas.<br \/>\nPara los requerimientos m\u00e1s exigentes ofrecemos una gama de <a href=\"https:\/\/deltatecnic.com\/es\/pigmentos-frios-reducen-calor-plasticos\/\">pigmentos fr\u00edos<\/a> para inhibir los aumentos de temperatura en la superficie del PVC teniendo en cuenta los materiales del cliente, analiz\u00e1ndolos cuidadosamente en nuestro laboratorio.[\/vc_column_text][vc_row_inner css=&#8221;.vc_custom_1611314242189{margin-top: 20px !important;}&#8221;][vc_column_inner width=&#8221;2\/3&#8243;][vc_single_image image=&#8221;9247&#8243; img_size=&#8221;full&#8221; alignment=&#8221;center&#8221;][\/vc_column_inner][vc_column_inner width=&#8221;1\/3&#8243; ts_responsive_css=&#8221;37923186|colbreak_no|||||20px||||colbreak_no|||||||||colbreak_no|||||0px|||||colbreak_no|||||||||&#8221; css=&#8221;.vc_custom_1611346964963{padding-top: 50px !important;}&#8221;]\r\n\t\t<div class=\"ts-vc_btn3-container ts-vc_btn3-center vc_custom_1651045876426\"><a class=\"ts-vc_general ts-vc_btn3 ts-vc_btn3-size-sm ts-vc_btn3-shape-square ts-vc_btn3-style-flat ts-vc_btn3-weight-no ts-vc_btn3-block ts-vc_btn3-color-black\" href=\"https:\/\/deltatecnic.com\/es\/soluciones-masterbatch\/\" title=\"Soluciones Masterbatch\">SOLUCIONES MASTERBATCH<\/a><\/div>[\/vc_column_inner][\/vc_row_inner][\/vc_column][\/vc_row]<\/p>\n","protected":false},"excerpt":{"rendered":"<p>[vc_row][vc_column][vc_single_image image=&#8221;8359&#8243; img_size=&#8221;full&#8221;][vc_column_text]Delta Tecnic desarrolla soluciones de concentraciones pigmentarias que mejoran los resultados de procesamiento y color dentro de la industria de perfiles. Utilizando una amplia gama de pigmentos y aditivos de alta calidad, Delta Tecnic formula soluciones a medida, adem\u00e1s de ofrecer una gran selecci\u00f3n de referencias est\u00e1ndar. Nuestros productos est\u00e1n especialmente desarrollados para &hellip; <a href=\"https:\/\/deltatecnic.com\/es\/deltacolor-pvc\/perfiles-rigidos\/\" class=\"more-link\" title=\"Continue reading <span class=\"screen-reader-text\">PERFILES R\u00cdGIDOS<\/span>&#8220;>Continue reading <span class=\"screen-reader-text\">PERFILES R\u00cdGIDOS<\/span><\/a><\/p>\n","protected":false},"author":1,"featured_media":0,"parent":11567,"menu_order":0,"comment_status":"closed","ping_status":"closed","template":"","meta":{"content-type":"","footnotes":""},"class_list":["post-11573","page","type-page","status-publish","hentry"],"yoast_head":"<!-- This site is optimized with the Yoast SEO plugin v27.1.1 - https:\/\/yoast.com\/product\/yoast-seo-wordpress\/ -->\n<title>Masterbatch para perfiles r\u00edgidos de PVC | Delta Tecnic<\/title>\n<meta name=\"description\" content=\"Desarrollamos soluciones concentradas de pigmentos (masterbatches) que mejoran el proceso y resultado de color en la industria de los perfiles r\u00edgidos\" \/>\n<meta name=\"robots\" content=\"index, follow, max-snippet:-1, max-image-preview:large, max-video-preview:-1\" \/>\n<link rel=\"canonical\" href=\"https:\/\/deltatecnic.com\/es\/deltacolor-pvc\/perfiles-rigidos\/\" \/>\n<meta property=\"og:locale\" content=\"es_ES\" \/>\n<meta property=\"og:type\" content=\"article\" \/>\n<meta property=\"og:title\" content=\"Masterbatch para perfiles r\u00edgidos de PVC | Delta Tecnic\" \/>\n<meta property=\"og:description\" content=\"Desarrollamos soluciones concentradas de pigmentos (masterbatches) que mejoran el proceso y resultado de color en la industria de los perfiles r\u00edgidos\" \/>\n<meta property=\"og:url\" content=\"https:\/\/deltatecnic.com\/es\/deltacolor-pvc\/perfiles-rigidos\/\" \/>\n<meta property=\"og:site_name\" content=\"Delta Tecnic\" \/>\n<meta property=\"article:modified_time\" content=\"2024-03-22T10:34:05+00:00\" \/>\n<meta name=\"twitter:card\" content=\"summary_large_image\" \/>\n<meta name=\"twitter:label1\" content=\"Tiempo de lectura\" \/>\n\t<meta name=\"twitter:data1\" content=\"1 minuto\" \/>\n<!-- \/ Yoast SEO plugin. -->","yoast_head_json":{"title":"Masterbatch para perfiles r\u00edgidos de PVC | Delta Tecnic","description":"Desarrollamos soluciones concentradas de pigmentos (masterbatches) que mejoran el proceso y resultado de color en la industria de los perfiles r\u00edgidos","robots":{"index":"index","follow":"follow","max-snippet":"max-snippet:-1","max-image-preview":"max-image-preview:large","max-video-preview":"max-video-preview:-1"},"canonical":"https:\/\/deltatecnic.com\/es\/deltacolor-pvc\/perfiles-rigidos\/","og_locale":"es_ES","og_type":"article","og_title":"Masterbatch para perfiles r\u00edgidos de PVC | Delta Tecnic","og_description":"Desarrollamos soluciones concentradas de pigmentos (masterbatches) que mejoran el proceso y resultado de color en la industria de los perfiles r\u00edgidos","og_url":"https:\/\/deltatecnic.com\/es\/deltacolor-pvc\/perfiles-rigidos\/","og_site_name":"Delta Tecnic","article_modified_time":"2024-03-22T10:34:05+00:00","twitter_card":"summary_large_image","twitter_misc":{"Tiempo de lectura":"1 minuto"},"schema":{"@context":"https:\/\/schema.org","@graph":[{"@type":"WebPage","@id":"https:\/\/deltatecnic.com\/es\/deltacolor-pvc\/perfiles-rigidos\/","url":"https:\/\/deltatecnic.com\/es\/deltacolor-pvc\/perfiles-rigidos\/","name":"Masterbatch para perfiles r\u00edgidos de PVC | Delta Tecnic","isPartOf":{"@id":"https:\/\/deltatecnic.com\/es\/#website"},"datePublished":"2020-12-21T18:13:15+00:00","dateModified":"2024-03-22T10:34:05+00:00","description":"Desarrollamos soluciones concentradas de pigmentos (masterbatches) que mejoran el proceso y resultado de color en la industria de los perfiles r\u00edgidos","breadcrumb":{"@id":"https:\/\/deltatecnic.com\/es\/deltacolor-pvc\/perfiles-rigidos\/#breadcrumb"},"inLanguage":"es","potentialAction":[{"@type":"ReadAction","target":["https:\/\/deltatecnic.com\/es\/deltacolor-pvc\/perfiles-rigidos\/"]}]},{"@type":"BreadcrumbList","@id":"https:\/\/deltatecnic.com\/es\/deltacolor-pvc\/perfiles-rigidos\/#breadcrumb","itemListElement":[{"@type":"ListItem","position":1,"name":"Inici","item":"https:\/\/deltatecnic.com\/es\/"},{"@type":"ListItem","position":2,"name":"Deltacolor PVC","item":"https:\/\/deltatecnic.com\/es\/deltacolor-pvc\/"},{"@type":"ListItem","position":3,"name":"PERFILES R\u00cdGIDOS"}]},{"@type":"WebSite","@id":"https:\/\/deltatecnic.com\/es\/#website","url":"https:\/\/deltatecnic.com\/es\/","name":"Delta Tecnic","description":"Bringing colour to life","potentialAction":[{"@type":"SearchAction","target":{"@type":"EntryPoint","urlTemplate":"https:\/\/deltatecnic.com\/es\/?s={search_term_string}"},"query-input":{"@type":"PropertyValueSpecification","valueRequired":true,"valueName":"search_term_string"}}],"inLanguage":"es"}]}},"_links":{"self":[{"href":"https:\/\/deltatecnic.com\/es\/wp-json\/wp\/v2\/pages\/11573","targetHints":{"allow":["GET"]}}],"collection":[{"href":"https:\/\/deltatecnic.com\/es\/wp-json\/wp\/v2\/pages"}],"about":[{"href":"https:\/\/deltatecnic.com\/es\/wp-json\/wp\/v2\/types\/page"}],"author":[{"embeddable":true,"href":"https:\/\/deltatecnic.com\/es\/wp-json\/wp\/v2\/users\/1"}],"replies":[{"embeddable":true,"href":"https:\/\/deltatecnic.com\/es\/wp-json\/wp\/v2\/comments?post=11573"}],"version-history":[{"count":0,"href":"https:\/\/deltatecnic.com\/es\/wp-json\/wp\/v2\/pages\/11573\/revisions"}],"up":[{"embeddable":true,"href":"https:\/\/deltatecnic.com\/es\/wp-json\/wp\/v2\/pages\/11567"}],"wp:attachment":[{"href":"https:\/\/deltatecnic.com\/es\/wp-json\/wp\/v2\/media?parent=11573"}],"curies":[{"name":"wp","href":"https:\/\/api.w.org\/{rel}","templated":true}]}}