{"id":11563,"date":"2020-12-21T10:27:29","date_gmt":"2020-12-21T09:27:29","guid":{"rendered":"https:\/\/deltatecnic.com\/deltacolor-cables-2\/aditivos\/"},"modified":"2024-03-22T12:27:40","modified_gmt":"2024-03-22T11:27:40","slug":"aditivos","status":"publish","type":"page","link":"https:\/\/deltatecnic.com\/es\/deltacolor-cables\/aditivos\/","title":{"rendered":"ADITIVOS"},"content":{"rendered":"<p>[vc_row css=&#8221;.vc_custom_1611920014842{margin-bottom: 20px !important;}&#8221;][vc_column][vc_single_image image=&#8221;8291&#8243; img_size=&#8221;full&#8221;]<h2 style=\"text-align:left;font-size:34px;line-height:1em;font-family:'Montserrat',Arial,Helvetica;font-weight:400;\" class=\"ts-custom-heading vc_custom_1650991510724\" ><strong>ADITIVOS<\/strong><br \/>\nMASTERBATCHES CON ADITIVOS<br \/>\nPARA LA INDUSTRIA DE CABLE<\/h2>\n[vc_column_text]Los cables el\u00e9ctricos, de datos y especiales deben cumplir una serie de requisitos relacionados no solo con el color, sino tambi\u00e9n con otros aspectos. Estos incluyen impermeabilizaci\u00f3n y protecci\u00f3n contra la decoloraci\u00f3n UV, protecci\u00f3n contra elementos externos como roedores, insectos o microorganismos, logrando el mejor comportamiento posible frente al fuego.<\/p>\n<p>Nuestros masterbatches de aditivos ayudan a proteger los pol\u00edmeros en una multitud de proyectos. Nuestro conocimiento de la exigente normativa de la industria y de las materias primas adecuadas, as\u00ed como el hecho de contar con los m\u00e1s actualizados equipos de monitorizaci\u00f3n y medida, nos permite acompa\u00f1ar a nuestros clientes en sus retos, garantizando cables de calidad y libres de defectos.[\/vc_column_text][\/vc_column][\/vc_row][vc_row][vc_column][vc_tta_accordion active_section=&#8221;0&#8243; collapsible_all=&#8221;true&#8221;][vc_tta_section title=&#8221;LASER MARKING&#8221; tab_id=&#8221;ac04-laser-marking&#8221;][vc_row_inner][vc_column_inner width=&#8221;1\/3&#8243; ts_responsive_css=&#8221;70369911|colbreak_no|||30px||||||colbreak_no|||||||||colbreak_no||||||||||colbreak_no|||||||||&#8221;][vc_single_image image=&#8221;8896&#8243; img_size=&#8221;medium&#8221;][\/vc_column_inner][vc_column_inner width=&#8221;2\/3&#8243;][vc_column_text]<span style=\"font-weight: 600;\">Delta Tecnic desarrolla una <a href=\"https:\/\/deltatecnic.com\/es\/soluciones-masterbatch\/\">gama de masterbatches<\/a> que incorporan pigmentos y aditivos para el marcado l\u00e1ser de cables de PE. Esto significa que el cable se puede colorear y preparar para el proceso de marcado l\u00e1ser con un solo <a href=\"https:\/\/deltatecnic.com\/es\/guia-completa-del-masterbatch\/\">masterbatch<\/a>. Nuestra gama abarca los colores m\u00e1s caracter\u00edsticos utilizados en esta industria.<\/span><\/p>\n<p>El proceso de marcado de cables se puede simplificar enormemente gracias a esta gama Masterbatch, reemplazando el marcado por inyecci\u00f3n de tinta y \/ o el marcado en caliente. El marcado l\u00e1ser es permanente y resistente a aceites, productos qu\u00edmicos y abrasi\u00f3n, proporcionando una identificaci\u00f3n muy apreciable del producto final.[\/vc_column_text][\/vc_column_inner][\/vc_row_inner][\/vc_tta_section][vc_tta_section title=&#8221;RODENT\/TERMITE REPELLENT&#8221; tab_id=&#8221;ac04-rodent-termite-repellent&#8221;][vc_row_inner][vc_column_inner width=&#8221;1\/3&#8243; ts_responsive_css=&#8221;16758254|colbreak_no|||||||||colbreak_no|||||||||colbreak_no|||30px|||||||colbreak_no|||||||||&#8221;][vc_single_image image=&#8221;8897&#8243; img_size=&#8221;medium&#8221;][\/vc_column_inner][vc_column_inner width=&#8221;2\/3&#8243;][vc_column_text]<span style=\"font-weight: 600;\">Delta Tecnic desarrolla una gama de masterbatches que act\u00faan como repelentes de termitas y roedores. Esta soluci\u00f3n, alternativa a las tiras met\u00e1licas o Poliamida 12, protege los cables de los ataques de roedores y termitas, que pueden provocar cortocircuitos, incendios o p\u00e9rdidas en los cables.<\/span><\/p>\n<p>Gracias a la tecnolog\u00eda de esferas de microporos, los Masterbatches de Delta Tecnic garantizan una eficacia duradera. La gama de aditivos repelentes est\u00e1 encapsulada tanto en EVA (que garantiza la compatibilidad con la mayor\u00eda de los pol\u00edmeros) como en PVC. Delta Tecnic cuenta con estudios realizados por reconocidos laboratorios europeos (UE) como BAM en Alemania y la Universidad de Barcelona, para demostrar su eficacia.[\/vc_column_text][\/vc_column_inner][\/vc_row_inner][\/vc_tta_section][vc_tta_section title=&#8221;AO\/UV\/Catalyst\/Combo&#8221; tab_id=&#8221;ac04-ao-uv-catalyst-combo&#8221;][vc_row_inner][vc_column_inner width=&#8221;1\/3&#8243; ts_responsive_css=&#8221;57692535|colbreak_no|||||||||colbreak_no|||||||||colbreak_no|||30px|||||||colbreak_no|||||||||&#8221;][vc_single_image image=&#8221;8895&#8243; img_size=&#8221;medium&#8221;][\/vc_column_inner][vc_column_inner width=&#8221;2\/3&#8243;][vc_column_text]<span style=\"font-weight: 600;\">Delta Tecnic produce una gama de masterbatches con aditivos como filtros ultravioleta, antioxidantes o catalizadores para mejorar la estabilidad t\u00e9rmica del cable y el rendimiento en exteriores. Esta gama de aditivos ayuda al cliente a superar las exigentes normativas existentes en diversas aplicaciones.<\/span><\/p>\n<p>Delta Tecnic ofrece la opci\u00f3n de combinar uno o varios aditivos dentro de la formulaci\u00f3n de color final, proporcionando una soluci\u00f3n personalizada en un solo masterbatch. Los pigmentos con la resistencia a la luz y la estabilidad t\u00e9rmica adecuadas se seleccionan para garantizar que el color y el rendimiento de los cables resistan las exhaustivas pruebas de calidad.<\/p>\n<p>Las demandas de propiedades mec\u00e1nicas, rendimiento en exteriores y facilidad de transformaci\u00f3n de compuestos para la industria aumentan continuamente, y esto ha obligado a los fabricantes y fabricantes de cables a incorporar grandes cantidades de aditivos en sus formulaciones. Delta Tecnic ofrece un servicio espec\u00edfico de producci\u00f3n de paquetes de aditivos bajo demanda, facilitando su incorporaci\u00f3n durante el proceso de composici\u00f3n.[\/vc_column_text][\/vc_column_inner][\/vc_row_inner][\/vc_tta_section][vc_tta_section title=&#8221;BIOCIDAS&#8221; tab_id=&#8221;ac04-biocide&#8221;][vc_row_inner][vc_column_inner width=&#8221;1\/3&#8243; ts_responsive_css=&#8221;44278084|colbreak_no|||30px||||||colbreak_no|||||||||colbreak_no||||||||||colbreak_no|||||||||&#8221;][vc_single_image image=&#8221;8898&#8243; img_size=&#8221;medium&#8221;][\/vc_column_inner][vc_column_inner width=&#8221;2\/3&#8243;][vc_column_text]<span style=\"font-weight: 600;\">Los cables utilizados en hospitales, quir\u00f3fanos y salas blancas est\u00e1n sujetos a demandas cada vez mayores en cuanto a sus propiedades antimicrobianas y biocidas. Por este motivo, Delta Tecnic ha desarrollado una gama de masterbatches con aditivos con propiedades biocidas que, incorporados al revestimiento y <a href=\"https:\/\/deltatecnic.com\/es\/delta-tecnic-garantiza-un-aislamiento-eficaz-en-la-industria-del-cable\/\">aislamiento<\/a> de cables, evitan la aparici\u00f3n de microorganismos.<\/span>[\/vc_column_text][\/vc_column_inner][\/vc_row_inner][\/vc_tta_section][\/vc_tta_accordion][\/vc_column][\/vc_row]<\/p>\n","protected":false},"excerpt":{"rendered":"<p>MASTERBATCHES con aditivos PARA LA INDUSTRIA DE CABLE<\/p>\n","protected":false},"author":1,"featured_media":0,"parent":11535,"menu_order":0,"comment_status":"closed","ping_status":"closed","template":"","meta":{"content-type":"","footnotes":""},"class_list":["post-11563","page","type-page","status-publish","hentry"],"yoast_head":"<!-- This site is optimized with the Yoast SEO plugin v27.1.1 - https:\/\/yoast.com\/product\/yoast-seo-wordpress\/ -->\n<title>Masterbatch con aditivos en la industria del cable | Delta Tecnic<\/title>\n<meta name=\"description\" content=\"Nuestros masterbatches de aditivos ayudan a proteger los pol\u00edmeros de los cables de datos el\u00e9ctricos y otros cables especiales.\" \/>\n<meta name=\"robots\" content=\"index, follow, max-snippet:-1, max-image-preview:large, max-video-preview:-1\" \/>\n<link rel=\"canonical\" href=\"https:\/\/deltatecnic.com\/es\/deltacolor-cables\/aditivos\/\" \/>\n<meta property=\"og:locale\" content=\"es_ES\" \/>\n<meta property=\"og:type\" content=\"article\" \/>\n<meta property=\"og:title\" content=\"Masterbatch con aditivos en la industria del cable | Delta Tecnic\" \/>\n<meta property=\"og:description\" content=\"Nuestros masterbatches de aditivos ayudan a proteger los pol\u00edmeros de los cables de datos el\u00e9ctricos y otros cables especiales.\" \/>\n<meta property=\"og:url\" content=\"https:\/\/deltatecnic.com\/es\/deltacolor-cables\/aditivos\/\" \/>\n<meta property=\"og:site_name\" content=\"Delta Tecnic\" \/>\n<meta property=\"article:modified_time\" content=\"2024-03-22T11:27:40+00:00\" \/>\n<meta name=\"twitter:card\" content=\"summary_large_image\" \/>\n<meta name=\"twitter:label1\" content=\"Tiempo de lectura\" \/>\n\t<meta name=\"twitter:data1\" content=\"3 minutos\" \/>\n<!-- \/ Yoast SEO plugin. -->","yoast_head_json":{"title":"Masterbatch con aditivos en la industria del cable | Delta Tecnic","description":"Nuestros masterbatches de aditivos ayudan a proteger los pol\u00edmeros de los cables de datos el\u00e9ctricos y otros cables especiales.","robots":{"index":"index","follow":"follow","max-snippet":"max-snippet:-1","max-image-preview":"max-image-preview:large","max-video-preview":"max-video-preview:-1"},"canonical":"https:\/\/deltatecnic.com\/es\/deltacolor-cables\/aditivos\/","og_locale":"es_ES","og_type":"article","og_title":"Masterbatch con aditivos en la industria del cable | Delta Tecnic","og_description":"Nuestros masterbatches de aditivos ayudan a proteger los pol\u00edmeros de los cables de datos el\u00e9ctricos y otros cables especiales.","og_url":"https:\/\/deltatecnic.com\/es\/deltacolor-cables\/aditivos\/","og_site_name":"Delta Tecnic","article_modified_time":"2024-03-22T11:27:40+00:00","twitter_card":"summary_large_image","twitter_misc":{"Tiempo de lectura":"3 minutos"},"schema":{"@context":"https:\/\/schema.org","@graph":[{"@type":"WebPage","@id":"https:\/\/deltatecnic.com\/es\/deltacolor-cables\/aditivos\/","url":"https:\/\/deltatecnic.com\/es\/deltacolor-cables\/aditivos\/","name":"Masterbatch con aditivos en la industria del cable | Delta Tecnic","isPartOf":{"@id":"https:\/\/deltatecnic.com\/es\/#website"},"datePublished":"2020-12-21T09:27:29+00:00","dateModified":"2024-03-22T11:27:40+00:00","description":"Nuestros masterbatches de aditivos ayudan a proteger los pol\u00edmeros de los cables de datos el\u00e9ctricos y otros cables especiales.","breadcrumb":{"@id":"https:\/\/deltatecnic.com\/es\/deltacolor-cables\/aditivos\/#breadcrumb"},"inLanguage":"es","potentialAction":[{"@type":"ReadAction","target":["https:\/\/deltatecnic.com\/es\/deltacolor-cables\/aditivos\/"]}]},{"@type":"BreadcrumbList","@id":"https:\/\/deltatecnic.com\/es\/deltacolor-cables\/aditivos\/#breadcrumb","itemListElement":[{"@type":"ListItem","position":1,"name":"Inici","item":"https:\/\/deltatecnic.com\/es\/"},{"@type":"ListItem","position":2,"name":"Deltacolor Cables","item":"https:\/\/deltatecnic.com\/es\/deltacolor-cables\/"},{"@type":"ListItem","position":3,"name":"ADITIVOS"}]},{"@type":"WebSite","@id":"https:\/\/deltatecnic.com\/es\/#website","url":"https:\/\/deltatecnic.com\/es\/","name":"Delta Tecnic","description":"Bringing colour to life","potentialAction":[{"@type":"SearchAction","target":{"@type":"EntryPoint","urlTemplate":"https:\/\/deltatecnic.com\/es\/?s={search_term_string}"},"query-input":{"@type":"PropertyValueSpecification","valueRequired":true,"valueName":"search_term_string"}}],"inLanguage":"es"}]}},"_links":{"self":[{"href":"https:\/\/deltatecnic.com\/es\/wp-json\/wp\/v2\/pages\/11563","targetHints":{"allow":["GET"]}}],"collection":[{"href":"https:\/\/deltatecnic.com\/es\/wp-json\/wp\/v2\/pages"}],"about":[{"href":"https:\/\/deltatecnic.com\/es\/wp-json\/wp\/v2\/types\/page"}],"author":[{"embeddable":true,"href":"https:\/\/deltatecnic.com\/es\/wp-json\/wp\/v2\/users\/1"}],"replies":[{"embeddable":true,"href":"https:\/\/deltatecnic.com\/es\/wp-json\/wp\/v2\/comments?post=11563"}],"version-history":[{"count":0,"href":"https:\/\/deltatecnic.com\/es\/wp-json\/wp\/v2\/pages\/11563\/revisions"}],"up":[{"embeddable":true,"href":"https:\/\/deltatecnic.com\/es\/wp-json\/wp\/v2\/pages\/11535"}],"wp:attachment":[{"href":"https:\/\/deltatecnic.com\/es\/wp-json\/wp\/v2\/media?parent=11563"}],"curies":[{"name":"wp","href":"https:\/\/api.w.org\/{rel}","templated":true}]}}