{"id":11553,"date":"2020-12-21T10:10:57","date_gmt":"2020-12-21T09:10:57","guid":{"rendered":"https:\/\/deltatecnic.com\/deltacolor-cables-2\/telecomunicaciones\/"},"modified":"2025-06-01T15:31:30","modified_gmt":"2025-06-01T13:31:30","slug":"telecomunicaciones","status":"publish","type":"page","link":"https:\/\/deltatecnic.com\/es\/deltacolor-cables\/telecomunicaciones\/","title":{"rendered":"Telecomunicaciones"},"content":{"rendered":"<p>[vc_row][vc_column][vc_single_image image=&#8221;8291&#8243; img_size=&#8221;full&#8221;]<h2 style=\"text-align:left;font-size:34px;line-height:1em;font-family:'Montserrat',Arial,Helvetica;font-weight:400;\" class=\"ts-custom-heading vc_custom_1705668249327\" ><strong>TELECOMUNICACIONES<\/strong><br \/>\nAMPLIA GAMA DE MASTERBATCHES PARA LA INDUSTRIA DE TELECOMUNICACIONES<\/h2>\n[vc_column_text]Gracias a la I + D constante y la mejora continua como herramienta, hoy somos un referente mundial en coloraci\u00f3n de cables. Delta Tecnic cumple y supera los estrictos requisitos del sector del cable de telecomunicaciones.<\/p>\n<p>La <a href=\"https:\/\/deltatecnic.com\/es\/deltacolor-cables\/\">industria del cable<\/a> de telecomunicaciones demanda masterbatches que permitan la fabricaci\u00f3n de cables a alta velocidad, que no interfieran con las propiedades de transporte de datos de los mismos y que se ajusten a los procesos de producci\u00f3n de cables, los cuales est\u00e1n cada vez m\u00e1s automatizados con la nueva tecnolog\u00eda de extrusoras que incluye controles on-line y altos niveles de producci\u00f3n. Delta Tecnic ofrece una amplia <a href=\"https:\/\/deltatecnic.com\/es\/soluciones-masterbatch\/\">gama de masterbatches<\/a> de alta opacidad para la correcta identificaci\u00f3n de los cables.[\/vc_column_text][\/vc_column][\/vc_row][vc_row gap=&#8221;20&#8243; equal_height=&#8221;yes&#8221; ts_responsive_css=&#8221;18067909|colbreak_no|||||||||colbreak_no|||||||||colbreak_yes|10px|10px|10px|10px||||||colbreak_no|||||||||&#8221; css=&#8221;.vc_custom_1611601647440{margin-bottom: 30px !important;}&#8221;][vc_column width=&#8221;1\/3&#8243; css=&#8221;.vc_custom_1611601336815{background-color: #eff1f5 !important;}&#8221; el_class=&#8221;box03 esp-bloc-03&#8243;]<h2 style=\"text-align:center;font-size:18px;line-height:1.2em;font-family:'Montserrat',Arial,Helvetica;font-weight:700;\" class=\"ts-custom-heading vc_custom_1705668343207\" >PROPIEDADES DE DILUCI\u00d3N<\/h2>\n[vc_column_text css=&#8221;.vc_custom_1611660298733{padding-right: 6px !important;padding-bottom: 6px !important;padding-left: 6px !important;}&#8221;]<\/p>\n<p style=\"text-align: center;\">Amplia gama de masterbatches de color de alta calidad con excelentes propiedades de dispersi\u00f3n y diluci\u00f3n para satisfacer las necesidades de los productores de cables de fibra \u00f3ptica.<\/p>\n<p>[\/vc_column_text][\/vc_column][vc_column css_animation=&#8221;none&#8221; width=&#8221;1\/3&#8243; el_class=&#8221;box03 esp-bloc-03&#8243; css=&#8221;.vc_custom_1611601195224{background-color: #eff1f5 !important;}&#8221;]<h2 style=\"text-align:center;font-size:18px;font-family:'Montserrat',Arial,Helvetica;font-weight:700;\" class=\"ts-custom-heading vc_custom_1748784631110\" >ALTA OPACIDAD<\/h2>\n[vc_column_text css=&#8221;.vc_custom_1611660378963{padding-right: 6px !important;padding-bottom: 6px !important;padding-left: 6px !important;}&#8221;]<\/p>\n<p style=\"text-align: center;\">Soluciones t\u00e9cnicas espec\u00edficas para cada necesidad, siempre siguiendo est\u00e1ndares internacionales de color, con color intenso y alta opacidad.<\/p>\n<p>[\/vc_column_text][\/vc_column][vc_column width=&#8221;1\/3&#8243; el_class=&#8221;box03 esp-bloc-03&#8243; css=&#8221;.vc_custom_1611601275677{background-color: #eff1f5 !important;}&#8221;]<h2 style=\"text-align:center;font-size:18px;line-height:1.2em;font-family:'Montserrat',Arial,Helvetica;font-weight:700;\" class=\"ts-custom-heading vc_custom_1748784640712\" >CALIDADES DE CONTRACCI\u00d3N<\/h2>\n[vc_column_text css=&#8221;.vc_custom_1748784651834{padding-right: 6px !important;padding-bottom: 6px !important;padding-left: 6px !important;}&#8221; el_class=&#8221;box03&#8243;]<\/p>\n<p style=\"text-align: center;\">Nuestros Masterbatches muestran excelentes cualidades de contracci\u00f3n, lo que garantiza una transmisi\u00f3n de datos mundial de alta calidad.<\/p>\n<p>[\/vc_column_text][\/vc_column][\/vc_row][vc_row css=&#8221;.vc_custom_1611341163544{margin-top: 30px !important;}&#8221;][vc_column]<h3 style=\"text-align:left;font-size:24px;font-family:'Montserrat',Arial,Helvetica;font-weight:700;\" class=\"ts-custom-heading vc_custom_1705668437402\" >CABLES DE FIBRA \u00d3PTICA Y AUTOMOCI\u00d3N<\/h3>\n[vc_tta_accordion shape=&#8221;square&#8221; active_section=&#8221;0&#8243; collapsible_all=&#8221;true&#8221;][vc_tta_section title=&#8221;PBT <a href=\"https:\/\/deltatecnic.com\/es\/guia-completa-del-masterbatch\/\">MASTERBATCH<\/a> DELTAPLAST Fibre optic cables&#8221; tab_id=&#8221;ac03-fibre-optic-01&#8243; el_class=&#8221;tit-acord-dc&#8221;][vc_column_text]<span style=\"font-weight: 600;\">Los masterbatches de PBT de Delta Tecnic para Buffer Tubes est\u00e1n dise\u00f1ados para mantener todas las propiedades mec\u00e1nicas de la resina PBT principal utilizada para proteger el cable.<\/span> Una buena combinaci\u00f3n entre el masterbatch PBT y la resina PBT mantendr\u00e1 el tubo conc\u00e9ntrico y contribuir\u00e1 a una excelente velocidad de datos de fibra \u00f3ptica.[\/vc_column_text][vc_row_inner css=&#8221;.vc_custom_1611314242189{margin-top: 20px !important;}&#8221;][vc_column_inner width=&#8221;2\/3&#8243;][vc_single_image image=&#8221;8801&#8243; img_size=&#8221;full&#8221; alignment=&#8221;center&#8221;][\/vc_column_inner][vc_column_inner width=&#8221;1\/3&#8243; ts_responsive_css=&#8221;37923186|colbreak_no|||||20px||||colbreak_no|||||||||colbreak_no|||||0px|||||colbreak_no|||||||||&#8221; css=&#8221;.vc_custom_1611346964963{padding-top: 50px !important;}&#8221;]\r\n\t\t<div class=\"ts-vc_btn3-container ts-vc_btn3-center vc_custom_1693310992789\"><a class=\"ts-vc_general ts-vc_btn3 ts-vc_btn3-size-sm ts-vc_btn3-shape-square ts-vc_btn3-style-flat ts-vc_btn3-weight-no ts-vc_btn3-block ts-vc_btn3-color-black\" href=\"https:\/\/deltatecnic.com\/masterbatch-solutions\/\" title=\"Masterbatch Solutions\">MASTERBATCH SOLUTIONS<\/a><\/div>[\/vc_column_inner][\/vc_row_inner][\/vc_tta_section][vc_tta_section title=&#8221;TPE-E MASTERBATCH DELTAPLAST Fibre optic cables&#8221; tab_id=&#8221;ac03-fibre-optic-02&#8243; el_class=&#8221;tit-acord-dc&#8221;][vc_column_text]<span style=\"font-weight: 600;\">Delta Tecnic ofrece una l\u00ednea est\u00e1ndar de masterbatches para colorear los cables dise\u00f1ados para proteger la fibra \u00f3ptica al tiempo que aumenta la flexibilidad del cable.<\/span>[\/vc_column_text][vc_row_inner css=&#8221;.vc_custom_1611314242189{margin-top: 20px !important;}&#8221;][vc_column_inner width=&#8221;2\/3&#8243;][vc_single_image image=&#8221;8807&#8243; img_size=&#8221;full&#8221; alignment=&#8221;center&#8221;][\/vc_column_inner][vc_column_inner width=&#8221;1\/3&#8243; ts_responsive_css=&#8221;37923186|colbreak_no|||||20px||||colbreak_no|||||||||colbreak_no|||||0px|||||colbreak_no|||||||||&#8221; css=&#8221;.vc_custom_1611346964963{padding-top: 50px !important;}&#8221;]\r\n\t\t<div class=\"ts-vc_btn3-container ts-vc_btn3-center vc_custom_1622137239718\"><a class=\"ts-vc_general ts-vc_btn3 ts-vc_btn3-size-sm ts-vc_btn3-shape-square ts-vc_btn3-style-flat ts-vc_btn3-weight-no ts-vc_btn3-block ts-vc_btn3-color-black\" href=\"https:\/\/deltatecnic.com\/masterbatch-solutions\/\" title=\"Masterbatch Solutions\">MASTERBATCH SOLUTIONS<\/a><\/div>[\/vc_column_inner][\/vc_row_inner][\/vc_tta_section][vc_tta_section title=&#8221;TPA MASTERBATCH DELTAPLAST Automotive and Fibre optic cables&#8221; tab_id=&#8221;ac03-fibre-optic-03&#8243; el_class=&#8221;tit-acord-dc&#8221;][vc_column_text]<span style=\"font-weight: 600;\">La gama de masterbatches de color PAE de Delta Tecnic mantiene todas las propiedades mec\u00e1nicas al tiempo que proporciona los colores m\u00e1s brillantes del mercado.<\/span> Elast\u00f3mero de poliamida y poliamida 12, un elast\u00f3mero de alto rendimiento que se utiliza para cubrir la fibra.[\/vc_column_text][vc_row_inner css=&#8221;.vc_custom_1611314242189{margin-top: 20px !important;}&#8221;][vc_column_inner width=&#8221;2\/3&#8243;][vc_single_image image=&#8221;8806&#8243; img_size=&#8221;full&#8221; alignment=&#8221;center&#8221;][\/vc_column_inner][vc_column_inner width=&#8221;1\/3&#8243; ts_responsive_css=&#8221;37923186|colbreak_no|||||20px||||colbreak_no|||||||||colbreak_no|||||0px|||||colbreak_no|||||||||&#8221; css=&#8221;.vc_custom_1611346964963{padding-top: 50px !important;}&#8221;]\r\n\t\t<div class=\"ts-vc_btn3-container ts-vc_btn3-center vc_custom_1622137239718\"><a class=\"ts-vc_general ts-vc_btn3 ts-vc_btn3-size-sm ts-vc_btn3-shape-square ts-vc_btn3-style-flat ts-vc_btn3-weight-no ts-vc_btn3-block ts-vc_btn3-color-black\" href=\"https:\/\/deltatecnic.com\/masterbatch-solutions\/\" title=\"Masterbatch Solutions\">MASTERBATCH SOLUTIONS<\/a><\/div>[\/vc_column_inner][\/vc_row_inner][\/vc_tta_section][vc_tta_section title=&#8221;PE MASTERBATCH DELTAPLAST Fibre optic cables&#8221; tab_id=&#8221;ac03-fibre-optic-04&#8243; el_class=&#8221;tit-acord-dc&#8221;][vc_column_text]<span style=\"font-weight: 600;\">Para los productores de cables de fibra \u00f3ptica que utilizan pol\u00edmero HDPE para Buffer Tubes, Delta Tecnic ha dise\u00f1ado una gama especial de masterbatches.<\/span> Gracias a nuestra experiencia, podemos asegurarnos de que nuestros masterbatches no modifiquen la concentricidad de los tubos ni afecten la velocidad de los datos de la fibra.[\/vc_column_text][vc_row_inner css=&#8221;.vc_custom_1611314242189{margin-top: 20px !important;}&#8221;][vc_column_inner width=&#8221;2\/3&#8243;][vc_single_image image=&#8221;8802&#8243; img_size=&#8221;full&#8221; alignment=&#8221;center&#8221;][\/vc_column_inner][vc_column_inner width=&#8221;1\/3&#8243; ts_responsive_css=&#8221;37923186|colbreak_no|||||20px||||colbreak_no|||||||||colbreak_no|||||0px|||||colbreak_no|||||||||&#8221; css=&#8221;.vc_custom_1611346964963{padding-top: 50px !important;}&#8221;]\r\n\t\t<div class=\"ts-vc_btn3-container ts-vc_btn3-center vc_custom_1622137239718\"><a class=\"ts-vc_general ts-vc_btn3 ts-vc_btn3-size-sm ts-vc_btn3-shape-square ts-vc_btn3-style-flat ts-vc_btn3-weight-no ts-vc_btn3-block ts-vc_btn3-color-black\" href=\"https:\/\/deltatecnic.com\/masterbatch-solutions\/\" title=\"Masterbatch Solutions\">MASTERBATCH SOLUTIONS<\/a><\/div>[\/vc_column_inner][\/vc_row_inner][\/vc_tta_section][vc_tta_section title=&#8221;PP MASTERBATCH DELTAPLAST Fibre optic cables&#8221; tab_id=&#8221;ac03-fibre-optic-05&#8243; el_class=&#8221;tit-acord-dc&#8221;][vc_column_text]<span style=\"font-weight: 600;\">Para satisfacer las necesidades de nuestros clientes, Delta Tecnic desarrolla una gama de masterbatches para PP.<\/span> El pol\u00edmero principal para la extrusi\u00f3n de Buffer Tubes. Aseguramos una perfecta compatibilidad con el pol\u00edmero PP.[\/vc_column_text][vc_row_inner css=&#8221;.vc_custom_1611314242189{margin-top: 20px !important;}&#8221;][vc_column_inner width=&#8221;2\/3&#8243;][vc_single_image image=&#8221;8804&#8243; img_size=&#8221;full&#8221; alignment=&#8221;center&#8221;][\/vc_column_inner][vc_column_inner width=&#8221;1\/3&#8243; ts_responsive_css=&#8221;37923186|colbreak_no|||||20px||||colbreak_no|||||||||colbreak_no|||||0px|||||colbreak_no|||||||||&#8221; css=&#8221;.vc_custom_1611346964963{padding-top: 50px !important;}&#8221;]\r\n\t\t<div class=\"ts-vc_btn3-container ts-vc_btn3-center vc_custom_1622137239718\"><a class=\"ts-vc_general ts-vc_btn3 ts-vc_btn3-size-sm ts-vc_btn3-shape-square ts-vc_btn3-style-flat ts-vc_btn3-weight-no ts-vc_btn3-block ts-vc_btn3-color-black\" href=\"https:\/\/deltatecnic.com\/masterbatch-solutions\/\" title=\"Masterbatch Solutions\">MASTERBATCH SOLUTIONS<\/a><\/div>[\/vc_column_inner][\/vc_row_inner][\/vc_tta_section][\/vc_tta_accordion][\/vc_column][\/vc_row][vc_row css=&#8221;.vc_custom_1611575845066{margin-top: 50px !important;}&#8221;][vc_column]<h3 style=\"text-align:left;font-size:24px;font-family:'Montserrat',Arial,Helvetica;font-weight:700;\" class=\"ts-custom-heading vc_custom_1705668473132\" >CABLES TELECOM<\/h3>\n[vc_tta_accordion shape=&#8221;square&#8221; active_section=&#8221;0&#8243; collapsible_all=&#8221;true&#8221;][vc_tta_section title=&#8221;PE MASTERBATCH DELTAPLAST&#8221; tab_id=&#8221;ac03-telecom-cables-01&#8243; el_class=&#8221;tit-acord-dc&#8221;][vc_column_text]<span style=\"font-weight: 600;\">La gama de masterbatches de PE de Delta Tecnic es ideal para su uso con todas las tecnolog\u00edas de reticulaci\u00f3n, ofreciendo alta opacidad en cables a muy bajas dosis.<\/span> Tenemos un conocimiento profundo de los requisitos especiales del cable de datos de cobre y ofrecemos una amplia gama de productos est\u00e1ndar para cubrir la mayor\u00eda de los colores que necesita la industria. Tambi\u00e9n desarrollamos soluciones a medida.[\/vc_column_text][vc_row_inner css=&#8221;.vc_custom_1611314242189{margin-top: 20px !important;}&#8221;][vc_column_inner width=&#8221;2\/3&#8243;][vc_single_image image=&#8221;8803&#8243; img_size=&#8221;full&#8221; alignment=&#8221;center&#8221;][\/vc_column_inner][vc_column_inner width=&#8221;1\/3&#8243; ts_responsive_css=&#8221;37923186|colbreak_no|||||20px||||colbreak_no|||||||||colbreak_no|||||0px|||||colbreak_no|||||||||&#8221; css=&#8221;.vc_custom_1611346964963{padding-top: 50px !important;}&#8221;]\r\n\t\t<div class=\"ts-vc_btn3-container ts-vc_btn3-center vc_custom_1622137239718\"><a class=\"ts-vc_general ts-vc_btn3 ts-vc_btn3-size-sm ts-vc_btn3-shape-square ts-vc_btn3-style-flat ts-vc_btn3-weight-no ts-vc_btn3-block ts-vc_btn3-color-black\" href=\"https:\/\/deltatecnic.com\/masterbatch-solutions\/\" title=\"Masterbatch Solutions\">MASTERBATCH SOLUTIONS<\/a><\/div>[\/vc_column_inner][\/vc_row_inner][\/vc_tta_section][\/vc_tta_accordion][\/vc_column][\/vc_row][vc_row css=&#8221;.vc_custom_1611575828260{margin-top: 50px !important;}&#8221;][vc_column]<h3 style=\"text-align:left;font-size:24px;font-family:'Montserrat',Arial,Helvetica;font-weight:700;\" class=\"ts-custom-heading vc_custom_1611575752730\" >OUTDOOR JACKETING<\/h3>\n[vc_tta_accordion shape=&#8221;square&#8221; active_section=&#8221;0&#8243; collapsible_all=&#8221;true&#8221;][vc_tta_section title=&#8221;PVC\/PE &amp; EVA MASTERBATCH DELTAVINIL &amp; DELTAPLAST&#8221; tab_id=&#8221;ac03-outdoor-jacketing-01&#8243; el_class=&#8221;tit-acord-dc&#8221;][vc_column_text]<span style=\"font-weight: 600;\">Masterbatches especialmente recomendados para uso en exteriores, para evitar tanto la decoloraci\u00f3n como la degradaci\u00f3n foto oxidativa del pol\u00edmero del cable.<\/span> Los requisitos en este sector se centran en la resistencia a la luz de los pigmentos y la estabilizaci\u00f3n necesaria para cumplir requisitos especiales. Delta Tecnic selecciona cuidadosamente los pigmentos que intervienen en las formulaciones para evitar la p\u00e9rdida de color debido a la radiaci\u00f3n UV y aditivos para evitar la degradaci\u00f3n del pl\u00e1stico debida a las condiciones ambientales. Nuestras formulaciones cumplen con las regulaciones de la industria. Contamos con un laboratorio altamente cualificado equipado con la \u00faltima tecnolog\u00eda para monitorear la decoloraci\u00f3n y mantener las propiedades mec\u00e1nicas.[\/vc_column_text][vc_row_inner css=&#8221;.vc_custom_1611314242189{margin-top: 20px !important;}&#8221;][vc_column_inner width=&#8221;2\/3&#8243;][vc_single_image image=&#8221;8805&#8243; img_size=&#8221;full&#8221; alignment=&#8221;center&#8221;][\/vc_column_inner][vc_column_inner width=&#8221;1\/3&#8243; ts_responsive_css=&#8221;37923186|colbreak_no|||||20px||||colbreak_no|||||||||colbreak_no|||||0px|||||colbreak_no|||||||||&#8221; css=&#8221;.vc_custom_1611346964963{padding-top: 50px !important;}&#8221;]\r\n\t\t<div class=\"ts-vc_btn3-container ts-vc_btn3-center vc_custom_1622137239718\"><a class=\"ts-vc_general ts-vc_btn3 ts-vc_btn3-size-sm ts-vc_btn3-shape-square ts-vc_btn3-style-flat ts-vc_btn3-weight-no ts-vc_btn3-block ts-vc_btn3-color-black\" href=\"https:\/\/deltatecnic.com\/masterbatch-solutions\/\" title=\"Masterbatch Solutions\">MASTERBATCH SOLUTIONS<\/a><\/div>[\/vc_column_inner][\/vc_row_inner][\/vc_tta_section][\/vc_tta_accordion][\/vc_column][\/vc_row]<\/p>\n","protected":false},"excerpt":{"rendered":"<p>AMPLIA GAMA DE MASTERBATCHES PARA LA INDUSTRIA DE TELECOMUNICACIONES<\/p>\n","protected":false},"author":1,"featured_media":0,"parent":11535,"menu_order":0,"comment_status":"closed","ping_status":"closed","template":"","meta":{"content-type":"","footnotes":""},"class_list":["post-11553","page","type-page","status-publish","hentry"],"yoast_head":"<!-- This site is optimized with the Yoast SEO plugin v27.1.1 - https:\/\/yoast.com\/product\/yoast-seo-wordpress\/ -->\n<title>Masterbatch para la industria de cables de telecomunicaciones<\/title>\n<meta name=\"description\" content=\"La industria de telecomunicaciones necesita masterbatches que puedan fabricar cables de alta velocidad sin interferir en propiedades de transporte de datos\" \/>\n<meta name=\"robots\" content=\"index, follow, max-snippet:-1, max-image-preview:large, max-video-preview:-1\" \/>\n<link rel=\"canonical\" href=\"https:\/\/deltatecnic.com\/es\/deltacolor-cables\/telecomunicaciones\/\" \/>\n<meta property=\"og:locale\" content=\"es_ES\" \/>\n<meta property=\"og:type\" content=\"article\" \/>\n<meta property=\"og:title\" content=\"Masterbatch para la industria de cables de telecomunicaciones\" \/>\n<meta property=\"og:description\" content=\"La industria de telecomunicaciones necesita masterbatches que puedan fabricar cables de alta velocidad sin interferir en propiedades de transporte de datos\" \/>\n<meta property=\"og:url\" content=\"https:\/\/deltatecnic.com\/es\/deltacolor-cables\/telecomunicaciones\/\" \/>\n<meta property=\"og:site_name\" content=\"Delta Tecnic\" \/>\n<meta property=\"article:modified_time\" content=\"2025-06-01T13:31:30+00:00\" \/>\n<meta name=\"twitter:card\" content=\"summary_large_image\" \/>\n<meta name=\"twitter:label1\" content=\"Tiempo de lectura\" \/>\n\t<meta name=\"twitter:data1\" content=\"6 minutos\" \/>\n<!-- \/ Yoast SEO plugin. -->","yoast_head_json":{"title":"Masterbatch para la industria de cables de telecomunicaciones","description":"La industria de telecomunicaciones necesita masterbatches que puedan fabricar cables de alta velocidad sin interferir en propiedades de transporte de datos","robots":{"index":"index","follow":"follow","max-snippet":"max-snippet:-1","max-image-preview":"max-image-preview:large","max-video-preview":"max-video-preview:-1"},"canonical":"https:\/\/deltatecnic.com\/es\/deltacolor-cables\/telecomunicaciones\/","og_locale":"es_ES","og_type":"article","og_title":"Masterbatch para la industria de cables de telecomunicaciones","og_description":"La industria de telecomunicaciones necesita masterbatches que puedan fabricar cables de alta velocidad sin interferir en propiedades de transporte de datos","og_url":"https:\/\/deltatecnic.com\/es\/deltacolor-cables\/telecomunicaciones\/","og_site_name":"Delta Tecnic","article_modified_time":"2025-06-01T13:31:30+00:00","twitter_card":"summary_large_image","twitter_misc":{"Tiempo de lectura":"6 minutos"},"schema":{"@context":"https:\/\/schema.org","@graph":[{"@type":"WebPage","@id":"https:\/\/deltatecnic.com\/es\/deltacolor-cables\/telecomunicaciones\/","url":"https:\/\/deltatecnic.com\/es\/deltacolor-cables\/telecomunicaciones\/","name":"Masterbatch para la industria de cables de telecomunicaciones","isPartOf":{"@id":"https:\/\/deltatecnic.com\/es\/#website"},"datePublished":"2020-12-21T09:10:57+00:00","dateModified":"2025-06-01T13:31:30+00:00","description":"La industria de telecomunicaciones necesita masterbatches que puedan fabricar cables de alta velocidad sin interferir en propiedades de transporte de datos","breadcrumb":{"@id":"https:\/\/deltatecnic.com\/es\/deltacolor-cables\/telecomunicaciones\/#breadcrumb"},"inLanguage":"es","potentialAction":[{"@type":"ReadAction","target":["https:\/\/deltatecnic.com\/es\/deltacolor-cables\/telecomunicaciones\/"]}]},{"@type":"BreadcrumbList","@id":"https:\/\/deltatecnic.com\/es\/deltacolor-cables\/telecomunicaciones\/#breadcrumb","itemListElement":[{"@type":"ListItem","position":1,"name":"Inici","item":"https:\/\/deltatecnic.com\/es\/"},{"@type":"ListItem","position":2,"name":"Deltacolor Cables","item":"https:\/\/deltatecnic.com\/es\/deltacolor-cables\/"},{"@type":"ListItem","position":3,"name":"Telecomunicaciones"}]},{"@type":"WebSite","@id":"https:\/\/deltatecnic.com\/es\/#website","url":"https:\/\/deltatecnic.com\/es\/","name":"Delta Tecnic","description":"Bringing colour to life","potentialAction":[{"@type":"SearchAction","target":{"@type":"EntryPoint","urlTemplate":"https:\/\/deltatecnic.com\/es\/?s={search_term_string}"},"query-input":{"@type":"PropertyValueSpecification","valueRequired":true,"valueName":"search_term_string"}}],"inLanguage":"es"}]}},"_links":{"self":[{"href":"https:\/\/deltatecnic.com\/es\/wp-json\/wp\/v2\/pages\/11553","targetHints":{"allow":["GET"]}}],"collection":[{"href":"https:\/\/deltatecnic.com\/es\/wp-json\/wp\/v2\/pages"}],"about":[{"href":"https:\/\/deltatecnic.com\/es\/wp-json\/wp\/v2\/types\/page"}],"author":[{"embeddable":true,"href":"https:\/\/deltatecnic.com\/es\/wp-json\/wp\/v2\/users\/1"}],"replies":[{"embeddable":true,"href":"https:\/\/deltatecnic.com\/es\/wp-json\/wp\/v2\/comments?post=11553"}],"version-history":[{"count":0,"href":"https:\/\/deltatecnic.com\/es\/wp-json\/wp\/v2\/pages\/11553\/revisions"}],"up":[{"embeddable":true,"href":"https:\/\/deltatecnic.com\/es\/wp-json\/wp\/v2\/pages\/11535"}],"wp:attachment":[{"href":"https:\/\/deltatecnic.com\/es\/wp-json\/wp\/v2\/media?parent=11553"}],"curies":[{"name":"wp","href":"https:\/\/api.w.org\/{rel}","templated":true}]}}