{"id":11547,"date":"2020-12-18T18:05:40","date_gmt":"2020-12-18T17:05:40","guid":{"rendered":"https:\/\/deltatecnic.com\/deltacolor-cables-2\/energia\/"},"modified":"2024-03-22T12:18:54","modified_gmt":"2024-03-22T11:18:54","slug":"energia","status":"publish","type":"page","link":"https:\/\/deltatecnic.com\/es\/deltacolor-cables\/energia\/","title":{"rendered":"Energ\u00eda"},"content":{"rendered":"<p>[vc_row][vc_column][vc_single_image image=&#8221;8291&#8243; img_size=&#8221;full&#8221;]<h2 style=\"text-align:left;font-size:34px;line-height:1em;font-family:'Montserrat',Arial,Helvetica;font-weight:400;\" class=\"ts-custom-heading vc_custom_1608236918427\" ><strong>ENERGY<\/strong><br \/>\nWIDE RANGE OF MASTERBATCHES DESIGNED FOR THE ENERGY INDUSTRY<\/h2>\n[vc_column_text css=&#8221;.vc_custom_1611338147297{padding-bottom: 0px !important;}&#8221;]Los cables para la transmisi\u00f3n de energ\u00eda est\u00e1n dise\u00f1ados para soportar condiciones espec\u00edficas tanto en la instalaci\u00f3n como en la distribuci\u00f3n de energ\u00eda el\u00e9ctrica, de modo que puedan operar de manera segura y confiable. Utilizados en instalaciones industriales, sistemas de distribuci\u00f3n e iluminaci\u00f3n, deben cumplir con especificaciones de alta calidad, seguridad y rendimiento.[\/vc_column_text][\/vc_column][\/vc_row][vc_row gap=&#8221;20&#8243; equal_height=&#8221;yes&#8221; ts_responsive_css=&#8221;18067909|colbreak_no|||||||||colbreak_no|||||||||colbreak_yes|10px|10px|10px|10px||||||colbreak_no|||||||||&#8221; css=&#8221;.vc_custom_1611601647440{margin-bottom: 30px !important;}&#8221;][vc_column width=&#8221;1\/3&#8243; css=&#8221;.vc_custom_1611601336815{background-color: #eff1f5 !important;}&#8221; el_class=&#8221;box03 esp-bloc-03&#8243;]<h2 style=\"text-align:center;font-size:18px;font-family:'Montserrat',Arial,Helvetica;font-weight:700;\" class=\"ts-custom-heading vc_custom_1611654821689\" >PIGMENTS<\/h2>\n[vc_column_text css=&#8221;.vc_custom_1611654861342{padding-right: 6px !important;padding-bottom: 6px !important;padding-left: 6px !important;}&#8221;]<\/p>\n<p style=\"text-align: center;\">Los pigmentos que utilizamos en nuestras formulaciones se seleccionan especialmente para evitar interferir con las propiedades diel\u00e9ctricas y mec\u00e1nicas del cable.<\/p>\n<p>[\/vc_column_text][\/vc_column][vc_column css_animation=&#8221;none&#8221; width=&#8221;1\/3&#8243; el_class=&#8221;box03 esp-bloc-03&#8243; css=&#8221;.vc_custom_1611601195224{background-color: #eff1f5 !important;}&#8221;]<h2 style=\"text-align:center;font-size:18px;font-family:'Montserrat',Arial,Helvetica;font-weight:700;\" class=\"ts-custom-heading vc_custom_1611655013359\" >INSULATION<\/h2>\n[vc_column_text css=&#8221;.vc_custom_1611655042748{padding-right: 6px !important;padding-bottom: 6px !important;padding-left: 6px !important;}&#8221;]<\/p>\n<p style=\"text-align: center;\">Satisfacemos las necesidades de <a href=\"https:\/\/deltatecnic.com\/es\/delta-tecnic-garantiza-un-aislamiento-eficaz-en-la-industria-del-cable\/\">aislamiento<\/a>, ya sea de cobre o aluminio, y tambi\u00e9n de revestimiento, con una amplia gama de colores.<\/p>\n<p>[\/vc_column_text][\/vc_column][vc_column width=&#8221;1\/3&#8243; el_class=&#8221;box03 esp-bloc-03&#8243; css=&#8221;.vc_custom_1611601275677{background-color: #eff1f5 !important;}&#8221;]<h2 style=\"text-align:center;font-size:18px;font-family:'Montserrat',Arial,Helvetica;font-weight:700;\" class=\"ts-custom-heading vc_custom_1611655082782\" >FORMULATIONS<\/h2>\n[vc_column_text css=&#8221;.vc_custom_1611655119475{padding-right: 6px !important;padding-bottom: 6px !important;padding-left: 6px !important;}&#8221; el_class=&#8221;box03&#8243;]<\/p>\n<p style=\"text-align: center;\">Nuestras formulaciones son \u201clibres de metales pesados\u201d y \u201clibres de ftalatos\u201d y cumplen con los est\u00e1ndares m\u00e1s estrictos del mercado.<\/p>\n<p>[\/vc_column_text][\/vc_column][\/vc_row][vc_row css=&#8221;.vc_custom_1611341124016{margin-top: 30px !important;}&#8221;][vc_column]<h3 style=\"text-align:left;font-size:24px;font-family:'Montserrat',Arial,Helvetica;font-weight:700;\" class=\"ts-custom-heading \" >LOW VOLTAGE<\/h3>\n[vc_column_text]El aumento de veh\u00edculos el\u00e9ctricos, rob\u00f3tica, automatizaci\u00f3n y paneles solares se ha traducido en un fuerte aumento de la demanda de cables de baja tensi\u00f3n. En la producci\u00f3n de nuestra gama de <a href=\"https:\/\/deltatecnic.com\/es\/masterbatch-industria-del-cable\/\" target=\"_blank\" rel=\"noopener\"><br \/>\n<strong>masterbatches utilizados para la coloraci\u00f3n excepcional de cables el\u00e9ctricos<\/strong><br \/>\n<\/a>utilizamos una selecci\u00f3n de pigmentos que garantizan las propiedades diel\u00e9ctricas de los cables fabricados.<\/p>\n<p>Los carrier de nuestros <a href=\"https:\/\/deltatecnic.com\/es\/guia-completa-del-masterbatch\/\">masterbatch<\/a> facilitan la diluci\u00f3n de nuestros productos en los pol\u00edmeros y compuestos empleados en esta industria.[\/vc_column_text][\/vc_column][\/vc_row][vc_row][vc_column][vc_tta_accordion shape=&#8221;square&#8221; active_section=&#8221;0&#8243; collapsible_all=&#8221;true&#8221;][vc_tta_section title=&#8221;PVC MASTERBATCH DELTAVINIL Energy, Data &amp; Building wire&#8221; tab_id=&#8221;ac02-low-voltage-01&#8243; el_class=&#8221;tit-acord-dc&#8221;][vc_column_text]<span style=\"font-weight: 600;\">Masterbatches dise\u00f1ados seg\u00fan tonos RAL y Munsell. La gama especial de alta diluci\u00f3n est\u00e1 disponible en los mismos colores para procesos de alta velocidad.<\/span> Los colores se pueden personalizar seg\u00fan los requisitos del cliente.[\/vc_column_text][vc_row_inner css=&#8221;.vc_custom_1611314242189{margin-top: 20px !important;}&#8221;][vc_column_inner width=&#8221;2\/3&#8243;][vc_single_image image=&#8221;8763&#8243; img_size=&#8221;full&#8221; alignment=&#8221;center&#8221;][\/vc_column_inner][vc_column_inner width=&#8221;1\/3&#8243; ts_responsive_css=&#8221;37923186|colbreak_no|||||20px||||colbreak_no|||||||||colbreak_no|||||0px|||||colbreak_no|||||||||&#8221; css=&#8221;.vc_custom_1611346964963{padding-top: 50px !important;}&#8221;]\r\n\t\t<div class=\"ts-vc_btn3-container ts-vc_btn3-center vc_custom_1622135227349\"><a class=\"ts-vc_general ts-vc_btn3 ts-vc_btn3-size-sm ts-vc_btn3-shape-square ts-vc_btn3-style-flat ts-vc_btn3-weight-no ts-vc_btn3-block ts-vc_btn3-color-black\" href=\"https:\/\/deltatecnic.com\/masterbatch-solutions\/\" title=\"Masterbatch Solutions\">MASTERBATCH SOLUTIONS<\/a><\/div>[\/vc_column_inner][\/vc_row_inner][\/vc_tta_section][vc_tta_section title=&#8221;EVA\/PE MASTERBATCH DELTAPLAST <a href=\"https:\/\/deltatecnic.com\/es\/resistencia-sin-sacrificar-las-propiedades-mecanicas\/\">HFFR<\/a> cables&#8221; tab_id=&#8221;ac02-low-voltage-02&#8243; el_class=&#8221;tit-acord-dc&#8221;][vc_column_text]<span style=\"font-weight: 600;\">Desde la gama est\u00e1ndar de <a href=\"https:\/\/deltatecnic.com\/es\/soluciones-masterbatch\/\" target=\"_blank\" rel=\"noopener\">Masterbatches<\/a> Delta Tecnic, hasta cualquier soluci\u00f3n personalizada, nuestra experiencia con materiales HFFR nos permite ofrecer la soluci\u00f3n perfecta a cada necesidad del cliente.<\/span><\/p>\n<p>Gracias a la alta concentraci\u00f3n de pigmentos, se pueden conseguir los colores deseados a pesar de la baja dosificaci\u00f3n de masterbatch, lo que reduce la influencia de factores externos en las propiedades ign\u00edfugas. Gracias a nuestra cuidadosa selecci\u00f3n de pol\u00edmeros, podemos lograr una diluci\u00f3n \u00f3ptima en los compuestos HFFR presentes en el mercado.[\/vc_column_text][vc_row_inner css=&#8221;.vc_custom_1611314242189{margin-top: 20px !important;}&#8221;][vc_column_inner width=&#8221;2\/3&#8243;][vc_single_image image=&#8221;8758&#8243; img_size=&#8221;full&#8221; alignment=&#8221;center&#8221;][\/vc_column_inner][vc_column_inner width=&#8221;1\/3&#8243; ts_responsive_css=&#8221;37923186|colbreak_no|||||20px||||colbreak_no|||||||||colbreak_no|||||0px|||||colbreak_no|||||||||&#8221; css=&#8221;.vc_custom_1611346964963{padding-top: 50px !important;}&#8221;]\r\n\t\t<div class=\"ts-vc_btn3-container ts-vc_btn3-center vc_custom_1622135227349\"><a class=\"ts-vc_general ts-vc_btn3 ts-vc_btn3-size-sm ts-vc_btn3-shape-square ts-vc_btn3-style-flat ts-vc_btn3-weight-no ts-vc_btn3-block ts-vc_btn3-color-black\" href=\"https:\/\/deltatecnic.com\/masterbatch-solutions\/\" title=\"Masterbatch Solutions\">MASTERBATCH SOLUTIONS<\/a><\/div>[\/vc_column_inner][\/vc_row_inner][\/vc_tta_section][vc_tta_section title=&#8221;PE MASTERBATCH DELTAPLAST Ambient curing crosslinking&#8221; tab_id=&#8221;ac02-low-voltage-03&#8243; el_class=&#8221;tit-acord-dc&#8221;][vc_column_text]<span style=\"font-weight: 600;\">Una <a href=\"https:\/\/deltatecnic.com\/es\/soluciones-masterbatch\/\">gama de Masterbatches<\/a> de color desarrollados para su uso con la tecnolog\u00eda XLPE de Ambient Curing.<\/span> Gracias a la formulaci\u00f3n de pigmentos adecuada, el proceso de reticulaci\u00f3n no se ve afectado. Cada lote producido por Delta Tecnic se verifica de acuerdo con la norma EN 60811 2-1.[\/vc_column_text][vc_row_inner css=&#8221;.vc_custom_1611314242189{margin-top: 20px !important;}&#8221;][vc_column_inner width=&#8221;2\/3&#8243;][vc_single_image image=&#8221;8761&#8243; img_size=&#8221;full&#8221; alignment=&#8221;center&#8221;][\/vc_column_inner][vc_column_inner width=&#8221;1\/3&#8243; ts_responsive_css=&#8221;37923186|colbreak_no|||||20px||||colbreak_no|||||||||colbreak_no|||||0px|||||colbreak_no|||||||||&#8221; css=&#8221;.vc_custom_1611346964963{padding-top: 50px !important;}&#8221;]\r\n\t\t<div class=\"ts-vc_btn3-container ts-vc_btn3-center vc_custom_1622135227349\"><a class=\"ts-vc_general ts-vc_btn3 ts-vc_btn3-size-sm ts-vc_btn3-shape-square ts-vc_btn3-style-flat ts-vc_btn3-weight-no ts-vc_btn3-block ts-vc_btn3-color-black\" href=\"https:\/\/deltatecnic.com\/masterbatch-solutions\/\" title=\"Masterbatch Solutions\">MASTERBATCH SOLUTIONS<\/a><\/div>[\/vc_column_inner][\/vc_row_inner][\/vc_tta_section][vc_tta_section title=&#8221;PE MASTERBATCH DELTAPLAST Energy cables&#8221; tab_id=&#8221;ac02-low-voltage-04&#8243; el_class=&#8221;tit-acord-dc&#8221;][vc_column_text]<span style=\"font-weight: 600;\">Nuestra gama de masterbatches est\u00e1ndar para colorear cables de alimentaci\u00f3n PE y XLPE.<\/span> Pigmentos y formulaciones cuidadosamente seleccionados aseguran que las propiedades diel\u00e9ctricas no se vean afectadas.[\/vc_column_text][vc_row_inner css=&#8221;.vc_custom_1611314242189{margin-top: 20px !important;}&#8221;][vc_column_inner width=&#8221;2\/3&#8243;][vc_single_image image=&#8221;8760&#8243; img_size=&#8221;full&#8221; alignment=&#8221;center&#8221;][\/vc_column_inner][vc_column_inner width=&#8221;1\/3&#8243; ts_responsive_css=&#8221;37923186|colbreak_no|||||20px||||colbreak_no|||||||||colbreak_no|||||0px|||||colbreak_no|||||||||&#8221; css=&#8221;.vc_custom_1611346964963{padding-top: 50px !important;}&#8221;]\r\n\t\t<div class=\"ts-vc_btn3-container ts-vc_btn3-center vc_custom_1622135227349\"><a class=\"ts-vc_general ts-vc_btn3 ts-vc_btn3-size-sm ts-vc_btn3-shape-square ts-vc_btn3-style-flat ts-vc_btn3-weight-no ts-vc_btn3-block ts-vc_btn3-color-black\" href=\"https:\/\/deltatecnic.com\/masterbatch-solutions\/\" title=\"Masterbatch Solutions\">MASTERBATCH SOLUTIONS<\/a><\/div>[\/vc_column_inner][\/vc_row_inner][\/vc_tta_section][vc_tta_section title=&#8221;TPU MASTERBATCH DELTAPLAST Energy and Industrial cables&#8221; tab_id=&#8221;ac02-low-voltage-05&#8243; el_class=&#8221;tit-acord-dc&#8221;][vc_column_text]<span style=\"font-weight: 600;\">Una gama de masterbatches termopl\u00e1sticos a base de poliuretano destinados principalmente a cables especiales para maquinaria y rob\u00f3tica donde se requieren altas propiedades de abrasi\u00f3n y resistencia qu\u00edmica.<\/span> Ofrecemos masterbatches para los grados de TPU est\u00e1ndar e ign\u00edfugos m\u00e1s utilizados. Para aplicaciones al aire libre, formulamos utilizando pigmentos espec\u00edficos de alta resistencia a la luz y masterbatches mejorados con filtros UV para proteger el pol\u00edmero.[\/vc_column_text][vc_row_inner css=&#8221;.vc_custom_1611314242189{margin-top: 20px !important;}&#8221;][vc_column_inner width=&#8221;2\/3&#8243;][vc_single_image image=&#8221;8765&#8243; img_size=&#8221;full&#8221; alignment=&#8221;center&#8221;][\/vc_column_inner][vc_column_inner width=&#8221;1\/3&#8243; ts_responsive_css=&#8221;37923186|colbreak_no|||||20px||||colbreak_no|||||||||colbreak_no|||||0px|||||colbreak_no|||||||||&#8221; css=&#8221;.vc_custom_1611346964963{padding-top: 50px !important;}&#8221;]\r\n\t\t<div class=\"ts-vc_btn3-container ts-vc_btn3-center vc_custom_1622135227349\"><a class=\"ts-vc_general ts-vc_btn3 ts-vc_btn3-size-sm ts-vc_btn3-shape-square ts-vc_btn3-style-flat ts-vc_btn3-weight-no ts-vc_btn3-block ts-vc_btn3-color-black\" href=\"https:\/\/deltatecnic.com\/masterbatch-solutions\/\" title=\"Masterbatch Solutions\">MASTERBATCH SOLUTIONS<\/a><\/div>[\/vc_column_inner][\/vc_row_inner][\/vc_tta_section][vc_tta_section title=&#8221;PA MASTERBATCH DELTAPLAST THHN cables (Building wire)&#8221; tab_id=&#8221;ac02-low-voltage-06&#8243; el_class=&#8221;tit-acord-dc&#8221;][vc_column_text]<span style=\"font-weight: 600;\">Delta Tecnic ha desarrollado dos gamas de productos con dos tipos diferentes de pol\u00edmero (PE y PA) para satisfacer las necesidades m\u00e1s exigentes.<\/span> Los pigmentos se han seleccionado especialmente para resistir las temperaturas de trabajo de estos pol\u00edmeros.[\/vc_column_text][vc_row_inner css=&#8221;.vc_custom_1611314242189{margin-top: 20px !important;}&#8221;][vc_column_inner width=&#8221;2\/3&#8243;][vc_single_image image=&#8221;8759&#8243; img_size=&#8221;full&#8221; alignment=&#8221;center&#8221;][\/vc_column_inner][vc_column_inner width=&#8221;1\/3&#8243; ts_responsive_css=&#8221;37923186|colbreak_no|||||20px||||colbreak_no|||||||||colbreak_no|||||0px|||||colbreak_no|||||||||&#8221; css=&#8221;.vc_custom_1611346964963{padding-top: 50px !important;}&#8221;]\r\n\t\t<div class=\"ts-vc_btn3-container ts-vc_btn3-center vc_custom_1622135227349\"><a class=\"ts-vc_general ts-vc_btn3 ts-vc_btn3-size-sm ts-vc_btn3-shape-square ts-vc_btn3-style-flat ts-vc_btn3-weight-no ts-vc_btn3-block ts-vc_btn3-color-black\" href=\"https:\/\/deltatecnic.com\/masterbatch-solutions\/\" title=\"Masterbatch Solutions\">MASTERBATCH SOLUTIONS<\/a><\/div>[\/vc_column_inner][\/vc_row_inner][\/vc_tta_section][vc_tta_section title=&#8221;PVC\/PE &amp; EVA MASTERBATCH DELTAVINIL &amp; DELTAPLAST Outdoor jacketing&#8221; tab_id=&#8221;ac02-low-voltage-07&#8243; el_class=&#8221;tit-acord-dc&#8221;][vc_column_text]<span style=\"font-weight: 600;\">Masterbatches especialmente recomendados para uso en exteriores, para evitar tanto la decoloraci\u00f3n como la degradaci\u00f3n foto oxidativa del pol\u00edmero del cable.<\/span> Los requisitos en este sector se centran en la resistencia a la luz de los pigmentos y la estabilizaci\u00f3n necesaria para cumplir requisitos especiales. Delta Tecnic selecciona cuidadosamente los pigmentos que intervienen en las formulaciones para evitar la p\u00e9rdida de color debido a la radiaci\u00f3n UV y aditivos para evitar la degradaci\u00f3n del pl\u00e1stico debida a las condiciones ambientales. Nuestras formulaciones cumplen con las regulaciones de la industria. Contamos con un laboratorio altamente cualificado equipado con la \u00faltima tecnolog\u00eda para monitorear la decoloraci\u00f3n y mantener las propiedades mec\u00e1nicas.[\/vc_column_text][vc_row_inner css=&#8221;.vc_custom_1611314242189{margin-top: 20px !important;}&#8221;][vc_column_inner width=&#8221;2\/3&#8243;][vc_single_image image=&#8221;8764&#8243; img_size=&#8221;full&#8221; alignment=&#8221;center&#8221;][\/vc_column_inner][vc_column_inner width=&#8221;1\/3&#8243; ts_responsive_css=&#8221;37923186|colbreak_no|||||20px||||colbreak_no|||||||||colbreak_no|||||0px|||||colbreak_no|||||||||&#8221; css=&#8221;.vc_custom_1611346964963{padding-top: 50px !important;}&#8221;]\r\n\t\t<div class=\"ts-vc_btn3-container ts-vc_btn3-center vc_custom_1622135227349\"><a class=\"ts-vc_general ts-vc_btn3 ts-vc_btn3-size-sm ts-vc_btn3-shape-square ts-vc_btn3-style-flat ts-vc_btn3-weight-no ts-vc_btn3-block ts-vc_btn3-color-black\" href=\"https:\/\/deltatecnic.com\/masterbatch-solutions\/\" title=\"Masterbatch Solutions\">MASTERBATCH SOLUTIONS<\/a><\/div>[\/vc_column_inner][\/vc_row_inner][\/vc_tta_section][vc_tta_section title=&#8221;EPDM\/EPR MASTERBATCH DELTAPLAST Rubber compounds&#8221; tab_id=&#8221;ac02-low-voltage-08&#8243; el_class=&#8221;tit-acord-dc&#8221;][vc_column_text]<span style=\"font-weight: 600;\">Gama de Masterbatches para su uso en la fabricaci\u00f3n de cables de caucho con compuestos EPDM y EPR.<\/span> El bajo punto de fusi\u00f3n y la buena dispersi\u00f3n permiten trabajar, a las temperaturas utilizadas en este tipo de compuestos, con total regularidad de color.[\/vc_column_text][vc_row_inner css=&#8221;.vc_custom_1611314242189{margin-top: 20px !important;}&#8221;][vc_column_inner width=&#8221;2\/3&#8243;][vc_single_image image=&#8221;8757&#8243; img_size=&#8221;full&#8221; alignment=&#8221;center&#8221;][\/vc_column_inner][vc_column_inner width=&#8221;1\/3&#8243; ts_responsive_css=&#8221;37923186|colbreak_no|||||20px||||colbreak_no|||||||||colbreak_no|||||0px|||||colbreak_no|||||||||&#8221; css=&#8221;.vc_custom_1611346964963{padding-top: 50px !important;}&#8221;]\r\n\t\t<div class=\"ts-vc_btn3-container ts-vc_btn3-center vc_custom_1622135227349\"><a class=\"ts-vc_general ts-vc_btn3 ts-vc_btn3-size-sm ts-vc_btn3-shape-square ts-vc_btn3-style-flat ts-vc_btn3-weight-no ts-vc_btn3-block ts-vc_btn3-color-black\" href=\"https:\/\/deltatecnic.com\/masterbatch-solutions\/\" title=\"Masterbatch Solutions\">MASTERBATCH SOLUTIONS<\/a><\/div>[\/vc_column_inner][\/vc_row_inner][\/vc_tta_section][\/vc_tta_accordion][\/vc_column][\/vc_row][vc_row css=&#8221;.vc_custom_1611341163544{margin-top: 30px !important;}&#8221;][vc_column]<h3 style=\"text-align:left;font-size:24px;font-family:'Montserrat',Arial,Helvetica;font-weight:700;\" class=\"ts-custom-heading \" >MEDIUM VOLTAGE<\/h3>\n[vc_column_text]El aumento de veh\u00edculos el\u00e9ctricos, rob\u00f3tica, automatizaci\u00f3n y paneles solares se ha traducido en un fuerte aumento de la demanda de cables de baja tensi\u00f3n excepcionales. Estos cables est\u00e1n dise\u00f1ados para soportar condiciones espec\u00edficas tanto en la instalaci\u00f3n como en la distribuci\u00f3n de energ\u00eda el\u00e9ctrica, para que puedan operar de manera segura y confiable. Delta Tecnic tiene en cuenta estas propiedades particulares de los requisitos del cable de media tensi\u00f3n al desarrollar sus diversas formulaciones.[\/vc_column_text][vc_tta_accordion shape=&#8221;square&#8221; active_section=&#8221;0&#8243; collapsible_all=&#8221;true&#8221;][vc_tta_section title=&#8221;PE\/PVC MASTERBATCH DELTAVINIL &amp; DELTAPLAST&#8221; tab_id=&#8221;ac02-medium-voltage-01&#8243; el_class=&#8221;tit-acord-dc&#8221;][vc_column_text]<span style=\"font-weight: 600;\">Nuestros colores se han utilizado en m\u00faltiples proyectos de cables de media tensi\u00f3n en muchas aplicaciones diferentes y en una multitud de proyectos p\u00fablicos en los cinco continentes.<\/span>[\/vc_column_text][vc_row_inner css=&#8221;.vc_custom_1611314242189{margin-top: 20px !important;}&#8221;][vc_column_inner width=&#8221;2\/3&#8243;][vc_single_image image=&#8221;8762&#8243; img_size=&#8221;full&#8221; alignment=&#8221;center&#8221;][\/vc_column_inner][vc_column_inner width=&#8221;1\/3&#8243; ts_responsive_css=&#8221;37923186|colbreak_no|||||20px||||colbreak_no|||||||||colbreak_no|||||0px|||||colbreak_no|||||||||&#8221; css=&#8221;.vc_custom_1611346964963{padding-top: 50px !important;}&#8221;]\r\n\t\t<div class=\"ts-vc_btn3-container ts-vc_btn3-center vc_custom_1622135227349\"><a class=\"ts-vc_general ts-vc_btn3 ts-vc_btn3-size-sm ts-vc_btn3-shape-square ts-vc_btn3-style-flat ts-vc_btn3-weight-no ts-vc_btn3-block ts-vc_btn3-color-black\" href=\"https:\/\/deltatecnic.com\/masterbatch-solutions\/\" title=\"Masterbatch Solutions\">MASTERBATCH SOLUTIONS<\/a><\/div>[\/vc_column_inner][\/vc_row_inner][\/vc_tta_section][\/vc_tta_accordion][\/vc_column][\/vc_row]<\/p>\n","protected":false},"excerpt":{"rendered":"<p>AMPLIA GAMA DE MASTERBATCHES DISE\u00d1ADOS PARA LA INDUSTRIA DE LA ENERG\u00cdA<\/p>\n","protected":false},"author":1,"featured_media":0,"parent":11535,"menu_order":0,"comment_status":"closed","ping_status":"closed","template":"","meta":{"content-type":"","footnotes":""},"class_list":["post-11547","page","type-page","status-publish","hentry"],"yoast_head":"<!-- This site is optimized with the Yoast SEO plugin v27.1.1 - https:\/\/yoast.com\/product\/yoast-seo-wordpress\/ -->\n<title>Masterbatch para la industria de cables de energ\u00eda | Delta Tecnic<\/title>\n<meta name=\"description\" content=\"En la producci\u00f3n de masterbatches para la coloraci\u00f3n de cables el\u00e9ctricos, utilizamos pigmentos que garantizan las propiedades diel\u00e9ctricas de los cables fabricados\" \/>\n<meta name=\"robots\" content=\"index, follow, max-snippet:-1, max-image-preview:large, max-video-preview:-1\" \/>\n<link rel=\"canonical\" href=\"https:\/\/deltatecnic.com\/es\/deltacolor-cables\/energia\/\" \/>\n<meta property=\"og:locale\" content=\"es_ES\" \/>\n<meta property=\"og:type\" content=\"article\" \/>\n<meta property=\"og:title\" content=\"Masterbatch para la industria de cables de energ\u00eda | Delta Tecnic\" \/>\n<meta property=\"og:description\" content=\"En la producci\u00f3n de masterbatches para la coloraci\u00f3n de cables el\u00e9ctricos, utilizamos pigmentos que garantizan las propiedades diel\u00e9ctricas de los cables fabricados\" \/>\n<meta property=\"og:url\" content=\"https:\/\/deltatecnic.com\/es\/deltacolor-cables\/energia\/\" \/>\n<meta property=\"og:site_name\" content=\"Delta Tecnic\" \/>\n<meta property=\"article:modified_time\" content=\"2024-03-22T11:18:54+00:00\" \/>\n<meta name=\"twitter:card\" content=\"summary_large_image\" \/>\n<meta name=\"twitter:label1\" content=\"Tiempo de lectura\" \/>\n\t<meta name=\"twitter:data1\" content=\"7 minutos\" \/>\n<!-- \/ Yoast SEO plugin. -->","yoast_head_json":{"title":"Masterbatch para la industria de cables de energ\u00eda | Delta Tecnic","description":"En la producci\u00f3n de masterbatches para la coloraci\u00f3n de cables el\u00e9ctricos, utilizamos pigmentos que garantizan las propiedades diel\u00e9ctricas de los cables fabricados","robots":{"index":"index","follow":"follow","max-snippet":"max-snippet:-1","max-image-preview":"max-image-preview:large","max-video-preview":"max-video-preview:-1"},"canonical":"https:\/\/deltatecnic.com\/es\/deltacolor-cables\/energia\/","og_locale":"es_ES","og_type":"article","og_title":"Masterbatch para la industria de cables de energ\u00eda | Delta Tecnic","og_description":"En la producci\u00f3n de masterbatches para la coloraci\u00f3n de cables el\u00e9ctricos, utilizamos pigmentos que garantizan las propiedades diel\u00e9ctricas de los cables fabricados","og_url":"https:\/\/deltatecnic.com\/es\/deltacolor-cables\/energia\/","og_site_name":"Delta Tecnic","article_modified_time":"2024-03-22T11:18:54+00:00","twitter_card":"summary_large_image","twitter_misc":{"Tiempo de lectura":"7 minutos"},"schema":{"@context":"https:\/\/schema.org","@graph":[{"@type":"WebPage","@id":"https:\/\/deltatecnic.com\/es\/deltacolor-cables\/energia\/","url":"https:\/\/deltatecnic.com\/es\/deltacolor-cables\/energia\/","name":"Masterbatch para la industria de cables de energ\u00eda | Delta Tecnic","isPartOf":{"@id":"https:\/\/deltatecnic.com\/es\/#website"},"datePublished":"2020-12-18T17:05:40+00:00","dateModified":"2024-03-22T11:18:54+00:00","description":"En la producci\u00f3n de masterbatches para la coloraci\u00f3n de cables el\u00e9ctricos, utilizamos pigmentos que garantizan las propiedades diel\u00e9ctricas de los cables fabricados","breadcrumb":{"@id":"https:\/\/deltatecnic.com\/es\/deltacolor-cables\/energia\/#breadcrumb"},"inLanguage":"es","potentialAction":[{"@type":"ReadAction","target":["https:\/\/deltatecnic.com\/es\/deltacolor-cables\/energia\/"]}]},{"@type":"BreadcrumbList","@id":"https:\/\/deltatecnic.com\/es\/deltacolor-cables\/energia\/#breadcrumb","itemListElement":[{"@type":"ListItem","position":1,"name":"Inici","item":"https:\/\/deltatecnic.com\/es\/"},{"@type":"ListItem","position":2,"name":"Deltacolor Cables","item":"https:\/\/deltatecnic.com\/es\/deltacolor-cables\/"},{"@type":"ListItem","position":3,"name":"Energ\u00eda"}]},{"@type":"WebSite","@id":"https:\/\/deltatecnic.com\/es\/#website","url":"https:\/\/deltatecnic.com\/es\/","name":"Delta Tecnic","description":"Bringing colour to life","potentialAction":[{"@type":"SearchAction","target":{"@type":"EntryPoint","urlTemplate":"https:\/\/deltatecnic.com\/es\/?s={search_term_string}"},"query-input":{"@type":"PropertyValueSpecification","valueRequired":true,"valueName":"search_term_string"}}],"inLanguage":"es"}]}},"_links":{"self":[{"href":"https:\/\/deltatecnic.com\/es\/wp-json\/wp\/v2\/pages\/11547","targetHints":{"allow":["GET"]}}],"collection":[{"href":"https:\/\/deltatecnic.com\/es\/wp-json\/wp\/v2\/pages"}],"about":[{"href":"https:\/\/deltatecnic.com\/es\/wp-json\/wp\/v2\/types\/page"}],"author":[{"embeddable":true,"href":"https:\/\/deltatecnic.com\/es\/wp-json\/wp\/v2\/users\/1"}],"replies":[{"embeddable":true,"href":"https:\/\/deltatecnic.com\/es\/wp-json\/wp\/v2\/comments?post=11547"}],"version-history":[{"count":0,"href":"https:\/\/deltatecnic.com\/es\/wp-json\/wp\/v2\/pages\/11547\/revisions"}],"up":[{"embeddable":true,"href":"https:\/\/deltatecnic.com\/es\/wp-json\/wp\/v2\/pages\/11535"}],"wp:attachment":[{"href":"https:\/\/deltatecnic.com\/es\/wp-json\/wp\/v2\/media?parent=11547"}],"curies":[{"name":"wp","href":"https:\/\/api.w.org\/{rel}","templated":true}]}}