{"id":11541,"date":"2020-12-18T17:10:32","date_gmt":"2020-12-18T16:10:32","guid":{"rendered":"https:\/\/deltatecnic.com\/deltacolor-cables-2\/automocion\/"},"modified":"2024-03-22T12:23:12","modified_gmt":"2024-03-22T11:23:12","slug":"automocion","status":"publish","type":"page","link":"https:\/\/deltatecnic.com\/es\/deltacolor-cables\/automocion\/","title":{"rendered":"Automoci\u00f3n"},"content":{"rendered":"<p>[vc_row][vc_column][vc_single_image image=&#8221;8291&#8243; img_size=&#8221;full&#8221;]<h2 style=\"text-align:left;font-size:34px;line-height:1em;font-family:'Montserrat',Arial,Helvetica;font-weight:400;\" class=\"ts-custom-heading vc_custom_1650561803115\" ><strong>AUTOMOCI\u00d3N<\/strong><br \/>\nEXPERTOS EN MASTERBATCHES<br \/>\nPARA LA INDUSTRIA DEL CABLE<\/h2>\n[vc_column_text]La industria wiring harness para autom\u00f3viles es un sector altamente t\u00e9cnico y se esfuerza constantemente por mejorar el rendimiento del veh\u00edculo con desarrollos tecnol\u00f3gicos innovadores para aumentar la eficiencia y la productividad.<\/p>\n<p>El nuevo panorama provocado por el auge de los coches el\u00e9ctricos, tanto enchufables como h\u00edbridos, est\u00e1 reorientando la industria hacia nuevas demandas para incorporar m\u00e1s sensores y componentes el\u00e9ctricos y electr\u00f3nicos en los veh\u00edculos.[\/vc_column_text][\/vc_column][\/vc_row][vc_row gap=&#8221;20&#8243; equal_height=&#8221;yes&#8221; ts_responsive_css=&#8221;18067909|colbreak_no|||||||||colbreak_no|||||||||colbreak_yes|10px|10px|10px|10px||||||colbreak_no|||||||||&#8221; css=&#8221;.vc_custom_1611601647440{margin-bottom: 30px !important;}&#8221;][vc_column width=&#8221;1\/3&#8243; css=&#8221;.vc_custom_1611601336815{background-color: #eff1f5 !important;}&#8221; el_class=&#8221;box03 esp-bloc-03&#8243;]<h2 style=\"text-align:center;font-size:18px;font-family:'Montserrat',Arial,Helvetica;font-weight:700;\" class=\"ts-custom-heading vc_custom_1650561857557\" >FORMULACIONES<\/h2>\n[vc_column_text css=&#8221;.vc_custom_1611598699902{padding-right: 6px !important;padding-bottom: 6px !important;padding-left: 6px !important;}&#8221;]<\/p>\n<p style=\"text-align: center;\">Las formulaciones de compuestos tambi\u00e9n est\u00e1n cambiando, lo que plantea nuevos desaf\u00edos para la coloraci\u00f3n de los cables, que deben cumplir con requisitos muy exigentes en cuanto a resistencia t\u00e9rmica y al envejecimiento.<\/p>\n<p>[\/vc_column_text][\/vc_column][vc_column css_animation=&#8221;none&#8221; width=&#8221;1\/3&#8243; el_class=&#8221;box03 esp-bloc-03&#8243; css=&#8221;.vc_custom_1611601195224{background-color: #eff1f5 !important;}&#8221;]<h2 style=\"text-align:center;font-size:18px;font-family:'Montserrat',Arial,Helvetica;font-weight:700;\" class=\"ts-custom-heading vc_custom_1650561885352\" >TESTADOS<\/h2>\n[vc_column_text css=&#8221;.vc_custom_1611600476795{padding-right: 6px !important;padding-bottom: 6px !important;padding-left: 6px !important;}&#8221;]<\/p>\n<p style=\"text-align: center;\">Los cables se prueban exhaustivamente y se someten a l\u00edmites extremos, seg\u00fan las diferentes clases de temperatura.<\/p>\n<p>[\/vc_column_text][\/vc_column][vc_column width=&#8221;1\/3&#8243; el_class=&#8221;box03 esp-bloc-03&#8243; css=&#8221;.vc_custom_1611601275677{background-color: #eff1f5 !important;}&#8221;]<h2 style=\"text-align:center;font-size:18px;font-family:'Montserrat',Arial,Helvetica;font-weight:700;\" class=\"ts-custom-heading vc_custom_1650561899338\" >PRODUCCI\u00d3N<\/h2>\n[vc_column_text css=&#8221;.vc_custom_1636720266988{padding-right: 5px !important;padding-bottom: 6px !important;padding-left: 5px !important;}&#8221; el_class=&#8221;box03&#8243;]<\/p>\n<p style=\"text-align: center;\">Las velocidades de producci\u00f3n aumentan constantemente; la tendencia es reducir los espesores de pared y a extrusoras m\u00e1s cortas, lo que se traduce en menos tiempo para incorporar los <a href=\"https:\/\/deltatecnic.com\/es\/guia-completa-del-masterbatch\/\">masterbatch<\/a> en el compuesto.<\/p>\n<p>[\/vc_column_text][\/vc_column][\/vc_row][vc_row equal_height=&#8221;yes&#8221;][vc_column][vc_tta_accordion active_section=&#8221;0&#8243; collapsible_all=&#8221;true&#8221; el_class=&#8221;bloc-cable05&#8243;][vc_tta_section title=&#8221;T2\/T3 PVC&#8221; tab_id=&#8221;ac01-t2-t3-pvc&#8221;][vc_column_text]<span style=\"font-weight: 600;\">Masterbatches dise\u00f1ados para colorear cables de clases de temperatura T2 y T3.<\/span> Los cables de clase T2 est\u00e1n expuestos a un calor considerable. Se espera que estos cables funcionen a temperaturas ambientales de -40 a +105 \u00b0 C y su aplicaci\u00f3n t\u00edpica es en los compartimentos de pasajeros y debajo del cap\u00f3. Los cables de clase T3 est\u00e1n muy expuestos a un calor significativo de fuentes de radiaci\u00f3n y se espera que funcionen a temperaturas ambientales de -40 a +125 \u00b0 C. Su aplicaci\u00f3n t\u00edpica est\u00e1 cerca del motor.[\/vc_column_text][vc_row_inner css=&#8221;.vc_custom_1611314242189{margin-top: 20px !important;}&#8221;][vc_column_inner width=&#8221;2\/3&#8243; css=&#8221;.vc_custom_1651735518667{margin-right: -10px !important;}&#8221;][vc_single_image image=&#8221;8667&#8243; img_size=&#8221;full&#8221; alignment=&#8221;center&#8221;][\/vc_column_inner][vc_column_inner width=&#8221;1\/3&#8243; ts_responsive_css=&#8221;37923186|colbreak_no|||||20px||||colbreak_no|||||||||colbreak_no|||||0px|||||colbreak_no|||||||||&#8221; css=&#8221;.vc_custom_1651735544329{margin-left: 10px !important;padding-top: 50px !important;}&#8221;]\r\n\t\t<div class=\"ts-vc_btn3-container  boto_es01 ts-vc_btn3-center vc_custom_1651735444754\"><a class=\"ts-vc_general ts-vc_btn3 ts-vc_btn3-size-sm ts-vc_btn3-shape-square ts-vc_btn3-style-flat ts-vc_btn3-weight-no ts-vc_btn3-block ts-vc_btn3-color-black\" href=\"https:\/\/deltatecnic.com\/es\/soluciones-masterbatch\/\" title=\"Masterbatch Solutions\">SOLUCIONES MASTERBATCH<\/a><\/div>[vc_separator color=&#8221;custom&#8221; accent_color=&#8221;#09284c&#8221; css=&#8221;.vc_custom_1611314506853{padding-left: 7% !important;}&#8221;][vc_column_text el_class=&#8221;sec-txt&#8221; css=&#8221;.vc_custom_1623229312626{padding-top: 8px !important;padding-right: 3px !important;padding-bottom: 3px !important;}&#8221;]Rango de temperatura (3000 h)<br \/>\nT2 -40 \u00b0C a +105 \u00b0C<br \/>\nT3 -40 \u00b0C a +125 \u00b0C<br \/>\n<span style=\"font-weight: 400; font-size: 15px; line-height: 1.6em;\">ISO 6722<\/span>[\/vc_column_text][vc_separator color=&#8221;custom&#8221; accent_color=&#8221;#09284c&#8221; css=&#8221;.vc_custom_1611314506853{padding-left: 7% !important;}&#8221;][\/vc_column_inner][\/vc_row_inner][\/vc_tta_section][vc_tta_section title=&#8221;T3\/T4&#8243; tab_id=&#8221;ac01-t3-t4&#8243;][vc_column_text]<span style=\"font-weight: 600;\">Masterbatches dise\u00f1ados para colorear cables de clase de temperatura T3 y T4.<\/span> Los cables de clase T3 est\u00e1n muy expuestos a un calor significativo de fuentes de radiaci\u00f3n y se espera que funcionen a temperaturas ambientales que oscilan entre -40 y +125 \u00b0 C. Su aplicaci\u00f3n t\u00edpica est\u00e1 cerca del motor. Los cables de clase T4 est\u00e1n expuestos a un calor considerable por radiaci\u00f3n y conducci\u00f3n y se espera que funcionen a temperaturas ambientales que oscilan entre -40 y +150 \u00b0 C. Su aplicaci\u00f3n t\u00edpica es en el circuito de aceite del motor.[\/vc_column_text][vc_row_inner css=&#8221;.vc_custom_1611314242189{margin-top: 20px !important;}&#8221;][vc_column_inner width=&#8221;2\/3&#8243;][vc_single_image image=&#8221;8668&#8243; img_size=&#8221;full&#8221; alignment=&#8221;center&#8221;][\/vc_column_inner][vc_column_inner width=&#8221;1\/3&#8243; ts_responsive_css=&#8221;37923186|colbreak_no|||||20px||||colbreak_no|||||||||colbreak_no|||||0px|||||colbreak_no|||||||||&#8221; css=&#8221;.vc_custom_1611314089385{padding-top: 50px !important;}&#8221;]\r\n\t\t<div class=\"ts-vc_btn3-container ts-vc_btn3-center vc_custom_1651735609468\"><a class=\"ts-vc_general ts-vc_btn3 ts-vc_btn3-size-sm ts-vc_btn3-shape-square ts-vc_btn3-style-flat ts-vc_btn3-weight-no ts-vc_btn3-block ts-vc_btn3-color-black\" href=\"https:\/\/deltatecnic.com\/es\/soluciones-masterbatch\/\" title=\"Masterbatch Solutions\">SOLUCIONES MASTERBATCH<\/a><\/div>[vc_separator color=&#8221;custom&#8221; accent_color=&#8221;#09284c&#8221; css=&#8221;.vc_custom_1611314506853{padding-left: 7% !important;}&#8221;][vc_column_text el_class=&#8221;sec-txt&#8221; css=&#8221;.vc_custom_1611335126938{padding-top: 8px !important;padding-right: 3px !important;padding-bottom: 3px !important;}&#8221;]Rango de temperatura (3000 h)<br \/>\nT3 -40 \u00b0C a +125 \u00b0C<br \/>\nT4 -40 \u00b0C a +150 \u00b0C<br \/>\n<span style=\"font-weight: 400; font-size: 15px; line-height: 1.6em;\">ISO 6722<\/span>[\/vc_column_text][vc_separator color=&#8221;custom&#8221; accent_color=&#8221;#09284c&#8221; css=&#8221;.vc_custom_1611314506853{padding-left: 7% !important;}&#8221;][\/vc_column_inner][\/vc_row_inner][\/vc_tta_section][vc_tta_section title=&#8221;T5\/T6&#8243; tab_id=&#8221;ac01-t5-t6&#8243;][vc_column_text]<span style=\"font-weight: 600;\">Masterbatches dise\u00f1ados para colorear cables de clase de temperatura T5\/T6,<\/span> muy expuestos a un calor considerable por radiaci\u00f3n y conducci\u00f3n. Se espera que estos cables funcionen a temperaturas ambientales de -40 a +175 \u00b0 C (T5) y de -40 a +200 \u00b0 C (T6).[\/vc_column_text][vc_row_inner css=&#8221;.vc_custom_1611314242189{margin-top: 20px !important;}&#8221;][vc_column_inner width=&#8221;2\/3&#8243;][vc_single_image image=&#8221;8669&#8243; img_size=&#8221;full&#8221; alignment=&#8221;center&#8221;][\/vc_column_inner][vc_column_inner width=&#8221;1\/3&#8243; ts_responsive_css=&#8221;37923186|colbreak_no|||||20px||||colbreak_no|||||||||colbreak_no|||||0px|||||colbreak_no|||||||||&#8221; css=&#8221;.vc_custom_1611314089385{padding-top: 50px !important;}&#8221;]\r\n\t\t<div class=\"ts-vc_btn3-container ts-vc_btn3-center vc_custom_1651735631866\"><a class=\"ts-vc_general ts-vc_btn3 ts-vc_btn3-size-sm ts-vc_btn3-shape-square ts-vc_btn3-style-flat ts-vc_btn3-weight-no ts-vc_btn3-block ts-vc_btn3-color-black\" href=\"https:\/\/deltatecnic.com\/es\/soluciones-masterbatch\/\" title=\"Masterbatch Solutions\">SOLUCIONES MASTERBATCH<\/a><\/div>[vc_separator color=&#8221;custom&#8221; accent_color=&#8221;#09284c&#8221; css=&#8221;.vc_custom_1611314506853{padding-left: 7% !important;}&#8221;][vc_column_text el_class=&#8221;sec-txt&#8221; css=&#8221;.vc_custom_1611335192625{padding-top: 8px !important;padding-right: 3px !important;padding-bottom: 3px !important;}&#8221;]Rango de temperatura (3000 h)<br \/>\nT5 -40 \u00b0C a +175 \u00b0C<br \/>\nT5 -40 \u00b0C a +200 \u00b0C<br \/>\n<span style=\"font-weight: 400; font-size: 15px; line-height: 1.6em;\">ISO 6722<\/span>[\/vc_column_text][vc_separator color=&#8221;custom&#8221; accent_color=&#8221;#09284c&#8221; css=&#8221;.vc_custom_1611314506853{padding-left: 7% !important;}&#8221;][\/vc_column_inner][\/vc_row_inner][\/vc_tta_section][\/vc_tta_accordion][\/vc_column][\/vc_row]<\/p>\n","protected":false},"excerpt":{"rendered":"<p>EXPERTOS EN MASTERBATCHES PARA LA INDUSTRIA DEL CABLE<\/p>\n","protected":false},"author":1,"featured_media":0,"parent":11535,"menu_order":0,"comment_status":"closed","ping_status":"closed","template":"","meta":{"content-type":"","footnotes":""},"class_list":["post-11541","page","type-page","status-publish","hentry"],"yoast_head":"<!-- This site is optimized with the Yoast SEO plugin v27.1.1 - https:\/\/yoast.com\/product\/yoast-seo-wordpress\/ -->\n<title>Masterbatch en industria de cable de la automoci\u00f3n | Delta Tecnic<\/title>\n<meta name=\"description\" content=\"DeltaTecnic ofrece soluciones de masterbatch de primera calidad para la industria del cable de automoci\u00f3n. Expertos en masterbatch de color\" \/>\n<meta name=\"robots\" content=\"index, follow, max-snippet:-1, max-image-preview:large, max-video-preview:-1\" \/>\n<link rel=\"canonical\" href=\"https:\/\/deltatecnic.com\/es\/deltacolor-cables\/automocion\/\" \/>\n<meta property=\"og:locale\" content=\"es_ES\" \/>\n<meta property=\"og:type\" content=\"article\" \/>\n<meta property=\"og:title\" content=\"Masterbatch en industria de cable de la automoci\u00f3n | Delta Tecnic\" \/>\n<meta property=\"og:description\" content=\"DeltaTecnic ofrece soluciones de masterbatch de primera calidad para la industria del cable de automoci\u00f3n. Expertos en masterbatch de color\" \/>\n<meta property=\"og:url\" content=\"https:\/\/deltatecnic.com\/es\/deltacolor-cables\/automocion\/\" \/>\n<meta property=\"og:site_name\" content=\"Delta Tecnic\" \/>\n<meta property=\"article:modified_time\" content=\"2024-03-22T11:23:12+00:00\" \/>\n<meta name=\"twitter:card\" content=\"summary_large_image\" \/>\n<meta name=\"twitter:label1\" content=\"Tiempo de lectura\" \/>\n\t<meta name=\"twitter:data1\" content=\"3 minutos\" \/>\n<!-- \/ Yoast SEO plugin. -->","yoast_head_json":{"title":"Masterbatch en industria de cable de la automoci\u00f3n | Delta Tecnic","description":"DeltaTecnic ofrece soluciones de masterbatch de primera calidad para la industria del cable de automoci\u00f3n. Expertos en masterbatch de color","robots":{"index":"index","follow":"follow","max-snippet":"max-snippet:-1","max-image-preview":"max-image-preview:large","max-video-preview":"max-video-preview:-1"},"canonical":"https:\/\/deltatecnic.com\/es\/deltacolor-cables\/automocion\/","og_locale":"es_ES","og_type":"article","og_title":"Masterbatch en industria de cable de la automoci\u00f3n | Delta Tecnic","og_description":"DeltaTecnic ofrece soluciones de masterbatch de primera calidad para la industria del cable de automoci\u00f3n. Expertos en masterbatch de color","og_url":"https:\/\/deltatecnic.com\/es\/deltacolor-cables\/automocion\/","og_site_name":"Delta Tecnic","article_modified_time":"2024-03-22T11:23:12+00:00","twitter_card":"summary_large_image","twitter_misc":{"Tiempo de lectura":"3 minutos"},"schema":{"@context":"https:\/\/schema.org","@graph":[{"@type":"WebPage","@id":"https:\/\/deltatecnic.com\/es\/deltacolor-cables\/automocion\/","url":"https:\/\/deltatecnic.com\/es\/deltacolor-cables\/automocion\/","name":"Masterbatch en industria de cable de la automoci\u00f3n | Delta Tecnic","isPartOf":{"@id":"https:\/\/deltatecnic.com\/es\/#website"},"datePublished":"2020-12-18T16:10:32+00:00","dateModified":"2024-03-22T11:23:12+00:00","description":"DeltaTecnic ofrece soluciones de masterbatch de primera calidad para la industria del cable de automoci\u00f3n. Expertos en masterbatch de color","breadcrumb":{"@id":"https:\/\/deltatecnic.com\/es\/deltacolor-cables\/automocion\/#breadcrumb"},"inLanguage":"es","potentialAction":[{"@type":"ReadAction","target":["https:\/\/deltatecnic.com\/es\/deltacolor-cables\/automocion\/"]}]},{"@type":"BreadcrumbList","@id":"https:\/\/deltatecnic.com\/es\/deltacolor-cables\/automocion\/#breadcrumb","itemListElement":[{"@type":"ListItem","position":1,"name":"Inici","item":"https:\/\/deltatecnic.com\/es\/"},{"@type":"ListItem","position":2,"name":"Deltacolor Cables","item":"https:\/\/deltatecnic.com\/es\/deltacolor-cables\/"},{"@type":"ListItem","position":3,"name":"Automoci\u00f3n"}]},{"@type":"WebSite","@id":"https:\/\/deltatecnic.com\/es\/#website","url":"https:\/\/deltatecnic.com\/es\/","name":"Delta Tecnic","description":"Bringing colour to life","potentialAction":[{"@type":"SearchAction","target":{"@type":"EntryPoint","urlTemplate":"https:\/\/deltatecnic.com\/es\/?s={search_term_string}"},"query-input":{"@type":"PropertyValueSpecification","valueRequired":true,"valueName":"search_term_string"}}],"inLanguage":"es"}]}},"_links":{"self":[{"href":"https:\/\/deltatecnic.com\/es\/wp-json\/wp\/v2\/pages\/11541","targetHints":{"allow":["GET"]}}],"collection":[{"href":"https:\/\/deltatecnic.com\/es\/wp-json\/wp\/v2\/pages"}],"about":[{"href":"https:\/\/deltatecnic.com\/es\/wp-json\/wp\/v2\/types\/page"}],"author":[{"embeddable":true,"href":"https:\/\/deltatecnic.com\/es\/wp-json\/wp\/v2\/users\/1"}],"replies":[{"embeddable":true,"href":"https:\/\/deltatecnic.com\/es\/wp-json\/wp\/v2\/comments?post=11541"}],"version-history":[{"count":0,"href":"https:\/\/deltatecnic.com\/es\/wp-json\/wp\/v2\/pages\/11541\/revisions"}],"up":[{"embeddable":true,"href":"https:\/\/deltatecnic.com\/es\/wp-json\/wp\/v2\/pages\/11535"}],"wp:attachment":[{"href":"https:\/\/deltatecnic.com\/es\/wp-json\/wp\/v2\/media?parent=11541"}],"curies":[{"name":"wp","href":"https:\/\/api.w.org\/{rel}","templated":true}]}}