{"id":22800,"date":"2026-03-11T08:03:30","date_gmt":"2026-03-11T07:03:30","guid":{"rendered":"https:\/\/deltatecnic.com\/masterbatches-for-telecom-cables\/"},"modified":"2026-05-04T10:35:30","modified_gmt":"2026-05-04T08:35:30","slug":"masterbatches-per-a-cables-de-telecomunicacions","status":"publish","type":"page","link":"https:\/\/deltatecnic.com\/ca\/masterbatches-per-a-cables-de-telecomunicacions\/","title":{"rendered":"Masterbatches per a cables de telecomunicacions"},"content":{"rendered":"<p>[vc_row css=&#8221;.vc_custom_1614253351273{margin-top: 10px !important;}&#8221;][vc_column][vc_column_text css=&#8221;.vc_custom_1777882585674{padding-bottom: 10px !important;}&#8221;]<\/p>\n<h1 style=\"font-size: 40px; line-height: 43px;\">Masterbatches per a cables de telecomunicacions<\/h1>\n<p>[\/vc_column_text][vc_row_inner ts_responsive_css=&#8221;19871622|colbreak_no|||||100px||||colbreak_no|||||||||colbreak_no||||||||||colbreak_no|||||||||&#8221;][vc_column_inner width=&#8221;1\/2&#8243;][vc_single_image image=&#8221;9348&#8243; img_size=&#8221;full&#8221;][vc_column_text]<\/p>\n<p data-path-to-node=\"0\">Gr\u00e0cies a l&#8217;R+D i la millora cont\u00ednua, Delta Tecnic s&#8217;ha convertit en un referent mundial en la coloraci\u00f3 de cables, complint amb els exigents requisits del sector de les telecomunicacions. Els seus <i data-path-to-node=\"0\" data-index-in-node=\"199\"><a href=\"https:\/\/deltatecnic.com\/ca\/\">masterbatches<\/a><\/i> permeten la fabricaci\u00f3 de cables a alta velocitat, no interfereixen en la transmissi\u00f3 de dades i s&#8217;adapten a processos de producci\u00f3 automatitzats, alhora que ofereixen una alta opacitat per a una correcta identificaci\u00f3 del cable.<\/p>\n<p data-path-to-node=\"1\">Propietats de diluci\u00f3: <i data-path-to-node=\"1\" data-index-in-node=\"23\">Masterbatches<\/i> d&#8217;alta qualitat amb excel\u00b7lent dispersi\u00f3 i diluci\u00f3 per a cables de fibra \u00f2ptica.<\/p>\n<p data-path-to-node=\"2\">Alta opacitat: Solucions amb un color intens i una alta opacitat que compleixen amb els est\u00e0ndards internacionals.<\/p>\n<p data-path-to-node=\"3\">Qualitats de contracci\u00f3: <i data-path-to-node=\"3\" data-index-in-node=\"25\">Masterbatches<\/i> amb excel\u00b7lents propietats de contracci\u00f3 que garanteixen una transmissi\u00f3 de dades fiable.<\/p>\n<p data-path-to-node=\"4\">La desc\u00e0rrega inclou: Cat\u00e0leg digital (PDF) amb tons, certificacions i refer\u00e8ncies t\u00e8cniques.<\/p>\n<p>[\/vc_column_text][\/vc_column_inner][vc_column_inner width=&#8221;1\/2&#8243;][vc_column_text css=&#8221;.vc_custom_1777882621153{padding-bottom: 10px !important;}&#8221;]<\/p>\n<p style=\"font-size: 25px; line-height: 30px;\">Omple el formulari per descarregar el cat\u00e0leg digital i explorar les nostres solucions en detall<\/p>\n<p>[\/vc_column_text][vc_raw_html][\/vc_raw_html][\/vc_column_inner][\/vc_row_inner][\/vc_column][\/vc_row][vc_row][vc_column][vc_empty_space height=&#8221;15px&#8221;][\/vc_column][\/vc_row]<\/p>\n","protected":false},"excerpt":{"rendered":"<p>[vc_row css=&#8221;.vc_custom_1614253351273{margin-top: 10px !important;}&#8221;][vc_column][vc_column_text css=&#8221;.vc_custom_1777882585674{padding-bottom: 10px !important;}&#8221;] Masterbatches per a cables de telecomunicacions [\/vc_column_text][vc_row_inner ts_responsive_css=&#8221;19871622|colbreak_no|||||100px||||colbreak_no|||||||||colbreak_no||||||||||colbreak_no|||||||||&#8221;][vc_column_inner width=&#8221;1\/2&#8243;][vc_single_image image=&#8221;9348&#8243; img_size=&#8221;full&#8221;][vc_column_text] Gr\u00e0cies a l&#8217;R+D i la millora cont\u00ednua, Delta Tecnic s&#8217;ha convertit en un referent mundial en la coloraci\u00f3 de cables, complint amb els exigents requisits del sector de les telecomunicacions. Els seus masterbatches permeten la fabricaci\u00f3 de &hellip; <a href=\"https:\/\/deltatecnic.com\/ca\/masterbatches-per-a-cables-de-telecomunicacions\/\" class=\"more-link\" title=\"Continue reading <span class=\"screen-reader-text\">Masterbatches per a cables de telecomunicacions<\/span>&#8220;>Continue reading <span class=\"screen-reader-text\">Masterbatches per a cables de telecomunicacions<\/span><\/a><\/p>\n","protected":false},"author":61,"featured_media":0,"parent":0,"menu_order":0,"comment_status":"closed","ping_status":"closed","template":"","meta":{"content-type":"","footnotes":""},"class_list":["post-22800","page","type-page","status-publish","hentry"],"yoast_head":"<!-- This site is optimized with the Yoast SEO plugin v27.1.1 - https:\/\/yoast.com\/product\/yoast-seo-wordpress\/ -->\n<title>Masterbatches for Telecom &amp; Fibre Optic Cable Coloring<\/title>\n<meta name=\"description\" content=\"High-opacity masterbatches for telecom cables. Ensure reliable data transmission, high-speed manufacturing, and excellent dilution for fibre optics\" \/>\n<meta name=\"robots\" content=\"index, follow, max-snippet:-1, max-image-preview:large, max-video-preview:-1\" \/>\n<link rel=\"canonical\" href=\"https:\/\/deltatecnic.com\/ca\/masterbatches-per-a-cables-de-telecomunicacions\/\" \/>\n<meta property=\"og:locale\" content=\"ca_ES\" \/>\n<meta property=\"og:type\" content=\"article\" \/>\n<meta property=\"og:title\" content=\"Masterbatches for Telecom &amp; Fibre Optic Cable Coloring\" \/>\n<meta property=\"og:description\" content=\"High-opacity masterbatches for telecom cables. Ensure reliable data transmission, high-speed manufacturing, and excellent dilution for fibre optics\" \/>\n<meta property=\"og:url\" content=\"https:\/\/deltatecnic.com\/ca\/masterbatches-per-a-cables-de-telecomunicacions\/\" \/>\n<meta property=\"og:site_name\" content=\"Delta Tecnic\" \/>\n<meta property=\"article:modified_time\" content=\"2026-05-04T08:35:30+00:00\" \/>\n<meta name=\"twitter:card\" content=\"summary_large_image\" \/>\n<meta name=\"twitter:label1\" content=\"Temps estimat de lectura\" \/>\n\t<meta name=\"twitter:data1\" content=\"1 minut\" \/>\n<!-- \/ Yoast SEO plugin. -->","yoast_head_json":{"title":"Masterbatches for Telecom & Fibre Optic Cable Coloring","description":"High-opacity masterbatches for telecom cables. Ensure reliable data transmission, high-speed manufacturing, and excellent dilution for fibre optics","robots":{"index":"index","follow":"follow","max-snippet":"max-snippet:-1","max-image-preview":"max-image-preview:large","max-video-preview":"max-video-preview:-1"},"canonical":"https:\/\/deltatecnic.com\/ca\/masterbatches-per-a-cables-de-telecomunicacions\/","og_locale":"ca_ES","og_type":"article","og_title":"Masterbatches for Telecom & Fibre Optic Cable Coloring","og_description":"High-opacity masterbatches for telecom cables. Ensure reliable data transmission, high-speed manufacturing, and excellent dilution for fibre optics","og_url":"https:\/\/deltatecnic.com\/ca\/masterbatches-per-a-cables-de-telecomunicacions\/","og_site_name":"Delta Tecnic","article_modified_time":"2026-05-04T08:35:30+00:00","twitter_card":"summary_large_image","twitter_misc":{"Temps estimat de lectura":"1 minut"},"schema":{"@context":"https:\/\/schema.org","@graph":[{"@type":"WebPage","@id":"https:\/\/deltatecnic.com\/ca\/masterbatches-per-a-cables-de-telecomunicacions\/","url":"https:\/\/deltatecnic.com\/ca\/masterbatches-per-a-cables-de-telecomunicacions\/","name":"Masterbatches for Telecom & Fibre Optic Cable Coloring","isPartOf":{"@id":"https:\/\/deltatecnic.com\/ca\/#website"},"datePublished":"2026-03-11T07:03:30+00:00","dateModified":"2026-05-04T08:35:30+00:00","description":"High-opacity masterbatches for telecom cables. Ensure reliable data transmission, high-speed manufacturing, and excellent dilution for fibre optics","breadcrumb":{"@id":"https:\/\/deltatecnic.com\/ca\/masterbatches-per-a-cables-de-telecomunicacions\/#breadcrumb"},"inLanguage":"ca","potentialAction":[{"@type":"ReadAction","target":["https:\/\/deltatecnic.com\/ca\/masterbatches-per-a-cables-de-telecomunicacions\/"]}]},{"@type":"BreadcrumbList","@id":"https:\/\/deltatecnic.com\/ca\/masterbatches-per-a-cables-de-telecomunicacions\/#breadcrumb","itemListElement":[{"@type":"ListItem","position":1,"name":"Inici","item":"https:\/\/deltatecnic.com\/ca\/"},{"@type":"ListItem","position":2,"name":"Masterbatches per a cables de telecomunicacions"}]},{"@type":"WebSite","@id":"https:\/\/deltatecnic.com\/ca\/#website","url":"https:\/\/deltatecnic.com\/ca\/","name":"Delta Tecnic","description":"Bringing colour to life","potentialAction":[{"@type":"SearchAction","target":{"@type":"EntryPoint","urlTemplate":"https:\/\/deltatecnic.com\/ca\/?s={search_term_string}"},"query-input":{"@type":"PropertyValueSpecification","valueRequired":true,"valueName":"search_term_string"}}],"inLanguage":"ca"}]}},"_links":{"self":[{"href":"https:\/\/deltatecnic.com\/ca\/wp-json\/wp\/v2\/pages\/22800","targetHints":{"allow":["GET"]}}],"collection":[{"href":"https:\/\/deltatecnic.com\/ca\/wp-json\/wp\/v2\/pages"}],"about":[{"href":"https:\/\/deltatecnic.com\/ca\/wp-json\/wp\/v2\/types\/page"}],"author":[{"embeddable":true,"href":"https:\/\/deltatecnic.com\/ca\/wp-json\/wp\/v2\/users\/61"}],"replies":[{"embeddable":true,"href":"https:\/\/deltatecnic.com\/ca\/wp-json\/wp\/v2\/comments?post=22800"}],"version-history":[{"count":2,"href":"https:\/\/deltatecnic.com\/ca\/wp-json\/wp\/v2\/pages\/22800\/revisions"}],"predecessor-version":[{"id":22823,"href":"https:\/\/deltatecnic.com\/ca\/wp-json\/wp\/v2\/pages\/22800\/revisions\/22823"}],"wp:attachment":[{"href":"https:\/\/deltatecnic.com\/ca\/wp-json\/wp\/v2\/media?parent=22800"}],"curies":[{"name":"wp","href":"https:\/\/api.w.org\/{rel}","templated":true}]}}