{"id":22794,"date":"2026-03-11T07:43:28","date_gmt":"2026-03-11T06:43:28","guid":{"rendered":"https:\/\/deltatecnic.com\/masterbatches-for-energy-cables\/"},"modified":"2026-05-04T10:34:53","modified_gmt":"2026-05-04T08:34:53","slug":"masterbatches-per-a-cables-denergia","status":"publish","type":"page","link":"https:\/\/deltatecnic.com\/ca\/masterbatches-per-a-cables-denergia\/","title":{"rendered":"Masterbatches per a cables d&#8217;energia"},"content":{"rendered":"<p>[vc_row css=&#8221;.vc_custom_1614253351273{margin-top: 10px !important;}&#8221;][vc_column][vc_column_text css=&#8221;.vc_custom_1777882264551{padding-bottom: 10px !important;}&#8221;]<\/p>\n<h1 style=\"font-size: 40px; line-height: 43px;\">Masterbatches per a cables d&#8217;energia<\/h1>\n<p>[\/vc_column_text][vc_row_inner ts_responsive_css=&#8221;19871622|colbreak_no|||||100px||||colbreak_no|||||||||colbreak_no||||||||||colbreak_no|||||||||&#8221;][vc_column_inner width=&#8221;1\/2&#8243;][vc_single_image image=&#8221;21754&#8243; img_size=&#8221;full&#8221;][vc_column_text]<\/p>\n<p data-path-to-node=\"0\">Els cables de transmissi\u00f3 d&#8217;energia estan dissenyats per suportar condicions exigents durant la instal\u00b7laci\u00f3 i la distribuci\u00f3 el\u00e8ctrica, garantint un funcionament segur i fiable en instal\u00b7lacions industrials, sistemes de distribuci\u00f3 i aplicacions d&#8217;il\u00b7luminaci\u00f3, alhora que compleixen alts est\u00e0ndards de qualitat, seguretat i rendiment.<\/p>\n<p data-path-to-node=\"1\">Pigments: Els pigments utilitzats en les nostres formulacions estan especialment seleccionats per evitar interferir amb les propietats diel\u00e8ctriques i mec\u00e0niques del cable.<\/p>\n<p data-path-to-node=\"2\"><a href=\"https:\/\/deltatecnic.com\/ca\/delta-tecnic-garanteix-un-aillament-eficient-a-la-industria-del-cable\/\">A\u00efllament<\/a>: Complim amb els requisits d&#8217;a\u00efllament tant per al coure com per a l&#8217;alumini, aix\u00ed com per al recobriment de cables, oferint una \u00e0mplia gamma de colors.<\/p>\n<p data-path-to-node=\"3\">Formulacions: Les nostres formulacions estan lliures de metalls pesants i de ftalats, i compleixen amb els est\u00e0ndards m\u00e9s estrictes del mercat.<\/p>\n<p data-path-to-node=\"4\">La desc\u00e0rrega inclou: Cat\u00e0leg digital (PDF) amb tons, certificacions i refer\u00e8ncies t\u00e8cniques.<\/p>\n<p>[\/vc_column_text][\/vc_column_inner][vc_column_inner width=&#8221;1\/2&#8243;][vc_column_text css=&#8221;.vc_custom_1777882300494{padding-bottom: 10px !important;}&#8221;]<\/p>\n<p style=\"font-size: 25px; line-height: 30px;\">Omple el formulari per descarregar el cat\u00e0leg digital i explorar les nostres solucions en detall<\/p>\n<p>[\/vc_column_text][vc_raw_html][\/vc_raw_html][\/vc_column_inner][\/vc_row_inner][\/vc_column][\/vc_row][vc_row][vc_column][vc_empty_space height=&#8221;15px&#8221;][\/vc_column][\/vc_row]<\/p>\n","protected":false},"excerpt":{"rendered":"<p>[vc_row css=&#8221;.vc_custom_1614253351273{margin-top: 10px !important;}&#8221;][vc_column][vc_column_text css=&#8221;.vc_custom_1777882264551{padding-bottom: 10px !important;}&#8221;] Masterbatches per a cables d&#8217;energia [\/vc_column_text][vc_row_inner ts_responsive_css=&#8221;19871622|colbreak_no|||||100px||||colbreak_no|||||||||colbreak_no||||||||||colbreak_no|||||||||&#8221;][vc_column_inner width=&#8221;1\/2&#8243;][vc_single_image image=&#8221;21754&#8243; img_size=&#8221;full&#8221;][vc_column_text] Els cables de transmissi\u00f3 d&#8217;energia estan dissenyats per suportar condicions exigents durant la instal\u00b7laci\u00f3 i la distribuci\u00f3 el\u00e8ctrica, garantint un funcionament segur i fiable en instal\u00b7lacions industrials, sistemes de distribuci\u00f3 i aplicacions d&#8217;il\u00b7luminaci\u00f3, alhora que compleixen alts est\u00e0ndards &hellip; <a href=\"https:\/\/deltatecnic.com\/ca\/masterbatches-per-a-cables-denergia\/\" class=\"more-link\" title=\"Continue reading <span class=\"screen-reader-text\">Masterbatches per a cables d&#8217;energia<\/span>&#8220;>Continue reading <span class=\"screen-reader-text\">Masterbatches per a cables d&#8217;energia<\/span><\/a><\/p>\n","protected":false},"author":61,"featured_media":0,"parent":0,"menu_order":0,"comment_status":"closed","ping_status":"closed","template":"","meta":{"content-type":"","footnotes":""},"class_list":["post-22794","page","type-page","status-publish","hentry"],"yoast_head":"<!-- This site is optimized with the Yoast SEO plugin v27.1.1 - https:\/\/yoast.com\/product\/yoast-seo-wordpress\/ -->\n<title>Masterbatches for Energy Cables | High-Performance Solutions<\/title>\n<meta name=\"description\" content=\"High-quality, heavy metal-free masterbatches for energy cables. Optimize insulation and pigments for copper and aluminum. Download our digital catalog.\" \/>\n<meta name=\"robots\" content=\"index, follow, max-snippet:-1, max-image-preview:large, max-video-preview:-1\" \/>\n<link rel=\"canonical\" href=\"https:\/\/deltatecnic.com\/ca\/masterbatches-per-a-cables-denergia\/\" \/>\n<meta property=\"og:locale\" content=\"ca_ES\" \/>\n<meta property=\"og:type\" content=\"article\" \/>\n<meta property=\"og:title\" content=\"Masterbatches for Energy Cables | High-Performance Solutions\" \/>\n<meta property=\"og:description\" content=\"High-quality, heavy metal-free masterbatches for energy cables. Optimize insulation and pigments for copper and aluminum. Download our digital catalog.\" \/>\n<meta property=\"og:url\" content=\"https:\/\/deltatecnic.com\/ca\/masterbatches-per-a-cables-denergia\/\" \/>\n<meta property=\"og:site_name\" content=\"Delta Tecnic\" \/>\n<meta property=\"article:modified_time\" content=\"2026-05-04T08:34:53+00:00\" \/>\n<meta name=\"twitter:card\" content=\"summary_large_image\" \/>\n<meta name=\"twitter:label1\" content=\"Temps estimat de lectura\" \/>\n\t<meta name=\"twitter:data1\" content=\"1 minut\" \/>\n<!-- \/ Yoast SEO plugin. -->","yoast_head_json":{"title":"Masterbatches for Energy Cables | High-Performance Solutions","description":"High-quality, heavy metal-free masterbatches for energy cables. Optimize insulation and pigments for copper and aluminum. Download our digital catalog.","robots":{"index":"index","follow":"follow","max-snippet":"max-snippet:-1","max-image-preview":"max-image-preview:large","max-video-preview":"max-video-preview:-1"},"canonical":"https:\/\/deltatecnic.com\/ca\/masterbatches-per-a-cables-denergia\/","og_locale":"ca_ES","og_type":"article","og_title":"Masterbatches for Energy Cables | High-Performance Solutions","og_description":"High-quality, heavy metal-free masterbatches for energy cables. Optimize insulation and pigments for copper and aluminum. Download our digital catalog.","og_url":"https:\/\/deltatecnic.com\/ca\/masterbatches-per-a-cables-denergia\/","og_site_name":"Delta Tecnic","article_modified_time":"2026-05-04T08:34:53+00:00","twitter_card":"summary_large_image","twitter_misc":{"Temps estimat de lectura":"1 minut"},"schema":{"@context":"https:\/\/schema.org","@graph":[{"@type":"WebPage","@id":"https:\/\/deltatecnic.com\/ca\/masterbatches-per-a-cables-denergia\/","url":"https:\/\/deltatecnic.com\/ca\/masterbatches-per-a-cables-denergia\/","name":"Masterbatches for Energy Cables | High-Performance Solutions","isPartOf":{"@id":"https:\/\/deltatecnic.com\/ca\/#website"},"datePublished":"2026-03-11T06:43:28+00:00","dateModified":"2026-05-04T08:34:53+00:00","description":"High-quality, heavy metal-free masterbatches for energy cables. Optimize insulation and pigments for copper and aluminum. Download our digital catalog.","breadcrumb":{"@id":"https:\/\/deltatecnic.com\/ca\/masterbatches-per-a-cables-denergia\/#breadcrumb"},"inLanguage":"ca","potentialAction":[{"@type":"ReadAction","target":["https:\/\/deltatecnic.com\/ca\/masterbatches-per-a-cables-denergia\/"]}]},{"@type":"BreadcrumbList","@id":"https:\/\/deltatecnic.com\/ca\/masterbatches-per-a-cables-denergia\/#breadcrumb","itemListElement":[{"@type":"ListItem","position":1,"name":"Inici","item":"https:\/\/deltatecnic.com\/ca\/"},{"@type":"ListItem","position":2,"name":"Masterbatches per a cables d&#8217;energia"}]},{"@type":"WebSite","@id":"https:\/\/deltatecnic.com\/ca\/#website","url":"https:\/\/deltatecnic.com\/ca\/","name":"Delta Tecnic","description":"Bringing colour to life","potentialAction":[{"@type":"SearchAction","target":{"@type":"EntryPoint","urlTemplate":"https:\/\/deltatecnic.com\/ca\/?s={search_term_string}"},"query-input":{"@type":"PropertyValueSpecification","valueRequired":true,"valueName":"search_term_string"}}],"inLanguage":"ca"}]}},"_links":{"self":[{"href":"https:\/\/deltatecnic.com\/ca\/wp-json\/wp\/v2\/pages\/22794","targetHints":{"allow":["GET"]}}],"collection":[{"href":"https:\/\/deltatecnic.com\/ca\/wp-json\/wp\/v2\/pages"}],"about":[{"href":"https:\/\/deltatecnic.com\/ca\/wp-json\/wp\/v2\/types\/page"}],"author":[{"embeddable":true,"href":"https:\/\/deltatecnic.com\/ca\/wp-json\/wp\/v2\/users\/61"}],"replies":[{"embeddable":true,"href":"https:\/\/deltatecnic.com\/ca\/wp-json\/wp\/v2\/comments?post=22794"}],"version-history":[{"count":2,"href":"https:\/\/deltatecnic.com\/ca\/wp-json\/wp\/v2\/pages\/22794\/revisions"}],"predecessor-version":[{"id":22822,"href":"https:\/\/deltatecnic.com\/ca\/wp-json\/wp\/v2\/pages\/22794\/revisions\/22822"}],"wp:attachment":[{"href":"https:\/\/deltatecnic.com\/ca\/wp-json\/wp\/v2\/media?parent=22794"}],"curies":[{"name":"wp","href":"https:\/\/api.w.org\/{rel}","templated":true}]}}