{"id":22785,"date":"2026-03-11T08:50:49","date_gmt":"2026-03-11T07:50:49","guid":{"rendered":"https:\/\/deltatecnic.com\/special-cables\/"},"modified":"2026-05-04T10:35:55","modified_gmt":"2026-05-04T08:35:55","slug":"cables-especials","status":"publish","type":"page","link":"https:\/\/deltatecnic.com\/ca\/cables-especials\/","title":{"rendered":"Cables especials"},"content":{"rendered":"<p>[vc_row css=&#8221;.vc_custom_1614253351273{margin-top: 10px !important;}&#8221;][vc_column][vc_column_text css=&#8221;.vc_custom_1777881388400{padding-bottom: 10px !important;}&#8221;]<\/p>\n<h1 style=\"font-size: 40px; line-height: 43px;\">Cables especials<\/h1>\n<p>[\/vc_column_text][vc_row_inner ts_responsive_css=&#8221;19871622|colbreak_no|||||100px||||colbreak_no|||||||||colbreak_no||||||||||colbreak_no|||||||||&#8221;][vc_column_inner width=&#8221;1\/2&#8243;][vc_single_image image=&#8221;21769&#8243; img_size=&#8221;full&#8221;][vc_column_text]<\/p>\n<div class=\"text-base my-auto mx-auto [--thread-content-margin:var(--thread-content-margin-xs,calc(var(--spacing)*4))] @w-sm\/main:[--thread-content-margin:var(--thread-content-margin-sm,calc(var(--spacing)*6))] @w-lg\/main:[--thread-content-margin:var(--thread-content-margin-lg,calc(var(--spacing)*16))] px-(--thread-content-margin)\">\n<div class=\"[--thread-content-max-width:40rem] @w-lg\/main:[--thread-content-max-width:48rem] mx-auto max-w-(--thread-content-max-width) flex-1 group\/turn-messages focus-visible:outline-hidden relative flex w-full min-w-0 flex-col agent-turn\" tabindex=\"-1\">\n<div class=\"flex max-w-full flex-col gap-4 grow\">\n<div class=\"min-h-8 text-message relative flex w-full flex-col items-end gap-2 text-start break-words whitespace-normal [.text-message+&amp;]:mt-1\" dir=\"auto\" data-message-author-role=\"assistant\" data-message-id=\"08ef273f-3849-4490-bb93-776248fa5406\" data-message-model-slug=\"gpt-5-3\">\n<div class=\"flex w-full flex-col gap-1 empty:hidden\">\n<div class=\"markdown prose dark:prose-invert w-full wrap-break-word dark markdown-new-styling\">\n<p data-start=\"0\" data-end=\"233\" data-is-last-node=\"\" data-is-only-node=\"\">Gama de <i data-path-to-node=\"0\" data-index-in-node=\"8\"><a href=\"https:\/\/deltatecnic.com\/ca\/\">masterbatches<\/a><\/i> dissenyats per proporcionar una coloraci\u00f3 excel\u00b7lent per a cables especials, alhora que es garanteixen les propietats diel\u00e8ctriques i mec\u00e0niques dels cables fabricats. Aquestes solucions estan desenvolupades per satisfer els requisits espec\u00edfics de les aplicacions de cable exigents, oferint una excel\u00b7lent dispersi\u00f3, consist\u00e8ncia del color i un rendiment fiable durant el proc\u00e9s de producci\u00f3 del cable.<\/p>\n<p data-start=\"0\" data-end=\"233\" data-is-last-node=\"\" data-is-only-node=\"\">Preguntes freq\u00fcents La informaci\u00f3 sobre aquest producte estar\u00e0 disponible aviat.<\/p>\n<p data-start=\"0\" data-end=\"233\" data-is-last-node=\"\" data-is-only-node=\"\">Preguntes freq\u00fcents La informaci\u00f3 sobre aquest producte estar\u00e0 disponible aviat.<\/p>\n<p data-start=\"0\" data-end=\"233\" data-is-last-node=\"\" data-is-only-node=\"\">Preguntes freq\u00fcents La informaci\u00f3 sobre aquest producte estar\u00e0 disponible aviat.<\/p>\n<p data-start=\"0\" data-end=\"233\" data-is-last-node=\"\" data-is-only-node=\"\">La desc\u00e0rrega inclou: Cat\u00e0leg digital (PDF) amb tons, certificacions i refer\u00e8ncies t\u00e8cniques.<\/p>\n<\/div>\n<\/div>\n<\/div>\n<\/div>\n<\/div>\n<\/div>\n<p>[\/vc_column_text][\/vc_column_inner][vc_column_inner width=&#8221;1\/2&#8243;][vc_column_text css=&#8221;.vc_custom_1777881483882{padding-bottom: 10px !important;}&#8221;]<\/p>\n<p style=\"font-size: 25px; line-height: 30px;\">Omple el formulari per descarregar el cat\u00e0leg digital i explorar les nostres solucions en detall<\/p>\n<p>[\/vc_column_text][vc_raw_html][\/vc_raw_html][\/vc_column_inner][\/vc_row_inner][\/vc_column][\/vc_row][vc_row][vc_column][vc_empty_space height=&#8221;15px&#8221;][\/vc_column][\/vc_row]<\/p>\n","protected":false},"excerpt":{"rendered":"<p>[vc_row css=&#8221;.vc_custom_1614253351273{margin-top: 10px !important;}&#8221;][vc_column][vc_column_text css=&#8221;.vc_custom_1777881388400{padding-bottom: 10px !important;}&#8221;] Cables especials [\/vc_column_text][vc_row_inner ts_responsive_css=&#8221;19871622|colbreak_no|||||100px||||colbreak_no|||||||||colbreak_no||||||||||colbreak_no|||||||||&#8221;][vc_column_inner width=&#8221;1\/2&#8243;][vc_single_image image=&#8221;21769&#8243; img_size=&#8221;full&#8221;][vc_column_text] Gama de masterbatches dissenyats per proporcionar una coloraci\u00f3 excel\u00b7lent per a cables especials, alhora que es garanteixen les propietats diel\u00e8ctriques i mec\u00e0niques dels cables fabricats. Aquestes solucions estan desenvolupades per satisfer els requisits espec\u00edfics de les aplicacions de cable exigents, oferint &hellip; <a href=\"https:\/\/deltatecnic.com\/ca\/cables-especials\/\" class=\"more-link\" title=\"Continue reading <span class=\"screen-reader-text\">Cables especials<\/span>&#8220;>Continue reading <span class=\"screen-reader-text\">Cables especials<\/span><\/a><\/p>\n","protected":false},"author":61,"featured_media":0,"parent":0,"menu_order":0,"comment_status":"closed","ping_status":"closed","template":"","meta":{"content-type":"","footnotes":""},"class_list":["post-22785","page","type-page","status-publish","hentry"],"yoast_head":"<!-- This site is optimized with the Yoast SEO plugin v27.1.1 - https:\/\/yoast.com\/product\/yoast-seo-wordpress\/ -->\n<title>Masterbatches for Special Cables: High-Performance Coloring<\/title>\n<meta name=\"description\" content=\"Discover high-performance masterbatches for special cables. Ensure superior dielectric properties, color consistency, and durability for cable manufacturing\" \/>\n<meta name=\"robots\" content=\"index, follow, max-snippet:-1, max-image-preview:large, max-video-preview:-1\" \/>\n<link rel=\"canonical\" href=\"https:\/\/deltatecnic.com\/ca\/cables-especials\/\" \/>\n<meta property=\"og:locale\" content=\"ca_ES\" \/>\n<meta property=\"og:type\" content=\"article\" \/>\n<meta property=\"og:title\" content=\"Masterbatches for Special Cables: High-Performance Coloring\" \/>\n<meta property=\"og:description\" content=\"Discover high-performance masterbatches for special cables. Ensure superior dielectric properties, color consistency, and durability for cable manufacturing\" \/>\n<meta property=\"og:url\" content=\"https:\/\/deltatecnic.com\/ca\/cables-especials\/\" \/>\n<meta property=\"og:site_name\" content=\"Delta Tecnic\" \/>\n<meta property=\"article:modified_time\" content=\"2026-05-04T08:35:55+00:00\" \/>\n<meta name=\"twitter:card\" content=\"summary_large_image\" \/>\n<meta name=\"twitter:label1\" content=\"Temps estimat de lectura\" \/>\n\t<meta name=\"twitter:data1\" content=\"1 minut\" \/>\n<!-- \/ Yoast SEO plugin. -->","yoast_head_json":{"title":"Masterbatches for Special Cables: High-Performance Coloring","description":"Discover high-performance masterbatches for special cables. Ensure superior dielectric properties, color consistency, and durability for cable manufacturing","robots":{"index":"index","follow":"follow","max-snippet":"max-snippet:-1","max-image-preview":"max-image-preview:large","max-video-preview":"max-video-preview:-1"},"canonical":"https:\/\/deltatecnic.com\/ca\/cables-especials\/","og_locale":"ca_ES","og_type":"article","og_title":"Masterbatches for Special Cables: High-Performance Coloring","og_description":"Discover high-performance masterbatches for special cables. Ensure superior dielectric properties, color consistency, and durability for cable manufacturing","og_url":"https:\/\/deltatecnic.com\/ca\/cables-especials\/","og_site_name":"Delta Tecnic","article_modified_time":"2026-05-04T08:35:55+00:00","twitter_card":"summary_large_image","twitter_misc":{"Temps estimat de lectura":"1 minut"},"schema":{"@context":"https:\/\/schema.org","@graph":[{"@type":"WebPage","@id":"https:\/\/deltatecnic.com\/ca\/cables-especials\/","url":"https:\/\/deltatecnic.com\/ca\/cables-especials\/","name":"Masterbatches for Special Cables: High-Performance Coloring","isPartOf":{"@id":"https:\/\/deltatecnic.com\/ca\/#website"},"datePublished":"2026-03-11T07:50:49+00:00","dateModified":"2026-05-04T08:35:55+00:00","description":"Discover high-performance masterbatches for special cables. Ensure superior dielectric properties, color consistency, and durability for cable manufacturing","breadcrumb":{"@id":"https:\/\/deltatecnic.com\/ca\/cables-especials\/#breadcrumb"},"inLanguage":"ca","potentialAction":[{"@type":"ReadAction","target":["https:\/\/deltatecnic.com\/ca\/cables-especials\/"]}]},{"@type":"BreadcrumbList","@id":"https:\/\/deltatecnic.com\/ca\/cables-especials\/#breadcrumb","itemListElement":[{"@type":"ListItem","position":1,"name":"Inici","item":"https:\/\/deltatecnic.com\/ca\/"},{"@type":"ListItem","position":2,"name":"Cables especials"}]},{"@type":"WebSite","@id":"https:\/\/deltatecnic.com\/ca\/#website","url":"https:\/\/deltatecnic.com\/ca\/","name":"Delta Tecnic","description":"Bringing colour to life","potentialAction":[{"@type":"SearchAction","target":{"@type":"EntryPoint","urlTemplate":"https:\/\/deltatecnic.com\/ca\/?s={search_term_string}"},"query-input":{"@type":"PropertyValueSpecification","valueRequired":true,"valueName":"search_term_string"}}],"inLanguage":"ca"}]}},"_links":{"self":[{"href":"https:\/\/deltatecnic.com\/ca\/wp-json\/wp\/v2\/pages\/22785","targetHints":{"allow":["GET"]}}],"collection":[{"href":"https:\/\/deltatecnic.com\/ca\/wp-json\/wp\/v2\/pages"}],"about":[{"href":"https:\/\/deltatecnic.com\/ca\/wp-json\/wp\/v2\/types\/page"}],"author":[{"embeddable":true,"href":"https:\/\/deltatecnic.com\/ca\/wp-json\/wp\/v2\/users\/61"}],"replies":[{"embeddable":true,"href":"https:\/\/deltatecnic.com\/ca\/wp-json\/wp\/v2\/comments?post=22785"}],"version-history":[{"count":3,"href":"https:\/\/deltatecnic.com\/ca\/wp-json\/wp\/v2\/pages\/22785\/revisions"}],"predecessor-version":[{"id":22824,"href":"https:\/\/deltatecnic.com\/ca\/wp-json\/wp\/v2\/pages\/22785\/revisions\/22824"}],"wp:attachment":[{"href":"https:\/\/deltatecnic.com\/ca\/wp-json\/wp\/v2\/media?parent=22785"}],"curies":[{"name":"wp","href":"https:\/\/api.w.org\/{rel}","templated":true}]}}