{"id":21369,"date":"2026-02-02T09:58:52","date_gmt":"2026-02-02T08:58:52","guid":{"rendered":"https:\/\/deltatecnic.com\/barrion\/"},"modified":"2026-03-11T10:27:43","modified_gmt":"2026-03-11T09:27:43","slug":"barrion","status":"publish","type":"page","link":"https:\/\/deltatecnic.com\/ca\/barrion\/","title":{"rendered":"Protecci\u00f3 invisible. Rendiment visible."},"content":{"rendered":"<p>[vc_row css=&#8221;.vc_custom_1614253351273{margin-top: 10px !important;}&#8221;][vc_column][vc_column_text css=&#8221;.vc_custom_1772536495872{padding-bottom: 10px !important;}&#8221;]<\/p>\n<h1 style=\"font-size: 40px; line-height: 43px;\">Protecci\u00f3 invisible. Rendiment visible.<\/h1>\n<p>[\/vc_column_text][vc_row_inner ts_responsive_css=&#8221;19871622|colbreak_no|||||100px||||colbreak_no|||||||||colbreak_no||||||||||colbreak_no|||||||||&#8221;][vc_column_inner width=&#8221;1\/2&#8243;][vc_single_image image=&#8221;20746&#8243; img_size=&#8221;full&#8221;][vc_column_text]Barrion \u00e9s l\u2019additiu intel\u00b7ligent que allarga la vida \u00fatil del cable en condicions exigents. Descarrega el cat\u00e0leg per veure com funciona.<\/p>\n<ul>\n<li><strong>Deteriorament prematur de les cobertes del cable?<\/strong> Un efecte barrera invisible protegeix la coberta sense afectar les propietats del pol\u00edmer.<\/li>\n<li><strong>Migraci\u00f3 de l\u2019additiu i dip\u00f2sits en superf\u00edcie?<\/strong> El disseny no migrant mant\u00e9 l\u2019agent actiu integrat: sense blooming ni dip\u00f2sits en superf\u00edcie.<\/li>\n<li><strong>Preocupacions de seguretat i normativa?<\/strong> No t\u00f2xic, conforme amb RoHS i validat per laboratoris internacionals per a ind\u00fastries cr\u00edtiques.<\/li>\n<\/ul>\n<p><strong>La desc\u00e0rrega inclou:<\/strong> Cat\u00e0leg digital (PDF) amb mecanismes de protecci\u00f3 i validacions de laboratori.[\/vc_column_text][\/vc_column_inner][vc_column_inner width=&#8221;1\/2&#8243;][vc_column_text css=&#8221;.vc_custom_1772536554716{padding-bottom: 10px !important;}&#8221;]<\/p>\n<p style=\"font-size: 25px; line-height: 30px;\">Completa el formulari per descarregar el cat\u00e0leg digital i explorar les nostres solucions en detall.<\/p>\n<p>[\/vc_column_text][vc_raw_html]JTNDc2NyaXB0JTIwY2hhcnNldCUzRCUyMnV0Zi04JTIyJTIwdHlwZSUzRCUyMnRleHQlMkZqYXZhc2NyaXB0JTIyJTIwc3JjJTNEJTIyJTJGJTJGanMtZXUxLmhzZm9ybXMubmV0JTJGZm9ybXMlMkZlbWJlZCUyRnYyLmpzJTIyJTNFJTNDJTJGc2NyaXB0JTNFJTBBJTNDc2NyaXB0JTNFJTBBJTIwJTIwaGJzcHQuZm9ybXMuY3JlYXRlJTI4JTdCJTBBJTIwJTIwJTIwJTIwcG9ydGFsSWQlM0ElMjAlMjIxNDU4NTczOTMlMjIlMkMlMEElMjAlMjAlMjAlMjBmb3JtSWQlM0ElMjAlMjJiMjdmODBiMC0wMWM0LTRhZGUtYWViZC02Y2RhMGMwMGRkYzElMjIlMkMlMEElMjAlMjAlMjAlMjByZWdpb24lM0ElMjAlMjJldTElMjIlMEElMjAlMjAlN0QlMjklM0IlMEElM0MlMkZzY3JpcHQlM0U=[\/vc_raw_html][\/vc_column_inner][\/vc_row_inner][\/vc_column][\/vc_row][vc_row][vc_column][vc_empty_space height=&#8221;15px&#8221;][\/vc_column][\/vc_row]<\/p>\n","protected":false},"excerpt":{"rendered":"<p>[vc_row css=&#8221;.vc_custom_1614253351273{margin-top: 10px !important;}&#8221;][vc_column][vc_column_text css=&#8221;.vc_custom_1772536495872{padding-bottom: 10px !important;}&#8221;] Protecci\u00f3 invisible. Rendiment visible. [\/vc_column_text][vc_row_inner ts_responsive_css=&#8221;19871622|colbreak_no|||||100px||||colbreak_no|||||||||colbreak_no||||||||||colbreak_no|||||||||&#8221;][vc_column_inner width=&#8221;1\/2&#8243;][vc_single_image image=&#8221;20746&#8243; img_size=&#8221;full&#8221;][vc_column_text]Barrion \u00e9s l\u2019additiu intel\u00b7ligent que allarga la vida \u00fatil del cable en condicions exigents. Descarrega el cat\u00e0leg per veure com funciona. Deteriorament prematur de les cobertes del cable? Un efecte barrera invisible protegeix la coberta sense afectar les propietats del &hellip; <a href=\"https:\/\/deltatecnic.com\/ca\/barrion\/\" class=\"more-link\" title=\"Continue reading <span class=\"screen-reader-text\">Protecci\u00f3 invisible. Rendiment visible.<\/span>&#8220;>Continue reading <span class=\"screen-reader-text\">Protecci\u00f3 invisible. Rendiment visible.<\/span><\/a><\/p>\n","protected":false},"author":61,"featured_media":0,"parent":0,"menu_order":0,"comment_status":"closed","ping_status":"closed","template":"","meta":{"content-type":"","footnotes":""},"class_list":["post-21369","page","type-page","status-publish","hentry"],"yoast_head":"<!-- This site is optimized with the Yoast SEO plugin v27.1.1 - https:\/\/yoast.com\/product\/yoast-seo-wordpress\/ -->\n<title>Cat\u00e0leg Barrion | Additiu de protecci\u00f3 de cables Deltatecnic<\/title>\n<meta name=\"description\" content=\"Descarrega el cat\u00e0leg Barrion i explora un additiu de protecci\u00f3 invisible dissenyat per allargar la vida \u00fatil de la funda del cable\" \/>\n<meta name=\"robots\" content=\"index, follow, max-snippet:-1, max-image-preview:large, max-video-preview:-1\" \/>\n<link rel=\"canonical\" href=\"https:\/\/deltatecnic.com\/ca\/barrion\/\" \/>\n<meta property=\"og:locale\" content=\"ca_ES\" \/>\n<meta property=\"og:type\" content=\"article\" \/>\n<meta property=\"og:title\" content=\"Cat\u00e0leg Barrion | Additiu de protecci\u00f3 de cables Deltatecnic\" \/>\n<meta property=\"og:description\" content=\"Descarrega el cat\u00e0leg Barrion i explora un additiu de protecci\u00f3 invisible dissenyat per allargar la vida \u00fatil de la funda del cable\" \/>\n<meta property=\"og:url\" content=\"https:\/\/deltatecnic.com\/ca\/barrion\/\" \/>\n<meta property=\"og:site_name\" content=\"Delta Tecnic\" \/>\n<meta property=\"article:modified_time\" content=\"2026-03-11T09:27:43+00:00\" \/>\n<meta name=\"twitter:card\" content=\"summary_large_image\" \/>\n<meta name=\"twitter:label1\" content=\"Temps estimat de lectura\" \/>\n\t<meta name=\"twitter:data1\" content=\"1 minut\" \/>\n<!-- \/ Yoast SEO plugin. -->","yoast_head_json":{"title":"Cat\u00e0leg Barrion | Additiu de protecci\u00f3 de cables Deltatecnic","description":"Descarrega el cat\u00e0leg Barrion i explora un additiu de protecci\u00f3 invisible dissenyat per allargar la vida \u00fatil de la funda del cable","robots":{"index":"index","follow":"follow","max-snippet":"max-snippet:-1","max-image-preview":"max-image-preview:large","max-video-preview":"max-video-preview:-1"},"canonical":"https:\/\/deltatecnic.com\/ca\/barrion\/","og_locale":"ca_ES","og_type":"article","og_title":"Cat\u00e0leg Barrion | Additiu de protecci\u00f3 de cables Deltatecnic","og_description":"Descarrega el cat\u00e0leg Barrion i explora un additiu de protecci\u00f3 invisible dissenyat per allargar la vida \u00fatil de la funda del cable","og_url":"https:\/\/deltatecnic.com\/ca\/barrion\/","og_site_name":"Delta Tecnic","article_modified_time":"2026-03-11T09:27:43+00:00","twitter_card":"summary_large_image","twitter_misc":{"Temps estimat de lectura":"1 minut"},"schema":{"@context":"https:\/\/schema.org","@graph":[{"@type":"WebPage","@id":"https:\/\/deltatecnic.com\/ca\/barrion\/","url":"https:\/\/deltatecnic.com\/ca\/barrion\/","name":"Cat\u00e0leg Barrion | Additiu de protecci\u00f3 de cables Deltatecnic","isPartOf":{"@id":"https:\/\/deltatecnic.com\/ca\/#website"},"datePublished":"2026-02-02T08:58:52+00:00","dateModified":"2026-03-11T09:27:43+00:00","description":"Descarrega el cat\u00e0leg Barrion i explora un additiu de protecci\u00f3 invisible dissenyat per allargar la vida \u00fatil de la funda del cable","breadcrumb":{"@id":"https:\/\/deltatecnic.com\/ca\/barrion\/#breadcrumb"},"inLanguage":"ca","potentialAction":[{"@type":"ReadAction","target":["https:\/\/deltatecnic.com\/ca\/barrion\/"]}]},{"@type":"BreadcrumbList","@id":"https:\/\/deltatecnic.com\/ca\/barrion\/#breadcrumb","itemListElement":[{"@type":"ListItem","position":1,"name":"Inici","item":"https:\/\/deltatecnic.com\/ca\/"},{"@type":"ListItem","position":2,"name":"Protecci\u00f3 invisible. Rendiment visible."}]},{"@type":"WebSite","@id":"https:\/\/deltatecnic.com\/ca\/#website","url":"https:\/\/deltatecnic.com\/ca\/","name":"Delta Tecnic","description":"Bringing colour to life","potentialAction":[{"@type":"SearchAction","target":{"@type":"EntryPoint","urlTemplate":"https:\/\/deltatecnic.com\/ca\/?s={search_term_string}"},"query-input":{"@type":"PropertyValueSpecification","valueRequired":true,"valueName":"search_term_string"}}],"inLanguage":"ca"}]}},"_links":{"self":[{"href":"https:\/\/deltatecnic.com\/ca\/wp-json\/wp\/v2\/pages\/21369","targetHints":{"allow":["GET"]}}],"collection":[{"href":"https:\/\/deltatecnic.com\/ca\/wp-json\/wp\/v2\/pages"}],"about":[{"href":"https:\/\/deltatecnic.com\/ca\/wp-json\/wp\/v2\/types\/page"}],"author":[{"embeddable":true,"href":"https:\/\/deltatecnic.com\/ca\/wp-json\/wp\/v2\/users\/61"}],"replies":[{"embeddable":true,"href":"https:\/\/deltatecnic.com\/ca\/wp-json\/wp\/v2\/comments?post=21369"}],"version-history":[{"count":5,"href":"https:\/\/deltatecnic.com\/ca\/wp-json\/wp\/v2\/pages\/21369\/revisions"}],"predecessor-version":[{"id":21821,"href":"https:\/\/deltatecnic.com\/ca\/wp-json\/wp\/v2\/pages\/21369\/revisions\/21821"}],"wp:attachment":[{"href":"https:\/\/deltatecnic.com\/ca\/wp-json\/wp\/v2\/media?parent=21369"}],"curies":[{"name":"wp","href":"https:\/\/api.w.org\/{rel}","templated":true}]}}