{"id":21362,"date":"2026-02-02T09:58:03","date_gmt":"2026-02-02T08:58:03","guid":{"rendered":"https:\/\/deltatecnic.com\/conductive-pvc-compounds\/"},"modified":"2026-03-11T10:39:44","modified_gmt":"2026-03-11T09:39:44","slug":"conductive-pvc-compounds","status":"publish","type":"page","link":"https:\/\/deltatecnic.com\/ca\/conductive-pvc-compounds\/","title":{"rendered":"Solucions conductives en les quals pots confiar."},"content":{"rendered":"<p>[vc_row css=&#8221;.vc_custom_1614253351273{margin-top: 10px !important;}&#8221;][vc_column][vc_column_text css=&#8221;.vc_custom_1772536268776{padding-bottom: 10px !important;}&#8221;]<\/p>\n<h1 style=\"font-size: 40px; line-height: 43px;\">Solucions conductives en les quals pots confiar.<\/h1>\n<p>[\/vc_column_text][vc_row_inner ts_responsive_css=&#8221;19871622|colbreak_no|||||100px||||colbreak_no|||||||||colbreak_no||||||||||colbreak_no|||||||||&#8221;][vc_column_inner width=&#8221;1\/2&#8243;][vc_single_image image=&#8221;20738&#8243; img_size=&#8221;full&#8221;][vc_column_text]Descarrega el cat\u00e0leg amb els nostres compostos de PVC conductius i dissipatius, dissenyats per a un rendiment el\u00e8ctric estable i durador en aplicacions cr\u00edtiques.<\/p>\n<ul>\n<li><strong>Necessites dissipaci\u00f3 controlada en \u00e0rees cr\u00edtiques?<\/strong> Els compostos dissipatius per a paviments s\u00f3n fiables, segurs i preparats per a normativa; s\u2019utilitzen en hospitals, sales blanques i centres de dades.<\/li>\n<li><strong>Et preocupa la repetibilitat i els aglomerats?<\/strong> Els sistemes d\u2019additius totalment dispersos eviten aglomerats i garanteixen consist\u00e8ncia entre lots.<\/li>\n<li><strong>Necessites apantallament EMI sense renunciar al color?<\/strong> Els compostos basats en fibra met\u00e0l\u00b7lica ofereixen alta conductivitat amb flexibilitat de color i s\u00f3n ideals per a l\u2019emmotllament per injecci\u00f3.<\/li>\n<\/ul>\n<p><strong>La desc\u00e0rrega inclou:<\/strong> Cat\u00e0leg digital (PDF) amb tecnologies, aplicacions i dades de refer\u00e8ncia.[\/vc_column_text][\/vc_column_inner][vc_column_inner width=&#8221;1\/2&#8243;][vc_column_text css=&#8221;.vc_custom_1772536185649{padding-bottom: 10px !important;}&#8221;]<\/p>\n<p style=\"font-size: 25px; line-height: 30px;\">Completa el formulari per descarregar el cat\u00e0leg digital i explorar les nostres solucions en detall.<\/p>\n<p>[\/vc_column_text][vc_raw_html]JTNDc2NyaXB0JTIwY2hhcnNldCUzRCUyMnV0Zi04JTIyJTIwdHlwZSUzRCUyMnRleHQlMkZqYXZhc2NyaXB0JTIyJTIwc3JjJTNEJTIyJTJGJTJGanMtZXUxLmhzZm9ybXMubmV0JTJGZm9ybXMlMkZlbWJlZCUyRnYyLmpzJTIyJTNFJTNDJTJGc2NyaXB0JTNFJTBBJTNDc2NyaXB0JTNFJTBBJTIwJTIwaGJzcHQuZm9ybXMuY3JlYXRlJTI4JTdCJTBBJTIwJTIwJTIwJTIwcG9ydGFsSWQlM0ElMjAlMjIxNDU4NTczOTMlMjIlMkMlMEElMjAlMjAlMjAlMjBmb3JtSWQlM0ElMjAlMjI1ODlmMzhjOS0xMzk4LTQzNzQtYmI5My1hNjU5NzYxZGFlNWMlMjIlMkMlMEElMjAlMjAlMjAlMjByZWdpb24lM0ElMjAlMjJldTElMjIlMEElMjAlMjAlN0QlMjklM0IlMEElM0MlMkZzY3JpcHQlM0U=[\/vc_raw_html][\/vc_column_inner][\/vc_row_inner][\/vc_column][\/vc_row][vc_row][vc_column][vc_empty_space height=&#8221;15px&#8221;][\/vc_column][\/vc_row]<\/p>\n","protected":false},"excerpt":{"rendered":"<p>[vc_row css=&#8221;.vc_custom_1614253351273{margin-top: 10px !important;}&#8221;][vc_column][vc_column_text css=&#8221;.vc_custom_1772536268776{padding-bottom: 10px !important;}&#8221;] Solucions conductives en les quals pots confiar. [\/vc_column_text][vc_row_inner ts_responsive_css=&#8221;19871622|colbreak_no|||||100px||||colbreak_no|||||||||colbreak_no||||||||||colbreak_no|||||||||&#8221;][vc_column_inner width=&#8221;1\/2&#8243;][vc_single_image image=&#8221;20738&#8243; img_size=&#8221;full&#8221;][vc_column_text]Descarrega el cat\u00e0leg amb els nostres compostos de PVC conductius i dissipatius, dissenyats per a un rendiment el\u00e8ctric estable i durador en aplicacions cr\u00edtiques. Necessites dissipaci\u00f3 controlada en \u00e0rees cr\u00edtiques? Els compostos dissipatius per a paviments s\u00f3n &hellip; <a href=\"https:\/\/deltatecnic.com\/ca\/conductive-pvc-compounds\/\" class=\"more-link\" title=\"Continue reading <span class=\"screen-reader-text\">Solucions conductives en les quals pots confiar.<\/span>&#8220;>Continue reading <span class=\"screen-reader-text\">Solucions conductives en les quals pots confiar.<\/span><\/a><\/p>\n","protected":false},"author":61,"featured_media":0,"parent":0,"menu_order":0,"comment_status":"closed","ping_status":"closed","template":"","meta":{"content-type":"","footnotes":""},"class_list":["post-21362","page","type-page","status-publish","hentry"],"yoast_head":"<!-- This site is optimized with the Yoast SEO plugin v27.1.1 - https:\/\/yoast.com\/product\/yoast-seo-wordpress\/ -->\n<title>Cat\u00e0leg de compostos de PVC conductor | Deltatecnic<\/title>\n<meta name=\"description\" content=\"Cat\u00e0leg de compostos de PVC conductor amb solucions per a la dissipaci\u00f3, el blindatge EMI i aplicacions industrials cr\u00edtiques.\" \/>\n<meta name=\"robots\" content=\"index, follow, max-snippet:-1, max-image-preview:large, max-video-preview:-1\" \/>\n<link rel=\"canonical\" href=\"https:\/\/deltatecnic.com\/ca\/conductive-pvc-compounds\/\" \/>\n<meta property=\"og:locale\" content=\"ca_ES\" \/>\n<meta property=\"og:type\" content=\"article\" \/>\n<meta property=\"og:title\" content=\"Cat\u00e0leg de compostos de PVC conductor | Deltatecnic\" \/>\n<meta property=\"og:description\" content=\"Cat\u00e0leg de compostos de PVC conductor amb solucions per a la dissipaci\u00f3, el blindatge EMI i aplicacions industrials cr\u00edtiques.\" \/>\n<meta property=\"og:url\" content=\"https:\/\/deltatecnic.com\/ca\/conductive-pvc-compounds\/\" \/>\n<meta property=\"og:site_name\" content=\"Delta Tecnic\" \/>\n<meta property=\"article:modified_time\" content=\"2026-03-11T09:39:44+00:00\" \/>\n<meta name=\"twitter:card\" content=\"summary_large_image\" \/>\n<meta name=\"twitter:label1\" content=\"Temps estimat de lectura\" \/>\n\t<meta name=\"twitter:data1\" content=\"1 minut\" \/>\n<!-- \/ Yoast SEO plugin. -->","yoast_head_json":{"title":"Cat\u00e0leg de compostos de PVC conductor | Deltatecnic","description":"Cat\u00e0leg de compostos de PVC conductor amb solucions per a la dissipaci\u00f3, el blindatge EMI i aplicacions industrials cr\u00edtiques.","robots":{"index":"index","follow":"follow","max-snippet":"max-snippet:-1","max-image-preview":"max-image-preview:large","max-video-preview":"max-video-preview:-1"},"canonical":"https:\/\/deltatecnic.com\/ca\/conductive-pvc-compounds\/","og_locale":"ca_ES","og_type":"article","og_title":"Cat\u00e0leg de compostos de PVC conductor | Deltatecnic","og_description":"Cat\u00e0leg de compostos de PVC conductor amb solucions per a la dissipaci\u00f3, el blindatge EMI i aplicacions industrials cr\u00edtiques.","og_url":"https:\/\/deltatecnic.com\/ca\/conductive-pvc-compounds\/","og_site_name":"Delta Tecnic","article_modified_time":"2026-03-11T09:39:44+00:00","twitter_card":"summary_large_image","twitter_misc":{"Temps estimat de lectura":"1 minut"},"schema":{"@context":"https:\/\/schema.org","@graph":[{"@type":"WebPage","@id":"https:\/\/deltatecnic.com\/ca\/conductive-pvc-compounds\/","url":"https:\/\/deltatecnic.com\/ca\/conductive-pvc-compounds\/","name":"Cat\u00e0leg de compostos de PVC conductor | Deltatecnic","isPartOf":{"@id":"https:\/\/deltatecnic.com\/ca\/#website"},"datePublished":"2026-02-02T08:58:03+00:00","dateModified":"2026-03-11T09:39:44+00:00","description":"Cat\u00e0leg de compostos de PVC conductor amb solucions per a la dissipaci\u00f3, el blindatge EMI i aplicacions industrials cr\u00edtiques.","breadcrumb":{"@id":"https:\/\/deltatecnic.com\/ca\/conductive-pvc-compounds\/#breadcrumb"},"inLanguage":"ca","potentialAction":[{"@type":"ReadAction","target":["https:\/\/deltatecnic.com\/ca\/conductive-pvc-compounds\/"]}]},{"@type":"BreadcrumbList","@id":"https:\/\/deltatecnic.com\/ca\/conductive-pvc-compounds\/#breadcrumb","itemListElement":[{"@type":"ListItem","position":1,"name":"Inici","item":"https:\/\/deltatecnic.com\/ca\/"},{"@type":"ListItem","position":2,"name":"Solucions conductives en les quals pots confiar."}]},{"@type":"WebSite","@id":"https:\/\/deltatecnic.com\/ca\/#website","url":"https:\/\/deltatecnic.com\/ca\/","name":"Delta Tecnic","description":"Bringing colour to life","potentialAction":[{"@type":"SearchAction","target":{"@type":"EntryPoint","urlTemplate":"https:\/\/deltatecnic.com\/ca\/?s={search_term_string}"},"query-input":{"@type":"PropertyValueSpecification","valueRequired":true,"valueName":"search_term_string"}}],"inLanguage":"ca"}]}},"_links":{"self":[{"href":"https:\/\/deltatecnic.com\/ca\/wp-json\/wp\/v2\/pages\/21362","targetHints":{"allow":["GET"]}}],"collection":[{"href":"https:\/\/deltatecnic.com\/ca\/wp-json\/wp\/v2\/pages"}],"about":[{"href":"https:\/\/deltatecnic.com\/ca\/wp-json\/wp\/v2\/types\/page"}],"author":[{"embeddable":true,"href":"https:\/\/deltatecnic.com\/ca\/wp-json\/wp\/v2\/users\/61"}],"replies":[{"embeddable":true,"href":"https:\/\/deltatecnic.com\/ca\/wp-json\/wp\/v2\/comments?post=21362"}],"version-history":[{"count":2,"href":"https:\/\/deltatecnic.com\/ca\/wp-json\/wp\/v2\/pages\/21362\/revisions"}],"predecessor-version":[{"id":21513,"href":"https:\/\/deltatecnic.com\/ca\/wp-json\/wp\/v2\/pages\/21362\/revisions\/21513"}],"wp:attachment":[{"href":"https:\/\/deltatecnic.com\/ca\/wp-json\/wp\/v2\/media?parent=21362"}],"curies":[{"name":"wp","href":"https:\/\/api.w.org\/{rel}","templated":true}]}}