{"id":21353,"date":"2026-02-06T10:38:53","date_gmt":"2026-02-06T09:38:53","guid":{"rendered":"https:\/\/deltatecnic.com\/pvc-pipe-manufacturing\/"},"modified":"2026-03-11T10:12:54","modified_gmt":"2026-03-11T09:12:54","slug":"pvc-pipe-manufacturing","status":"publish","type":"page","link":"https:\/\/deltatecnic.com\/ca\/pvc-pipe-manufacturing\/","title":{"rendered":"Masterbatches d\u2019alt rendiment per a canonades de PVC."},"content":{"rendered":"<p>[vc_row css=&#8221;.vc_custom_1614253351273{margin-top: 10px !important;}&#8221;][vc_column][vc_column_text css=&#8221;.vc_custom_1772535611018{padding-bottom: 10px !important;}&#8221;]<\/p>\n<h1 style=\"font-size: 40px; line-height: 43px;\">Masterbatches d\u2019alt rendiment per a canonades de PVC.<\/h1>\n<p>[\/vc_column_text][vc_row_inner ts_responsive_css=&#8221;19871622|colbreak_no|||||100px||||colbreak_no|||||||||colbreak_no||||||||||colbreak_no|||||||||&#8221;][vc_column_inner width=&#8221;1\/2&#8243;][vc_single_image image=&#8221;20742&#8243; img_size=&#8221;full&#8221;][vc_column_text]Descobreix com reduir aturades, millorar la consist\u00e8ncia del color i assegurar el compliment d\u2019est\u00e0ndards exigents.<\/p>\n<ul>\n<li><strong>Color inconsistent entre lots?<\/strong> El <a href=\"https:\/\/deltatecnic.com\/ca\/\">masterbatch<\/a> d\u2019alta reprodu\u00efbilitat garanteix un color uniforme a cada metre i elimina reprocesos costosos.<\/li>\n<li><strong>Exposici\u00f3 a la pols i manipulaci\u00f3 insegura?<\/strong> El masterbatch encapsulat evita part\u00edcules de pigment en suspensi\u00f3 per a l\u00ednies m\u00e9s netes i operacions m\u00e9s segures.<\/li>\n<li><strong>Decoloraci\u00f3 o degradaci\u00f3 per intemp\u00e8rie?<\/strong> El masterbatch resistent a la intemp\u00e8rie ofereix un rendiment durador amb excel\u00b7lent resist\u00e8ncia a la llum i a l\u2019envelliment.<\/li>\n<\/ul>\n<p><strong>La desc\u00e0rrega inclou:<\/strong> Cat\u00e0leg digital (PDF) amb solucions, formats i avantatges t\u00e8cniques.[\/vc_column_text][\/vc_column_inner][vc_column_inner width=&#8221;1\/2&#8243;][vc_column_text css=&#8221;.vc_custom_1772535652978{padding-bottom: 10px !important;}&#8221;]<\/p>\n<p style=\"font-size: 25px; line-height: 30px;\">Completa el formulari per descarregar el cat\u00e0leg digital i explorar les nostres solucions en detall.<\/p>\n<p>[\/vc_column_text][vc_raw_html]JTNDc2NyaXB0JTIwY2hhcnNldCUzRCUyMnV0Zi04JTIyJTIwdHlwZSUzRCUyMnRleHQlMkZqYXZhc2NyaXB0JTIyJTIwc3JjJTNEJTIyJTJGJTJGanMtZXUxLmhzZm9ybXMubmV0JTJGZm9ybXMlMkZlbWJlZCUyRnYyLmpzJTIyJTNFJTNDJTJGc2NyaXB0JTNFJTBBJTNDc2NyaXB0JTNFJTBBJTIwJTIwaGJzcHQuZm9ybXMuY3JlYXRlJTI4JTdCJTBBJTIwJTIwJTIwJTIwcG9ydGFsSWQlM0ElMjAlMjIxNDU4NTczOTMlMjIlMkMlMEElMjAlMjAlMjAlMjBmb3JtSWQlM0ElMjAlMjIwNzkyN2Q3ZC0yY2UxLTQyOWUtYmY2YS1iNWU1MWYzNDk1YmYlMjIlMkMlMEElMjAlMjAlMjAlMjByZWdpb24lM0ElMjAlMjJldTElMjIlMEElMjAlMjAlN0QlMjklM0IlMEElM0MlMkZzY3JpcHQlM0U=[\/vc_raw_html][\/vc_column_inner][\/vc_row_inner][\/vc_column][\/vc_row][vc_row][vc_column][vc_empty_space height=&#8221;15px&#8221;][\/vc_column][\/vc_row]<\/p>\n","protected":false},"excerpt":{"rendered":"<p>[vc_row css=&#8221;.vc_custom_1614253351273{margin-top: 10px !important;}&#8221;][vc_column][vc_column_text css=&#8221;.vc_custom_1772535611018{padding-bottom: 10px !important;}&#8221;] Masterbatches d\u2019alt rendiment per a canonades de PVC. [\/vc_column_text][vc_row_inner ts_responsive_css=&#8221;19871622|colbreak_no|||||100px||||colbreak_no|||||||||colbreak_no||||||||||colbreak_no|||||||||&#8221;][vc_column_inner width=&#8221;1\/2&#8243;][vc_single_image image=&#8221;20742&#8243; img_size=&#8221;full&#8221;][vc_column_text]Descobreix com reduir aturades, millorar la consist\u00e8ncia del color i assegurar el compliment d\u2019est\u00e0ndards exigents. Color inconsistent entre lots? El masterbatch d\u2019alta reprodu\u00efbilitat garanteix un color uniforme a cada metre i elimina reprocesos costosos. Exposici\u00f3 a &hellip; <a href=\"https:\/\/deltatecnic.com\/ca\/pvc-pipe-manufacturing\/\" class=\"more-link\" title=\"Continue reading <span class=\"screen-reader-text\">Masterbatches d\u2019alt rendiment per a canonades de PVC.<\/span>&#8220;>Continue reading <span class=\"screen-reader-text\">Masterbatches d\u2019alt rendiment per a canonades de PVC.<\/span><\/a><\/p>\n","protected":false},"author":61,"featured_media":0,"parent":0,"menu_order":0,"comment_status":"closed","ping_status":"closed","template":"","meta":{"content-type":"","footnotes":""},"class_list":["post-21353","page","type-page","status-publish","hentry"],"yoast_head":"<!-- This site is optimized with the Yoast SEO plugin v27.1.1 - https:\/\/yoast.com\/product\/yoast-seo-wordpress\/ -->\n<title>PVC Pipe Masterbatch Catalogue | Solutions Deltatecnic<\/title>\n<meta name=\"description\" content=\"Download the PVC Pipe Masterbatch catalogue with colour solutions designed for consistency, durability and performance.\" \/>\n<meta name=\"robots\" content=\"index, follow, max-snippet:-1, max-image-preview:large, max-video-preview:-1\" \/>\n<link rel=\"canonical\" href=\"https:\/\/deltatecnic.com\/ca\/pvc-pipe-manufacturing\/\" \/>\n<meta property=\"og:locale\" content=\"ca_ES\" \/>\n<meta property=\"og:type\" content=\"article\" \/>\n<meta property=\"og:title\" content=\"PVC Pipe Masterbatch Catalogue | Solutions Deltatecnic\" \/>\n<meta property=\"og:description\" content=\"Download the PVC Pipe Masterbatch catalogue with colour solutions designed for consistency, durability and performance.\" \/>\n<meta property=\"og:url\" content=\"https:\/\/deltatecnic.com\/ca\/pvc-pipe-manufacturing\/\" \/>\n<meta property=\"og:site_name\" content=\"Delta Tecnic\" \/>\n<meta property=\"article:modified_time\" content=\"2026-03-11T09:12:54+00:00\" \/>\n<meta name=\"twitter:card\" content=\"summary_large_image\" \/>\n<meta name=\"twitter:label1\" content=\"Temps estimat de lectura\" \/>\n\t<meta name=\"twitter:data1\" content=\"1 minut\" \/>\n<!-- \/ Yoast SEO plugin. -->","yoast_head_json":{"title":"PVC Pipe Masterbatch Catalogue | Solutions Deltatecnic","description":"Download the PVC Pipe Masterbatch catalogue with colour solutions designed for consistency, durability and performance.","robots":{"index":"index","follow":"follow","max-snippet":"max-snippet:-1","max-image-preview":"max-image-preview:large","max-video-preview":"max-video-preview:-1"},"canonical":"https:\/\/deltatecnic.com\/ca\/pvc-pipe-manufacturing\/","og_locale":"ca_ES","og_type":"article","og_title":"PVC Pipe Masterbatch Catalogue | Solutions Deltatecnic","og_description":"Download the PVC Pipe Masterbatch catalogue with colour solutions designed for consistency, durability and performance.","og_url":"https:\/\/deltatecnic.com\/ca\/pvc-pipe-manufacturing\/","og_site_name":"Delta Tecnic","article_modified_time":"2026-03-11T09:12:54+00:00","twitter_card":"summary_large_image","twitter_misc":{"Temps estimat de lectura":"1 minut"},"schema":{"@context":"https:\/\/schema.org","@graph":[{"@type":"WebPage","@id":"https:\/\/deltatecnic.com\/ca\/pvc-pipe-manufacturing\/","url":"https:\/\/deltatecnic.com\/ca\/pvc-pipe-manufacturing\/","name":"PVC Pipe Masterbatch Catalogue | Solutions Deltatecnic","isPartOf":{"@id":"https:\/\/deltatecnic.com\/ca\/#website"},"datePublished":"2026-02-06T09:38:53+00:00","dateModified":"2026-03-11T09:12:54+00:00","description":"Download the PVC Pipe Masterbatch catalogue with colour solutions designed for consistency, durability and performance.","breadcrumb":{"@id":"https:\/\/deltatecnic.com\/ca\/pvc-pipe-manufacturing\/#breadcrumb"},"inLanguage":"ca","potentialAction":[{"@type":"ReadAction","target":["https:\/\/deltatecnic.com\/ca\/pvc-pipe-manufacturing\/"]}]},{"@type":"BreadcrumbList","@id":"https:\/\/deltatecnic.com\/ca\/pvc-pipe-manufacturing\/#breadcrumb","itemListElement":[{"@type":"ListItem","position":1,"name":"Inici","item":"https:\/\/deltatecnic.com\/ca\/"},{"@type":"ListItem","position":2,"name":"Masterbatches d\u2019alt rendiment per a canonades de PVC."}]},{"@type":"WebSite","@id":"https:\/\/deltatecnic.com\/ca\/#website","url":"https:\/\/deltatecnic.com\/ca\/","name":"Delta Tecnic","description":"Bringing colour to life","potentialAction":[{"@type":"SearchAction","target":{"@type":"EntryPoint","urlTemplate":"https:\/\/deltatecnic.com\/ca\/?s={search_term_string}"},"query-input":{"@type":"PropertyValueSpecification","valueRequired":true,"valueName":"search_term_string"}}],"inLanguage":"ca"}]}},"_links":{"self":[{"href":"https:\/\/deltatecnic.com\/ca\/wp-json\/wp\/v2\/pages\/21353","targetHints":{"allow":["GET"]}}],"collection":[{"href":"https:\/\/deltatecnic.com\/ca\/wp-json\/wp\/v2\/pages"}],"about":[{"href":"https:\/\/deltatecnic.com\/ca\/wp-json\/wp\/v2\/types\/page"}],"author":[{"embeddable":true,"href":"https:\/\/deltatecnic.com\/ca\/wp-json\/wp\/v2\/users\/61"}],"replies":[{"embeddable":true,"href":"https:\/\/deltatecnic.com\/ca\/wp-json\/wp\/v2\/comments?post=21353"}],"version-history":[{"count":4,"href":"https:\/\/deltatecnic.com\/ca\/wp-json\/wp\/v2\/pages\/21353\/revisions"}],"predecessor-version":[{"id":21811,"href":"https:\/\/deltatecnic.com\/ca\/wp-json\/wp\/v2\/pages\/21353\/revisions\/21811"}],"wp:attachment":[{"href":"https:\/\/deltatecnic.com\/ca\/wp-json\/wp\/v2\/media?parent=21353"}],"curies":[{"name":"wp","href":"https:\/\/api.w.org\/{rel}","templated":true}]}}