{"id":21346,"date":"2026-02-06T10:39:44","date_gmt":"2026-02-06T09:39:44","guid":{"rendered":"https:\/\/deltatecnic.com\/window-profile\/"},"modified":"2026-03-11T10:05:47","modified_gmt":"2026-03-11T09:05:47","slug":"window-profile","status":"publish","type":"page","link":"https:\/\/deltatecnic.com\/ca\/window-profile\/","title":{"rendered":"Durabilitat i conformitat integrades en cada perfil."},"content":{"rendered":"<p>[vc_row css=&#8221;.vc_custom_1614253351273{margin-top: 10px !important;}&#8221;][vc_column][vc_column_text css=&#8221;.vc_custom_1772535234467{padding-bottom: 10px !important;}&#8221;]<\/p>\n<h1 style=\"font-size: 40px; line-height: 43px;\">Durabilitat i conformitat integrades en cada perfil.<\/h1>\n<p>[\/vc_column_text][vc_row_inner ts_responsive_css=&#8221;19871622|colbreak_no|||||100px||||colbreak_no|||||||||colbreak_no||||||||||colbreak_no|||||||||&#8221;][vc_column_inner width=&#8221;1\/2&#8243;][vc_single_image image=&#8221;20734&#8243; img_size=&#8221;full&#8221;][vc_column_text]Descarrega el cat\u00e0leg amb solucions de <a href=\"https:\/\/deltatecnic.com\/ca\/\">masterbatch<\/a> per a un color estable, conformitat CSTB i resist\u00e8ncia a l\u2019exterior, fins i tot amb PVC reciclat.<\/p>\n<ul>\n<li><strong>Inconsist\u00e8ncies de color amb nuclis reciclats?<\/strong> Els toner batches corregeixen els valors L a b* per a resultats impecables.<\/li>\n<li><strong>Et preocupa la contaminaci\u00f3 creuada?<\/strong> Les solucions de masterbatch sense pols garanteixen un proc\u00e9s net i segur.<\/li>\n<li><strong>No compleixes els requisits d\u2019exterior\/CSTB?<\/strong> Sistemes de pigments certificats amb excel\u00b7lent resist\u00e8ncia als UV i a la humitat per aconseguir conformitat CSTB.<\/li>\n<li><strong>Costs elevats en canviar de tonalitat?<\/strong> Els SSP i toner batches permeten efici\u00e8ncia en lots petits, menor cost i transicions m\u00e9s r\u00e0pides.<\/li>\n<\/ul>\n<p><strong>La desc\u00e0rrega inclou:<\/strong> Cat\u00e0leg digital (PDF) amb tonalitats, certificacions i refer\u00e8ncies t\u00e8cniques.[\/vc_column_text][\/vc_column_inner][vc_column_inner width=&#8221;1\/2&#8243;][vc_column_text css=&#8221;.vc_custom_1772535279133{padding-bottom: 10px !important;}&#8221;]<\/p>\n<p style=\"font-size: 25px; line-height: 30px;\">Completa el formulari per descarregar el cat\u00e0leg digital i explorar les nostres solucions en detall.<\/p>\n<p>[\/vc_column_text][vc_raw_html]JTNDc2NyaXB0JTIwY2hhcnNldCUzRCUyMnV0Zi04JTIyJTIwdHlwZSUzRCUyMnRleHQlMkZqYXZhc2NyaXB0JTIyJTIwc3JjJTNEJTIyJTJGJTJGanMtZXUxLmhzZm9ybXMubmV0JTJGZm9ybXMlMkZlbWJlZCUyRnYyLmpzJTIyJTNFJTNDJTJGc2NyaXB0JTNFJTBBJTNDc2NyaXB0JTNFJTBBJTIwJTIwaGJzcHQuZm9ybXMuY3JlYXRlJTI4JTdCJTBBJTIwJTIwJTIwJTIwcG9ydGFsSWQlM0ElMjAlMjIxNDU4NTczOTMlMjIlMkMlMEElMjAlMjAlMjAlMjBmb3JtSWQlM0ElMjAlMjJiNWVmYjBlYi1jMzFiLTRkMGUtOGM1My02YzI4NjM4NmNmYzElMjIlMkMlMEElMjAlMjAlMjAlMjByZWdpb24lM0ElMjAlMjJldTElMjIlMEElMjAlMjAlN0QlMjklM0IlMEElM0MlMkZzY3JpcHQlM0U=[\/vc_raw_html][\/vc_column_inner][\/vc_row_inner][\/vc_column][\/vc_row][vc_row][vc_column][vc_empty_space height=&#8221;15px&#8221;][\/vc_column][\/vc_row]<\/p>\n","protected":false},"excerpt":{"rendered":"<p>[vc_row css=&#8221;.vc_custom_1614253351273{margin-top: 10px !important;}&#8221;][vc_column][vc_column_text css=&#8221;.vc_custom_1772535234467{padding-bottom: 10px !important;}&#8221;] Durabilitat i conformitat integrades en cada perfil. [\/vc_column_text][vc_row_inner ts_responsive_css=&#8221;19871622|colbreak_no|||||100px||||colbreak_no|||||||||colbreak_no||||||||||colbreak_no|||||||||&#8221;][vc_column_inner width=&#8221;1\/2&#8243;][vc_single_image image=&#8221;20734&#8243; img_size=&#8221;full&#8221;][vc_column_text]Descarrega el cat\u00e0leg amb solucions de masterbatch per a un color estable, conformitat CSTB i resist\u00e8ncia a l\u2019exterior, fins i tot amb PVC reciclat. Inconsist\u00e8ncies de color amb nuclis reciclats? Els toner batches corregeixen els valors L &hellip; <a href=\"https:\/\/deltatecnic.com\/ca\/window-profile\/\" class=\"more-link\" title=\"Continue reading <span class=\"screen-reader-text\">Durabilitat i conformitat integrades en cada perfil.<\/span>&#8220;>Continue reading <span class=\"screen-reader-text\">Durabilitat i conformitat integrades en cada perfil.<\/span><\/a><\/p>\n","protected":false},"author":61,"featured_media":0,"parent":0,"menu_order":0,"comment_status":"closed","ping_status":"closed","template":"","meta":{"content-type":"","footnotes":""},"class_list":["post-21346","page","type-page","status-publish","hentry"],"yoast_head":"<!-- This site is optimized with the Yoast SEO plugin v27.1.1 - https:\/\/yoast.com\/product\/yoast-seo-wordpress\/ -->\n<title>Cat\u00e0leg de perfils de finestres | Masterbatch Deltatecnic<\/title>\n<meta name=\"description\" content=\"Descarrega el cat\u00e0leg de perfils de finestres amb solucions masterbatch per a un color estable, durabilitat i compliment de la normativa CSTB.\" \/>\n<meta name=\"robots\" content=\"index, follow, max-snippet:-1, max-image-preview:large, max-video-preview:-1\" \/>\n<link rel=\"canonical\" href=\"https:\/\/deltatecnic.com\/ca\/window-profile\/\" \/>\n<meta property=\"og:locale\" content=\"ca_ES\" \/>\n<meta property=\"og:type\" content=\"article\" \/>\n<meta property=\"og:title\" content=\"Cat\u00e0leg de perfils de finestres | Masterbatch Deltatecnic\" \/>\n<meta property=\"og:description\" content=\"Descarrega el cat\u00e0leg de perfils de finestres amb solucions masterbatch per a un color estable, durabilitat i compliment de la normativa CSTB.\" \/>\n<meta property=\"og:url\" content=\"https:\/\/deltatecnic.com\/ca\/window-profile\/\" \/>\n<meta property=\"og:site_name\" content=\"Delta Tecnic\" \/>\n<meta property=\"article:modified_time\" content=\"2026-03-11T09:05:47+00:00\" \/>\n<meta name=\"twitter:card\" content=\"summary_large_image\" \/>\n<meta name=\"twitter:label1\" content=\"Temps estimat de lectura\" \/>\n\t<meta name=\"twitter:data1\" content=\"1 minut\" \/>\n<!-- \/ Yoast SEO plugin. -->","yoast_head_json":{"title":"Cat\u00e0leg de perfils de finestres | Masterbatch Deltatecnic","description":"Descarrega el cat\u00e0leg de perfils de finestres amb solucions masterbatch per a un color estable, durabilitat i compliment de la normativa CSTB.","robots":{"index":"index","follow":"follow","max-snippet":"max-snippet:-1","max-image-preview":"max-image-preview:large","max-video-preview":"max-video-preview:-1"},"canonical":"https:\/\/deltatecnic.com\/ca\/window-profile\/","og_locale":"ca_ES","og_type":"article","og_title":"Cat\u00e0leg de perfils de finestres | Masterbatch Deltatecnic","og_description":"Descarrega el cat\u00e0leg de perfils de finestres amb solucions masterbatch per a un color estable, durabilitat i compliment de la normativa CSTB.","og_url":"https:\/\/deltatecnic.com\/ca\/window-profile\/","og_site_name":"Delta Tecnic","article_modified_time":"2026-03-11T09:05:47+00:00","twitter_card":"summary_large_image","twitter_misc":{"Temps estimat de lectura":"1 minut"},"schema":{"@context":"https:\/\/schema.org","@graph":[{"@type":"WebPage","@id":"https:\/\/deltatecnic.com\/ca\/window-profile\/","url":"https:\/\/deltatecnic.com\/ca\/window-profile\/","name":"Cat\u00e0leg de perfils de finestres | Masterbatch Deltatecnic","isPartOf":{"@id":"https:\/\/deltatecnic.com\/ca\/#website"},"datePublished":"2026-02-06T09:39:44+00:00","dateModified":"2026-03-11T09:05:47+00:00","description":"Descarrega el cat\u00e0leg de perfils de finestres amb solucions masterbatch per a un color estable, durabilitat i compliment de la normativa CSTB.","breadcrumb":{"@id":"https:\/\/deltatecnic.com\/ca\/window-profile\/#breadcrumb"},"inLanguage":"ca","potentialAction":[{"@type":"ReadAction","target":["https:\/\/deltatecnic.com\/ca\/window-profile\/"]}]},{"@type":"BreadcrumbList","@id":"https:\/\/deltatecnic.com\/ca\/window-profile\/#breadcrumb","itemListElement":[{"@type":"ListItem","position":1,"name":"Inici","item":"https:\/\/deltatecnic.com\/ca\/"},{"@type":"ListItem","position":2,"name":"Durabilitat i conformitat integrades en cada perfil."}]},{"@type":"WebSite","@id":"https:\/\/deltatecnic.com\/ca\/#website","url":"https:\/\/deltatecnic.com\/ca\/","name":"Delta Tecnic","description":"Bringing colour to life","potentialAction":[{"@type":"SearchAction","target":{"@type":"EntryPoint","urlTemplate":"https:\/\/deltatecnic.com\/ca\/?s={search_term_string}"},"query-input":{"@type":"PropertyValueSpecification","valueRequired":true,"valueName":"search_term_string"}}],"inLanguage":"ca"}]}},"_links":{"self":[{"href":"https:\/\/deltatecnic.com\/ca\/wp-json\/wp\/v2\/pages\/21346","targetHints":{"allow":["GET"]}}],"collection":[{"href":"https:\/\/deltatecnic.com\/ca\/wp-json\/wp\/v2\/pages"}],"about":[{"href":"https:\/\/deltatecnic.com\/ca\/wp-json\/wp\/v2\/types\/page"}],"author":[{"embeddable":true,"href":"https:\/\/deltatecnic.com\/ca\/wp-json\/wp\/v2\/users\/61"}],"replies":[{"embeddable":true,"href":"https:\/\/deltatecnic.com\/ca\/wp-json\/wp\/v2\/comments?post=21346"}],"version-history":[{"count":4,"href":"https:\/\/deltatecnic.com\/ca\/wp-json\/wp\/v2\/pages\/21346\/revisions"}],"predecessor-version":[{"id":21807,"href":"https:\/\/deltatecnic.com\/ca\/wp-json\/wp\/v2\/pages\/21346\/revisions\/21807"}],"wp:attachment":[{"href":"https:\/\/deltatecnic.com\/ca\/wp-json\/wp\/v2\/media?parent=21346"}],"curies":[{"name":"wp","href":"https:\/\/api.w.org\/{rel}","templated":true}]}}