{"id":21332,"date":"2026-02-02T10:00:49","date_gmt":"2026-02-02T09:00:49","guid":{"rendered":"https:\/\/deltatecnic.com\/pvc-industry\/"},"modified":"2026-03-11T10:18:53","modified_gmt":"2026-03-11T09:18:53","slug":"pvc-industry","status":"publish","type":"page","link":"https:\/\/deltatecnic.com\/ca\/pvc-industry\/","title":{"rendered":"Color dissenyat per a cada necessitat del PVC."},"content":{"rendered":"<p>[vc_row css=&#8221;.vc_custom_1614253351273{margin-top: 10px !important;}&#8221;][vc_column][vc_column_text css=&#8221;.vc_custom_1772533857364{padding-bottom: 10px !important;}&#8221;]<\/p>\n<h1 style=\"font-size: 40px; line-height: 43px;\">Color dissenyat per a cada necessitat del PVC.<\/h1>\n<p>[\/vc_column_text][vc_row_inner ts_responsive_css=&#8221;19871622|colbreak_no|||||100px||||colbreak_no|||||||||colbreak_no||||||||||colbreak_no|||||||||&#8221;][vc_column_inner width=&#8221;1\/2&#8243;][vc_single_image image=&#8221;20730&#8243; img_size=&#8221;full&#8221;][vc_column_text]Des de PVC r\u00edgid fins a flexible i reciclat, els nostres <a href=\"https:\/\/deltatecnic.com\/ca\/\">masterbatches<\/a> ofereixen un rendiment de color net i reprodu\u00efble per a qualsevol aplicaci\u00f3.<\/p>\n<p><strong>Sobredosificaci\u00f3 i llargs temps de neteja?<\/strong> Les formulacions a mida t\u2019ajuden a evitar la sobredosificaci\u00f3 i a minimitzar els temps de neteja.<br \/>\n<strong>Variabilitat de color amb PVC reciclat o verge?<\/strong> Garantim consist\u00e8ncia de color tant en bases reciclades com verges.<br \/>\n<strong>Durabilitat i resist\u00e8ncia incertes?<\/strong> La selecci\u00f3 de pigments est\u00e0 optimitzada per a resist\u00e8ncia a la intemp\u00e8rie, qu\u00edmica i t\u00e8rmica.<br \/>\n<strong>Diferents tecnologies d\u2019extrusi\u00f3 en diferents l\u00ednies?<\/strong> La compatibilitat amb diverses tecnologies d\u2019extrusi\u00f3 est\u00e0 integrada.<br \/>\n<strong>Necessites suport amb est\u00e0ndards (p. ex., CSTB)?<\/strong> Oferim suport per a CSTB i altres est\u00e0ndards de conformitat.<\/p>\n<p><strong>La desc\u00e0rrega inclou:<\/strong> Cat\u00e0leg digital (PDF) amb aplicacions de PVC, solucions de color i refer\u00e8ncies t\u00e8cniques.[\/vc_column_text][\/vc_column_inner][vc_column_inner width=&#8221;1\/2&#8243;][vc_column_text css=&#8221;.vc_custom_1772534113015{padding-bottom: 10px !important;}&#8221;]<\/p>\n<p style=\"font-size: 25px; line-height: 30px;\">Completa el formulari per descarregar el cat\u00e0leg digital i explorar les nostres solucions en detall.<\/p>\n<p>[\/vc_column_text][vc_raw_html]JTNDc2NyaXB0JTIwY2hhcnNldCUzRCUyMnV0Zi04JTIyJTIwdHlwZSUzRCUyMnRleHQlMkZqYXZhc2NyaXB0JTIyJTIwc3JjJTNEJTIyJTJGJTJGanMtZXUxLmhzZm9ybXMubmV0JTJGZm9ybXMlMkZlbWJlZCUyRnYyLmpzJTIyJTNFJTNDJTJGc2NyaXB0JTNFJTBBJTNDc2NyaXB0JTNFJTBBJTIwJTIwaGJzcHQuZm9ybXMuY3JlYXRlJTI4JTdCJTBBJTIwJTIwJTIwJTIwcG9ydGFsSWQlM0ElMjAlMjIxNDU4NTczOTMlMjIlMkMlMEElMjAlMjAlMjAlMjBmb3JtSWQlM0ElMjAlMjJjZmYwYWQyYS0zZjhiLTRlNzUtYWIwZi01MzE5NzVjY2I0MTMlMjIlMkMlMEElMjAlMjAlMjAlMjByZWdpb24lM0ElMjAlMjJldTElMjIlMEElMjAlMjAlN0QlMjklM0IlMEElM0MlMkZzY3JpcHQlM0U=[\/vc_raw_html][\/vc_column_inner][\/vc_row_inner][\/vc_column][\/vc_row][vc_row][vc_column][vc_empty_space height=&#8221;15px&#8221;][\/vc_column][\/vc_row]<\/p>\n","protected":false},"excerpt":{"rendered":"<p>[vc_row css=&#8221;.vc_custom_1614253351273{margin-top: 10px !important;}&#8221;][vc_column][vc_column_text css=&#8221;.vc_custom_1772533857364{padding-bottom: 10px !important;}&#8221;] Color dissenyat per a cada necessitat del PVC. [\/vc_column_text][vc_row_inner ts_responsive_css=&#8221;19871622|colbreak_no|||||100px||||colbreak_no|||||||||colbreak_no||||||||||colbreak_no|||||||||&#8221;][vc_column_inner width=&#8221;1\/2&#8243;][vc_single_image image=&#8221;20730&#8243; img_size=&#8221;full&#8221;][vc_column_text]Des de PVC r\u00edgid fins a flexible i reciclat, els nostres masterbatches ofereixen un rendiment de color net i reprodu\u00efble per a qualsevol aplicaci\u00f3. Sobredosificaci\u00f3 i llargs temps de neteja? Les formulacions a mida t\u2019ajuden a &hellip; <a href=\"https:\/\/deltatecnic.com\/ca\/pvc-industry\/\" class=\"more-link\" title=\"Continue reading <span class=\"screen-reader-text\">Color dissenyat per a cada necessitat del PVC.<\/span>&#8220;>Continue reading <span class=\"screen-reader-text\">Color dissenyat per a cada necessitat del PVC.<\/span><\/a><\/p>\n","protected":false},"author":61,"featured_media":0,"parent":0,"menu_order":0,"comment_status":"closed","ping_status":"closed","template":"","meta":{"content-type":"","footnotes":""},"class_list":["post-21332","page","type-page","status-publish","hentry"],"yoast_head":"<!-- This site is optimized with the Yoast SEO plugin v27.1.1 - https:\/\/yoast.com\/product\/yoast-seo-wordpress\/ -->\n<title>Cat\u00e0leg de Masterbatch de PVC | Solucions de color | Deltatecnic<\/title>\n<meta name=\"description\" content=\"Descarrega el cat\u00e0leg de Masterbatch de PVC i explora les solucions de color per a un rendiment consistent en totes les aplicacions de PVC.\" \/>\n<meta name=\"robots\" content=\"index, follow, max-snippet:-1, max-image-preview:large, max-video-preview:-1\" \/>\n<link rel=\"canonical\" href=\"https:\/\/deltatecnic.com\/ca\/pvc-industry\/\" \/>\n<meta property=\"og:locale\" content=\"ca_ES\" \/>\n<meta property=\"og:type\" content=\"article\" \/>\n<meta property=\"og:title\" content=\"Cat\u00e0leg de Masterbatch de PVC | Solucions de color | Deltatecnic\" \/>\n<meta property=\"og:description\" content=\"Descarrega el cat\u00e0leg de Masterbatch de PVC i explora les solucions de color per a un rendiment consistent en totes les aplicacions de PVC.\" \/>\n<meta property=\"og:url\" content=\"https:\/\/deltatecnic.com\/ca\/pvc-industry\/\" \/>\n<meta property=\"og:site_name\" content=\"Delta Tecnic\" \/>\n<meta property=\"article:modified_time\" content=\"2026-03-11T09:18:53+00:00\" \/>\n<meta name=\"twitter:card\" content=\"summary_large_image\" \/>\n<meta name=\"twitter:label1\" content=\"Temps estimat de lectura\" \/>\n\t<meta name=\"twitter:data1\" content=\"1 minut\" \/>\n<!-- \/ Yoast SEO plugin. -->","yoast_head_json":{"title":"Cat\u00e0leg de Masterbatch de PVC | Solucions de color | Deltatecnic","description":"Descarrega el cat\u00e0leg de Masterbatch de PVC i explora les solucions de color per a un rendiment consistent en totes les aplicacions de PVC.","robots":{"index":"index","follow":"follow","max-snippet":"max-snippet:-1","max-image-preview":"max-image-preview:large","max-video-preview":"max-video-preview:-1"},"canonical":"https:\/\/deltatecnic.com\/ca\/pvc-industry\/","og_locale":"ca_ES","og_type":"article","og_title":"Cat\u00e0leg de Masterbatch de PVC | Solucions de color | Deltatecnic","og_description":"Descarrega el cat\u00e0leg de Masterbatch de PVC i explora les solucions de color per a un rendiment consistent en totes les aplicacions de PVC.","og_url":"https:\/\/deltatecnic.com\/ca\/pvc-industry\/","og_site_name":"Delta Tecnic","article_modified_time":"2026-03-11T09:18:53+00:00","twitter_card":"summary_large_image","twitter_misc":{"Temps estimat de lectura":"1 minut"},"schema":{"@context":"https:\/\/schema.org","@graph":[{"@type":"WebPage","@id":"https:\/\/deltatecnic.com\/ca\/pvc-industry\/","url":"https:\/\/deltatecnic.com\/ca\/pvc-industry\/","name":"Cat\u00e0leg de Masterbatch de PVC | Solucions de color | Deltatecnic","isPartOf":{"@id":"https:\/\/deltatecnic.com\/ca\/#website"},"datePublished":"2026-02-02T09:00:49+00:00","dateModified":"2026-03-11T09:18:53+00:00","description":"Descarrega el cat\u00e0leg de Masterbatch de PVC i explora les solucions de color per a un rendiment consistent en totes les aplicacions de PVC.","breadcrumb":{"@id":"https:\/\/deltatecnic.com\/ca\/pvc-industry\/#breadcrumb"},"inLanguage":"ca","potentialAction":[{"@type":"ReadAction","target":["https:\/\/deltatecnic.com\/ca\/pvc-industry\/"]}]},{"@type":"BreadcrumbList","@id":"https:\/\/deltatecnic.com\/ca\/pvc-industry\/#breadcrumb","itemListElement":[{"@type":"ListItem","position":1,"name":"Inici","item":"https:\/\/deltatecnic.com\/ca\/"},{"@type":"ListItem","position":2,"name":"Color dissenyat per a cada necessitat del PVC."}]},{"@type":"WebSite","@id":"https:\/\/deltatecnic.com\/ca\/#website","url":"https:\/\/deltatecnic.com\/ca\/","name":"Delta Tecnic","description":"Bringing colour to life","potentialAction":[{"@type":"SearchAction","target":{"@type":"EntryPoint","urlTemplate":"https:\/\/deltatecnic.com\/ca\/?s={search_term_string}"},"query-input":{"@type":"PropertyValueSpecification","valueRequired":true,"valueName":"search_term_string"}}],"inLanguage":"ca"}]}},"_links":{"self":[{"href":"https:\/\/deltatecnic.com\/ca\/wp-json\/wp\/v2\/pages\/21332","targetHints":{"allow":["GET"]}}],"collection":[{"href":"https:\/\/deltatecnic.com\/ca\/wp-json\/wp\/v2\/pages"}],"about":[{"href":"https:\/\/deltatecnic.com\/ca\/wp-json\/wp\/v2\/types\/page"}],"author":[{"embeddable":true,"href":"https:\/\/deltatecnic.com\/ca\/wp-json\/wp\/v2\/users\/61"}],"replies":[{"embeddable":true,"href":"https:\/\/deltatecnic.com\/ca\/wp-json\/wp\/v2\/comments?post=21332"}],"version-history":[{"count":5,"href":"https:\/\/deltatecnic.com\/ca\/wp-json\/wp\/v2\/pages\/21332\/revisions"}],"predecessor-version":[{"id":21814,"href":"https:\/\/deltatecnic.com\/ca\/wp-json\/wp\/v2\/pages\/21332\/revisions\/21814"}],"wp:attachment":[{"href":"https:\/\/deltatecnic.com\/ca\/wp-json\/wp\/v2\/media?parent=21332"}],"curies":[{"name":"wp","href":"https:\/\/api.w.org\/{rel}","templated":true}]}}