{"id":21329,"date":"2026-01-30T10:32:29","date_gmt":"2026-01-30T09:32:29","guid":{"rendered":"https:\/\/deltatecnic.com\/colour-masterbatch-for-calendering-pvc\/"},"modified":"2026-03-11T10:44:53","modified_gmt":"2026-03-11T09:44:53","slug":"colour-masterbatch-for-calendering-pvc","status":"publish","type":"page","link":"https:\/\/deltatecnic.com\/ca\/colour-masterbatch-for-calendering-pvc\/","title":{"rendered":"Solucions de color optimitzades per al calandrat de PVC."},"content":{"rendered":"<p>[vc_row css=&#8221;.vc_custom_1614253351273{margin-top: 10px !important;}&#8221;][vc_column][vc_column_text]<\/p>\n<h1 style=\"font-size: 40px; line-height: 43px;\">Solucions de color optimitzades per al calandrat de PVC.<\/h1>\n<p>[\/vc_column_text][vc_row_inner ts_responsive_css=&#8221;19871622|colbreak_no|||||100px||||colbreak_no|||||||||colbreak_no||||||||||colbreak_no|||||||||&#8221;][vc_column_inner width=&#8221;1\/2&#8243;][vc_single_image image=&#8221;20750&#8243; img_size=&#8221;full&#8221;][vc_column_text]Accedeix al cat\u00e0leg per descobrir masterbatches dissenyats per a una producci\u00f3 de calandrat m\u00e9s neta, segura i eficient.<\/p>\n<p><strong>Variacions de color entre lots?<\/strong> Els cryopellets monopigment garanteixen consist\u00e8ncia entre lots i eliminen ajustos costosos.<br \/>\n<strong>Entorns amb pols i manipulaci\u00f3 insegura?<\/strong> Els masterbatches sense pols eviten part\u00edcules de pigment en suspensi\u00f3 per a instal\u00b7lacions m\u00e9s netes i segures.<br \/>\n<strong>P\u00e8rdua de temps en arrencades i ajustos?<\/strong> Les solucions de color llestes per utilitzar redueixen el malbaratament a l\u2019arrencada, i els turbo mixers poden reduir fins a un 80% el temps de neteja.<\/p>\n<p><strong>La desc\u00e0rrega inclou<\/strong>: Cat\u00e0leg digital (PDF) amb formats de <a href=\"https:\/\/deltatecnic.com\/ca\/\">masterbatch<\/a> i resultats d\u2019efici\u00e8ncia mesurables.<\/p>\n<p>[\/vc_column_text][\/vc_column_inner][vc_column_inner width=&#8221;1\/2&#8243;][vc_column_text css=&#8221;.vc_custom_1772533703877{padding-bottom: 10px !important;}&#8221;]<\/p>\n<p style=\"font-size: 25px; line-height: 30px;\">Completa el formulari per descarregar el cat\u00e0leg digital i explorar les nostres solucions en detall.<\/p>\n<p>[\/vc_column_text][vc_raw_html el_class=&#8221;catalogo-hub-form&#8221;]JTNDc2NyaXB0JTIwY2hhcnNldCUzRCUyMnV0Zi04JTIyJTIwdHlwZSUzRCUyMnRleHQlMkZqYXZhc2NyaXB0JTIyJTIwc3JjJTNEJTIyJTJGJTJGanMtZXUxLmhzZm9ybXMubmV0JTJGZm9ybXMlMkZlbWJlZCUyRnYyLmpzJTIyJTNFJTNDJTJGc2NyaXB0JTNFJTBBJTNDc2NyaXB0JTNFJTBBJTIwJTIwaGJzcHQuZm9ybXMuY3JlYXRlJTI4JTdCJTBBJTIwJTIwJTIwJTIwcG9ydGFsSWQlM0ElMjAlMjIxNDU4NTczOTMlMjIlMkMlMEElMjAlMjAlMjAlMjBmb3JtSWQlM0ElMjAlMjIwMzBkNTI2MS01YzI1LTQ2OWYtOGExYy0xNmNlZmY2MGVhNWYlMjIlMkMlMEElMjAlMjAlMjAlMjByZWdpb24lM0ElMjAlMjJldTElMjIlMEElMjAlMjAlN0QlMjklM0IlMEElM0MlMkZzY3JpcHQlM0U=[\/vc_raw_html][\/vc_column_inner][\/vc_row_inner][\/vc_column][\/vc_row][vc_row][vc_column][vc_empty_space height=&#8221;15px&#8221;][\/vc_column][\/vc_row]<\/p>\n","protected":false},"excerpt":{"rendered":"<p>[vc_row css=&#8221;.vc_custom_1614253351273{margin-top: 10px !important;}&#8221;][vc_column][vc_column_text] Solucions de color optimitzades per al calandrat de PVC. [\/vc_column_text][vc_row_inner ts_responsive_css=&#8221;19871622|colbreak_no|||||100px||||colbreak_no|||||||||colbreak_no||||||||||colbreak_no|||||||||&#8221;][vc_column_inner width=&#8221;1\/2&#8243;][vc_single_image image=&#8221;20750&#8243; img_size=&#8221;full&#8221;][vc_column_text]Accedeix al cat\u00e0leg per descobrir masterbatches dissenyats per a una producci\u00f3 de calandrat m\u00e9s neta, segura i eficient. Variacions de color entre lots? Els cryopellets monopigment garanteixen consist\u00e8ncia entre lots i eliminen ajustos costosos. Entorns amb pols i &hellip; <a href=\"https:\/\/deltatecnic.com\/ca\/colour-masterbatch-for-calendering-pvc\/\" class=\"more-link\" title=\"Continue reading <span class=\"screen-reader-text\">Solucions de color optimitzades per al calandrat de PVC.<\/span>&#8220;>Continue reading <span class=\"screen-reader-text\">Solucions de color optimitzades per al calandrat de PVC.<\/span><\/a><\/p>\n","protected":false},"author":58,"featured_media":0,"parent":0,"menu_order":0,"comment_status":"closed","ping_status":"closed","template":"","meta":{"content-type":"","footnotes":""},"class_list":["post-21329","page","type-page","status-publish","hentry"],"yoast_head":"<!-- This site is optimized with the Yoast SEO plugin v27.1.1 - https:\/\/yoast.com\/product\/yoast-seo-wordpress\/ -->\n<title>Cat\u00e0leg de Masterbatch de calandratge de PVC | Deltatecnic<\/title>\n<meta name=\"description\" content=\"Cat\u00e0leg de Masterbatch de calandratge de PVC amb solucions de color que redueixen el temps d&#039;inactivitat\" \/>\n<meta name=\"robots\" content=\"index, follow, max-snippet:-1, max-image-preview:large, max-video-preview:-1\" \/>\n<link rel=\"canonical\" href=\"https:\/\/deltatecnic.com\/ca\/colour-masterbatch-for-calendering-pvc\/\" \/>\n<meta property=\"og:locale\" content=\"ca_ES\" \/>\n<meta property=\"og:type\" content=\"article\" \/>\n<meta property=\"og:title\" content=\"Cat\u00e0leg de Masterbatch de calandratge de PVC | Deltatecnic\" \/>\n<meta property=\"og:description\" content=\"Cat\u00e0leg de Masterbatch de calandratge de PVC amb solucions de color que redueixen el temps d&#039;inactivitat\" \/>\n<meta property=\"og:url\" content=\"https:\/\/deltatecnic.com\/ca\/colour-masterbatch-for-calendering-pvc\/\" \/>\n<meta property=\"og:site_name\" content=\"Delta Tecnic\" \/>\n<meta property=\"article:modified_time\" content=\"2026-03-11T09:44:53+00:00\" \/>\n<meta name=\"twitter:card\" content=\"summary_large_image\" \/>\n<meta name=\"twitter:label1\" content=\"Temps estimat de lectura\" \/>\n\t<meta name=\"twitter:data1\" content=\"1 minut\" \/>\n<!-- \/ Yoast SEO plugin. -->","yoast_head_json":{"title":"Cat\u00e0leg de Masterbatch de calandratge de PVC | Deltatecnic","description":"Cat\u00e0leg de Masterbatch de calandratge de PVC amb solucions de color que redueixen el temps d'inactivitat","robots":{"index":"index","follow":"follow","max-snippet":"max-snippet:-1","max-image-preview":"max-image-preview:large","max-video-preview":"max-video-preview:-1"},"canonical":"https:\/\/deltatecnic.com\/ca\/colour-masterbatch-for-calendering-pvc\/","og_locale":"ca_ES","og_type":"article","og_title":"Cat\u00e0leg de Masterbatch de calandratge de PVC | Deltatecnic","og_description":"Cat\u00e0leg de Masterbatch de calandratge de PVC amb solucions de color que redueixen el temps d'inactivitat","og_url":"https:\/\/deltatecnic.com\/ca\/colour-masterbatch-for-calendering-pvc\/","og_site_name":"Delta Tecnic","article_modified_time":"2026-03-11T09:44:53+00:00","twitter_card":"summary_large_image","twitter_misc":{"Temps estimat de lectura":"1 minut"},"schema":{"@context":"https:\/\/schema.org","@graph":[{"@type":"WebPage","@id":"https:\/\/deltatecnic.com\/ca\/colour-masterbatch-for-calendering-pvc\/","url":"https:\/\/deltatecnic.com\/ca\/colour-masterbatch-for-calendering-pvc\/","name":"Cat\u00e0leg de Masterbatch de calandratge de PVC | Deltatecnic","isPartOf":{"@id":"https:\/\/deltatecnic.com\/ca\/#website"},"datePublished":"2026-01-30T09:32:29+00:00","dateModified":"2026-03-11T09:44:53+00:00","description":"Cat\u00e0leg de Masterbatch de calandratge de PVC amb solucions de color que redueixen el temps d'inactivitat","breadcrumb":{"@id":"https:\/\/deltatecnic.com\/ca\/colour-masterbatch-for-calendering-pvc\/#breadcrumb"},"inLanguage":"ca","potentialAction":[{"@type":"ReadAction","target":["https:\/\/deltatecnic.com\/ca\/colour-masterbatch-for-calendering-pvc\/"]}]},{"@type":"BreadcrumbList","@id":"https:\/\/deltatecnic.com\/ca\/colour-masterbatch-for-calendering-pvc\/#breadcrumb","itemListElement":[{"@type":"ListItem","position":1,"name":"Inici","item":"https:\/\/deltatecnic.com\/ca\/"},{"@type":"ListItem","position":2,"name":"Solucions de color optimitzades per al calandrat de PVC."}]},{"@type":"WebSite","@id":"https:\/\/deltatecnic.com\/ca\/#website","url":"https:\/\/deltatecnic.com\/ca\/","name":"Delta Tecnic","description":"Bringing colour to life","potentialAction":[{"@type":"SearchAction","target":{"@type":"EntryPoint","urlTemplate":"https:\/\/deltatecnic.com\/ca\/?s={search_term_string}"},"query-input":{"@type":"PropertyValueSpecification","valueRequired":true,"valueName":"search_term_string"}}],"inLanguage":"ca"}]}},"_links":{"self":[{"href":"https:\/\/deltatecnic.com\/ca\/wp-json\/wp\/v2\/pages\/21329","targetHints":{"allow":["GET"]}}],"collection":[{"href":"https:\/\/deltatecnic.com\/ca\/wp-json\/wp\/v2\/pages"}],"about":[{"href":"https:\/\/deltatecnic.com\/ca\/wp-json\/wp\/v2\/types\/page"}],"author":[{"embeddable":true,"href":"https:\/\/deltatecnic.com\/ca\/wp-json\/wp\/v2\/users\/58"}],"replies":[{"embeddable":true,"href":"https:\/\/deltatecnic.com\/ca\/wp-json\/wp\/v2\/comments?post=21329"}],"version-history":[{"count":4,"href":"https:\/\/deltatecnic.com\/ca\/wp-json\/wp\/v2\/pages\/21329\/revisions"}],"predecessor-version":[{"id":21740,"href":"https:\/\/deltatecnic.com\/ca\/wp-json\/wp\/v2\/pages\/21329\/revisions\/21740"}],"wp:attachment":[{"href":"https:\/\/deltatecnic.com\/ca\/wp-json\/wp\/v2\/media?parent=21329"}],"curies":[{"name":"wp","href":"https:\/\/api.w.org\/{rel}","templated":true}]}}