{"id":15623,"date":"2024-02-18T18:00:48","date_gmt":"2024-02-18T17:00:48","guid":{"rendered":"https:\/\/deltatecnic.com\/trading-cosmetics\/bioglitter-sili\/"},"modified":"2024-11-13T12:50:12","modified_gmt":"2024-11-13T11:50:12","slug":"bioglitter-sili","status":"publish","type":"page","link":"https:\/\/deltatecnic.com\/ca\/trading-cosmetics\/bioglitter-sili\/","title":{"rendered":"Bioglitter SILI"},"content":{"rendered":"<p>[vc_row][vc_column][vc_single_image image=&#8221;13114&#8243; img_size=&#8221;full&#8221;][vc_separator border_width=&#8221;2&#8243;][vc_row_inner][vc_column_inner width=&#8221;1\/2&#8243;][vc_single_image image=&#8221;15525&#8243; img_size=&#8221;full&#8221; onclick=&#8221;custom_link&#8221; img_link_target=&#8221;_blank&#8221; link=&#8221;https:\/\/www.bioglitter.com\/deco-bioglitter\/&#8221;][\/vc_column_inner][vc_column_inner width=&#8221;1\/2&#8243;][vc_single_image img_size=&#8221;large&#8221; alignment=&#8221;center&#8221; el_class=&#8221;amaga&#8221;][\/vc_column_inner][\/vc_row_inner][vc_column_text]<span style=\"font-weight: 600;\">Els productes Cosmetic <a href=\"https:\/\/deltatecnic.com\/ca\/trading-pigments\/bioglitter-sili\/\">Bioglitter<\/a><sup>\u00ae<\/sup> s\u00f3n lluentors de grau COSM\u00c8TIC mundialment reconeguts. Aquesta innovaci\u00f3 pionera en pigments de purpurina cosm\u00e8tics ecol\u00f2gics est\u00e0 dissenyada per a biodegradarse de manera r\u00e0pida i segura en entorns naturals d&#8217;aigua dol\u00e7a. Cosmetic Bioglitter<sup>\u00ae<\/sup>: estableix nous est\u00e0ndards en efectes de lluentor <a href=\"https:\/\/deltatecnic.com\/ca\/trading-cosmetics\/\">cosm\u00e8tica<\/a> segurs i ecol\u00f2gics.<br \/>\n<\/span>[\/vc_column_text][\/vc_column][\/vc_row]<\/p>\n","protected":false},"excerpt":{"rendered":"<p>[vc_row][vc_column][vc_single_image image=&#8221;13114&#8243; img_size=&#8221;full&#8221;][vc_separator border_width=&#8221;2&#8243;][vc_row_inner][vc_column_inner width=&#8221;1\/2&#8243;][vc_single_image image=&#8221;15525&#8243; img_size=&#8221;full&#8221; onclick=&#8221;custom_link&#8221; img_link_target=&#8221;_blank&#8221; link=&#8221;https:\/\/www.bioglitter.com\/deco-bioglitter\/&#8221;][\/vc_column_inner][vc_column_inner width=&#8221;1\/2&#8243;][vc_single_image img_size=&#8221;large&#8221; alignment=&#8221;center&#8221; el_class=&#8221;amaga&#8221;][\/vc_column_inner][\/vc_row_inner][vc_column_text]Els productes Cosmetic Bioglitter\u00ae s\u00f3n lluentors de grau COSM\u00c8TIC mundialment reconeguts. Aquesta innovaci\u00f3 pionera en pigments de purpurina cosm\u00e8tics ecol\u00f2gics est\u00e0 dissenyada per a biodegradarse de manera r\u00e0pida i segura en entorns naturals d&#8217;aigua dol\u00e7a. Cosmetic Bioglitter\u00ae: estableix nous est\u00e0ndards en efectes &hellip; <a href=\"https:\/\/deltatecnic.com\/ca\/trading-cosmetics\/bioglitter-sili\/\" class=\"more-link\" title=\"Continue reading <span class=\"screen-reader-text\">Bioglitter SILI<\/span>&#8220;>Continue reading <span class=\"screen-reader-text\">Bioglitter SILI<\/span><\/a><\/p>\n","protected":false},"author":1,"featured_media":0,"parent":11835,"menu_order":0,"comment_status":"closed","ping_status":"closed","template":"","meta":{"content-type":"","footnotes":""},"class_list":["post-15623","page","type-page","status-publish","hentry"],"yoast_head":"<!-- This site is optimized with the Yoast SEO plugin v27.1.1 - https:\/\/yoast.com\/product\/yoast-seo-wordpress\/ -->\n<title>Bioglitter SILI - Delta Tecnic<\/title>\n<meta name=\"robots\" content=\"index, follow, max-snippet:-1, max-image-preview:large, max-video-preview:-1\" \/>\n<link rel=\"canonical\" href=\"https:\/\/deltatecnic.com\/ca\/trading-cosmetics\/bioglitter-sili\/\" \/>\n<meta property=\"og:locale\" content=\"ca_ES\" \/>\n<meta property=\"og:type\" content=\"article\" \/>\n<meta property=\"og:title\" content=\"Bioglitter SILI - Delta Tecnic\" \/>\n<meta property=\"og:description\" content=\"[vc_row][vc_column][vc_single_image image=&#8221;13114&#8243; img_size=&#8221;full&#8221;][vc_separator border_width=&#8221;2&#8243;][vc_row_inner][vc_column_inner width=&#8221;1\/2&#8243;][vc_single_image image=&#8221;15525&#8243; img_size=&#8221;full&#8221; onclick=&#8221;custom_link&#8221; img_link_target=&#8221;_blank&#8221; link=&#8221;https:\/\/www.bioglitter.com\/deco-bioglitter\/&#8221;][\/vc_column_inner][vc_column_inner width=&#8221;1\/2&#8243;][vc_single_image img_size=&#8221;large&#8221; alignment=&#8221;center&#8221; el_class=&#8221;amaga&#8221;][\/vc_column_inner][\/vc_row_inner][vc_column_text]Els productes Cosmetic Bioglitter\u00ae s\u00f3n lluentors de grau COSM\u00c8TIC mundialment reconeguts. Aquesta innovaci\u00f3 pionera en pigments de purpurina cosm\u00e8tics ecol\u00f2gics est\u00e0 dissenyada per a biodegradarse de manera r\u00e0pida i segura en entorns naturals d&#8217;aigua dol\u00e7a. Cosmetic Bioglitter\u00ae: estableix nous est\u00e0ndards en efectes &hellip; Continue reading Bioglitter SILI\" \/>\n<meta property=\"og:url\" content=\"https:\/\/deltatecnic.com\/ca\/trading-cosmetics\/bioglitter-sili\/\" \/>\n<meta property=\"og:site_name\" content=\"Delta Tecnic\" \/>\n<meta property=\"article:modified_time\" content=\"2024-11-13T11:50:12+00:00\" \/>\n<meta name=\"twitter:card\" content=\"summary_large_image\" \/>\n<meta name=\"twitter:label1\" content=\"Temps estimat de lectura\" \/>\n\t<meta name=\"twitter:data1\" content=\"1 minut\" \/>\n<!-- \/ Yoast SEO plugin. -->","yoast_head_json":{"title":"Bioglitter SILI - Delta Tecnic","robots":{"index":"index","follow":"follow","max-snippet":"max-snippet:-1","max-image-preview":"max-image-preview:large","max-video-preview":"max-video-preview:-1"},"canonical":"https:\/\/deltatecnic.com\/ca\/trading-cosmetics\/bioglitter-sili\/","og_locale":"ca_ES","og_type":"article","og_title":"Bioglitter SILI - Delta Tecnic","og_description":"[vc_row][vc_column][vc_single_image image=&#8221;13114&#8243; img_size=&#8221;full&#8221;][vc_separator border_width=&#8221;2&#8243;][vc_row_inner][vc_column_inner width=&#8221;1\/2&#8243;][vc_single_image image=&#8221;15525&#8243; img_size=&#8221;full&#8221; onclick=&#8221;custom_link&#8221; img_link_target=&#8221;_blank&#8221; link=&#8221;https:\/\/www.bioglitter.com\/deco-bioglitter\/&#8221;][\/vc_column_inner][vc_column_inner width=&#8221;1\/2&#8243;][vc_single_image img_size=&#8221;large&#8221; alignment=&#8221;center&#8221; el_class=&#8221;amaga&#8221;][\/vc_column_inner][\/vc_row_inner][vc_column_text]Els productes Cosmetic Bioglitter\u00ae s\u00f3n lluentors de grau COSM\u00c8TIC mundialment reconeguts. Aquesta innovaci\u00f3 pionera en pigments de purpurina cosm\u00e8tics ecol\u00f2gics est\u00e0 dissenyada per a biodegradarse de manera r\u00e0pida i segura en entorns naturals d&#8217;aigua dol\u00e7a. Cosmetic Bioglitter\u00ae: estableix nous est\u00e0ndards en efectes &hellip; Continue reading Bioglitter SILI","og_url":"https:\/\/deltatecnic.com\/ca\/trading-cosmetics\/bioglitter-sili\/","og_site_name":"Delta Tecnic","article_modified_time":"2024-11-13T11:50:12+00:00","twitter_card":"summary_large_image","twitter_misc":{"Temps estimat de lectura":"1 minut"},"schema":{"@context":"https:\/\/schema.org","@graph":[{"@type":"WebPage","@id":"https:\/\/deltatecnic.com\/ca\/trading-cosmetics\/bioglitter-sili\/","url":"https:\/\/deltatecnic.com\/ca\/trading-cosmetics\/bioglitter-sili\/","name":"Bioglitter SILI - Delta Tecnic","isPartOf":{"@id":"https:\/\/deltatecnic.com\/ca\/#website"},"datePublished":"2024-02-18T17:00:48+00:00","dateModified":"2024-11-13T11:50:12+00:00","breadcrumb":{"@id":"https:\/\/deltatecnic.com\/ca\/trading-cosmetics\/bioglitter-sili\/#breadcrumb"},"inLanguage":"ca","potentialAction":[{"@type":"ReadAction","target":["https:\/\/deltatecnic.com\/ca\/trading-cosmetics\/bioglitter-sili\/"]}]},{"@type":"BreadcrumbList","@id":"https:\/\/deltatecnic.com\/ca\/trading-cosmetics\/bioglitter-sili\/#breadcrumb","itemListElement":[{"@type":"ListItem","position":1,"name":"Inici","item":"https:\/\/deltatecnic.com\/ca\/"},{"@type":"ListItem","position":2,"name":"Trading Cosmetics","item":"https:\/\/deltatecnic.com\/ca\/trading-cosmetics\/"},{"@type":"ListItem","position":3,"name":"Bioglitter SILI"}]},{"@type":"WebSite","@id":"https:\/\/deltatecnic.com\/ca\/#website","url":"https:\/\/deltatecnic.com\/ca\/","name":"Delta Tecnic","description":"Bringing colour to life","potentialAction":[{"@type":"SearchAction","target":{"@type":"EntryPoint","urlTemplate":"https:\/\/deltatecnic.com\/ca\/?s={search_term_string}"},"query-input":{"@type":"PropertyValueSpecification","valueRequired":true,"valueName":"search_term_string"}}],"inLanguage":"ca"}]}},"_links":{"self":[{"href":"https:\/\/deltatecnic.com\/ca\/wp-json\/wp\/v2\/pages\/15623","targetHints":{"allow":["GET"]}}],"collection":[{"href":"https:\/\/deltatecnic.com\/ca\/wp-json\/wp\/v2\/pages"}],"about":[{"href":"https:\/\/deltatecnic.com\/ca\/wp-json\/wp\/v2\/types\/page"}],"author":[{"embeddable":true,"href":"https:\/\/deltatecnic.com\/ca\/wp-json\/wp\/v2\/users\/1"}],"replies":[{"embeddable":true,"href":"https:\/\/deltatecnic.com\/ca\/wp-json\/wp\/v2\/comments?post=15623"}],"version-history":[{"count":0,"href":"https:\/\/deltatecnic.com\/ca\/wp-json\/wp\/v2\/pages\/15623\/revisions"}],"up":[{"embeddable":true,"href":"https:\/\/deltatecnic.com\/ca\/wp-json\/wp\/v2\/pages\/11835"}],"wp:attachment":[{"href":"https:\/\/deltatecnic.com\/ca\/wp-json\/wp\/v2\/media?parent=15623"}],"curies":[{"name":"wp","href":"https:\/\/api.w.org\/{rel}","templated":true}]}}