{"id":15581,"date":"2024-02-18T11:26:53","date_gmt":"2024-02-18T10:26:53","guid":{"rendered":"https:\/\/deltatecnic.com\/trading-pigments\/g-j\/"},"modified":"2024-03-25T11:33:25","modified_gmt":"2024-03-25T10:33:25","slug":"gandj","status":"publish","type":"page","link":"https:\/\/deltatecnic.com\/ca\/trading-pigments\/gandj\/","title":{"rendered":"G &amp; J"},"content":{"rendered":"<p>[vc_row][vc_column][vc_single_image image=&#8221;13119&#8243; img_size=&#8221;full&#8221;][vc_separator border_width=&#8221;2&#8243;][vc_row_inner][vc_column_inner width=&#8221;1\/2&#8243;][vc_single_image image=&#8221;15576&#8243; img_size=&#8221;full&#8221; onclick=&#8221;custom_link&#8221; img_link_target=&#8221;_blank&#8221; link=&#8221;http:\/\/www.gandjresources.com\/&#8221;][\/vc_column_inner][vc_column_inner width=&#8221;1\/2&#8243;][vc_single_image img_size=&#8221;large&#8221; alignment=&#8221;center&#8221; el_class=&#8221;amaga&#8221;][\/vc_column_inner][\/vc_row_inner][vc_column_text]Pigments de di\u00f2xid de titani vers\u00e0tils. G&amp;J s&#8217;ha convertit r\u00e0pidament en un dels principals fabricants de di\u00f2xid de titani (TiO2) mitjan\u00e7ant el proc\u00e9s de clorur i mostra els seus pigments vers\u00e0tils. TYR-588 \u00e9s un pigment de di\u00f2xid de titani (TiO2) de tipus r\u00fatil produ\u00eft mitjan\u00e7ant un proc\u00e9s de clorur i recobert amb Al2O3, ZrO2 i un tractament org\u00e0nic especial.<\/p>\n<p>Aquest pigment vers\u00e0til ha estat dissenyat per a formuladors que busquen una \u00fanica varietat de TiO2 que pugui usar-se en una \u00e0mplia gamma d&#8217;aplicacions, tant en sistemes aquosos com en base solvent.[\/vc_column_text][\/vc_column][\/vc_row]<\/p>\n","protected":false},"excerpt":{"rendered":"<p>[vc_row][vc_column][vc_single_image image=&#8221;13119&#8243; img_size=&#8221;full&#8221;][vc_separator border_width=&#8221;2&#8243;][vc_row_inner][vc_column_inner width=&#8221;1\/2&#8243;][vc_single_image image=&#8221;15576&#8243; img_size=&#8221;full&#8221; onclick=&#8221;custom_link&#8221; img_link_target=&#8221;_blank&#8221; link=&#8221;http:\/\/www.gandjresources.com\/&#8221;][\/vc_column_inner][vc_column_inner width=&#8221;1\/2&#8243;][vc_single_image img_size=&#8221;large&#8221; alignment=&#8221;center&#8221; el_class=&#8221;amaga&#8221;][\/vc_column_inner][\/vc_row_inner][vc_column_text]Pigments de di\u00f2xid de titani vers\u00e0tils. G&amp;J s&#8217;ha convertit r\u00e0pidament en un dels principals fabricants de di\u00f2xid de titani (TiO2) mitjan\u00e7ant el proc\u00e9s de clorur i mostra els seus pigments vers\u00e0tils. TYR-588 \u00e9s un pigment de di\u00f2xid de titani (TiO2) de tipus &hellip; <a href=\"https:\/\/deltatecnic.com\/ca\/trading-pigments\/gandj\/\" class=\"more-link\" title=\"Continue reading <span class=\"screen-reader-text\">G &amp; J<\/span>&#8220;>Continue reading <span class=\"screen-reader-text\">G &amp; J<\/span><\/a><\/p>\n","protected":false},"author":1,"featured_media":0,"parent":11785,"menu_order":0,"comment_status":"closed","ping_status":"closed","template":"","meta":{"content-type":"","footnotes":""},"class_list":["post-15581","page","type-page","status-publish","hentry"],"yoast_head":"<!-- This site is optimized with the Yoast SEO plugin v27.1.1 - https:\/\/yoast.com\/product\/yoast-seo-wordpress\/ -->\n<title>G &amp; J | Especialistes en Pigments de Color i efectes<\/title>\n<meta name=\"description\" content=\"Q&amp;J en un dels principals fabricants de di\u00f2xid de titani (TiO2) mitjan\u00e7ant el proc\u00e9s de clorur, G&amp;J mostra els seus pigments vers\u00e0tils.\" \/>\n<meta name=\"robots\" content=\"index, follow, max-snippet:-1, max-image-preview:large, max-video-preview:-1\" \/>\n<link rel=\"canonical\" href=\"https:\/\/deltatecnic.com\/ca\/trading-pigments\/gandj\/\" \/>\n<meta property=\"og:locale\" content=\"ca_ES\" \/>\n<meta property=\"og:type\" content=\"article\" \/>\n<meta property=\"og:title\" content=\"G &amp; J | Especialistes en Pigments de Color i efectes\" \/>\n<meta property=\"og:description\" content=\"Q&amp;J en un dels principals fabricants de di\u00f2xid de titani (TiO2) mitjan\u00e7ant el proc\u00e9s de clorur, G&amp;J mostra els seus pigments vers\u00e0tils.\" \/>\n<meta property=\"og:url\" content=\"https:\/\/deltatecnic.com\/ca\/trading-pigments\/gandj\/\" \/>\n<meta property=\"og:site_name\" content=\"Delta Tecnic\" \/>\n<meta property=\"article:modified_time\" content=\"2024-03-25T10:33:25+00:00\" \/>\n<meta name=\"twitter:card\" content=\"summary_large_image\" \/>\n<meta name=\"twitter:label1\" content=\"Temps estimat de lectura\" \/>\n\t<meta name=\"twitter:data1\" content=\"1 minut\" \/>\n<!-- \/ Yoast SEO plugin. -->","yoast_head_json":{"title":"G & J | Especialistes en Pigments de Color i efectes","description":"Q&J en un dels principals fabricants de di\u00f2xid de titani (TiO2) mitjan\u00e7ant el proc\u00e9s de clorur, G&J mostra els seus pigments vers\u00e0tils.","robots":{"index":"index","follow":"follow","max-snippet":"max-snippet:-1","max-image-preview":"max-image-preview:large","max-video-preview":"max-video-preview:-1"},"canonical":"https:\/\/deltatecnic.com\/ca\/trading-pigments\/gandj\/","og_locale":"ca_ES","og_type":"article","og_title":"G & J | Especialistes en Pigments de Color i efectes","og_description":"Q&J en un dels principals fabricants de di\u00f2xid de titani (TiO2) mitjan\u00e7ant el proc\u00e9s de clorur, G&J mostra els seus pigments vers\u00e0tils.","og_url":"https:\/\/deltatecnic.com\/ca\/trading-pigments\/gandj\/","og_site_name":"Delta Tecnic","article_modified_time":"2024-03-25T10:33:25+00:00","twitter_card":"summary_large_image","twitter_misc":{"Temps estimat de lectura":"1 minut"},"schema":{"@context":"https:\/\/schema.org","@graph":[{"@type":"WebPage","@id":"https:\/\/deltatecnic.com\/ca\/trading-pigments\/gandj\/","url":"https:\/\/deltatecnic.com\/ca\/trading-pigments\/gandj\/","name":"G & J | Especialistes en Pigments de Color i efectes","isPartOf":{"@id":"https:\/\/deltatecnic.com\/ca\/#website"},"datePublished":"2024-02-18T10:26:53+00:00","dateModified":"2024-03-25T10:33:25+00:00","description":"Q&J en un dels principals fabricants de di\u00f2xid de titani (TiO2) mitjan\u00e7ant el proc\u00e9s de clorur, G&J mostra els seus pigments vers\u00e0tils.","breadcrumb":{"@id":"https:\/\/deltatecnic.com\/ca\/trading-pigments\/gandj\/#breadcrumb"},"inLanguage":"ca","potentialAction":[{"@type":"ReadAction","target":["https:\/\/deltatecnic.com\/ca\/trading-pigments\/gandj\/"]}]},{"@type":"BreadcrumbList","@id":"https:\/\/deltatecnic.com\/ca\/trading-pigments\/gandj\/#breadcrumb","itemListElement":[{"@type":"ListItem","position":1,"name":"Inici","item":"https:\/\/deltatecnic.com\/ca\/"},{"@type":"ListItem","position":2,"name":"Comer\u00e7 de pigments","item":"https:\/\/deltatecnic.com\/ca\/trading-pigments\/"},{"@type":"ListItem","position":3,"name":"G &amp; J"}]},{"@type":"WebSite","@id":"https:\/\/deltatecnic.com\/ca\/#website","url":"https:\/\/deltatecnic.com\/ca\/","name":"Delta Tecnic","description":"Bringing colour to life","potentialAction":[{"@type":"SearchAction","target":{"@type":"EntryPoint","urlTemplate":"https:\/\/deltatecnic.com\/ca\/?s={search_term_string}"},"query-input":{"@type":"PropertyValueSpecification","valueRequired":true,"valueName":"search_term_string"}}],"inLanguage":"ca"}]}},"_links":{"self":[{"href":"https:\/\/deltatecnic.com\/ca\/wp-json\/wp\/v2\/pages\/15581","targetHints":{"allow":["GET"]}}],"collection":[{"href":"https:\/\/deltatecnic.com\/ca\/wp-json\/wp\/v2\/pages"}],"about":[{"href":"https:\/\/deltatecnic.com\/ca\/wp-json\/wp\/v2\/types\/page"}],"author":[{"embeddable":true,"href":"https:\/\/deltatecnic.com\/ca\/wp-json\/wp\/v2\/users\/1"}],"replies":[{"embeddable":true,"href":"https:\/\/deltatecnic.com\/ca\/wp-json\/wp\/v2\/comments?post=15581"}],"version-history":[{"count":0,"href":"https:\/\/deltatecnic.com\/ca\/wp-json\/wp\/v2\/pages\/15581\/revisions"}],"up":[{"embeddable":true,"href":"https:\/\/deltatecnic.com\/ca\/wp-json\/wp\/v2\/pages\/11785"}],"wp:attachment":[{"href":"https:\/\/deltatecnic.com\/ca\/wp-json\/wp\/v2\/media?parent=15581"}],"curies":[{"name":"wp","href":"https:\/\/api.w.org\/{rel}","templated":true}]}}