{"id":12448,"date":"2021-06-11T13:34:53","date_gmt":"2021-06-11T11:34:53","guid":{"rendered":"https:\/\/deltatecnic.com\/avis-legal\/"},"modified":"2025-07-21T08:22:12","modified_gmt":"2025-07-21T06:22:12","slug":"avis-legal","status":"publish","type":"page","link":"https:\/\/deltatecnic.com\/ca\/avis-legal\/","title":{"rendered":"Av\u00eds legal"},"content":{"rendered":"<p>[vc_row][vc_column][vc_column_text]<\/p>\n<h1 style=\"text-align: center;\">AVISO LEGAL<\/h1>\n<p><b>\u00daltima actualizaci\u00f3n:<\/b> 15 de julio de 2025<\/p>\n<p>El sitio web<b> <\/b>www.deltatecnic.com (en adelante, la \u201c<b>Web<\/b>\u201d) pertenece a <b>DELTA TECNIC, S.A.U. <\/b>(en adelante, \u201c<b>DELTA TECNIC<\/b>\u201d) NIF A08704520, domicilio social en PI Mol\u00ed de les Planes, c\/ Mont Llorer n\u00ba 2, 08470, Sant Celoni, BARCELONA, correo electr\u00f3nico de contacto protecciodades@deltatecnic.com y tel\u00e9fono 938674284, debidamente inscrita en el Registro Mercantil de Barcelona en la Secci\u00f3n 8, Hoja B 61242, Inscripci\u00f3n 1, de acuerdo con las la obligaciones previstas en la Ley 34\/2002, de 11 de julio, de Servicios de la Sociedad de la Informaci\u00f3n y de Comercio Electr\u00f3nico (en adelante, la \u201c<b>LSSICE<\/b>\u201d).<\/p>\n<p>El usuario se compromete a utilizar la Web, as\u00ed como los servicios y los contenidos alojados en la misma de acuerdo con el presente aviso legal (en adelante, el \u201c<b>Aviso Legal<\/b>\u201d) y bajo su \u00fanica y exclusiva responsabilidad.<\/p>\n<h3>1. Identificaci\u00f3n de las Partes<\/h3>\n<p>El Aviso Legal est\u00e1 suscrito, de una parte, por DELTA TECNIC<b> <\/b> y, de otra, por el usuario final interesado en los servicios ofrecidos a trav\u00e9s de la Web (en adelante, el \u201c<b>Usuario<\/b>\u201d) cuyos datos de car\u00e1cter personal son los que \u00e9ste ha facilitado a la Web y\/o la derivada de la relaci\u00f3n previa con DELTA TECNIC.<\/p>\n<p>El acceso y\/o uso de esta Web atribuye a la persona la condici\u00f3n de Usuario, quien acepta, desde dicho acceso y\/o uso, el Aviso Legal y los t\u00e9rminos y condiciones de uso aqu\u00ed reflejados.<\/p>\n<h3>2. Objeto y \u00e1mbito de aplicaci\u00f3n<\/h3>\n<p>El presente Aviso Legal regula el acceso, navegaci\u00f3n y utilizaci\u00f3n de la Web por parte del Usuario.<\/p>\n<p>Al acceder y\/o usar la Web, el Usuario acepta los t\u00e9rminos y condiciones de uso de DELTA TECNIC y lo ejecuta bajo su propio riesgo. El Usuario se compromete a utilizar los contenidos, informaci\u00f3n y datos de la Web de conformidad con el presente Aviso Legal, con el resto de las pol\u00edticas accesibles a trav\u00e9s de la Web, con la normativa de aplicaci\u00f3n, con las buenas costumbres generalmente aceptadas y con el orden p\u00fablico.<\/p>\n<h3>3. Disponibilidad de la Web<\/h3>\n<p>La Web est\u00e1 disponible para todos los Usuarios que cuenten con acceso a internet.<\/p>\n<p>DELTA TECNIC hace todo lo posible para que la Web est\u00e9 disponible en todo momento. No obstante, el acceso a la Web se realiza a trav\u00e9s de conexi\u00f3n a internet, de manera que la calidad y disponibilidad de la misma puede verse alterada por factores ajenos al control responsable de DELTA TECNIC.<\/p>\n<p>DELTA TECNIC no se hace responsable de la no disponibilidad de la Web, de la imposibilidad y\/o dificultades de descarga o acceso al contenido, ni de ning\u00fan otro fallo en el sistema de comunicaci\u00f3n que pudiera provocar su no disponibilidad.<\/p>\n<h3>4. Acceso y Uso de la Web<\/h3>\n<h4>4.1. Acceso a la Web<\/h4>\n<p>El acceso y el uso de la Web es gratuito, salvo en lo relativo al coste de la conexi\u00f3n a trav\u00e9s de la red de telecomunicaciones suministrada por el proveedor de acceso contratado por cada Usuario.<\/p>\n<p>El acceso a la Web, as\u00ed como, el uso no consentido que pueda efectuarse de la informaci\u00f3n contenida en la misma es de la exclusiva responsabilidad de quien lo realiza.<\/p>\n<h4>4.2. Uso de la Web<\/h4>\n<p>El Usuario asume la responsabilidad del uso de la Web.<\/p>\n<p>DELTA TECNIC no responder\u00e1 de ninguna consecuencia, da\u00f1o o perjuicio que pudiera derivarse de dicho acceso, uso o del incumplimiento del presente Aviso Legal, ni se har\u00e1 responsable de los errores de seguridad que se puedan producir ni de los da\u00f1os que puedan causarse al sistema inform\u00e1tico y\/o sistema operativo m\u00f3vil del Usuario (<i>hardware<\/i> y <i>software<\/i>) o a los ficheros o documentos almacenados en el mismo como consecuencia de: (i) la presencia de un virus en el dispositivo del Usuario que sea utilizado para la conexi\u00f3n a los servicios y\/o productos ofrecidos por DELTA TECNIC a trav\u00e9s de la Web; (ii) un mal funcionamiento del navegador; y (iii) el uso de versiones no actualizadas del mismo.<\/p>\n<h3>5. Reglas de Uso de la Web para Usuarios<\/h3>\n<p>DELTA TECNIC se reserva el derecho a bloquear el acceso al Usuario, pudiendo proceder a la resoluci\u00f3n del presente contrato. Especialmente, podr\u00e1 realizarse el bloqueo como Usuario en caso de detectar el incumplimiento de cualquiera de las obligaciones contractuales contra\u00eddas en el presente acto, as\u00ed como en caso de observar un uso de la Web contrario al presente Aviso Legal, la Pol\u00edtica de Privacidad, Pol\u00edtica de Cookies y\/o los usos de buena fe aceptados en el sector.<\/p>\n<p>En este sentido, el Usuario se compromete a:<\/p>\n<ul>\n<li>Facilitar informaci\u00f3n veraz sobre los datos solicitados en los formularios facilitados por DELTA TECNIC para el acceso a ciertos contenidos o servicios ofrecidos a trav\u00e9s de la Web y a mantenerlos actualizados. DELTA TECNIC se reserva la facultad, sin perjuicio de otras medidas legales a su disposici\u00f3n, de retirar, denegar o suspender el acceso a la Web, en caso de que los datos proporcionados sean o puedan ser falsos, inexactos o enga\u00f1osos. En cualquier caso, el Usuario ser\u00e1 plenamente responsable de aquellos datos o contenidos que transmita o comunique a DELTA TECNIC.<b> <\/b> En este sentido, el Usuario asume la responsabilidad por los da\u00f1os y perjuicios que pudieran derivarse de un uso indebido de los mismos.<\/li>\n<li>No utilizar la Web o cualquiera de los elementos que la integren, para desarrollar operaciones de tiempo compartido, constituirse en proveedor de servicios de aplicaciones <i>software <\/i> en la medida en que estuvieren orientados a hacer posible el acceso de terceros a la plataforma o a cualquiera de sus componentes, a trav\u00e9s de operaciones de alquiler, servicios administrativos o cualesquiera otros de an\u00e1loga consideraci\u00f3n, comparti\u00e9ndolos o poni\u00e9ndolos a disposici\u00f3n de terceros.<\/li>\n<li>No usar la Web para recoger datos de car\u00e1cter personal de otros Usuarios.<\/li>\n<li>No utilizar la Web como sistema de gesti\u00f3n e intercambio de informaci\u00f3n y\/o documentaci\u00f3n ilegal, contraria a la moral o el orden p\u00fablico, contraria a los derechos de autor y\/o de propiedad industrial.<\/li>\n<li>No realizar actos de ingenier\u00eda inversa, toma de requisitos y dem\u00e1s actividades orientadas a desarrollar una plataforma online id\u00e9ntica o semejante a la puesta a disposici\u00f3n por parte de DELTA TECNIC, pudiendo ser considerada esta actividad como un acto de competencia desleal y vulneraci\u00f3n de los derechos de propiedad intelectual e industrial que DELTA TECNIC<b> <\/b> ostenta sobre la Web.<\/li>\n<li>No someter a la Web a cargas de trabajo que vayan claramente orientadas a la desestabilizaci\u00f3n de la misma, encontr\u00e1ndose entre ellas ataques de denegaci\u00f3n de servicios (DDoS) o situaciones semejantes. En caso de detectarse este tipo de situaciones, el nivel de servicio anteriormente indicado no ser\u00e1 de aplicaci\u00f3n, siendo considerada una situaci\u00f3n de emergencia.<\/li>\n<li>No retirar, suprimir, alterar, manipular ni en modo alguno modificar aquellas notas, leyendas, indicaciones o s\u00edmbolos que DELTA TECNIC,<b> <\/b> como leg\u00edtimo titular de los derechos, incorpore a sus propiedades en materia de propiedad intelectual o industrial (por ejemplo, <i>copyright<\/i>, \u00a9, \u00ae y TM), ya fuera en la propia plataforma como en el material asociado.<\/li>\n<li>No provocar da\u00f1os en los sistemas f\u00edsicos y l\u00f3gicos de<b> <\/b> DELTA TECNIC, de sus proveedores o de terceras personas; introducir o difundir virus inform\u00e1ticos o cualesquiera otros sistemas f\u00edsicos o l\u00f3gicos que sean susceptibles de provocar los da\u00f1os anteriormente mencionados.<\/li>\n<li>Poner en conocimiento de DELTA TECNIC cualquier hecho o situaci\u00f3n que hubiera ocurrido que pudiera poner en riesgo la seguridad en el acceso por parte de los usuarios autorizados.<\/li>\n<li>No impedir el normal desarrollo de un evento, concurso, promoci\u00f3n o cualquier otra actividad disponible a trav\u00e9s de la Web, ya sea alterando o tratando de alterar, ilegalmente o de cualquier otra forma, el acceso, participaci\u00f3n o funcionamiento de aqu\u00e9llos, o falseando el resultado de los mismos y\/o utilizando m\u00e9todos de participaci\u00f3n fraudulentos, mediante cualquier procedimiento, y\/o a trav\u00e9s de cualquier pr\u00e1ctica que atente o vulnere en modo alguno el presente Aviso Legal.<\/li>\n<li>Abstenerse de utilizar los contenidos de la Web con fines o efectos il\u00edcitos, prohibidos o contrarios a los aqu\u00ed establecidos, lesivos de los derechos e intereses de<b> <\/b> DELTA TECNIC, de los dem\u00e1s usuarios, de terceros o que de cualquier forma puedan da\u00f1ar, inutilizar, sobrecargar o deteriorar la presente Web o impedir la normal utilizaci\u00f3n o disfrute de la misma por parte de los usuarios.<\/li>\n<li>Abstenerse a forzar fallos o brechas de seguridad en la Web.<\/li>\n<\/ul>\n<h3>6. Enlaces a otros sitios web<\/h3>\n<p>El presente Aviso Legal no se aplica a los enlaces y\/o sitios web de terceros a los que se pueda acceder a trav\u00e9s de la Web. Tampoco son aplicables a los sitios web de terceros la Pol\u00edtica de Privacidad y la Pol\u00edtica de Cookies presentes en la Web.<\/p>\n<p>En caso de acceder a otras redes o recursos inform\u00e1ticos, el Usuario acepta someterse a lo dispuesto en las correspondientes pol\u00edticas de privacidad. En consecuencia, DELTA TECNIC no se responsabiliza ni del contenido ni de las medidas de seguridad adoptadas por los mismos.<\/p>\n<p>Asimismo, tampoco se garantiza la ausencia de virus u otros elementos de los contenidos enlazados desde la Web que puedan producir alteraciones en el sistema inform\u00e1tico (<i>hardware<\/i> y <i>software<\/i>) en los documentos o los ficheros del Usuario, excluyendo a<b> <\/b> DELTA TECNIC de cualquier responsabilidad derivada de los da\u00f1os de cualquier \u00edndole ocasionados por todo lo anterior.<\/p>\n<p>En todo caso, DELTA TECNIC proceder\u00e1 a la retirada inmediata de cualquier enlace cuando los contenidos hacia los que redirige puedan contravenir la legislaci\u00f3n nacional o internacional, la moral o el orden p\u00fablico. Igualmente, la inclusi\u00f3n de estas conexiones externas no implicar\u00e1 ning\u00fan tipo de asociaci\u00f3n, fusi\u00f3n o participaci\u00f3n con las entidades conectadas.<\/p>\n<h3>7. Exclusi\u00f3n de garant\u00edas y responsabilidad<\/h3>\n<p>DELTA TECNIC no garantiza la disponibilidad permanente de los servicios ofrecidos en la Web, si bien llevar\u00e1 a cabo sus mejores esfuerzos para garantizar la regularidad y el buen funcionamiento de los mismos. A tales efectos, DELTA TECNIC declara que ha adoptado y adoptar\u00e1 todas las medidas necesarias y razonables, dentro de sus posibilidades y del estado de la tecnolog\u00eda, para garantizar un funcionamiento correcto de la Web.<\/p>\n<p>No obstante, DELTA TECNIC no asume responsabilidad alguna por los perjuicios que se pudieran derivar de desconexiones, interferencias o interrupciones que se pudieran producir en el acceso o en la navegaci\u00f3n por la Web, ni sobre los da\u00f1os y perjuicios que se pudieran derivar para el Usuario o para terceros de la existencia y propagaci\u00f3n de virus inform\u00e1ticos u otros elementos lesivos.<\/p>\n<p>DELTA TECNIC tampoco asume responsabilidad alguna respecto de los errores u omisiones que pudiera haber en el contenido de la Web, ni sobre las actuaciones que el Usuario pudiera realizar sobre la base de dicho contenido.<\/p>\n<h3>8. Modificaci\u00f3n del Aviso Legal<\/h3>\n<p>DELTA TECNIC se reserva el derecho de efectuar, sin previo aviso, las modificaciones que considere oportunas en el presente Aviso Legal, siendo responsabilidad del Usuario leer el mismo con atenci\u00f3n cada vez que desee utilizar la Web. DELTA TECNIC puede cambiar, suprimir o a\u00f1adir tanto los contenidos y servicios que se presten a trav\u00e9s de la misma como la forma en la que \u00e9stos aparezcan presentados o localizados en la Web, informando al Usuario cuando resulte necesario.<\/p>\n<h3>9. Propiedad intelectual e industrial<\/h3>\n<p>El Usuario reconoce y acepta que, todos los derechos de propiedad industrial e intelectual de la Web, incluidos los contenidos y\/o cualesquiera otros elementos insertados por<b> <\/b> DELTA TECNIC en la Web (incluyendo, a t\u00edtulo meramente enunciativo y no limitativo, todos aquellos elementos que conforman la apariencia visual, imagen gr\u00e1fica y otros est\u00edmulos sensoriales que conforman la Web o <i>\u201clook and feel\u201d<\/i>, marcas, logotipos, nombres comerciales, textos, im\u00e1genes, gr\u00e1ficos, dise\u00f1os, sonidos, bases de datos, software, diagramas de flujo, presentaci\u00f3n, arquitectura de navegaci\u00f3n, as\u00ed como los c\u00f3digos fuente), pertenecen en exclusiva a<b> <\/b> DELTA TECNIC y\/o a terceros que le han cedido sus derechos de forma leg\u00edtima. A tales efectos, se entender\u00e1 como Web todas aquellas creaciones incorporadas y expresadas por DELTA TECNIC por cualquier medio y\/o soporte tangible o intangible, conocido o por conocer, que sea objeto de protecci\u00f3n por las disposiciones normativas vigentes en materia de propiedad intelectual e industrial.<\/p>\n<p>Queda autorizada la mera visualizaci\u00f3n, impresi\u00f3n, descarga o almacenamiento temporal, ya sea en su totalidad o parcialmente, de los contenidos y\/o de los elementos insertados por<b> <\/b> DELTA TECNIC en la Web exclusivamente para su uso personal, privado y no lucrativo por el Usuario, siempre que, en todo caso, se indique el origen y\/o autor de los mismos y que, en su caso, aparezca el s\u00edmbolo del <i>copyright<\/i> y\/o notas de propiedad industrial de sus titulares. Cualquier otro uso o explotaci\u00f3n de cualesquiera derechos, estar\u00e1 sujeto a la previa y expresa autorizaci\u00f3n espec\u00edficamente otorgada a tal efecto por DELTA TECNIC<b> <\/b> o el tercero titular de los derechos afectados.<\/p>\n<p>Queda terminantemente prohibida la utilizaci\u00f3n de tales elementos, su total o parcial reproducci\u00f3n, comunicaci\u00f3n y\/o distribuci\u00f3n con fines comerciales o lucrativos, as\u00ed como su modificaci\u00f3n, alteraci\u00f3n, descompilaci\u00f3n y\/o cualquier otro acto de explotaci\u00f3n de la Web y, cuyos derechos de imagen, tiene su derecho de explotaci\u00f3n<b> <\/b> DELTA TECNIC.<b> <\/b> Para cualquier otro uso distinto de los expresamente permitidos, ser\u00e1 necesario obtener el consentimiento previo por escrito del titular de los derechos de que se trate.<\/p>\n<p>El presente Aviso Legal no confiere al Usuario ning\u00fan otro derecho de utilizaci\u00f3n, alteraci\u00f3n, explotaci\u00f3n, reproducci\u00f3n, distribuci\u00f3n o comunicaci\u00f3n p\u00fablica de la Web, y\/o de sus contenidos distintos de los aqu\u00ed expresamente previstos. Cualquier otro uso o explotaci\u00f3n de cualesquiera derechos, estar\u00e1 sujeto a la previa y expresa autorizaci\u00f3n espec\u00edficamente otorgada a tal efecto por DELTA TECNIC o el tercero titular de los derechos afectados.<\/p>\n<p>Sin perjuicio de todo lo anterior, si el Usuario estima que alg\u00fan contenido de la Web pudiera vulnerar derechos de propiedad intelectual e industrial, rogamos as\u00ed lo pongan en nuestro conocimiento en la mayor brevedad posible, remitiendo un correo electr\u00f3nico a protecciodades@deltatecnic.com, REF: \u201cAviso Legal Web\u201d.<\/p>\n<h3>10. Protecci\u00f3n de datos<\/h3>\n<p>DELTA TECNIC cumple con lo dispuesto en el Reglamento (UE) 2016\/679 General de Protecci\u00f3n de Datos (en adelante, \u201c<b>RGPD<\/b>\u201d), la Ley Org\u00e1nica 3\/2018, de Protecci\u00f3n de Datos Personales y Garant\u00eda de los Derechos Digitales (en adelante, \u201c<b>LOPDGDD<\/b>\u201d), la Ley 34\/2002 de Servicios de la Sociedad de la Informaci\u00f3n y de Comercio Electr\u00f3nico (en adelante, la \u201c<b>LSSICE<\/b>\u201d) y dem\u00e1s normativa vigente en cada momento, y vela por garantizar un correcto uso y tratamiento de los datos personales del Usuario.<\/p>\n<p>Por ello, en la Pol\u00edtica de Privacidad se informa sobre qui\u00e9n es el responsable del tratamiento, la finalidad del tratamiento, tipolog\u00eda de datos, los per\u00edodos de conservaci\u00f3n, comunicaciones de datos a terceros, la posibilidad de ejercer sus derechos de acceso, rectificaci\u00f3n, supresi\u00f3n, oposici\u00f3n y revocaci\u00f3n del consentimiento, entre otros.<\/p>\n<p>Para m\u00e1s informaci\u00f3n sobre el tratamiento de sus datos personales, puede consultar nuestra Pol\u00edtica de Privacidad.<\/p>\n<h3>11. Comunicaciones<\/h3>\n<p>Desde DELTA TECNIC,<b> <\/b> nos pondremos en contacto con el Usuario por correo electr\u00f3nico o le facilitaremos informaci\u00f3n colgando avisos en la Web. A efectos contractuales, el Usuario consiente el uso de este medio electr\u00f3nico de comunicaci\u00f3n y reconoce que todo contrato, notificaci\u00f3n, informaci\u00f3n y dem\u00e1s comunicaciones que le enviemos de forma electr\u00f3nica cumplen con los requisitos legales.<\/p>\n<p>Las comunicaciones que el Usuario nos env\u00ede deber\u00e1n realizarse preferiblemente a trav\u00e9s de correo electr\u00f3nico a la direcci\u00f3n protecciodades@deltatecnic.com. Tambi\u00e9n puede enviar una comunicaci\u00f3n por escrito a la atenci\u00f3n de DELTA TECNIC a la direcci\u00f3n PI Mol\u00ed de les Planes, c\/ Mont Llorer n\u00ba 2, 08470, Sant Celoni, BARCELONA, REF: \u201cWeb DELTA TECNIC\u201d.<\/p>\n<h3>12. Ley aplicable y jurisdicci\u00f3n competente<\/h3>\n<p>La normativa vigente determinar\u00e1 las leyes que deban regir y la jurisdicci\u00f3n que deba conocer de las relaciones entre DELTA TECNIC y el Usuario.<\/p>\n<p>No obstante, en aquellos casos en los que dicha normativa vigente prevea la posibilidad para las partes de someterse a un fuero determinado, DELTA TECNIC y el Usuario, con renuncia expresa a cualquier otro fuero que pudiera corresponderles, se someter\u00e1n a la legislaci\u00f3n espa\u00f1ola y a los Juzgados y Tribunales que correspondan al domicilio de DELTA TECNIC.[\/vc_column_text][\/vc_column][\/vc_row]<\/p>\n","protected":false},"excerpt":{"rendered":"<p>[vc_row][vc_column][vc_column_text] AVISO LEGAL \u00daltima actualizaci\u00f3n: 15 de julio de 2025 El sitio web www.deltatecnic.com (en adelante, la \u201cWeb\u201d) pertenece a DELTA TECNIC, S.A.U. (en adelante, \u201cDELTA TECNIC\u201d) NIF A08704520, domicilio social en PI Mol\u00ed de les Planes, c\/ Mont Llorer n\u00ba 2, 08470, Sant Celoni, BARCELONA, correo electr\u00f3nico de contacto protecciodades@deltatecnic.com y tel\u00e9fono 938674284, debidamente &hellip; <a href=\"https:\/\/deltatecnic.com\/ca\/avis-legal\/\" class=\"more-link\" title=\"Continue reading <span class=\"screen-reader-text\">Av\u00eds legal<\/span>&#8220;>Continue reading <span class=\"screen-reader-text\">Av\u00eds legal<\/span><\/a><\/p>\n","protected":false},"author":1,"featured_media":0,"parent":0,"menu_order":0,"comment_status":"closed","ping_status":"closed","template":"","meta":{"content-type":"","footnotes":""},"class_list":["post-12448","page","type-page","status-publish","hentry"],"yoast_head":"<!-- This site is optimized with the Yoast SEO plugin v27.1.1 - https:\/\/yoast.com\/product\/yoast-seo-wordpress\/ -->\n<title>Av\u00eds legal | Solucions Masterbatch a DeltaTecnic<\/title>\n<meta name=\"description\" content=\"Delta Tecnic facilita a trav\u00e9s del lloc web l&#039;acc\u00e9s i la utilitzaci\u00f3 de diversos serveis i continguts posats a disposici\u00f3 dels usuaris.\" \/>\n<meta name=\"robots\" content=\"index, follow, max-snippet:-1, max-image-preview:large, max-video-preview:-1\" \/>\n<link rel=\"canonical\" href=\"https:\/\/deltatecnic.com\/ca\/avis-legal\/\" \/>\n<meta property=\"og:locale\" content=\"ca_ES\" \/>\n<meta property=\"og:type\" content=\"article\" \/>\n<meta property=\"og:title\" content=\"Av\u00eds legal | Solucions Masterbatch a DeltaTecnic\" \/>\n<meta property=\"og:description\" content=\"Delta Tecnic facilita a trav\u00e9s del lloc web l&#039;acc\u00e9s i la utilitzaci\u00f3 de diversos serveis i continguts posats a disposici\u00f3 dels usuaris.\" \/>\n<meta property=\"og:url\" content=\"https:\/\/deltatecnic.com\/ca\/avis-legal\/\" \/>\n<meta property=\"og:site_name\" content=\"Delta Tecnic\" \/>\n<meta property=\"article:modified_time\" content=\"2025-07-21T06:22:12+00:00\" \/>\n<meta name=\"twitter:card\" content=\"summary_large_image\" \/>\n<meta name=\"twitter:label1\" content=\"Temps estimat de lectura\" \/>\n\t<meta name=\"twitter:data1\" content=\"9 minuts\" \/>\n<!-- \/ Yoast SEO plugin. -->","yoast_head_json":{"title":"Av\u00eds legal | Solucions Masterbatch a DeltaTecnic","description":"Delta Tecnic facilita a trav\u00e9s del lloc web l'acc\u00e9s i la utilitzaci\u00f3 de diversos serveis i continguts posats a disposici\u00f3 dels usuaris.","robots":{"index":"index","follow":"follow","max-snippet":"max-snippet:-1","max-image-preview":"max-image-preview:large","max-video-preview":"max-video-preview:-1"},"canonical":"https:\/\/deltatecnic.com\/ca\/avis-legal\/","og_locale":"ca_ES","og_type":"article","og_title":"Av\u00eds legal | Solucions Masterbatch a DeltaTecnic","og_description":"Delta Tecnic facilita a trav\u00e9s del lloc web l'acc\u00e9s i la utilitzaci\u00f3 de diversos serveis i continguts posats a disposici\u00f3 dels usuaris.","og_url":"https:\/\/deltatecnic.com\/ca\/avis-legal\/","og_site_name":"Delta Tecnic","article_modified_time":"2025-07-21T06:22:12+00:00","twitter_card":"summary_large_image","twitter_misc":{"Temps estimat de lectura":"9 minuts"},"schema":{"@context":"https:\/\/schema.org","@graph":[{"@type":"WebPage","@id":"https:\/\/deltatecnic.com\/ca\/avis-legal\/","url":"https:\/\/deltatecnic.com\/ca\/avis-legal\/","name":"Av\u00eds legal | Solucions Masterbatch a DeltaTecnic","isPartOf":{"@id":"https:\/\/deltatecnic.com\/ca\/#website"},"datePublished":"2021-06-11T11:34:53+00:00","dateModified":"2025-07-21T06:22:12+00:00","description":"Delta Tecnic facilita a trav\u00e9s del lloc web l'acc\u00e9s i la utilitzaci\u00f3 de diversos serveis i continguts posats a disposici\u00f3 dels usuaris.","breadcrumb":{"@id":"https:\/\/deltatecnic.com\/ca\/avis-legal\/#breadcrumb"},"inLanguage":"ca","potentialAction":[{"@type":"ReadAction","target":["https:\/\/deltatecnic.com\/ca\/avis-legal\/"]}]},{"@type":"BreadcrumbList","@id":"https:\/\/deltatecnic.com\/ca\/avis-legal\/#breadcrumb","itemListElement":[{"@type":"ListItem","position":1,"name":"Inici","item":"https:\/\/deltatecnic.com\/ca\/"},{"@type":"ListItem","position":2,"name":"Av\u00eds legal"}]},{"@type":"WebSite","@id":"https:\/\/deltatecnic.com\/ca\/#website","url":"https:\/\/deltatecnic.com\/ca\/","name":"Delta Tecnic","description":"Bringing colour to life","potentialAction":[{"@type":"SearchAction","target":{"@type":"EntryPoint","urlTemplate":"https:\/\/deltatecnic.com\/ca\/?s={search_term_string}"},"query-input":{"@type":"PropertyValueSpecification","valueRequired":true,"valueName":"search_term_string"}}],"inLanguage":"ca"}]}},"_links":{"self":[{"href":"https:\/\/deltatecnic.com\/ca\/wp-json\/wp\/v2\/pages\/12448","targetHints":{"allow":["GET"]}}],"collection":[{"href":"https:\/\/deltatecnic.com\/ca\/wp-json\/wp\/v2\/pages"}],"about":[{"href":"https:\/\/deltatecnic.com\/ca\/wp-json\/wp\/v2\/types\/page"}],"author":[{"embeddable":true,"href":"https:\/\/deltatecnic.com\/ca\/wp-json\/wp\/v2\/users\/1"}],"replies":[{"embeddable":true,"href":"https:\/\/deltatecnic.com\/ca\/wp-json\/wp\/v2\/comments?post=12448"}],"version-history":[{"count":0,"href":"https:\/\/deltatecnic.com\/ca\/wp-json\/wp\/v2\/pages\/12448\/revisions"}],"wp:attachment":[{"href":"https:\/\/deltatecnic.com\/ca\/wp-json\/wp\/v2\/media?parent=12448"}],"curies":[{"name":"wp","href":"https:\/\/api.w.org\/{rel}","templated":true}]}}