{"id":12361,"date":"2022-02-24T13:48:42","date_gmt":"2022-02-24T12:48:42","guid":{"rendered":"https:\/\/deltatecnic.com\/delta-trading-cosmetics-2\/kspearl\/"},"modified":"2025-06-16T09:55:23","modified_gmt":"2025-06-16T07:55:23","slug":"kspearl","status":"publish","type":"page","link":"https:\/\/deltatecnic.com\/ca\/trading-cosmetics\/kspearl\/","title":{"rendered":"KSPearl"},"content":{"rendered":"<p>[vc_row][vc_column][vc_single_image image=&#8221;13114&#8243; img_size=&#8221;full&#8221;][vc_separator border_width=&#8221;2&#8243;][vc_row_inner][vc_column_inner width=&#8221;1\/2&#8243;][vc_single_image image=&#8221;10820&#8243; img_size=&#8221;250&#215;58&#8243; onclick=&#8221;custom_link&#8221; img_link_target=&#8221;_blank&#8221; link=&#8221;http:\/\/www.kspearlcorp.com\/?module=Html&#038;action=SiteComp&#038;sSubNo=8&#8243;][\/vc_column_inner][vc_column_inner width=&#8221;1\/2&#8243;][vc_single_image image=&#8221;10818&#8243; img_size=&#8221;large&#8221; alignment=&#8221;center&#8221;][\/vc_column_inner][\/vc_row_inner][vc_column_text]<span style=\"font-weight: 600;\">Des dels seus inicis l&#8217;any 1986, K.S.PEARL s&#8217;ha esfor\u00e7at per desenvolupar una experi\u00e8ncia cont\u00ednua en tecnologia de tractament de superf\u00edcies, aix\u00ed com per produir pols per a cosm\u00e8tics de renom mundial.<\/span><\/p>\n<p>Seleccionem els materials en pols de la millor qualitat i apliquem tecnologia de tractament de superf\u00edcies d&#8217;\u00faltima generaci\u00f3 per tal de satisfer les necessitats dels nostres clients segons les tend\u00e8ncies del mercat.<\/p>\n<p>El nostre principi b\u00e0sic es mant\u00e9 ferm en la creen\u00e7a que totes les innovacions pel que fa als cosm\u00e8tics parteixen d&#8217;ingredients perfectes que ens esforcem per crear. El desenvolupament de materials innovadors crea una veritable innovaci\u00f3 en la ind\u00fastria <a href=\"https:\/\/deltatecnic.com\/ca\/trading-cosmetics\/\">cosm\u00e8tica<\/a> i crea nova bellesa.<\/p>\n<p>Novetats: <strong>&#8211; Mellow Nature 10<\/strong> : Substitut de micropl\u00e0stics. T\u00e9 una sensaci\u00f3 suau com els micropl\u00e0stics i t\u00e9 efectes d&#8217;enfocament suau. <strong>&#8211; \u00d2xid de ferro HP Negre\/Groc\/Vermell ISA:<\/strong> \u00d2xids de ferro de grau HP amb tractament superficial d&#8217;origen natural com el tractament DSG.[\/vc_column_text][\/vc_column][\/vc_row]<\/p>\n","protected":false},"excerpt":{"rendered":"<p>[vc_row][vc_column][vc_single_image image=&#8221;13114&#8243; img_size=&#8221;full&#8221;][vc_separator border_width=&#8221;2&#8243;][vc_row_inner][vc_column_inner width=&#8221;1\/2&#8243;][vc_single_image image=&#8221;10820&#8243; img_size=&#8221;250&#215;58&#8243; onclick=&#8221;custom_link&#8221; img_link_target=&#8221;_blank&#8221; link=&#8221;http:\/\/www.kspearlcorp.com\/?module=Html&#038;action=SiteComp&#038;sSubNo=8&#8243;][\/vc_column_inner][vc_column_inner width=&#8221;1\/2&#8243;][vc_single_image image=&#8221;10818&#8243; img_size=&#8221;large&#8221; alignment=&#8221;center&#8221;][\/vc_column_inner][\/vc_row_inner][vc_column_text]Des dels seus inicis l&#8217;any 1986, K.S.PEARL s&#8217;ha esfor\u00e7at per desenvolupar una experi\u00e8ncia cont\u00ednua en tecnologia de tractament de superf\u00edcies, aix\u00ed com per produir pols per a cosm\u00e8tics de renom mundial. Seleccionem els materials en pols de la millor qualitat i apliquem &hellip; <a href=\"https:\/\/deltatecnic.com\/ca\/trading-cosmetics\/kspearl\/\" class=\"more-link\" title=\"Continue reading <span class=\"screen-reader-text\">KSPearl<\/span>&#8220;>Continue reading <span class=\"screen-reader-text\">KSPearl<\/span><\/a><\/p>\n","protected":false},"author":1,"featured_media":0,"parent":11835,"menu_order":0,"comment_status":"closed","ping_status":"closed","template":"","meta":{"content-type":"","footnotes":""},"class_list":["post-12361","page","type-page","status-publish","hentry"],"yoast_head":"<!-- This site is optimized with the Yoast SEO plugin v27.1.1 - https:\/\/yoast.com\/product\/yoast-seo-wordpress\/ -->\n<title>KS Perla | Cosm\u00e8tica comercial | Masterbatch Delta Tecnic<\/title>\n<meta name=\"description\" content=\"Seleccionem els materials en pols de millor qualitat i apliquem la tecnologia de tractament de superf\u00edcies m\u00e9s avan\u00e7ada per satisfer les necessitats dels nostres clients\" \/>\n<meta name=\"robots\" content=\"index, follow, max-snippet:-1, max-image-preview:large, max-video-preview:-1\" \/>\n<link rel=\"canonical\" href=\"https:\/\/deltatecnic.com\/ca\/trading-cosmetics\/kspearl\/\" \/>\n<meta property=\"og:locale\" content=\"ca_ES\" \/>\n<meta property=\"og:type\" content=\"article\" \/>\n<meta property=\"og:title\" content=\"KS Perla | Cosm\u00e8tica comercial | Masterbatch Delta Tecnic\" \/>\n<meta property=\"og:description\" content=\"Seleccionem els materials en pols de millor qualitat i apliquem la tecnologia de tractament de superf\u00edcies m\u00e9s avan\u00e7ada per satisfer les necessitats dels nostres clients\" \/>\n<meta property=\"og:url\" content=\"https:\/\/deltatecnic.com\/ca\/trading-cosmetics\/kspearl\/\" \/>\n<meta property=\"og:site_name\" content=\"Delta Tecnic\" \/>\n<meta property=\"article:modified_time\" content=\"2025-06-16T07:55:23+00:00\" \/>\n<meta name=\"twitter:card\" content=\"summary_large_image\" \/>\n<meta name=\"twitter:label1\" content=\"Temps estimat de lectura\" \/>\n\t<meta name=\"twitter:data1\" content=\"2 minuts\" \/>\n<!-- \/ Yoast SEO plugin. -->","yoast_head_json":{"title":"KS Perla | Cosm\u00e8tica comercial | Masterbatch Delta Tecnic","description":"Seleccionem els materials en pols de millor qualitat i apliquem la tecnologia de tractament de superf\u00edcies m\u00e9s avan\u00e7ada per satisfer les necessitats dels nostres clients","robots":{"index":"index","follow":"follow","max-snippet":"max-snippet:-1","max-image-preview":"max-image-preview:large","max-video-preview":"max-video-preview:-1"},"canonical":"https:\/\/deltatecnic.com\/ca\/trading-cosmetics\/kspearl\/","og_locale":"ca_ES","og_type":"article","og_title":"KS Perla | Cosm\u00e8tica comercial | Masterbatch Delta Tecnic","og_description":"Seleccionem els materials en pols de millor qualitat i apliquem la tecnologia de tractament de superf\u00edcies m\u00e9s avan\u00e7ada per satisfer les necessitats dels nostres clients","og_url":"https:\/\/deltatecnic.com\/ca\/trading-cosmetics\/kspearl\/","og_site_name":"Delta Tecnic","article_modified_time":"2025-06-16T07:55:23+00:00","twitter_card":"summary_large_image","twitter_misc":{"Temps estimat de lectura":"2 minuts"},"schema":{"@context":"https:\/\/schema.org","@graph":[{"@type":"WebPage","@id":"https:\/\/deltatecnic.com\/ca\/trading-cosmetics\/kspearl\/","url":"https:\/\/deltatecnic.com\/ca\/trading-cosmetics\/kspearl\/","name":"KS Perla | Cosm\u00e8tica comercial | Masterbatch Delta Tecnic","isPartOf":{"@id":"https:\/\/deltatecnic.com\/ca\/#website"},"datePublished":"2022-02-24T12:48:42+00:00","dateModified":"2025-06-16T07:55:23+00:00","description":"Seleccionem els materials en pols de millor qualitat i apliquem la tecnologia de tractament de superf\u00edcies m\u00e9s avan\u00e7ada per satisfer les necessitats dels nostres clients","breadcrumb":{"@id":"https:\/\/deltatecnic.com\/ca\/trading-cosmetics\/kspearl\/#breadcrumb"},"inLanguage":"ca","potentialAction":[{"@type":"ReadAction","target":["https:\/\/deltatecnic.com\/ca\/trading-cosmetics\/kspearl\/"]}]},{"@type":"BreadcrumbList","@id":"https:\/\/deltatecnic.com\/ca\/trading-cosmetics\/kspearl\/#breadcrumb","itemListElement":[{"@type":"ListItem","position":1,"name":"Inici","item":"https:\/\/deltatecnic.com\/ca\/"},{"@type":"ListItem","position":2,"name":"Trading Cosmetics","item":"https:\/\/deltatecnic.com\/ca\/trading-cosmetics\/"},{"@type":"ListItem","position":3,"name":"KSPearl"}]},{"@type":"WebSite","@id":"https:\/\/deltatecnic.com\/ca\/#website","url":"https:\/\/deltatecnic.com\/ca\/","name":"Delta Tecnic","description":"Bringing colour to life","potentialAction":[{"@type":"SearchAction","target":{"@type":"EntryPoint","urlTemplate":"https:\/\/deltatecnic.com\/ca\/?s={search_term_string}"},"query-input":{"@type":"PropertyValueSpecification","valueRequired":true,"valueName":"search_term_string"}}],"inLanguage":"ca"}]}},"_links":{"self":[{"href":"https:\/\/deltatecnic.com\/ca\/wp-json\/wp\/v2\/pages\/12361","targetHints":{"allow":["GET"]}}],"collection":[{"href":"https:\/\/deltatecnic.com\/ca\/wp-json\/wp\/v2\/pages"}],"about":[{"href":"https:\/\/deltatecnic.com\/ca\/wp-json\/wp\/v2\/types\/page"}],"author":[{"embeddable":true,"href":"https:\/\/deltatecnic.com\/ca\/wp-json\/wp\/v2\/users\/1"}],"replies":[{"embeddable":true,"href":"https:\/\/deltatecnic.com\/ca\/wp-json\/wp\/v2\/comments?post=12361"}],"version-history":[{"count":0,"href":"https:\/\/deltatecnic.com\/ca\/wp-json\/wp\/v2\/pages\/12361\/revisions"}],"up":[{"embeddable":true,"href":"https:\/\/deltatecnic.com\/ca\/wp-json\/wp\/v2\/pages\/11835"}],"wp:attachment":[{"href":"https:\/\/deltatecnic.com\/ca\/wp-json\/wp\/v2\/media?parent=12361"}],"curies":[{"name":"wp","href":"https:\/\/api.w.org\/{rel}","templated":true}]}}