{"id":12004,"date":"2020-12-21T16:53:08","date_gmt":"2020-12-21T15:53:08","guid":{"rendered":"https:\/\/deltatecnic.com\/deltacolor-pvc-2\/lamines-calandrades-flooring\/"},"modified":"2024-03-22T11:48:46","modified_gmt":"2024-03-22T10:48:46","slug":"lamines-calandrades-flooring","status":"publish","type":"page","link":"https:\/\/deltatecnic.com\/ca\/deltacolor-pvc\/lamines-calandrades-flooring\/","title":{"rendered":"L\u00e0mines calandrades \/ Flooring"},"content":{"rendered":"<p>[vc_row][vc_column][vc_single_image image=&#8221;8359&#8243; img_size=&#8221;full&#8221;]<h2 style=\"text-align:left;font-size:34px;line-height:1em;font-family:'Montserrat',Arial,Helvetica;font-weight:400;\" class=\"ts-custom-heading vc_custom_1649952929928\" ><strong>L\u00c0MINES CALANDRADES\/FLOORING<\/strong><br \/>\nPIGMENTS CONCENTRATS DESENVOLUPATS PER A LA COLORACI\u00d3 DE L\u00c0MINES DE PVC R\u00cdGIDES I FLEXIBLES<\/h2>\n[vc_column_text]<strong>Productes especialment desenvolupats per a la coloraci\u00f3 de l\u00e0mines de PVC r\u00edgides i flexibles. Fem costat a la ind\u00fastria del calandratge i pisos per a desenvolupar infinits colors utilitzant una petita quantitat de masterbatches monopigmentantes amb excel\u00b7lent diluci\u00f3 i dispersi\u00f3.<\/strong><\/p>\n<p>Tamb\u00e9 oferim masterbatches fets a mesura, reduint les mat\u00e8ries primeres i proporcionant una excel\u00b7lent regularitat de color entre les s\u00e8ries de producci\u00f3.[\/vc_column_text][\/vc_column][\/vc_row][vc_row css=&#8221;.vc_custom_1611341163544{margin-top: 30px !important;}&#8221;][vc_column][vc_tta_accordion shape=&#8221;square&#8221; active_section=&#8221;0&#8243; collapsible_all=&#8221;true&#8221;][vc_tta_section title=&#8221;Criopellet Masterbatch&#8221; tab_id=&#8221;ac05-calendering-01&#8243; el_class=&#8221;tit-acord-dc&#8221;][vc_column_text]<span style=\"font-weight: 600;\">Gr\u00e0cies a la nostra \u00e0mplia <a href=\"https:\/\/deltatecnic.com\/ca\/solucions-masterbatch\/\">gamma de masterbatches<\/a> monopigmentaris criogenitzats, oferim la soluci\u00f3 per a la formulaci\u00f3 de colors finals amb una <a href=\"https:\/\/deltatecnic.com\/ca\/clau-per-aconseguir-uniformitat-de-color-en-pvc-i-cables\/\">uniformitat de color<\/a> neta.<\/span> Aix\u00f2 permet la producci\u00f3 d&#8217;una varietat de colors finals utilitzant un nombre limitat de mat\u00e8ries primeres. Amb l&#8217;\u00fas d&#8217;aquests masterbatches, la neteja del proc\u00e9s de producci\u00f3 est\u00e0 totalment assegurada, amb la conseq\u00fcent millora en la productivitat i reducci\u00f3 de costos.[\/vc_column_text][vc_row_inner css=&#8221;.vc_custom_1611314242189{margin-top: 20px !important;}&#8221;][vc_column_inner width=&#8221;2\/3&#8243;][vc_single_image image=&#8221;9258&#8243; img_size=&#8221;full&#8221; alignment=&#8221;center&#8221;][\/vc_column_inner][vc_column_inner width=&#8221;1\/3&#8243; ts_responsive_css=&#8221;37923186|colbreak_no|||||20px||||colbreak_no|||||||||colbreak_no|||||0px|||||colbreak_no|||||||||&#8221; css=&#8221;.vc_custom_1611346964963{padding-top: 50px !important;}&#8221;]\r\n\t\t<div class=\"ts-vc_btn3-container  boto_ca01 ts-vc_btn3-center vc_custom_1649953059436\"><a class=\"ts-vc_general ts-vc_btn3 ts-vc_btn3-size-sm ts-vc_btn3-shape-square ts-vc_btn3-style-flat ts-vc_btn3-weight-no ts-vc_btn3-block ts-vc_btn3-color-black\" href=\"https:\/\/deltatecnic.com\/ca\/solucions-masterbatch\/\" title=\"Solucions Masterbatch\">SOLUCIONS MASTERBATCH<\/a><\/div>[\/vc_column_inner][\/vc_row_inner][\/vc_tta_section][vc_tta_section title=&#8221;Micropellet Masterbatch&#8221; tab_id=&#8221;ac05-calendering-02&#8243; el_class=&#8221;tit-acord-dc&#8221;][vc_column_text]<span style=\"font-weight: 600;\">Amb els nostres masterbatches en forma de microp\u00e8l\u00b7let o Standard P\u00e8l\u00b7let podem proporcionar solucions de color finals per a la fabricaci\u00f3 d&#8217;un sol color en llargues tirades de producci\u00f3.<\/span> Aix\u00f2 fa que el nostre microp\u00e8l\u00b7let sigui la soluci\u00f3 ideal per a obtenir una excel\u00b7lent uniformitat de color i neteja en totes les etapes del proc\u00e9s de producci\u00f3. El risc d&#8217;errors durant el pesatge i la manipulaci\u00f3 es redueix considerablement. Es garanteixen una excel\u00b7lent regularitat i homogene\u00eftat del color.[\/vc_column_text][vc_row_inner css=&#8221;.vc_custom_1611314242189{margin-top: 20px !important;}&#8221;][vc_column_inner width=&#8221;2\/3&#8243;][vc_single_image image=&#8221;9259&#8243; img_size=&#8221;full&#8221; alignment=&#8221;center&#8221;][\/vc_column_inner][vc_column_inner width=&#8221;1\/3&#8243; ts_responsive_css=&#8221;37923186|colbreak_no|||||20px||||colbreak_no|||||||||colbreak_no|||||0px|||||colbreak_no|||||||||&#8221; css=&#8221;.vc_custom_1611346964963{padding-top: 50px !important;}&#8221;]\r\n\t\t<div class=\"ts-vc_btn3-container  boto_ca01 ts-vc_btn3-center vc_custom_1649953090113\"><a class=\"ts-vc_general ts-vc_btn3 ts-vc_btn3-size-sm ts-vc_btn3-shape-square ts-vc_btn3-style-flat ts-vc_btn3-weight-no ts-vc_btn3-block ts-vc_btn3-color-black\" href=\"https:\/\/deltatecnic.com\/ca\/solucions-masterbatch\/\" title=\"Solucions Masterbatch\">SOLUCIONS MASTERBATCH<\/a><\/div>[\/vc_column_inner][\/vc_row_inner][\/vc_tta_section][vc_tta_section title=&#8221;Masterbatch Aluminum\/Gold&#8221; tab_id=&#8221;ac05-calendering-03&#8243; el_class=&#8221;tit-acord-dc&#8221;][vc_column_text]<span style=\"font-weight: 600;\">En els nostres laboratoris, gr\u00e0cies a la nostra dilatada experi\u00e8ncia en l&#8217;\u00fas i desenvolupament de pigments met\u00e0l\u00b7lics i nacrats, realitzem colors alumini, or i bronze.<\/span>[\/vc_column_text][vc_row_inner css=&#8221;.vc_custom_1611314242189{margin-top: 20px !important;}&#8221;][vc_column_inner width=&#8221;2\/3&#8243;][vc_single_image image=&#8221;9257&#8243; img_size=&#8221;full&#8221; alignment=&#8221;center&#8221;][\/vc_column_inner][vc_column_inner width=&#8221;1\/3&#8243; ts_responsive_css=&#8221;37923186|colbreak_no|||||20px||||colbreak_no|||||||||colbreak_no|||||20px|||||colbreak_no|||||||||&#8221; css=&#8221;.vc_custom_1615393085154{padding-top: 0px !important;}&#8221;]\r\n\t\t<div class=\"ts-vc_btn3-container  boto_ca01 ts-vc_btn3-center vc_custom_1649953075240\"><a class=\"ts-vc_general ts-vc_btn3 ts-vc_btn3-size-sm ts-vc_btn3-shape-square ts-vc_btn3-style-flat ts-vc_btn3-weight-no ts-vc_btn3-block ts-vc_btn3-color-black\" href=\"https:\/\/deltatecnic.com\/ca\/solucions-masterbatch\/\" title=\"Solucions Masterbatch\">SOLUCIONS MASTERBATCH<\/a><\/div>[\/vc_column_inner][\/vc_row_inner][\/vc_tta_section][\/vc_tta_accordion][\/vc_column][\/vc_row]<\/p>\n","protected":false},"excerpt":{"rendered":"<p>Pigments concentrats desenvolupats per a la coloraci\u00f3 de l\u00e0mines de PVC r\u00edgides i flexibles <\/p>\n","protected":false},"author":1,"featured_media":0,"parent":11917,"menu_order":0,"comment_status":"closed","ping_status":"closed","template":"","meta":{"content-type":"","footnotes":""},"class_list":["post-12004","page","type-page","status-publish","hentry"],"yoast_head":"<!-- This site is optimized with the Yoast SEO plugin v27.1.1 - https:\/\/yoast.com\/product\/yoast-seo-wordpress\/ -->\n<title>Masterbatch de color per a terres i l\u00e0mines calandrades<\/title>\n<meta name=\"description\" content=\"L\u00e0mines calandrades\/ Flooring pigments concentrats desenvolupats per a la coloraci\u00f3 de l\u00e0mines de pvc r\u00edgides i flexibles\" \/>\n<meta name=\"robots\" content=\"index, follow, max-snippet:-1, max-image-preview:large, max-video-preview:-1\" \/>\n<link rel=\"canonical\" href=\"https:\/\/deltatecnic.com\/ca\/deltacolor-pvc\/lamines-calandrades-flooring\/\" \/>\n<meta property=\"og:locale\" content=\"ca_ES\" \/>\n<meta property=\"og:type\" content=\"article\" \/>\n<meta property=\"og:title\" content=\"Masterbatch de color per a terres i l\u00e0mines calandrades\" \/>\n<meta property=\"og:description\" content=\"L\u00e0mines calandrades\/ Flooring pigments concentrats desenvolupats per a la coloraci\u00f3 de l\u00e0mines de pvc r\u00edgides i flexibles\" \/>\n<meta property=\"og:url\" content=\"https:\/\/deltatecnic.com\/ca\/deltacolor-pvc\/lamines-calandrades-flooring\/\" \/>\n<meta property=\"og:site_name\" content=\"Delta Tecnic\" \/>\n<meta property=\"article:modified_time\" content=\"2024-03-22T10:48:46+00:00\" \/>\n<meta name=\"twitter:card\" content=\"summary_large_image\" \/>\n<meta name=\"twitter:label1\" content=\"Temps estimat de lectura\" \/>\n\t<meta name=\"twitter:data1\" content=\"2 minuts\" \/>\n<!-- \/ Yoast SEO plugin. -->","yoast_head_json":{"title":"Masterbatch de color per a terres i l\u00e0mines calandrades","description":"L\u00e0mines calandrades\/ Flooring pigments concentrats desenvolupats per a la coloraci\u00f3 de l\u00e0mines de pvc r\u00edgides i flexibles","robots":{"index":"index","follow":"follow","max-snippet":"max-snippet:-1","max-image-preview":"max-image-preview:large","max-video-preview":"max-video-preview:-1"},"canonical":"https:\/\/deltatecnic.com\/ca\/deltacolor-pvc\/lamines-calandrades-flooring\/","og_locale":"ca_ES","og_type":"article","og_title":"Masterbatch de color per a terres i l\u00e0mines calandrades","og_description":"L\u00e0mines calandrades\/ Flooring pigments concentrats desenvolupats per a la coloraci\u00f3 de l\u00e0mines de pvc r\u00edgides i flexibles","og_url":"https:\/\/deltatecnic.com\/ca\/deltacolor-pvc\/lamines-calandrades-flooring\/","og_site_name":"Delta Tecnic","article_modified_time":"2024-03-22T10:48:46+00:00","twitter_card":"summary_large_image","twitter_misc":{"Temps estimat de lectura":"2 minuts"},"schema":{"@context":"https:\/\/schema.org","@graph":[{"@type":"WebPage","@id":"https:\/\/deltatecnic.com\/ca\/deltacolor-pvc\/lamines-calandrades-flooring\/","url":"https:\/\/deltatecnic.com\/ca\/deltacolor-pvc\/lamines-calandrades-flooring\/","name":"Masterbatch de color per a terres i l\u00e0mines calandrades","isPartOf":{"@id":"https:\/\/deltatecnic.com\/ca\/#website"},"datePublished":"2020-12-21T15:53:08+00:00","dateModified":"2024-03-22T10:48:46+00:00","description":"L\u00e0mines calandrades\/ Flooring pigments concentrats desenvolupats per a la coloraci\u00f3 de l\u00e0mines de pvc r\u00edgides i flexibles","breadcrumb":{"@id":"https:\/\/deltatecnic.com\/ca\/deltacolor-pvc\/lamines-calandrades-flooring\/#breadcrumb"},"inLanguage":"ca","potentialAction":[{"@type":"ReadAction","target":["https:\/\/deltatecnic.com\/ca\/deltacolor-pvc\/lamines-calandrades-flooring\/"]}]},{"@type":"BreadcrumbList","@id":"https:\/\/deltatecnic.com\/ca\/deltacolor-pvc\/lamines-calandrades-flooring\/#breadcrumb","itemListElement":[{"@type":"ListItem","position":1,"name":"Inici","item":"https:\/\/deltatecnic.com\/ca\/"},{"@type":"ListItem","position":2,"name":"Deltacolor PVC","item":"https:\/\/deltatecnic.com\/ca\/deltacolor-pvc\/"},{"@type":"ListItem","position":3,"name":"L\u00e0mines calandrades \/ Flooring"}]},{"@type":"WebSite","@id":"https:\/\/deltatecnic.com\/ca\/#website","url":"https:\/\/deltatecnic.com\/ca\/","name":"Delta Tecnic","description":"Bringing colour to life","potentialAction":[{"@type":"SearchAction","target":{"@type":"EntryPoint","urlTemplate":"https:\/\/deltatecnic.com\/ca\/?s={search_term_string}"},"query-input":{"@type":"PropertyValueSpecification","valueRequired":true,"valueName":"search_term_string"}}],"inLanguage":"ca"}]}},"_links":{"self":[{"href":"https:\/\/deltatecnic.com\/ca\/wp-json\/wp\/v2\/pages\/12004","targetHints":{"allow":["GET"]}}],"collection":[{"href":"https:\/\/deltatecnic.com\/ca\/wp-json\/wp\/v2\/pages"}],"about":[{"href":"https:\/\/deltatecnic.com\/ca\/wp-json\/wp\/v2\/types\/page"}],"author":[{"embeddable":true,"href":"https:\/\/deltatecnic.com\/ca\/wp-json\/wp\/v2\/users\/1"}],"replies":[{"embeddable":true,"href":"https:\/\/deltatecnic.com\/ca\/wp-json\/wp\/v2\/comments?post=12004"}],"version-history":[{"count":0,"href":"https:\/\/deltatecnic.com\/ca\/wp-json\/wp\/v2\/pages\/12004\/revisions"}],"up":[{"embeddable":true,"href":"https:\/\/deltatecnic.com\/ca\/wp-json\/wp\/v2\/pages\/11917"}],"wp:attachment":[{"href":"https:\/\/deltatecnic.com\/ca\/wp-json\/wp\/v2\/media?parent=12004"}],"curies":[{"name":"wp","href":"https:\/\/api.w.org\/{rel}","templated":true}]}}