{"id":11997,"date":"2020-12-21T17:00:20","date_gmt":"2020-12-21T16:00:20","guid":{"rendered":"https:\/\/deltatecnic.com\/deltacolor-pvc-2\/tubs-accessoris-manegues\/"},"modified":"2024-03-22T11:39:24","modified_gmt":"2024-03-22T10:39:24","slug":"tubs-accessoris-manegues","status":"publish","type":"page","link":"https:\/\/deltatecnic.com\/ca\/deltacolor-pvc\/tubs-accessoris-manegues\/","title":{"rendered":"Tubs \/ accessoris \/ m\u00e0negues"},"content":{"rendered":"<p>[vc_row][vc_column][vc_single_image image=&#8221;8359&#8243; img_size=&#8221;full&#8221;]<h2 style=\"text-align:left;font-size:34px;line-height:1em;font-family:'Montserrat',Arial,Helvetica;font-weight:400;\" class=\"ts-custom-heading vc_custom_1649953370965\" ><strong>PIPES\/FITTINGS\/HOSES<\/strong><br \/>\n\u00c0MPLIA GAMMA MASTERBATCH PER A CANONADES, COLZES I M\u00c0NEGUES<\/h2>\n[vc_column_text]<strong>El nostre objectiu \u00e9s ajudar a proporcionar a la ind\u00fastria de la construcci\u00f3 de PVC un producte cada vegada millor per als seus clients. PVC r\u00edgid per a canonades, PVC modelat per injecci\u00f3 per a colzes i PVC flexible per a m\u00e0negues:<\/strong> els 3 productes poden compartir el mateix color final i qualitat que el client desitgi. Una soluci\u00f3 integral per a les llars de les persones, on la uniformitat del color \u00e9s molt important.<\/p>\n<p>Oferim <a href=\"https:\/\/deltatecnic.com\/ca\/\">Masterbatches<\/a> en diferents formes per a adaptar-nos a les diferents necessitats i grand\u00e0ries: microp\u00e8l\u00b7let petit, pols, granulat est\u00e0ndard o microp\u00e8l\u00b7let.[\/vc_column_text][vc_row_inner css=&#8221;.vc_custom_1611314242189{margin-top: 20px !important;}&#8221;][vc_column_inner width=&#8221;2\/3&#8243;][vc_single_image image=&#8221;9268&#8243; img_size=&#8221;full&#8221; alignment=&#8221;center&#8221;][\/vc_column_inner][vc_column_inner width=&#8221;1\/3&#8243; ts_responsive_css=&#8221;37923186|colbreak_no|||||20px||||colbreak_no|||||||||colbreak_no|||||0px|||||colbreak_no|||||||||&#8221; css=&#8221;.vc_custom_1611346964963{padding-top: 50px !important;}&#8221;]\r\n\t\t<div class=\"ts-vc_btn3-container ts-vc_btn3-center vc_custom_1622137819032\"><a class=\"ts-vc_general ts-vc_btn3 ts-vc_btn3-size-sm ts-vc_btn3-shape-square ts-vc_btn3-style-flat ts-vc_btn3-weight-no ts-vc_btn3-block ts-vc_btn3-color-black\" href=\"https:\/\/deltatecnic.com\/ca\/solucions-masterbatch\/\" title=\"Solucions Masterbatch\">SOLUCIONS MASTERBATCH<\/a><\/div>[\/vc_column_inner][\/vc_row_inner][\/vc_column][\/vc_row]<\/p>\n","protected":false},"excerpt":{"rendered":"<p>\u00c0mplia gama Masterbatch per a canonades, colzes i m\u00e0negues <\/p>\n","protected":false},"author":1,"featured_media":0,"parent":11917,"menu_order":0,"comment_status":"closed","ping_status":"closed","template":"","meta":{"content-type":"","footnotes":""},"class_list":["post-11997","page","type-page","status-publish","hentry"],"yoast_head":"<!-- This site is optimized with the Yoast SEO plugin v27.1.1 - https:\/\/yoast.com\/product\/yoast-seo-wordpress\/ -->\n<title>Masterbatch per a canonades colzes i m\u00e0negues<\/title>\n<meta name=\"description\" content=\"Masterbatches en diferents formes per a adaptar-nos a les diferents necessitats i grand\u00e0ries: microp\u00e8l\u00b7let petit, pols, granulat est\u00e0ndard o microp\u00e8l\u00b7let.\" \/>\n<meta name=\"robots\" content=\"index, follow, max-snippet:-1, max-image-preview:large, max-video-preview:-1\" \/>\n<link rel=\"canonical\" href=\"https:\/\/deltatecnic.com\/ca\/deltacolor-pvc\/tubs-accessoris-manegues\/\" \/>\n<meta property=\"og:locale\" content=\"ca_ES\" \/>\n<meta property=\"og:type\" content=\"article\" \/>\n<meta property=\"og:title\" content=\"Masterbatch per a canonades colzes i m\u00e0negues\" \/>\n<meta property=\"og:description\" content=\"Masterbatches en diferents formes per a adaptar-nos a les diferents necessitats i grand\u00e0ries: microp\u00e8l\u00b7let petit, pols, granulat est\u00e0ndard o microp\u00e8l\u00b7let.\" \/>\n<meta property=\"og:url\" content=\"https:\/\/deltatecnic.com\/ca\/deltacolor-pvc\/tubs-accessoris-manegues\/\" \/>\n<meta property=\"og:site_name\" content=\"Delta Tecnic\" \/>\n<meta property=\"article:modified_time\" content=\"2024-03-22T10:39:24+00:00\" \/>\n<meta name=\"twitter:card\" content=\"summary_large_image\" \/>\n<meta name=\"twitter:label1\" content=\"Temps estimat de lectura\" \/>\n\t<meta name=\"twitter:data1\" content=\"2 minuts\" \/>\n<!-- \/ Yoast SEO plugin. -->","yoast_head_json":{"title":"Masterbatch per a canonades colzes i m\u00e0negues","description":"Masterbatches en diferents formes per a adaptar-nos a les diferents necessitats i grand\u00e0ries: microp\u00e8l\u00b7let petit, pols, granulat est\u00e0ndard o microp\u00e8l\u00b7let.","robots":{"index":"index","follow":"follow","max-snippet":"max-snippet:-1","max-image-preview":"max-image-preview:large","max-video-preview":"max-video-preview:-1"},"canonical":"https:\/\/deltatecnic.com\/ca\/deltacolor-pvc\/tubs-accessoris-manegues\/","og_locale":"ca_ES","og_type":"article","og_title":"Masterbatch per a canonades colzes i m\u00e0negues","og_description":"Masterbatches en diferents formes per a adaptar-nos a les diferents necessitats i grand\u00e0ries: microp\u00e8l\u00b7let petit, pols, granulat est\u00e0ndard o microp\u00e8l\u00b7let.","og_url":"https:\/\/deltatecnic.com\/ca\/deltacolor-pvc\/tubs-accessoris-manegues\/","og_site_name":"Delta Tecnic","article_modified_time":"2024-03-22T10:39:24+00:00","twitter_card":"summary_large_image","twitter_misc":{"Temps estimat de lectura":"2 minuts"},"schema":{"@context":"https:\/\/schema.org","@graph":[{"@type":"WebPage","@id":"https:\/\/deltatecnic.com\/ca\/deltacolor-pvc\/tubs-accessoris-manegues\/","url":"https:\/\/deltatecnic.com\/ca\/deltacolor-pvc\/tubs-accessoris-manegues\/","name":"Masterbatch per a canonades colzes i m\u00e0negues","isPartOf":{"@id":"https:\/\/deltatecnic.com\/ca\/#website"},"datePublished":"2020-12-21T16:00:20+00:00","dateModified":"2024-03-22T10:39:24+00:00","description":"Masterbatches en diferents formes per a adaptar-nos a les diferents necessitats i grand\u00e0ries: microp\u00e8l\u00b7let petit, pols, granulat est\u00e0ndard o microp\u00e8l\u00b7let.","breadcrumb":{"@id":"https:\/\/deltatecnic.com\/ca\/deltacolor-pvc\/tubs-accessoris-manegues\/#breadcrumb"},"inLanguage":"ca","potentialAction":[{"@type":"ReadAction","target":["https:\/\/deltatecnic.com\/ca\/deltacolor-pvc\/tubs-accessoris-manegues\/"]}]},{"@type":"BreadcrumbList","@id":"https:\/\/deltatecnic.com\/ca\/deltacolor-pvc\/tubs-accessoris-manegues\/#breadcrumb","itemListElement":[{"@type":"ListItem","position":1,"name":"Inici","item":"https:\/\/deltatecnic.com\/ca\/"},{"@type":"ListItem","position":2,"name":"Deltacolor PVC","item":"https:\/\/deltatecnic.com\/ca\/deltacolor-pvc\/"},{"@type":"ListItem","position":3,"name":"Tubs \/ accessoris \/ m\u00e0negues"}]},{"@type":"WebSite","@id":"https:\/\/deltatecnic.com\/ca\/#website","url":"https:\/\/deltatecnic.com\/ca\/","name":"Delta Tecnic","description":"Bringing colour to life","potentialAction":[{"@type":"SearchAction","target":{"@type":"EntryPoint","urlTemplate":"https:\/\/deltatecnic.com\/ca\/?s={search_term_string}"},"query-input":{"@type":"PropertyValueSpecification","valueRequired":true,"valueName":"search_term_string"}}],"inLanguage":"ca"}]}},"_links":{"self":[{"href":"https:\/\/deltatecnic.com\/ca\/wp-json\/wp\/v2\/pages\/11997","targetHints":{"allow":["GET"]}}],"collection":[{"href":"https:\/\/deltatecnic.com\/ca\/wp-json\/wp\/v2\/pages"}],"about":[{"href":"https:\/\/deltatecnic.com\/ca\/wp-json\/wp\/v2\/types\/page"}],"author":[{"embeddable":true,"href":"https:\/\/deltatecnic.com\/ca\/wp-json\/wp\/v2\/users\/1"}],"replies":[{"embeddable":true,"href":"https:\/\/deltatecnic.com\/ca\/wp-json\/wp\/v2\/comments?post=11997"}],"version-history":[{"count":0,"href":"https:\/\/deltatecnic.com\/ca\/wp-json\/wp\/v2\/pages\/11997\/revisions"}],"up":[{"embeddable":true,"href":"https:\/\/deltatecnic.com\/ca\/wp-json\/wp\/v2\/pages\/11917"}],"wp:attachment":[{"href":"https:\/\/deltatecnic.com\/ca\/wp-json\/wp\/v2\/media?parent=11997"}],"curies":[{"name":"wp","href":"https:\/\/api.w.org\/{rel}","templated":true}]}}