{"id":11988,"date":"2021-07-08T13:27:03","date_gmt":"2021-07-08T11:27:03","guid":{"rendered":"https:\/\/deltatecnic.com\/masterbatch-per-a-la-industria-del-pvc\/"},"modified":"2024-03-22T08:17:08","modified_gmt":"2024-03-22T07:17:08","slug":"masterbatch-per-a-la-industria-del-pvc","status":"publish","type":"page","link":"https:\/\/deltatecnic.com\/ca\/masterbatch-per-a-la-industria-del-pvc\/","title":{"rendered":"Masterbatch per a la ind\u00fastria del PVC"},"content":{"rendered":"<p>[vc_row css=&#8221;.vc_custom_1625740514146{margin-top: 30px !important;}&#8221;][vc_column width=&#8221;1\/5&#8243;][\/vc_column][vc_column width=&#8221;1\/5&#8243;]\r\n\t\t<div class=\"ts-vc_btn3-container ts-vc_btn3-center\"><a class=\"ts-vc_general ts-vc_btn3 ts-vc_btn3-size-sm ts-vc_btn3-shape-square ts-vc_btn3-style-flat ts-vc_btn3-weight-yes ts-vc_btn3-color-white\" href=\"https:\/\/deltatecnic.com\/ca\/solucions-masterbatch\/\" title=\"Solucions Masterbatch\">TOTS<\/a><\/div>[\/vc_column][vc_column width=&#8221;1\/5&#8243;]\r\n\t\t<div class=\"ts-vc_btn3-container ts-vc_btn3-center\"><a class=\"ts-vc_general ts-vc_btn3 ts-vc_btn3-size-sm ts-vc_btn3-shape-square ts-vc_btn3-style-flat ts-vc_btn3-weight-yes ts-vc_btn3-color-skincolor\" href=\"https:\/\/deltatecnic.com\/ca\/masterbatch-per-a-la-industria-del-pvc\/\" title=\"Masterbatch Ind\u00fastria PVC\">IND\u00daSTRIA PVC<\/a><\/div>[\/vc_column][vc_column width=&#8221;1\/5&#8243;]\r\n\t\t<div class=\"ts-vc_btn3-container ts-vc_btn3-center\"><a class=\"ts-vc_general ts-vc_btn3 ts-vc_btn3-size-sm ts-vc_btn3-shape-square ts-vc_btn3-style-flat ts-vc_btn3-weight-yes ts-vc_btn3-color-white\" href=\"https:\/\/deltatecnic.com\/ca\/masterbatch-industria-del-cable\/\" title=\"Masterbatch Ind\u00fastria del Cable\">IND\u00daSTRIA CABLE<\/a><\/div>[\/vc_column][vc_column width=&#8221;1\/5&#8243;][\/vc_column][\/vc_row][vc_row gap=&#8221;10&#8243; equal_height=&#8221;yes&#8221; css=&#8221;.vc_custom_1625738745067{margin-top: 10px !important;}&#8221;][vc_column width=&#8221;1\/3&#8243; css=&#8221;.vc_custom_1625694470806{margin-top: 10px !important;margin-right: 10px !important;margin-bottom: 10px !important;margin-left: 10px !important;border-top-width: 2px !important;border-right-width: 2px !important;border-bottom-width: 2px !important;border-left-width: 2px !important;border-left-color: #eff1f5 !important;border-left-style: solid !important;border-right-color: #eff1f5 !important;border-right-style: solid !important;border-top-color: #eff1f5 !important;border-top-style: solid !important;border-bottom-color: #eff1f5 !important;border-bottom-style: solid !important;}&#8221;][vc_single_image image=&#8221;9077&#8243; img_size=&#8221;full&#8221; alignment=&#8221;center&#8221; css=&#8221;.vc_custom_1625691757692{margin-top: 0px !important;margin-right: -15px !important;margin-left: -15px !important;border-right-width: 1px !important;border-left-width: 1px !important;border-left-color: #000000 !important;border-right-color: #000000 !important;}&#8221;]<div class=\"ts-element-heading-wrapper ts-heading-inner ts-element-align-left ts-seperator-none  vc_custom_1625736427723\"><section class=\"ts-vc_cta3-container\"><div class=\"ts-vc_general ts-vc_cta3 ts-cta3-only ts-vc_cta3-style-classic ts-vc_cta3-shape-rounded ts-vc_cta3-align-left ts-vc_cta3-color-transparent ts-vc_cta3-icon-size-md ts-vc_cta3-actions-no ts-cta3-with-desc\"><div class=\"ts-vc_cta3_content-container\"><div class=\"ts-vc_cta3-content\"><div class=\"ts-vc_cta3-content-header ts-wrap\"><div class=\"ts-vc_cta3-headers ts-wrap-cell\"><h4 style=\"font-size:12px;line-height:0.3em;color:#1f49b6;\" class=\"ts-custom-heading \" >PVC - CABLE INDUSTRY<\/h4>\n<h2 style=\"font-size:22px;line-height:0.6em;\" class=\"ts-custom-heading \" >DELTAVINIL SP<\/h2>\n<\/div><\/div><div class=\"ts-cta3-content-wrapper\"><p>Standard Pellet<\/p><\/div><\/div><\/div><\/div><\/section><\/div> <!-- .ts-element-heading-wrapper container --> [vc_column_text el_class=&#8221;master-txt&#8221; css=&#8221;.vc_custom_1693507388255{margin-bottom: 50px !important;padding-right: 14px !important;padding-left: 14px !important;}&#8221;]<b><a href=\"https:\/\/deltatecnic.com\/ca\/\">Masterbatch<\/a> base PVC.<\/b><br \/>\nDesenvolupat per a tota mena d&#8217;aplicacions en el sector de la fabricaci\u00f3 de PVC.<\/p>\n<p><span style=\"color: #1f49b6;\">Cables, perfils, canonades i films.<br \/>\nGamma de productes desenvolupats per a millorar la diluci\u00f3 del masterbatch en el compost.<\/span>[\/vc_column_text][vc_column_text el_class=&#8221;master-txt-size&#8221; css=&#8221;.vc_custom_1625745366959{margin-bottom: 16px !important;border-top-width: 1px !important;padding-top: 14px !important;padding-right: 14px !important;padding-left: 14px !important;border-top-color: #000000 !important;border-top-style: solid !important;}&#8221;]<b>Grand\u00e0ria de part\u00edcula <\/b> Diametre \u00f8 ~ 3 mm Longitud ~ 3.5 mm[\/vc_column_text][\/vc_column][vc_column width=&#8221;1\/3&#8243; css=&#8221;.vc_custom_1625694431254{margin-top: 10px !important;margin-right: 10px !important;margin-bottom: 10px !important;margin-left: 10px !important;border-top-width: 2px !important;border-right-width: 2px !important;border-bottom-width: 2px !important;border-left-width: 2px !important;border-left-color: #eff1f5 !important;border-left-style: solid !important;border-right-color: #eff1f5 !important;border-right-style: solid !important;border-top-color: #eff1f5 !important;border-top-style: solid !important;border-bottom-color: #eff1f5 !important;border-bottom-style: solid !important;}&#8221;][vc_single_image image=&#8221;9079&#8243; img_size=&#8221;full&#8221; alignment=&#8221;center&#8221; css=&#8221;.vc_custom_1625672113752{margin-top: 0px !important;margin-right: -15px !important;margin-left: -15px !important;border-right-width: 1px !important;border-left-width: 1px !important;border-left-color: #1e73be !important;border-left-style: s\u00f2lid !important;border-right-color: #1e73be !important;border-right-style: s\u00f2lid !important;}&#8221;]<div class=\"ts-element-heading-wrapper ts-heading-inner ts-element-align-left ts-seperator-none  vc_custom_1625736472774\"><section class=\"ts-vc_cta3-container\"><div class=\"ts-vc_general ts-vc_cta3 ts-cta3-only ts-vc_cta3-style-classic ts-vc_cta3-shape-rounded ts-vc_cta3-align-left ts-vc_cta3-color-transparent ts-vc_cta3-icon-size-md ts-vc_cta3-actions-no ts-cta3-with-desc\"><div class=\"ts-vc_cta3_content-container\"><div class=\"ts-vc_cta3-content\"><div class=\"ts-vc_cta3-content-header ts-wrap\"><div class=\"ts-vc_cta3-headers ts-wrap-cell\"><h4 style=\"font-size:12px;line-height:0.3em;color:#1f49b6;\" class=\"ts-custom-heading \" >PVC - CABLE INDUSTRY<\/h4>\n<h2 style=\"font-size:22px;line-height:0.6em;\" class=\"ts-custom-heading \" >DELTAVINIL MP<\/h2>\n<\/div><\/div><div class=\"ts-cta3-content-wrapper\"><p>Micropellet<\/p><\/div><\/div><\/div><\/div><\/section><\/div> <!-- .ts-element-heading-wrapper container --> [vc_column_text el_class=&#8221;master-txt&#8221; css=&#8221;.vc_custom_1693507399132{margin-bottom: 50px !important;padding-right: 14px !important;padding-left: 14px !important;}&#8221;]<b>Masterbatch base PVC.<\/b><br \/>\nDesenvolupat per a tota mena d&#8217;aplicacions en el sector de la fabricaci\u00f3 de PVC r\u00edgid on es requereix una r\u00e0pida diluci\u00f3 i una bona homogene\u00eftat.<\/p>\n<p><span style=\"color: #1f49b6;\">Gamma de productes desenvolupats per a millorar la diluci\u00f3 de masterbatch en compostos, canonades i PVC r\u00edgid.<\/span>[\/vc_column_text][vc_column_text el_class=&#8221;master-txt-size&#8221; css=&#8221;.vc_custom_1625745354494{margin-bottom: 16px !important;border-top-width: 1px !important;padding-top: 14px !important;padding-right: 14px !important;padding-left: 14px !important;border-top-color: #000000 !important;border-top-style: solid !important;}&#8221;]<b>Grand\u00e0ria de part\u00edcula <\/b> Di\u00e0metre \u00f8 ~ 1 mm Longitud ~ 2.5 mm[\/vc_column_text][\/vc_column][vc_column width=&#8221;1\/3&#8243; css=&#8221;.vc_custom_1625691863203{margin-top: 10px !important;margin-right: 10px !important;margin-bottom: 10px !important;margin-left: 10px !important;border-top-width: 2px !important;border-right-width: 2px !important;border-bottom-width: 2px !important;border-left-width: 2px !important;border-left-color: #eff1f5 !important;border-left-style: solid !important;border-right-color: #eff1f5 !important;border-right-style: solid !important;border-top-color: #eff1f5 !important;border-top-style: solid !important;border-bottom-color: #eff1f5 !important;border-bottom-style: solid !important;}&#8221;][vc_single_image image=&#8221;9080&#8243; img_size=&#8221;full&#8221; alignment=&#8221;center&#8221; css=&#8221;.vc_custom_1623684931202{margin-top: 0px !important;margin-right: -15px !important;margin-left: -15px !important;}&#8221;]<div class=\"ts-element-heading-wrapper ts-heading-inner ts-element-align-left ts-seperator-none  vc_custom_1625736515541\"><section class=\"ts-vc_cta3-container\"><div class=\"ts-vc_general ts-vc_cta3 ts-cta3-only ts-vc_cta3-style-classic ts-vc_cta3-shape-rounded ts-vc_cta3-align-left ts-vc_cta3-color-transparent ts-vc_cta3-icon-size-md ts-vc_cta3-actions-no ts-cta3-with-desc\"><div class=\"ts-vc_cta3_content-container\"><div class=\"ts-vc_cta3-content\"><div class=\"ts-vc_cta3-content-header ts-wrap\"><div class=\"ts-vc_cta3-headers ts-wrap-cell\"><h4 style=\"font-size:12px;line-height:0.3em;color:#1f49b6;\" class=\"ts-custom-heading \" >PVC - CABLE INDUSTRY<\/h4>\n<h2 style=\"font-size:22px;line-height:0.6em;\" class=\"ts-custom-heading \" >DELTAVINIL SMP<\/h2>\n<\/div><\/div><div class=\"ts-cta3-content-wrapper\"><p>Small Micropellet<\/p><\/div><\/div><\/div><\/div><\/section><\/div> <!-- .ts-element-heading-wrapper container --> [vc_column_text el_class=&#8221;master-txt&#8221; css=&#8221;.vc_custom_1693507514307{margin-bottom: 50px !important;padding-right: 14px !important;padding-left: 14px !important;}&#8221;]<b>Masterbatch a base de PVC.<\/b><br \/>\nDesenvolupat per a tot tipus d&#8217;aplicacions en el sector de la fabricaci\u00f3 de PVC r\u00edgid on es requereix homogene\u00eftat i r\u00e0pida diluci\u00f3.<\/p>\n<p><span style=\"color: #1f49b6;\">Gamma de productes desenvolupats per millorar la diluci\u00f3 del masterbatch en compostos, canonades i PVC r\u00edgid.<\/span>[\/vc_column_text][vc_column_text el_class=&#8221;master-txt-size&#8221; css=&#8221;.vc_custom_1625746300717{margin-bottom: 16px !important;border-top-width: 1px !important;padding-top: 14px !important;padding-right: 14px !important;padding-left: 14px !important;border-top-color: #000000 !important;border-top-style: solid !important;}&#8221;]<b>Grand\u00e0ria de part\u00edcula <\/b> Di\u00e0metre \u00f8 ~ 1 mm Longitud ~ 1.5 mm[\/vc_column_text][\/vc_column][\/vc_row][vc_row gap=&#8221;10&#8243; equal_height=&#8221;yes&#8221; ts_responsive_css=&#8221;99452806|colbreak_no|||||||||colbreak_no|||||||||colbreak_no|-30|||||||||colbreak_no|||||||||&#8221;][vc_column width=&#8221;1\/3&#8243; css=&#8221;.vc_custom_1625694470806{margin-top: 10px !important;margin-right: 10px !important;margin-bottom: 10px !important;margin-left: 10px !important;border-top-width: 2px !important;border-right-width: 2px !important;border-bottom-width: 2px !important;border-left-width: 2px !important;border-left-color: #eff1f5 !important;border-left-style: solid !important;border-right-color: #eff1f5 !important;border-right-style: solid !important;border-top-color: #eff1f5 !important;border-top-style: solid !important;border-bottom-color: #eff1f5 !important;border-bottom-style: solid !important;}&#8221;][vc_single_image image=&#8221;9078&#8243; img_size=&#8221;full&#8221; alignment=&#8221;center&#8221; css=&#8221;.vc_custom_1623666398735{margin-top: 0px !important;margin-right: -15px !important;margin-left: -15px !important;}&#8221;]<div class=\"ts-element-heading-wrapper ts-heading-inner ts-element-align-left ts-seperator-none  vc_custom_1625732764657\"><section class=\"ts-vc_cta3-container\"><div class=\"ts-vc_general ts-vc_cta3 ts-cta3-only ts-vc_cta3-style-classic ts-vc_cta3-shape-rounded ts-vc_cta3-align-left ts-vc_cta3-color-transparent ts-vc_cta3-icon-size-md ts-vc_cta3-actions-no ts-cta3-with-desc\"><div class=\"ts-vc_cta3_content-container\"><div class=\"ts-vc_cta3-content\"><div class=\"ts-vc_cta3-content-header ts-wrap\"><div class=\"ts-vc_cta3-headers ts-wrap-cell\"><h4 style=\"font-size:12px;line-height:0.3em;color:#1f49b6;\" class=\"ts-custom-heading \" >PVC INDUSTRY<\/h4>\n<h2 style=\"font-size:22px;line-height:0.6em;\" class=\"ts-custom-heading \" >DELTAVINIL CP<\/h2>\n<\/div><\/div><div class=\"ts-cta3-content-wrapper\"><p>Criopellet<\/p><\/div><\/div><\/div><\/div><\/section><\/div> <!-- .ts-element-heading-wrapper container --> [vc_column_text el_class=&#8221;master-txt&#8221; css=&#8221;.vc_custom_1625735955614{margin-bottom: 94px !important;padding-right: 14px !important;padding-left: 14px !important;}&#8221;]<b>Masterbatch base PVC.<\/b><br \/>\nEspecialment desenvolupat per a la ind\u00fastria del <a href=\"https:\/\/deltatecnic.com\/ca\/masterbatch-personalitzats-per-la-industria-del-calandrat\/\">calandratge<\/a> i els compostos per a produir les seves pr\u00f2pies formulacions de color.[\/vc_column_text][vc_column_text el_class=&#8221;master-txt-size&#8221; css=&#8221;.vc_custom_1625738589589{margin-bottom: 16px !important;border-top-width: 1px !important;padding-top: 14px !important;padding-right: 14px !important;padding-left: 14px !important;border-top-color: #000000 !important;border-top-style: solid !important;}&#8221;]<b>Grand\u00e0ria de part\u00edcula<\/b> &lt; 1,000 \u00b5m[\/vc_column_text][\/vc_column][vc_column width=&#8221;1\/3&#8243; css=&#8221;.vc_custom_1625694431254{margin-top: 10px !important;margin-right: 10px !important;margin-bottom: 10px !important;margin-left: 10px !important;border-top-width: 2px !important;border-right-width: 2px !important;border-bottom-width: 2px !important;border-left-width: 2px !important;border-left-color: #eff1f5 !important;border-left-style: solid !important;border-right-color: #eff1f5 !important;border-right-style: solid !important;border-top-color: #eff1f5 !important;border-top-style: solid !important;border-bottom-color: #eff1f5 !important;border-bottom-style: solid !important;}&#8221;][vc_single_image image=&#8221;9083&#8243; img_size=&#8221;full&#8221; alignment=&#8221;center&#8221; css=&#8221;.vc_custom_1623667768135{margin-top: 0px !important;margin-right: -15px !important;margin-left: -15px !important;}&#8221;]<div class=\"ts-element-heading-wrapper ts-heading-inner ts-element-align-left ts-seperator-none  vc_custom_1625732921137\"><section class=\"ts-vc_cta3-container\"><div class=\"ts-vc_general ts-vc_cta3 ts-cta3-only ts-vc_cta3-style-classic ts-vc_cta3-shape-rounded ts-vc_cta3-align-left ts-vc_cta3-color-transparent ts-vc_cta3-icon-size-md ts-vc_cta3-actions-no ts-cta3-with-desc\"><div class=\"ts-vc_cta3_content-container\"><div class=\"ts-vc_cta3-content\"><div class=\"ts-vc_cta3-content-header ts-wrap\"><div class=\"ts-vc_cta3-headers ts-wrap-cell\"><h4 style=\"font-size:12px;line-height:0.3em;color:#1f49b6;\" class=\"ts-custom-heading \" >PVC INDUSTRY<\/h4>\n<h2 style=\"font-size:22px;line-height:0.6em;\" class=\"ts-custom-heading \" >DELTAPLAST S<\/h2>\n<\/div><\/div><div class=\"ts-cta3-content-wrapper\"><p>Powder<\/p><\/div><\/div><\/div><\/div><\/section><\/div> <!-- .ts-element-heading-wrapper container --> [vc_column_text el_class=&#8221;master-txt&#8221; css=&#8221;.vc_custom_1693518486855{padding-right: 14px !important;padding-left: 14px !important;}&#8221;]<b>Pigments mixtos, principalment dispersos en PVC o CaCO<sub>3<\/sub>, en forma de pols.<\/b><br \/>\nPer a la ind\u00fastria de fabricaci\u00f3 de PVC.<\/p>\n<p><span style=\"color: #1f49b6;\">Ind\u00fastria de tubs, composts de PVC i calandratge.<br \/>\nLliurament en sacs prepesats.<\/span>[\/vc_column_text][vc_column_text el_class=&#8221;master-txt-size&#8221; css=&#8221;.vc_custom_1625738580912{margin-bottom: 16px !important;border-top-width: 1px !important;padding-top: 14px !important;padding-right: 14px !important;padding-left: 14px !important;border-top-color: #000000 !important;border-top-style: solid !important;}&#8221;]<b>Grand\u00e0ria de part\u00edcula<\/b> &lt; 1,000 \u00b5m[\/vc_column_text][\/vc_column][\/vc_row][vc_row][vc_column][vc_column_text el_class=&#8221;master-txt&#8221;]<span style=\"font-weight: 600; font-style: italic;\">* Totes les grand\u00e0ries de p\u00e8l\u00b7let s\u00f3n aproximats. Les especificacions de grand\u00e0ria no estan garantides.<\/span>[\/vc_column_text][\/vc_column][\/vc_row]<\/p>\n","protected":false},"excerpt":{"rendered":"<p>[vc_row css=&#8221;.vc_custom_1625740514146{margin-top: 30px !important;}&#8221;][vc_column width=&#8221;1\/5&#8243;][\/vc_column][vc_column width=&#8221;1\/5&#8243;][\/vc_column][vc_column width=&#8221;1\/5&#8243;][\/vc_column][vc_column width=&#8221;1\/5&#8243;][\/vc_column][vc_column width=&#8221;1\/5&#8243;][\/vc_column][\/vc_row][vc_row gap=&#8221;10&#8243; equal_height=&#8221;yes&#8221; css=&#8221;.vc_custom_1625738745067{margin-top: 10px !important;}&#8221;][vc_column width=&#8221;1\/3&#8243; css=&#8221;.vc_custom_1625694470806{margin-top: 10px !important;margin-right: 10px !important;margin-bottom: 10px !important;margin-left: 10px !important;border-top-width: 2px !important;border-right-width: 2px !important;border-bottom-width: 2px !important;border-left-width: 2px !important;border-left-color: #eff1f5 !important;border-left-style: solid !important;border-right-color: #eff1f5 !important;border-right-style: solid !important;border-top-color: #eff1f5 !important;border-top-style: solid !important;border-bottom-color: #eff1f5 !important;border-bottom-style: solid !important;}&#8221;][vc_single_image image=&#8221;9077&#8243; img_size=&#8221;full&#8221; alignment=&#8221;center&#8221; css=&#8221;.vc_custom_1625691757692{margin-top: 0px !important;margin-right: -15px &hellip; <a href=\"https:\/\/deltatecnic.com\/ca\/masterbatch-per-a-la-industria-del-pvc\/\" class=\"more-link\" title=\"Continue reading <span class=\"screen-reader-text\">Masterbatch per a la ind\u00fastria del PVC<\/span>&#8220;>Continue reading <span class=\"screen-reader-text\">Masterbatch per a la ind\u00fastria del PVC<\/span><\/a><\/p>\n","protected":false},"author":1,"featured_media":0,"parent":0,"menu_order":0,"comment_status":"closed","ping_status":"closed","template":"","meta":{"content-type":"","footnotes":""},"class_list":["post-11988","page","type-page","status-publish","hentry"],"yoast_head":"<!-- This site is optimized with the Yoast SEO plugin v27.1.1 - https:\/\/yoast.com\/product\/yoast-seo-wordpress\/ -->\n<title>Masterbatch de color per a la ind\u00fastria de PVC | Delta Tecnic<\/title>\n<meta name=\"description\" content=\"Masterbatch base PVC. Desenvolupat per a tota mena d\u2019aplicacions en el sector de la fabricaci\u00f3 de PVC. Contacta per a m\u00e9s informaci\u00f3.\" \/>\n<meta name=\"robots\" content=\"index, follow, max-snippet:-1, max-image-preview:large, max-video-preview:-1\" \/>\n<link rel=\"canonical\" href=\"https:\/\/deltatecnic.com\/ca\/masterbatch-per-a-la-industria-del-pvc\/\" \/>\n<meta property=\"og:locale\" content=\"ca_ES\" \/>\n<meta property=\"og:type\" content=\"article\" \/>\n<meta property=\"og:title\" content=\"Masterbatch de color per a la ind\u00fastria de PVC | Delta Tecnic\" \/>\n<meta property=\"og:description\" content=\"Masterbatch base PVC. Desenvolupat per a tota mena d\u2019aplicacions en el sector de la fabricaci\u00f3 de PVC. Contacta per a m\u00e9s informaci\u00f3.\" \/>\n<meta property=\"og:url\" content=\"https:\/\/deltatecnic.com\/ca\/masterbatch-per-a-la-industria-del-pvc\/\" \/>\n<meta property=\"og:site_name\" content=\"Delta Tecnic\" \/>\n<meta property=\"article:modified_time\" content=\"2024-03-22T07:17:08+00:00\" \/>\n<meta name=\"twitter:card\" content=\"summary_large_image\" \/>\n<meta name=\"twitter:label1\" content=\"Temps estimat de lectura\" \/>\n\t<meta name=\"twitter:data1\" content=\"4 minuts\" \/>\n<!-- \/ Yoast SEO plugin. -->","yoast_head_json":{"title":"Masterbatch de color per a la ind\u00fastria de PVC | Delta Tecnic","description":"Masterbatch base PVC. Desenvolupat per a tota mena d\u2019aplicacions en el sector de la fabricaci\u00f3 de PVC. Contacta per a m\u00e9s informaci\u00f3.","robots":{"index":"index","follow":"follow","max-snippet":"max-snippet:-1","max-image-preview":"max-image-preview:large","max-video-preview":"max-video-preview:-1"},"canonical":"https:\/\/deltatecnic.com\/ca\/masterbatch-per-a-la-industria-del-pvc\/","og_locale":"ca_ES","og_type":"article","og_title":"Masterbatch de color per a la ind\u00fastria de PVC | Delta Tecnic","og_description":"Masterbatch base PVC. Desenvolupat per a tota mena d\u2019aplicacions en el sector de la fabricaci\u00f3 de PVC. Contacta per a m\u00e9s informaci\u00f3.","og_url":"https:\/\/deltatecnic.com\/ca\/masterbatch-per-a-la-industria-del-pvc\/","og_site_name":"Delta Tecnic","article_modified_time":"2024-03-22T07:17:08+00:00","twitter_card":"summary_large_image","twitter_misc":{"Temps estimat de lectura":"4 minuts"},"schema":{"@context":"https:\/\/schema.org","@graph":[{"@type":"WebPage","@id":"https:\/\/deltatecnic.com\/ca\/masterbatch-per-a-la-industria-del-pvc\/","url":"https:\/\/deltatecnic.com\/ca\/masterbatch-per-a-la-industria-del-pvc\/","name":"Masterbatch de color per a la ind\u00fastria de PVC | Delta Tecnic","isPartOf":{"@id":"https:\/\/deltatecnic.com\/ca\/#website"},"datePublished":"2021-07-08T11:27:03+00:00","dateModified":"2024-03-22T07:17:08+00:00","description":"Masterbatch base PVC. Desenvolupat per a tota mena d\u2019aplicacions en el sector de la fabricaci\u00f3 de PVC. Contacta per a m\u00e9s informaci\u00f3.","breadcrumb":{"@id":"https:\/\/deltatecnic.com\/ca\/masterbatch-per-a-la-industria-del-pvc\/#breadcrumb"},"inLanguage":"ca","potentialAction":[{"@type":"ReadAction","target":["https:\/\/deltatecnic.com\/ca\/masterbatch-per-a-la-industria-del-pvc\/"]}]},{"@type":"BreadcrumbList","@id":"https:\/\/deltatecnic.com\/ca\/masterbatch-per-a-la-industria-del-pvc\/#breadcrumb","itemListElement":[{"@type":"ListItem","position":1,"name":"Inici","item":"https:\/\/deltatecnic.com\/ca\/"},{"@type":"ListItem","position":2,"name":"Masterbatch per a la ind\u00fastria del PVC"}]},{"@type":"WebSite","@id":"https:\/\/deltatecnic.com\/ca\/#website","url":"https:\/\/deltatecnic.com\/ca\/","name":"Delta Tecnic","description":"Bringing colour to life","potentialAction":[{"@type":"SearchAction","target":{"@type":"EntryPoint","urlTemplate":"https:\/\/deltatecnic.com\/ca\/?s={search_term_string}"},"query-input":{"@type":"PropertyValueSpecification","valueRequired":true,"valueName":"search_term_string"}}],"inLanguage":"ca"}]}},"_links":{"self":[{"href":"https:\/\/deltatecnic.com\/ca\/wp-json\/wp\/v2\/pages\/11988","targetHints":{"allow":["GET"]}}],"collection":[{"href":"https:\/\/deltatecnic.com\/ca\/wp-json\/wp\/v2\/pages"}],"about":[{"href":"https:\/\/deltatecnic.com\/ca\/wp-json\/wp\/v2\/types\/page"}],"author":[{"embeddable":true,"href":"https:\/\/deltatecnic.com\/ca\/wp-json\/wp\/v2\/users\/1"}],"replies":[{"embeddable":true,"href":"https:\/\/deltatecnic.com\/ca\/wp-json\/wp\/v2\/comments?post=11988"}],"version-history":[{"count":0,"href":"https:\/\/deltatecnic.com\/ca\/wp-json\/wp\/v2\/pages\/11988\/revisions"}],"wp:attachment":[{"href":"https:\/\/deltatecnic.com\/ca\/wp-json\/wp\/v2\/media?parent=11988"}],"curies":[{"name":"wp","href":"https:\/\/api.w.org\/{rel}","templated":true}]}}